{"id":1813,"date":"2017-11-08T15:07:02","date_gmt":"2017-11-08T14:07:02","guid":{"rendered":"http:\/\/www.karnion.si\/franzosischkurz\/"},"modified":"2019-07-05T11:48:49","modified_gmt":"2019-07-05T09:48:49","slug":"franzosischkurz","status":"publish","type":"page","link":"https:\/\/www.karnion.si\/de\/franzosischkurz\/","title":{"rendered":"Franz\u00f6sischkurs"},"content":{"rendered":"<h2>FRANZ\u00d6SISCHKURS NACH DER METHODE SUPERLEARNING<\/h2>\n<p>Die bereits mehr als 25 Jahre bekannte und sehr gesch\u00e4tzte Methode besteht aus der <strong>Kombination vom Zuh\u00f6ren im Alpha Zustand<\/strong>, bei dem sich die Inhalte 4 Mal schneller in das langfristige Ged\u00e4chtnis einpr\u00e4gen <strong>und dem individuellen Gespr\u00e4ch mit dem Lehrer<\/strong>. Um Kenntnisse zu erlangen gen\u00fcgt nicht nur die Konversation, sondern auch und vor allem das Zuh\u00f6ren. Mit dem Zuh\u00f6ren werden Sie neue W\u00f6rter erlernen, die Sie schon bei der Konversationsstunde souver\u00e4n anwenden werden. Sie wissen ja, dass Sie Ihre Muttersprache mit dem Zuh\u00f6ren Ihrer Eltern oder Betreuer erlernt haben. Diese Methode erm\u00f6glicht die nat\u00fcrlichste Lernweise.<\/p>\n<blockquote><p><em>\u00bbDas maximale Engagement und unglaublich positive Energie f\u00fcr das \u00bbmagnetisch\u00ab anziehende Franz\u00f6sisch\u00ab <\/em><\/p><\/blockquote>\n<p><strong>Danilo Seni\u010d, Unternehmer<\/strong><\/p>\n<p><img loading=\"lazy\" decoding=\"async\" class=\"wp-image-797 size-full aligncenter\" src=\"https:\/\/www.karnion.si\/wp-content\/uploads\/2017\/03\/franciscina_provansajpg.jpg\" alt=\"Franz\u00f6sischkurz\" width=\"800\" height=\"379\" srcset=\"https:\/\/www.karnion.si\/wp-content\/uploads\/2017\/03\/franciscina_provansajpg.jpg 800w, https:\/\/www.karnion.si\/wp-content\/uploads\/2017\/03\/franciscina_provansajpg-300x142.jpg 300w, https:\/\/www.karnion.si\/wp-content\/uploads\/2017\/03\/franciscina_provansajpg-768x364.jpg 768w, https:\/\/www.karnion.si\/wp-content\/uploads\/2017\/03\/franciscina_provansajpg-260x123.jpg 260w, https:\/\/www.karnion.si\/wp-content\/uploads\/2017\/03\/franciscina_provansajpg-50x24.jpg 50w, https:\/\/www.karnion.si\/wp-content\/uploads\/2017\/03\/franciscina_provansajpg-150x71.jpg 150w\" sizes=\"auto, (max-width: 800px) 100vw, 800px\" \/><br \/>\n<hr class=\"no_line\" style=\"margin: 0 auto 15px;\"\/>\n<\/p>\n<h2>SO L\u00c4UFT DER FRANZ\u00d6SISCHKURS AB<\/h2>\n<p>Die Superlearning Methode wird zu optimalen Resultaten f\u00fchren, wenn Sie Franz\u00f6sisch minimal 4 Schulstunden t\u00e4glich lernen werden. Wir empfehlen zumindest am 40 \u2013st\u00fcndigen<br \/>\nTraining teilzunehmen, besonders wenn Sie Anf\u00e4nger sind.<\/p>\n<p>Vor dem Training werden Sie kostenlos auf allen Sprachgebieten von A1 bis C2 nach den g\u00fcltigen Kriterien des Gemeinsamen europ\u00e4ischen Referenzrahmen f\u00fcr Sprachen getestet: Verstehen, Schreiben, Lesen, Sprechen. So werden wir die Rahmenstufe bestimmen und das<br \/>\nProgramm nur f\u00fcr Sie vorbereiten. Wenn Sie sich zum Beispiel schon in der Fremdsprache verst\u00e4ndigen k\u00f6nnen, machen aber typische Anf\u00e4ngerfehler, werden wir diese ausbessern und<br \/>\nauf einem h\u00f6heren Niveau weiter machen. Sprachschulen, die die Kurse nach einem bestimmten Programm (Lehrbuch) durchf\u00fchren, k\u00f6nnen Ihnen das nicht gew\u00e4hrleisten.<\/p>\n<hr class=\"no_line\" style=\"margin: 0 auto 15px;\"\/>\n\n<h2>VERGLEICH MIT DEN KLASSISCHEN LERNMETHODEN DER FRANZ\u00d6SISCH SPRACHE<\/h2>\n<p>Der klassische konventionelle Franz\u00f6sischkurs sieht f\u00fcr einen v\u00f6lligen Anf\u00e4nger bis zum Niveau B2 (das allgemeine Abitur) 800 Schulstunden vor, Karnion dagegen 200, das Schulsystem aber sogar 1.074 Schulstunden<\/p>\n<p>\n<table id=\"tablepress-8\" class=\"tablepress tablepress-id-8\">\n<thead>\n<tr class=\"row-1 odd\">\n\t<th class=\"column-1\">&nbsp;<\/th><th colspan=\"2\" class=\"column-2\">KARNION - 8 Stunden \/pro Tag ( 1 Person)        <\/th><th colspan=\"2\" class=\"column-4\">ANDERE(konventionelle Methoden 2x3 St.pro Woche                                                                                                   3-12 Personen)<\/th>\n<\/tr>\n<\/thead>\n<tbody class=\"row-hover\">\n<tr class=\"row-2 even\">\n\t<td class=\"column-1\"><\/td><td class=\"column-2\">Stundenzahl <\/td><td class=\"column-3\">Zahl der Wochen<\/td><td class=\"column-4\">Stundenzahl <\/td><td class=\"column-5\">Zahl der Wochen<\/td>\n<\/tr>\n<tr class=\"row-3 odd\">\n\t<td class=\"column-1\">A1<\/td><td class=\"column-2\">40<\/td><td class=\"column-3\">1<\/td><td class=\"column-4\">200<\/td><td class=\"column-5\">33<\/td>\n<\/tr>\n<tr class=\"row-4 even\">\n\t<td class=\"column-1\">A2<\/td><td class=\"column-2\">80<\/td><td class=\"column-3\">2<\/td><td class=\"column-4\">100<\/td><td class=\"column-5\">17<\/td>\n<\/tr>\n<tr class=\"row-5 odd\">\n\t<td class=\"column-1\">B1<\/td><td class=\"column-2\">40<\/td><td class=\"column-3\">1<\/td><td class=\"column-4\">200<\/td><td class=\"column-5\">33<\/td>\n<\/tr>\n<tr class=\"row-6 even\">\n\t<td class=\"column-1\">B2<\/td><td class=\"column-2\">40<\/td><td class=\"column-3\">1<\/td><td class=\"column-4\">300<\/td><td class=\"column-5\">50<\/td>\n<\/tr>\n<tr class=\"row-7 odd\">\n\t<td class=\"column-1\">\u03a3<\/td><td class=\"column-2\">200<\/td><td class=\"column-3\">5<\/td><td class=\"column-4\">800<\/td><td class=\"column-5\">133<\/td>\n<\/tr>\n<\/tbody>\n<\/table>\n<!-- #tablepress-8 from cache --><br \/>\n<hr class=\"no_line\" style=\"margin: 0 auto 15px;\"\/>\n<\/p>\n<h2>FRANZ\u00d6SISCH F\u00dcR ANF\u00c4NGER<\/h2>\n<p>Franz\u00f6sisch ist eine einmalige Sprache und es ist wundersch\u00f6n diese Sprache zu h\u00f6ren, jedoch erschrecken viele wegen der Aussprache und des Schreibens. Da das Superlearning Karnion auf dem H\u00f6ren im tiefen Alpha Zustand des Bewusstseins basiert und auf dem sofortigem Gebrauch der geh\u00f6rten Inhalte, werden Ihnen das Schreiben und das Lesen minimale Schwierigkeiten bereiten.<br \/>\nNach 40 Schulstunden werden Sie sich in Alltagssituationen verst\u00e4ndigen k\u00f6nnen, gleichzeitig werden wir Ihnen je nach Wunsch auch spezifische Inhalte vorbereiten.<\/p>\n<p><img loading=\"lazy\" decoding=\"async\" class=\"wp-image-707 size-full aligncenter\" src=\"https:\/\/www.karnion.si\/wp-content\/uploads\/2017\/03\/francoscina-01.jpg\" alt=\"Franz\u00f6sischkurs\" width=\"800\" height=\"400\" srcset=\"https:\/\/www.karnion.si\/wp-content\/uploads\/2017\/03\/francoscina-01.jpg 800w, https:\/\/www.karnion.si\/wp-content\/uploads\/2017\/03\/francoscina-01-300x150.jpg 300w, https:\/\/www.karnion.si\/wp-content\/uploads\/2017\/03\/francoscina-01-768x384.jpg 768w, https:\/\/www.karnion.si\/wp-content\/uploads\/2017\/03\/francoscina-01-260x130.jpg 260w, https:\/\/www.karnion.si\/wp-content\/uploads\/2017\/03\/francoscina-01-50x25.jpg 50w, https:\/\/www.karnion.si\/wp-content\/uploads\/2017\/03\/francoscina-01-150x75.jpg 150w\" sizes=\"auto, (max-width: 800px) 100vw, 800px\" \/><\/p>\n<hr class=\"no_line\" style=\"margin: 0 auto 15px;\"\/>\n\n<h2>KURS DER FRANZ\u00d6SISCHEN GESCH\u00c4FTSSPRACHE<\/h2>\n<p>Da die Franzosen nicht gut Fremdsprachen sprechen k\u00f6nnen, sollte man vor allem deren Gesch\u00e4ftssprache beherrschen, wenn man mit ihnen gute Gesch\u00e4ftsbeziehungen aufstellen m\u00f6chte.<\/p>\n<p>In Karnion bereiten wir Ihnen ein v\u00f6llig individuelles Programm, wobei Sie schon bis Niveau A2 Themen erlernen, die Sie beim Gesch\u00e4ft brauchen werden<\/p>\n<hr class=\"no_line\" style=\"margin: 0 auto 15px;\"\/>\n\n<h2>FRANZ\u00d6SISCHKURS ALS VORBEREITUNG AUF PR\u00dcFUNGEN<\/h2>\n<p>So wie bei anderen Sprachen bieten wir auch bei franz\u00f6sischer Sprache verschiedenartige Vorbereitungen f\u00fcr internationale Pr\u00fcfungen.<\/p>\n<p><img loading=\"lazy\" decoding=\"async\" class=\"size-full wp-image-758 aligncenter\" src=\"https:\/\/www.karnion.si\/wp-content\/uploads\/2017\/03\/DSC_0814_03.jpg\" alt=\"Franz\u00f6sischkurz\" width=\"800\" height=\"379\" srcset=\"https:\/\/www.karnion.si\/wp-content\/uploads\/2017\/03\/DSC_0814_03.jpg 800w, https:\/\/www.karnion.si\/wp-content\/uploads\/2017\/03\/DSC_0814_03-300x142.jpg 300w, https:\/\/www.karnion.si\/wp-content\/uploads\/2017\/03\/DSC_0814_03-768x364.jpg 768w, https:\/\/www.karnion.si\/wp-content\/uploads\/2017\/03\/DSC_0814_03-260x123.jpg 260w, https:\/\/www.karnion.si\/wp-content\/uploads\/2017\/03\/DSC_0814_03-50x24.jpg 50w, https:\/\/www.karnion.si\/wp-content\/uploads\/2017\/03\/DSC_0814_03-150x71.jpg 150w\" sizes=\"auto, (max-width: 800px) 100vw, 800px\" \/><\/p>\n<p>Im herrlichen Ambiente mit einem wundervollen Ausblick werden Sie sich wie inmitten von Provence f\u00fchlen.<\/p>\n<p>&nbsp;<\/p>\n<hr class=\"no_line\" style=\"margin: 0 auto 50px;\"\/>\n\n<h3 style=\"text-align: center;\">Melden Sie sich zur pers\u00f6nlichen <b>kostenlosen <\/b>Vorstellung<\/h3>\n<p><hr class=\"no_line\" style=\"margin: 0 auto 5px;\"\/>\n<br \/>\n<div role=\"form\" class=\"wpcf7\" id=\"wpcf7-f1822-o1\" lang=\"sl-SI\" dir=\"ltr\">\n<div class=\"screen-reader-response\"><\/div>\n<form action=\"\/de\/wp-json\/wp\/v2\/pages\/1813#wpcf7-f1822-o1\" method=\"post\" class=\"wpcf7-form\" novalidate=\"novalidate\">\n<div style=\"display: none;\">\n<input type=\"hidden\" name=\"_wpcf7\" value=\"1822\" \/>\n<input type=\"hidden\" name=\"_wpcf7_version\" value=\"5.1.4\" \/>\n<input type=\"hidden\" name=\"_wpcf7_locale\" value=\"sl_SI\" \/>\n<input type=\"hidden\" name=\"_wpcf7_unit_tag\" value=\"wpcf7-f1822-o1\" \/>\n<input type=\"hidden\" name=\"_wpcf7_container_post\" value=\"0\" \/>\n<input type=\"hidden\" name=\"g-recaptcha-response\" value=\"\" \/>\n<\/div>\n<div class=\"column one-second\"><span class=\"wpcf7-form-control-wrap your-name\"><input type=\"text\" name=\"your-name\" value=\"\" size=\"40\" class=\"wpcf7-form-control wpcf7-text\" aria-invalid=\"false\" placeholder=\"Name\" \/><\/span> <\/div>\n<div class=\"column one-second\"><span class=\"wpcf7-form-control-wrap your-surname\"><input type=\"text\" name=\"your-surname\" value=\"\" size=\"40\" class=\"wpcf7-form-control wpcf7-text\" aria-invalid=\"false\" placeholder=\"Nachname\" \/><\/span> <\/div>\n<div class=\"column one\"><span class=\"wpcf7-form-control-wrap podjetje\"><input type=\"text\" name=\"podjetje\" value=\"\" size=\"40\" class=\"wpcf7-form-control wpcf7-text\" aria-invalid=\"false\" placeholder=\"Unternehmen\" \/><\/span> <\/div>\n<div class=\"column one-second\"><span class=\"wpcf7-form-control-wrap your-email\"><input type=\"email\" name=\"your-email\" value=\"\" size=\"40\" class=\"wpcf7-form-control wpcf7-text wpcf7-email wpcf7-validates-as-required wpcf7-validates-as-email\" aria-required=\"true\" aria-invalid=\"false\" placeholder=\"E-mail\" \/><\/span> <\/div>\n<div class=\"column one-second\"><span class=\"wpcf7-form-control-wrap your-phone\"><input type=\"tel\" name=\"your-phone\" value=\"\" size=\"40\" class=\"wpcf7-form-control wpcf7-text wpcf7-tel wpcf7-validates-as-tel\" aria-invalid=\"false\" placeholder=\"Telefonnummer\" \/><\/span> <\/div>\n<div class=\"column one\"><span class=\"wpcf7-form-control-wrap your-message\"><textarea name=\"your-message\" cols=\"40\" rows=\"10\" class=\"wpcf7-form-control wpcf7-textarea\" aria-invalid=\"false\" placeholder=\"Ich m\u00f6chte mehr Informationen \u00fcber\"><\/textarea><\/span><\/div>\n<div class=\"column one\">\n\n<\/div>\n<div class=\"column one submit\"><input type=\"submit\" value=\"Senden Sie\" class=\"wpcf7-form-control wpcf7-submit\" \/><\/div>\n<div class=\"wpcf7-response-output wpcf7-display-none\"><\/div><\/form><\/div><br \/>\n<hr class=\"no_line\" style=\"margin: 0 auto 50px;\"\/>\n<\/p>\n","protected":false},"excerpt":{"rendered":"<p>FRANZ\u00d6SISCHKURS NACH DER METHODE SUPERLEARNING Die bereits mehr als 25 Jahre bekannte und sehr gesch\u00e4tzte Methode besteht aus der Kombination vom Zuh\u00f6ren im Alpha Zustand, bei<span class=\"excerpt-hellip\"> [\u2026]<\/span><\/p>\n","protected":false},"author":1,"featured_media":54446,"parent":0,"menu_order":0,"comment_status":"closed","ping_status":"closed","template":"","meta":{"footnotes":""},"class_list":["post-1813","page","type-page","status-publish","has-post-thumbnail","hentry"],"yoast_head":"<!-- This site is optimized with the Yoast SEO plugin v26.6 - https:\/\/yoast.com\/wordpress\/plugins\/seo\/ -->\n<title>Franz\u00f6sischkurs - Karnion<\/title>\n<meta name=\"description\" content=\"Die bereits mehr als 25 Jahre bekannte und sehr gesch\u00e4tzte Methode besteht aus der Kombination vom Zuh\u00f6ren im Alpha Zustand\" \/>\n<meta name=\"robots\" content=\"index, follow, max-snippet:-1, max-image-preview:large, max-video-preview:-1\" \/>\n<link rel=\"canonical\" href=\"https:\/\/www.karnion.si\/de\/franzosischkurz\/\" \/>\n<meta property=\"og:locale\" content=\"de_DE\" \/>\n<meta property=\"og:type\" content=\"article\" \/>\n<meta property=\"og:title\" content=\"Franz\u00f6sischkurs - Karnion\" \/>\n<meta property=\"og:description\" content=\"Die bereits mehr als 25 Jahre bekannte und sehr gesch\u00e4tzte Methode besteht aus der Kombination vom Zuh\u00f6ren im Alpha Zustand\" \/>\n<meta property=\"og:url\" content=\"https:\/\/www.karnion.si\/de\/franzosischkurz\/\" \/>\n<meta property=\"og:site_name\" content=\"Karnion\" \/>\n<meta property=\"article:publisher\" content=\"https:\/\/www.facebook.com\/Karnion-105369326222192\/\" \/>\n<meta property=\"article:modified_time\" content=\"2019-07-05T09:48:49+00:00\" \/>\n<meta property=\"og:image\" content=\"https:\/\/www.karnion.si\/wp-content\/uploads\/2019\/03\/francoscina-banner.jpg\" \/>\n\t<meta property=\"og:image:width\" content=\"1920\" \/>\n\t<meta property=\"og:image:height\" content=\"941\" \/>\n\t<meta property=\"og:image:type\" content=\"image\/jpeg\" \/>\n<meta name=\"twitter:card\" content=\"summary_large_image\" \/>\n<meta name=\"twitter:site\" content=\"@KarnionDoo\" \/>\n<meta name=\"twitter:label1\" content=\"Gesch\u00e4tzte Lesezeit\" \/>\n\t<meta name=\"twitter:data1\" content=\"3\u00a0Minuten\" \/>\n<script type=\"application\/ld+json\" class=\"yoast-schema-graph\">{\"@context\":\"https:\/\/schema.org\",\"@graph\":[{\"@type\":\"WebPage\",\"@id\":\"https:\/\/www.karnion.si\/de\/franzosischkurz\/\",\"url\":\"https:\/\/www.karnion.si\/de\/franzosischkurz\/\",\"name\":\"Franz\u00f6sischkurs - Karnion\",\"isPartOf\":{\"@id\":\"https:\/\/www.karnion.si\/de\/#website\"},\"primaryImageOfPage\":{\"@id\":\"https:\/\/www.karnion.si\/de\/franzosischkurz\/#primaryimage\"},\"image\":{\"@id\":\"https:\/\/www.karnion.si\/de\/franzosischkurz\/#primaryimage\"},\"thumbnailUrl\":\"https:\/\/www.karnion.si\/wp-content\/uploads\/2019\/03\/francoscina-banner.jpg\",\"datePublished\":\"2017-11-08T14:07:02+00:00\",\"dateModified\":\"2019-07-05T09:48:49+00:00\",\"description\":\"Die bereits mehr als 25 Jahre bekannte und sehr gesch\u00e4tzte Methode besteht aus der Kombination vom Zuh\u00f6ren im Alpha Zustand\",\"breadcrumb\":{\"@id\":\"https:\/\/www.karnion.si\/de\/franzosischkurz\/#breadcrumb\"},\"inLanguage\":\"de\",\"potentialAction\":[{\"@type\":\"ReadAction\",\"target\":[\"https:\/\/www.karnion.si\/de\/franzosischkurz\/\"]}]},{\"@type\":\"ImageObject\",\"inLanguage\":\"de\",\"@id\":\"https:\/\/www.karnion.si\/de\/franzosischkurz\/#primaryimage\",\"url\":\"https:\/\/www.karnion.si\/wp-content\/uploads\/2019\/03\/francoscina-banner.jpg\",\"contentUrl\":\"https:\/\/www.karnion.si\/wp-content\/uploads\/2019\/03\/francoscina-banner.jpg\",\"width\":1920,\"height\":941},{\"@type\":\"BreadcrumbList\",\"@id\":\"https:\/\/www.karnion.si\/de\/franzosischkurz\/#breadcrumb\",\"itemListElement\":[{\"@type\":\"ListItem\",\"position\":1,\"name\":\"Domov\",\"item\":\"https:\/\/www.karnion.si\/de\/\"},{\"@type\":\"ListItem\",\"position\":2,\"name\":\"Franz\u00f6sischkurs\"}]},{\"@type\":\"WebSite\",\"@id\":\"https:\/\/www.karnion.si\/de\/#website\",\"url\":\"https:\/\/www.karnion.si\/de\/\",\"name\":\"Karnion\",\"description\":\"Pravo znanje za odli\u010dnost v tretjem tiso\u010dletju\",\"potentialAction\":[{\"@type\":\"SearchAction\",\"target\":{\"@type\":\"EntryPoint\",\"urlTemplate\":\"https:\/\/www.karnion.si\/de\/?s={search_term_string}\"},\"query-input\":{\"@type\":\"PropertyValueSpecification\",\"valueRequired\":true,\"valueName\":\"search_term_string\"}}],\"inLanguage\":\"de\"}]}<\/script>\n<!-- \/ Yoast SEO plugin. -->","yoast_head_json":{"title":"Franz\u00f6sischkurs - Karnion","description":"Die bereits mehr als 25 Jahre bekannte und sehr gesch\u00e4tzte Methode besteht aus der Kombination vom Zuh\u00f6ren im Alpha Zustand","robots":{"index":"index","follow":"follow","max-snippet":"max-snippet:-1","max-image-preview":"max-image-preview:large","max-video-preview":"max-video-preview:-1"},"canonical":"https:\/\/www.karnion.si\/de\/franzosischkurz\/","og_locale":"de_DE","og_type":"article","og_title":"Franz\u00f6sischkurs - Karnion","og_description":"Die bereits mehr als 25 Jahre bekannte und sehr gesch\u00e4tzte Methode besteht aus der Kombination vom Zuh\u00f6ren im Alpha Zustand","og_url":"https:\/\/www.karnion.si\/de\/franzosischkurz\/","og_site_name":"Karnion","article_publisher":"https:\/\/www.facebook.com\/Karnion-105369326222192\/","article_modified_time":"2019-07-05T09:48:49+00:00","og_image":[{"width":1920,"height":941,"url":"https:\/\/www.karnion.si\/wp-content\/uploads\/2019\/03\/francoscina-banner.jpg","type":"image\/jpeg"}],"twitter_card":"summary_large_image","twitter_site":"@KarnionDoo","twitter_misc":{"Gesch\u00e4tzte Lesezeit":"3\u00a0Minuten"},"schema":{"@context":"https:\/\/schema.org","@graph":[{"@type":"WebPage","@id":"https:\/\/www.karnion.si\/de\/franzosischkurz\/","url":"https:\/\/www.karnion.si\/de\/franzosischkurz\/","name":"Franz\u00f6sischkurs - Karnion","isPartOf":{"@id":"https:\/\/www.karnion.si\/de\/#website"},"primaryImageOfPage":{"@id":"https:\/\/www.karnion.si\/de\/franzosischkurz\/#primaryimage"},"image":{"@id":"https:\/\/www.karnion.si\/de\/franzosischkurz\/#primaryimage"},"thumbnailUrl":"https:\/\/www.karnion.si\/wp-content\/uploads\/2019\/03\/francoscina-banner.jpg","datePublished":"2017-11-08T14:07:02+00:00","dateModified":"2019-07-05T09:48:49+00:00","description":"Die bereits mehr als 25 Jahre bekannte und sehr gesch\u00e4tzte Methode besteht aus der Kombination vom Zuh\u00f6ren im Alpha Zustand","breadcrumb":{"@id":"https:\/\/www.karnion.si\/de\/franzosischkurz\/#breadcrumb"},"inLanguage":"de","potentialAction":[{"@type":"ReadAction","target":["https:\/\/www.karnion.si\/de\/franzosischkurz\/"]}]},{"@type":"ImageObject","inLanguage":"de","@id":"https:\/\/www.karnion.si\/de\/franzosischkurz\/#primaryimage","url":"https:\/\/www.karnion.si\/wp-content\/uploads\/2019\/03\/francoscina-banner.jpg","contentUrl":"https:\/\/www.karnion.si\/wp-content\/uploads\/2019\/03\/francoscina-banner.jpg","width":1920,"height":941},{"@type":"BreadcrumbList","@id":"https:\/\/www.karnion.si\/de\/franzosischkurz\/#breadcrumb","itemListElement":[{"@type":"ListItem","position":1,"name":"Domov","item":"https:\/\/www.karnion.si\/de\/"},{"@type":"ListItem","position":2,"name":"Franz\u00f6sischkurs"}]},{"@type":"WebSite","@id":"https:\/\/www.karnion.si\/de\/#website","url":"https:\/\/www.karnion.si\/de\/","name":"Karnion","description":"Pravo znanje za odli\u010dnost v tretjem tiso\u010dletju","potentialAction":[{"@type":"SearchAction","target":{"@type":"EntryPoint","urlTemplate":"https:\/\/www.karnion.si\/de\/?s={search_term_string}"},"query-input":{"@type":"PropertyValueSpecification","valueRequired":true,"valueName":"search_term_string"}}],"inLanguage":"de"}]}},"_links":{"self":[{"href":"https:\/\/www.karnion.si\/de\/wp-json\/wp\/v2\/pages\/1813","targetHints":{"allow":["GET"]}}],"collection":[{"href":"https:\/\/www.karnion.si\/de\/wp-json\/wp\/v2\/pages"}],"about":[{"href":"https:\/\/www.karnion.si\/de\/wp-json\/wp\/v2\/types\/page"}],"author":[{"embeddable":true,"href":"https:\/\/www.karnion.si\/de\/wp-json\/wp\/v2\/users\/1"}],"replies":[{"embeddable":true,"href":"https:\/\/www.karnion.si\/de\/wp-json\/wp\/v2\/comments?post=1813"}],"version-history":[{"count":1,"href":"https:\/\/www.karnion.si\/de\/wp-json\/wp\/v2\/pages\/1813\/revisions"}],"predecessor-version":[{"id":8604,"href":"https:\/\/www.karnion.si\/de\/wp-json\/wp\/v2\/pages\/1813\/revisions\/8604"}],"wp:featuredmedia":[{"embeddable":true,"href":"https:\/\/www.karnion.si\/de\/wp-json\/wp\/v2\/media\/54446"}],"wp:attachment":[{"href":"https:\/\/www.karnion.si\/de\/wp-json\/wp\/v2\/media?parent=1813"}],"curies":[{"name":"wp","href":"https:\/\/api.w.org\/{rel}","templated":true}]}}