{"id":1815,"date":"2017-11-08T15:07:36","date_gmt":"2017-11-08T14:07:36","guid":{"rendered":"http:\/\/www.karnion.si\/antistressprogramm\/"},"modified":"2019-07-05T12:20:43","modified_gmt":"2019-07-05T10:20:43","slug":"antistressprogramm","status":"publish","type":"page","link":"https:\/\/www.karnion.si\/de\/antistressprogramm\/","title":{"rendered":"Antistressprogramm"},"content":{"rendered":"<h2>ERLEBEN SIE DAS SPITZEN-ANTISTRESSPROGRAMM in KARNION<\/h2>\n<p>Damit Stress in Ihrem Organismus (Cortisol und Adrenalin) rasch und effektvoll abgebaut wird, ist es nicht n\u00f6tig ein Spa &#8211; Zentrum aufzusuchen oder sich einer Handmassage hinzugeben. F\u00fcr das Aufl\u00f6sen der Stresshormone ist das ein wesentlich langsamer<\/p>\n<p>Prozess, den Sie bei Karnion erfahren k\u00f6nnen. Nebst einer einmaligen Antistress-Behandlung, die parallel mit dem Superlearning (20 Schulstunden) l\u00e4uft und den gr\u00f6\u00dften Teil (zumindest 70 %) des Stresses in Ihrem K\u00f6rper abbaut, k\u00f6nnen Sie lediglich eine Entspannung auf die modernste und unaufdringliche Art erleben.<\/p>\n<p><hr class=\"no_line\" style=\"margin: 0 auto 5px;\"\/>\n<br \/>\n<img loading=\"lazy\" decoding=\"async\" class=\"aligncenter size-full wp-image-587\" src=\"https:\/\/www.karnion.si\/wp-content\/uploads\/2017\/05\/antistres_01.jpg\" alt=\"Peter Prevc - Karnion\" width=\"800\" height=\"400\" srcset=\"https:\/\/www.karnion.si\/wp-content\/uploads\/2017\/05\/antistres_01.jpg 800w, https:\/\/www.karnion.si\/wp-content\/uploads\/2017\/05\/antistres_01-300x150.jpg 300w, https:\/\/www.karnion.si\/wp-content\/uploads\/2017\/05\/antistres_01-768x384.jpg 768w, https:\/\/www.karnion.si\/wp-content\/uploads\/2017\/05\/antistres_01-260x130.jpg 260w, https:\/\/www.karnion.si\/wp-content\/uploads\/2017\/05\/antistres_01-50x25.jpg 50w, https:\/\/www.karnion.si\/wp-content\/uploads\/2017\/05\/antistres_01-150x75.jpg 150w\" sizes=\"auto, (max-width: 800px) 100vw, 800px\" \/><br \/>\n<hr class=\"no_line\" style=\"margin: 0 auto 15px;\"\/>\n<\/p>\n<h3 style=\"color: #d8017e;\">Warum sollten Sie sich f\u00fcr das KARNION \u2013 Antistressprogramm entscheiden?<\/h3>\n<ul class=\"list_check\">\n<li>Weil dabei nicht Ihr Gedankenengagement in Anspruch genommen wird, denn Sie sollen sich nur unseren modernen Techniken und der Technologie \u00fcberlassen;<\/li>\n<li>Weil Sie erlernen werden, wie man sich nach einem anstrengenden Tag schnell entspannen kann.<\/li>\n<li>Weil sich die Konzentration von Cortisol in Ihrem Organismus schnell verringern und zugleich der Gehalt von Serotonin und Endorphin-Hormonen erh\u00f6hen werden, was sich als Schwerpunkt f\u00fcr die positive Energie und Erfolg an der Arbeitsstelle sehen l\u00e4sst;<\/li>\n<li>Weil Sie schlicht <strong>genie\u00dfen und zugleich konkrete RESULTATE haben werden\u2026<\/strong><\/li>\n<\/ul>\n<p>&nbsp;<\/p>\n<h3 style=\"color: #d8017e;\">Wie werden Sie verw\u00f6hnt?<\/h3>\n<p>Zur Kostprobe k\u00f6nnen wir Ihnen offenbaren, dass Sie sich auf der Alpha Liege und auf dem QRS Waver, den besten technischen Anlagen, entspannen werden.<\/p>\n<p><hr class=\"no_line\" style=\"margin: 0 auto 5px;\"\/>\n<br \/>\n<img loading=\"lazy\" decoding=\"async\" class=\"aligncenter size-full wp-image-590\" src=\"https:\/\/www.karnion.si\/wp-content\/uploads\/2017\/05\/antistres_02.jpg\" alt=\"Alfa po\u010divalnik\" width=\"800\" height=\"400\" srcset=\"https:\/\/www.karnion.si\/wp-content\/uploads\/2017\/05\/antistres_02.jpg 800w, https:\/\/www.karnion.si\/wp-content\/uploads\/2017\/05\/antistres_02-300x150.jpg 300w, https:\/\/www.karnion.si\/wp-content\/uploads\/2017\/05\/antistres_02-768x384.jpg 768w, https:\/\/www.karnion.si\/wp-content\/uploads\/2017\/05\/antistres_02-260x130.jpg 260w, https:\/\/www.karnion.si\/wp-content\/uploads\/2017\/05\/antistres_02-50x25.jpg 50w, https:\/\/www.karnion.si\/wp-content\/uploads\/2017\/05\/antistres_02-150x75.jpg 150w\" sizes=\"auto, (max-width: 800px) 100vw, 800px\" \/><br \/>\n<hr class=\"no_line\" style=\"margin: 0 auto 5px;\"\/>\n<br \/>\n<strong> Alpha Liege \u2013 Ber\u00fchrung der Ewigkeit,<\/strong><br \/>\nmit einmaliger Energiewirkung auf K\u00f6rper und Geist: sie f\u00fchrt zum Stand tiefer Entspannung (Gehirnfunktion : 8 &#8211; 12 Hertz)<br \/>\n&#8211; mildert die aufgestaute Spannung und verbessert die innere Ausgewogenheit<br \/>\n&#8211; st\u00e4rkt die psychische Gesundheit und verhindert Ersch\u00f6pfung des Geistes<br \/>\n&#8211; schmelzt den Stress<br \/>\n&#8211; macht wach und vergr\u00f6\u00dfert Kreativit\u00e4t<br \/>\n&#8211; erh\u00f6ht das Niveau der Sinneswahrnehmung<br \/>\n&#8211; l\u00f6st neue Geistesenergie aus.<\/p>\n<p><hr class=\"no_line\" style=\"margin: 0 auto 5px;\"\/>\n<br \/>\n<img loading=\"lazy\" decoding=\"async\" class=\"aligncenter size-full wp-image-591\" src=\"https:\/\/www.karnion.si\/wp-content\/uploads\/2017\/05\/antistres_03.jpg\" alt=\"\" width=\"800\" height=\"400\" srcset=\"https:\/\/www.karnion.si\/wp-content\/uploads\/2017\/05\/antistres_03.jpg 800w, https:\/\/www.karnion.si\/wp-content\/uploads\/2017\/05\/antistres_03-300x150.jpg 300w, https:\/\/www.karnion.si\/wp-content\/uploads\/2017\/05\/antistres_03-768x384.jpg 768w, https:\/\/www.karnion.si\/wp-content\/uploads\/2017\/05\/antistres_03-260x130.jpg 260w, https:\/\/www.karnion.si\/wp-content\/uploads\/2017\/05\/antistres_03-50x25.jpg 50w, https:\/\/www.karnion.si\/wp-content\/uploads\/2017\/05\/antistres_03-150x75.jpg 150w\" sizes=\"auto, (max-width: 800px) 100vw, 800px\" \/><br \/>\n<hr class=\"no_line\" style=\"margin: 0 auto 5px;\"\/>\n<\/p>\n<p><strong>QRS Waver:<\/strong><\/p>\n<p>Ideale Liege \u2013 Schaukelstuhl f\u00fcr all diejenigen, die an Burn \u2013out und chronischer M\u00fcdigkeit leiden.<\/p>\n<p>Ein sanftes, schaukelndes Gef\u00fchl f\u00fchrt Sie in den \u00bbMamas Schoss\u00ab zur\u00fcck.<\/p>\n<p>Durch zarte Musik und Tonsignale werden Sie entspannt und in den Alpha Zustand gef\u00fchrt.<\/p>\n<p>Das ist der Zustand <strong>der \u00bbpassiven Aufmerksamkeit\u00ab und vergr\u00f6\u00dferten Suggestibilit\u00e4t.<\/strong><\/p>\n<p>&nbsp;<\/p>\n<div id=\"attachment_594\" style=\"width: 810px\" class=\"wp-caption aligncenter\"><img loading=\"lazy\" decoding=\"async\" aria-describedby=\"caption-attachment-594\" class=\"size-full wp-image-594\" src=\"https:\/\/www.karnion.si\/wp-content\/uploads\/2017\/05\/antistres_05.jpg\" alt=\"Gehirnschrittmacher\" width=\"800\" height=\"400\" srcset=\"https:\/\/www.karnion.si\/wp-content\/uploads\/2017\/05\/antistres_05.jpg 800w, https:\/\/www.karnion.si\/wp-content\/uploads\/2017\/05\/antistres_05-300x150.jpg 300w, https:\/\/www.karnion.si\/wp-content\/uploads\/2017\/05\/antistres_05-768x384.jpg 768w, https:\/\/www.karnion.si\/wp-content\/uploads\/2017\/05\/antistres_05-260x130.jpg 260w, https:\/\/www.karnion.si\/wp-content\/uploads\/2017\/05\/antistres_05-50x25.jpg 50w, https:\/\/www.karnion.si\/wp-content\/uploads\/2017\/05\/antistres_05-150x75.jpg 150w\" sizes=\"auto, (max-width: 800px) 100vw, 800px\" \/><p id=\"caption-attachment-594\" class=\"wp-caption-text\">Und dazu verf\u00fcgen wir auch \u00fcber den Gehirnschrittmacher mit dem gelben Licht, das heilkr\u00e4ftig ist und die Vergr\u00f6\u00dferung der Ausl\u00f6sung von Serotonin und Endorphin- Hormone erm\u00f6glicht und somit die Reinigung der Stresshormone ausl\u00f6st.<\/p><\/div>\n<p>&nbsp;<\/p>\n<div id=\"attachment_593\" style=\"width: 810px\" class=\"wp-caption aligncenter\"><img loading=\"lazy\" decoding=\"async\" aria-describedby=\"caption-attachment-593\" class=\"size-full wp-image-593\" src=\"https:\/\/www.karnion.si\/wp-content\/uploads\/2017\/05\/antistres_04.jpg\" alt=\"Sprostitev Karnion\" width=\"800\" height=\"400\" srcset=\"https:\/\/www.karnion.si\/wp-content\/uploads\/2017\/05\/antistres_04.jpg 800w, https:\/\/www.karnion.si\/wp-content\/uploads\/2017\/05\/antistres_04-300x150.jpg 300w, https:\/\/www.karnion.si\/wp-content\/uploads\/2017\/05\/antistres_04-768x384.jpg 768w, https:\/\/www.karnion.si\/wp-content\/uploads\/2017\/05\/antistres_04-260x130.jpg 260w, https:\/\/www.karnion.si\/wp-content\/uploads\/2017\/05\/antistres_04-50x25.jpg 50w, https:\/\/www.karnion.si\/wp-content\/uploads\/2017\/05\/antistres_04-150x75.jpg 150w\" sizes=\"auto, (max-width: 800px) 100vw, 800px\" \/><p id=\"caption-attachment-593\" class=\"wp-caption-text\">Nach der ausgezeichneten Entspannung k\u00f6nnen Sie sich ein Getr\u00e4nk g\u00f6nnen und eine sch\u00f6ne Aussicht genie\u00dfen.<\/p><\/div>\n<p>Das Antistressprogramm kann man in einzelnen Stunden durchf\u00fchren. Es hat sich aber als wirkungsvoller erwiesen, wenn Sie am Anfang das Sechs-Stunden- oder Zehn-Stunden-Paket w\u00e4hlen, weil man auf diese Weise maximale Wirkung erzielen kann.<\/p>\n<hr class=\"no_line\" style=\"margin: 0 auto 50px;\"\/>\n\n<h3 style=\"text-align: center;\">Melden Sie sich zur pers\u00f6nlichen <b>kostenlosen <\/b>Vorstellung<\/h3>\n<p><hr class=\"no_line\" style=\"margin: 0 auto 5px;\"\/>\n<br \/>\n<div role=\"form\" class=\"wpcf7\" id=\"wpcf7-f1822-o1\" lang=\"sl-SI\" dir=\"ltr\">\n<div class=\"screen-reader-response\"><\/div>\n<form action=\"\/de\/wp-json\/wp\/v2\/pages\/1815#wpcf7-f1822-o1\" method=\"post\" class=\"wpcf7-form\" novalidate=\"novalidate\">\n<div style=\"display: none;\">\n<input type=\"hidden\" name=\"_wpcf7\" value=\"1822\" \/>\n<input type=\"hidden\" name=\"_wpcf7_version\" value=\"5.1.4\" \/>\n<input type=\"hidden\" name=\"_wpcf7_locale\" value=\"sl_SI\" \/>\n<input type=\"hidden\" name=\"_wpcf7_unit_tag\" value=\"wpcf7-f1822-o1\" \/>\n<input type=\"hidden\" name=\"_wpcf7_container_post\" value=\"0\" \/>\n<input type=\"hidden\" name=\"g-recaptcha-response\" value=\"\" \/>\n<\/div>\n<div class=\"column one-second\"><span class=\"wpcf7-form-control-wrap your-name\"><input type=\"text\" name=\"your-name\" value=\"\" size=\"40\" class=\"wpcf7-form-control wpcf7-text\" aria-invalid=\"false\" placeholder=\"Name\" \/><\/span> <\/div>\n<div class=\"column one-second\"><span class=\"wpcf7-form-control-wrap your-surname\"><input type=\"text\" name=\"your-surname\" value=\"\" size=\"40\" class=\"wpcf7-form-control wpcf7-text\" aria-invalid=\"false\" placeholder=\"Nachname\" \/><\/span> <\/div>\n<div class=\"column one\"><span class=\"wpcf7-form-control-wrap podjetje\"><input type=\"text\" name=\"podjetje\" value=\"\" size=\"40\" class=\"wpcf7-form-control wpcf7-text\" aria-invalid=\"false\" placeholder=\"Unternehmen\" \/><\/span> <\/div>\n<div class=\"column one-second\"><span class=\"wpcf7-form-control-wrap your-email\"><input type=\"email\" name=\"your-email\" value=\"\" size=\"40\" class=\"wpcf7-form-control wpcf7-text wpcf7-email wpcf7-validates-as-required wpcf7-validates-as-email\" aria-required=\"true\" aria-invalid=\"false\" placeholder=\"E-mail\" \/><\/span> <\/div>\n<div class=\"column one-second\"><span class=\"wpcf7-form-control-wrap your-phone\"><input type=\"tel\" name=\"your-phone\" value=\"\" size=\"40\" class=\"wpcf7-form-control wpcf7-text wpcf7-tel wpcf7-validates-as-tel\" aria-invalid=\"false\" placeholder=\"Telefonnummer\" \/><\/span> <\/div>\n<div class=\"column one\"><span class=\"wpcf7-form-control-wrap your-message\"><textarea name=\"your-message\" cols=\"40\" rows=\"10\" class=\"wpcf7-form-control wpcf7-textarea\" aria-invalid=\"false\" placeholder=\"Ich m\u00f6chte mehr Informationen \u00fcber\"><\/textarea><\/span><\/div>\n<div class=\"column one\">\n\n<\/div>\n<div class=\"column one submit\"><input type=\"submit\" value=\"Senden Sie\" class=\"wpcf7-form-control wpcf7-submit\" \/><\/div>\n<div class=\"wpcf7-response-output wpcf7-display-none\"><\/div><\/form><\/div><br \/>\n<hr class=\"no_line\" style=\"margin: 0 auto 50px;\"\/>\n<\/p>\n","protected":false},"excerpt":{"rendered":"<p>ERLEBEN SIE DAS SPITZEN-ANTISTRESSPROGRAMM in KARNION Damit Stress in Ihrem Organismus (Cortisol und Adrenalin) rasch und effektvoll abgebaut wird, ist es nicht n\u00f6tig ein Spa &#8211;<span class=\"excerpt-hellip\"> [\u2026]<\/span><\/p>\n","protected":false},"author":1,"featured_media":6699,"parent":0,"menu_order":0,"comment_status":"closed","ping_status":"closed","template":"","meta":{"footnotes":""},"class_list":["post-1815","page","type-page","status-publish","has-post-thumbnail","hentry"],"yoast_head":"<!-- This site is optimized with the Yoast SEO plugin v26.6 - https:\/\/yoast.com\/wordpress\/plugins\/seo\/ -->\n<title>Antistressprogramm - Karnion<\/title>\n<meta name=\"robots\" content=\"index, follow, max-snippet:-1, max-image-preview:large, max-video-preview:-1\" \/>\n<link rel=\"canonical\" href=\"https:\/\/www.karnion.si\/de\/antistressprogramm\/\" \/>\n<meta property=\"og:locale\" content=\"de_DE\" \/>\n<meta property=\"og:type\" content=\"article\" \/>\n<meta property=\"og:title\" content=\"Antistressprogramm - Karnion\" \/>\n<meta property=\"og:description\" content=\"ERLEBEN SIE DAS SPITZEN-ANTISTRESSPROGRAMM in KARNION Damit Stress in Ihrem Organismus (Cortisol und Adrenalin) rasch und effektvoll abgebaut wird, ist es nicht n\u00f6tig ein Spa &#8211; [\u2026]\" \/>\n<meta property=\"og:url\" content=\"https:\/\/www.karnion.si\/de\/antistressprogramm\/\" \/>\n<meta property=\"og:site_name\" content=\"Karnion\" \/>\n<meta property=\"article:publisher\" content=\"https:\/\/www.facebook.com\/Karnion-105369326222192\/\" \/>\n<meta property=\"article:modified_time\" content=\"2019-07-05T10:20:43+00:00\" \/>\n<meta property=\"og:image\" content=\"https:\/\/www.karnion.si\/wp-content\/uploads\/2019\/03\/antistresni-program-banner.jpg\" \/>\n\t<meta property=\"og:image:width\" content=\"1920\" \/>\n\t<meta property=\"og:image:height\" content=\"941\" \/>\n\t<meta property=\"og:image:type\" content=\"image\/jpeg\" \/>\n<meta name=\"twitter:card\" content=\"summary_large_image\" \/>\n<meta name=\"twitter:site\" content=\"@KarnionDoo\" \/>\n<meta name=\"twitter:label1\" content=\"Gesch\u00e4tzte Lesezeit\" \/>\n\t<meta name=\"twitter:data1\" content=\"2\u00a0Minuten\" \/>\n<script type=\"application\/ld+json\" class=\"yoast-schema-graph\">{\"@context\":\"https:\/\/schema.org\",\"@graph\":[{\"@type\":\"WebPage\",\"@id\":\"https:\/\/www.karnion.si\/de\/antistressprogramm\/\",\"url\":\"https:\/\/www.karnion.si\/de\/antistressprogramm\/\",\"name\":\"Antistressprogramm - Karnion\",\"isPartOf\":{\"@id\":\"https:\/\/www.karnion.si\/de\/#website\"},\"primaryImageOfPage\":{\"@id\":\"https:\/\/www.karnion.si\/de\/antistressprogramm\/#primaryimage\"},\"image\":{\"@id\":\"https:\/\/www.karnion.si\/de\/antistressprogramm\/#primaryimage\"},\"thumbnailUrl\":\"https:\/\/www.karnion.si\/wp-content\/uploads\/2019\/03\/antistresni-program-banner.jpg\",\"datePublished\":\"2017-11-08T14:07:36+00:00\",\"dateModified\":\"2019-07-05T10:20:43+00:00\",\"breadcrumb\":{\"@id\":\"https:\/\/www.karnion.si\/de\/antistressprogramm\/#breadcrumb\"},\"inLanguage\":\"de\",\"potentialAction\":[{\"@type\":\"ReadAction\",\"target\":[\"https:\/\/www.karnion.si\/de\/antistressprogramm\/\"]}]},{\"@type\":\"ImageObject\",\"inLanguage\":\"de\",\"@id\":\"https:\/\/www.karnion.si\/de\/antistressprogramm\/#primaryimage\",\"url\":\"https:\/\/www.karnion.si\/wp-content\/uploads\/2019\/03\/antistresni-program-banner.jpg\",\"contentUrl\":\"https:\/\/www.karnion.si\/wp-content\/uploads\/2019\/03\/antistresni-program-banner.jpg\",\"width\":1920,\"height\":941},{\"@type\":\"BreadcrumbList\",\"@id\":\"https:\/\/www.karnion.si\/de\/antistressprogramm\/#breadcrumb\",\"itemListElement\":[{\"@type\":\"ListItem\",\"position\":1,\"name\":\"Domov\",\"item\":\"https:\/\/www.karnion.si\/de\/\"},{\"@type\":\"ListItem\",\"position\":2,\"name\":\"Antistressprogramm\"}]},{\"@type\":\"WebSite\",\"@id\":\"https:\/\/www.karnion.si\/de\/#website\",\"url\":\"https:\/\/www.karnion.si\/de\/\",\"name\":\"Karnion\",\"description\":\"Pravo znanje za odli\u010dnost v tretjem tiso\u010dletju\",\"potentialAction\":[{\"@type\":\"SearchAction\",\"target\":{\"@type\":\"EntryPoint\",\"urlTemplate\":\"https:\/\/www.karnion.si\/de\/?s={search_term_string}\"},\"query-input\":{\"@type\":\"PropertyValueSpecification\",\"valueRequired\":true,\"valueName\":\"search_term_string\"}}],\"inLanguage\":\"de\"}]}<\/script>\n<!-- \/ Yoast SEO plugin. -->","yoast_head_json":{"title":"Antistressprogramm - Karnion","robots":{"index":"index","follow":"follow","max-snippet":"max-snippet:-1","max-image-preview":"max-image-preview:large","max-video-preview":"max-video-preview:-1"},"canonical":"https:\/\/www.karnion.si\/de\/antistressprogramm\/","og_locale":"de_DE","og_type":"article","og_title":"Antistressprogramm - Karnion","og_description":"ERLEBEN SIE DAS SPITZEN-ANTISTRESSPROGRAMM in KARNION Damit Stress in Ihrem Organismus (Cortisol und Adrenalin) rasch und effektvoll abgebaut wird, ist es nicht n\u00f6tig ein Spa &#8211; [\u2026]","og_url":"https:\/\/www.karnion.si\/de\/antistressprogramm\/","og_site_name":"Karnion","article_publisher":"https:\/\/www.facebook.com\/Karnion-105369326222192\/","article_modified_time":"2019-07-05T10:20:43+00:00","og_image":[{"width":1920,"height":941,"url":"https:\/\/www.karnion.si\/wp-content\/uploads\/2019\/03\/antistresni-program-banner.jpg","type":"image\/jpeg"}],"twitter_card":"summary_large_image","twitter_site":"@KarnionDoo","twitter_misc":{"Gesch\u00e4tzte Lesezeit":"2\u00a0Minuten"},"schema":{"@context":"https:\/\/schema.org","@graph":[{"@type":"WebPage","@id":"https:\/\/www.karnion.si\/de\/antistressprogramm\/","url":"https:\/\/www.karnion.si\/de\/antistressprogramm\/","name":"Antistressprogramm - Karnion","isPartOf":{"@id":"https:\/\/www.karnion.si\/de\/#website"},"primaryImageOfPage":{"@id":"https:\/\/www.karnion.si\/de\/antistressprogramm\/#primaryimage"},"image":{"@id":"https:\/\/www.karnion.si\/de\/antistressprogramm\/#primaryimage"},"thumbnailUrl":"https:\/\/www.karnion.si\/wp-content\/uploads\/2019\/03\/antistresni-program-banner.jpg","datePublished":"2017-11-08T14:07:36+00:00","dateModified":"2019-07-05T10:20:43+00:00","breadcrumb":{"@id":"https:\/\/www.karnion.si\/de\/antistressprogramm\/#breadcrumb"},"inLanguage":"de","potentialAction":[{"@type":"ReadAction","target":["https:\/\/www.karnion.si\/de\/antistressprogramm\/"]}]},{"@type":"ImageObject","inLanguage":"de","@id":"https:\/\/www.karnion.si\/de\/antistressprogramm\/#primaryimage","url":"https:\/\/www.karnion.si\/wp-content\/uploads\/2019\/03\/antistresni-program-banner.jpg","contentUrl":"https:\/\/www.karnion.si\/wp-content\/uploads\/2019\/03\/antistresni-program-banner.jpg","width":1920,"height":941},{"@type":"BreadcrumbList","@id":"https:\/\/www.karnion.si\/de\/antistressprogramm\/#breadcrumb","itemListElement":[{"@type":"ListItem","position":1,"name":"Domov","item":"https:\/\/www.karnion.si\/de\/"},{"@type":"ListItem","position":2,"name":"Antistressprogramm"}]},{"@type":"WebSite","@id":"https:\/\/www.karnion.si\/de\/#website","url":"https:\/\/www.karnion.si\/de\/","name":"Karnion","description":"Pravo znanje za odli\u010dnost v tretjem tiso\u010dletju","potentialAction":[{"@type":"SearchAction","target":{"@type":"EntryPoint","urlTemplate":"https:\/\/www.karnion.si\/de\/?s={search_term_string}"},"query-input":{"@type":"PropertyValueSpecification","valueRequired":true,"valueName":"search_term_string"}}],"inLanguage":"de"}]}},"_links":{"self":[{"href":"https:\/\/www.karnion.si\/de\/wp-json\/wp\/v2\/pages\/1815","targetHints":{"allow":["GET"]}}],"collection":[{"href":"https:\/\/www.karnion.si\/de\/wp-json\/wp\/v2\/pages"}],"about":[{"href":"https:\/\/www.karnion.si\/de\/wp-json\/wp\/v2\/types\/page"}],"author":[{"embeddable":true,"href":"https:\/\/www.karnion.si\/de\/wp-json\/wp\/v2\/users\/1"}],"replies":[{"embeddable":true,"href":"https:\/\/www.karnion.si\/de\/wp-json\/wp\/v2\/comments?post=1815"}],"version-history":[{"count":1,"href":"https:\/\/www.karnion.si\/de\/wp-json\/wp\/v2\/pages\/1815\/revisions"}],"predecessor-version":[{"id":8619,"href":"https:\/\/www.karnion.si\/de\/wp-json\/wp\/v2\/pages\/1815\/revisions\/8619"}],"wp:featuredmedia":[{"embeddable":true,"href":"https:\/\/www.karnion.si\/de\/wp-json\/wp\/v2\/media\/6699"}],"wp:attachment":[{"href":"https:\/\/www.karnion.si\/de\/wp-json\/wp\/v2\/media?parent=1815"}],"curies":[{"name":"wp","href":"https:\/\/api.w.org\/{rel}","templated":true}]}}