{"id":1816,"date":"2017-03-31T13:15:15","date_gmt":"2017-03-31T11:15:15","guid":{"rendered":"http:\/\/www.karnion.si\/dialogika\/"},"modified":"2017-11-14T10:07:46","modified_gmt":"2017-11-14T09:07:46","slug":"dialogik","status":"publish","type":"page","link":"https:\/\/www.karnion.si\/de\/dialogik\/","title":{"rendered":"Dialogik"},"content":{"rendered":"<h2>DIALOGIK \u2013 DIE VERANTWORTUNG DER SPRACHE UND GESCH\u00c4FTSBILDUNG<\/h2>\n<p>\u00bbKarnions Programme finde ich im Ganzen zufriedenstellend, das ist die Qualit\u00e4t, die konkrete Arbeitsresultate gibt. Wenn ich die Dialogik fr\u00fcher kennen gelernt h\u00e4tte, w\u00e4re ich leichter und schneller ein besserer F\u00fchrer geworden.\u00ab<br \/>\n<em>Zdravko Po\u010dival\u0161ek , aktueller Wirtschaftsminister, ehemaliger Direktor der Therme Olimia und Sloweniens Top-Manager 2010.<\/em><\/p>\n<p>Die Therme hat unter seiner Leitung in 10 Jahren um drei Mal das Einkommen vergr\u00f6\u00dfert; der Mehrwert mit 43.000\u20ac pro Besch\u00e4ftigten \u00fcbersteigt bedeutend den Durchschnitt der Branche.<br \/>\n<hr class=\"no_line\" style=\"margin: 0 auto 20px;\"\/>\n<\/p>\n<h2>ABSICHT DER AKADEMIE<\/h2>\n<p>Vermittlung von Spitzenkenntnissen \u00fcber Leitung und Selbstf\u00fchrung, \u00fcber die Entwicklung von ganzheitlicher Entwicklung der pers\u00f6nlichen Leistung und der gesunden Verantwortung. Die vier Quellen des Wissens, die nach weltweiten Ma\u00dfst\u00e4ben etablierten Schulen f\u00fcr F\u00fchrung, f\u00fcr Selbstf\u00fchrung und Motivation, die zum ganzheitlichen Erfolg f\u00fchren, sind:<\/p>\n<ol>\n<li>Gestalt &#8211; Schule (Schule der Gestaltpsychologie)<\/li>\n<li>Realit\u00e4t &#8211; Schule<\/li>\n<li>Verhalten &#8211; Schule<\/li>\n<li>Transaktionsanalyse<\/li>\n<\/ol>\n<hr class=\"no_line\" style=\"margin: 0 auto 20px;\"\/>\n\n<h2>ZIELGRUPPE<\/h2>\n<p>Bis jetzt wurde das Programm ausschlie\u00dflich f\u00fcr geschlossene Management-Teams bestimmter Firmen durchgef\u00fchrt. In der neuen Form ist aber das Programm f\u00fcr alle aufgeschlossen, die an Inhalt interessiert sind. Programm f\u00fcr Trainer ist aber nur f\u00fcr die besten Studenten des urspr\u00fcnglichen 96 st\u00fcndigen Programms bestimmt.<\/p>\n<p>Das Programm f\u00fcr Dialogik-Trainer ist wie das Spezial-Studium gebildet und umfasst 350 Stunden.<\/p>\n<p><img loading=\"lazy\" decoding=\"async\" class=\"aligncenter wp-image-656 size-full\" src=\"https:\/\/www.karnion.si\/wp-content\/uploads\/2017\/03\/dialogika01.jpg\" alt=\"Dialogika Karnion\" width=\"800\" height=\"400\" srcset=\"https:\/\/www.karnion.si\/wp-content\/uploads\/2017\/03\/dialogika01.jpg 800w, https:\/\/www.karnion.si\/wp-content\/uploads\/2017\/03\/dialogika01-300x150.jpg 300w, https:\/\/www.karnion.si\/wp-content\/uploads\/2017\/03\/dialogika01-768x384.jpg 768w, https:\/\/www.karnion.si\/wp-content\/uploads\/2017\/03\/dialogika01-260x130.jpg 260w, https:\/\/www.karnion.si\/wp-content\/uploads\/2017\/03\/dialogika01-50x25.jpg 50w, https:\/\/www.karnion.si\/wp-content\/uploads\/2017\/03\/dialogika01-150x75.jpg 150w\" sizes=\"auto, (max-width: 800px) 100vw, 800px\" \/><br \/>\n<hr class=\"no_line\" style=\"margin: 0 auto 20px;\"\/>\n<\/p>\n<h2>FORMEN UND METHODEN DER ARBEIT<\/h2>\n<p>Das Training basiert auf dem erfahrungsm\u00e4\u00dfigen Lernen. Es verl\u00e4uft in Form von Workshops wie Gruppenarbeit, \u00dcbungen, Probleml\u00f6sung, Fallstudien, Rollenspiele, Auftritte u. \u00e4.<\/p>\n<p>Die von den Fachleuten zum pers\u00f6nlichen Wachstum angewendeten Arbeitsmethoden sind vor allem die Methoden des Dialogs und der Arbeit mit dem Video-Material, es wird aber auch die Grundmethode der Vorlesung verwendet. Diese Art von Training erm\u00f6glicht den Dialogik-Studenten bei jedem neuen Thema den Stand in ihrer Firma oder in irgendwelcher anderen Gruppe wahrzunehmen und die L\u00f6sung mit den vorhandenen Problemen zu suchen.<\/p>\n<p><strong>Metodolo\u0161ki prikaz treninga dialogike za zaklju\u010dene skupine v isti organizaciji (32-ur):<\/strong><\/p>\n<ol>\n<li>Pred treningom se trener &#8211; vodja delavnice sre\u010da z vsakim udele\u017eencem delavnice, da ga osebno spozna, oceni njegovo osebnostno inteligenco in njegove osebnostne zna\u010dilnosti. V razgovoru ugotovita udele\u017een\u010deve \u017eelje, cilje in pri\u010dakovanja glede na specifi\u010den polo\u017eaj udele\u017eenca v njegovem delovnem timu.<br \/>\nPrimer: polo\u017eaj, cilji, frustracije finan\u010dnega direktorja so druga\u010dni kot pri komercialnem direktorju.<\/li>\n<li>Na samem treningu (delavnici) se udele\u017eenca ves \u010das spremlja, vodi, motivira glede na njegovo enkratno osebnost, specifi\u010den polo\u017eaj, ki ga ima v skupini (finan\u010dni direktor je voden druga\u010de kot glavni direktor ali komercialni direktor).<\/li>\n<li>Za vsakega udele\u017eenca se individualno pripravijo primeri vodenja, ki jih trenira glede na svoje neposredno podrejene sodelavce.<br \/>\nPrimer: finan\u010dni direktor vodi vodjo oddelka saldakontov in trenira kako njegovo neu\u010dinkovito vedenje spremeni s pravilnim vodenjem v u\u010dinkovito delo. Komercialni direktor pa trenira, kako vodi svoje podrejene sodelavce, ki so druga\u010dni kot pri njegovem kolegu finan\u010dnem direktorju.<\/li>\n<li>Za vsakega udele\u017eenca trener individualno pripravi povratno informacijo, glede na njegove specifi\u010dne probleme in njegov prenos teorije v prakso.<\/li>\n<li>Med treningom se izdela sociogram za vsakega udele\u017eenca individualno (njegovo mesto v skupini, kako ga do\u017eivljajo njegovi sokolegi v timu).<\/li>\n<li>Prosti koncu programa se za vsakega udele\u017eenca izdela individualna ocena na osnovi individualnega preizkusa znanja. Vsak udele\u017eenec dobi tudi individualno povratno informacijo, kako naj prena\u0161a teorijo v svojo vsakodnevno prakso.<\/li>\n<\/ol>\n<p><strong>Arbeitsformen:<\/strong><\/p>\n<ul>\n<li>Fallstudien<\/li>\n<li>Paaren- und Gruppenarbeit<\/li>\n<li>Fragebogen-Arbeit<\/li>\n<li>individuelle Arbeit<\/li>\n<\/ul>\n<p><strong>Ziele der Workshops:<\/strong><\/p>\n<ul>\n<li>Erkennung der individuellen Potenziale der Teilnehmer<\/li>\n<li>Aufmunterung der Kreativit\u00e4t und der Erfindungskraft von Teilnehmern<\/li>\n<li>Entspannung vom Stress bei der Gegen\u00fcberstellung von Ver\u00e4nderungen<\/li>\n<li>Verbesserung der gegenseitigen Beziehungen<\/li>\n<li>Vergr\u00f6\u00dferung der F\u00e4higkeiten die Mitarbeiter zu verstehen, zu motivieren und zu f\u00fchren<\/li>\n<\/ul>\n<p><img loading=\"lazy\" decoding=\"async\" class=\"aligncenter wp-image-657 size-full\" src=\"https:\/\/www.karnion.si\/wp-content\/uploads\/2017\/03\/dialogika02.jpg\" alt=\"der Workshops\" width=\"800\" height=\"400\" srcset=\"https:\/\/www.karnion.si\/wp-content\/uploads\/2017\/03\/dialogika02.jpg 800w, https:\/\/www.karnion.si\/wp-content\/uploads\/2017\/03\/dialogika02-300x150.jpg 300w, https:\/\/www.karnion.si\/wp-content\/uploads\/2017\/03\/dialogika02-768x384.jpg 768w, https:\/\/www.karnion.si\/wp-content\/uploads\/2017\/03\/dialogika02-260x130.jpg 260w, https:\/\/www.karnion.si\/wp-content\/uploads\/2017\/03\/dialogika02-50x25.jpg 50w, https:\/\/www.karnion.si\/wp-content\/uploads\/2017\/03\/dialogika02-150x75.jpg 150w\" sizes=\"auto, (max-width: 800px) 100vw, 800px\" \/><hr class=\"no_line\" style=\"margin: 0 auto 20px;\"\/>\n<\/p>\n<h2>WAS GEWINNEN SIE MIT DEM TRAINING DER VERANTWORTUNG DER SPRACHE?<\/h2>\n<p><strong>Innerbetrieblich in einer geschlossenen Gruppe:<\/strong><\/p>\n<ul>\n<li>Ihre Kollegium-Sitzungen sind k\u00fcrze,<\/li>\n<li>gegenseitige Kontakte sind angenehmer,<\/li>\n<li>Verst\u00e4ndigungsverfahren in der Gruppe sind eindeutig,<\/li>\n<li>das Klima im Team ist kreativ und innovativ,<\/li>\n<li>es werden L\u00f6sungen der Probleme und nicht Fehler und Anstifter gesucht,<\/li>\n<li>Sie haben einen festen und wirksamen Business -Griff f\u00fcr die anspruchsvollsten fremden Partner,<\/li>\n<li>Sie sind bef\u00e4higt Kompromisse zu schlie\u00dfen, gemeinsame L\u00f6sungen zu finden und verhandeln zu k\u00f6nnen,<\/li>\n<li>Sie k\u00f6nnen eine gesunde Verantwortung an der Arbeit und im Leben bilden<\/li>\n<li>Sie beherrschen pragmatische Kenntnisse aus der Psychologie in der Praxis umzusetzen<\/li>\n<\/ul>\n<p><strong>In der Studiengruppe:<\/strong><\/p>\n<ul>\n<li>Sie beherrschen die F\u00e4higkeiten der F\u00fchrung und Selbstf\u00fchrung<\/li>\n<li>Sie setzen die Selbstverwirklichung in die Tat um &#8211; Sie machen das, was Ihnen Freude macht und entwickeln dabei Ihre ganzheitliche pers\u00f6nliche Effizienz<\/li>\n<li>Sie k\u00f6nnen sich selbst und andere zum effektiven Erlangen der Ziele motivieren<\/li>\n<li>Sie k\u00f6nnen eine gesunde Verantwortung an der Arbeit und im Leben bilden<\/li>\n<li>\u2022 Sie beherrschen pragmatische Kenntnisse aus der Psychologie in der Praxis<\/li>\n<\/ul>\n<p>Predstavitev programa si lahko ogledate:<\/p>\n<p>Prva slovenska MQ konferenca: Za inovativno voditeljstvo, Ljubljana 2011<\/p>\n<p><img loading=\"lazy\" decoding=\"async\" class=\"aligncenter size-full wp-image-658\" src=\"https:\/\/www.karnion.si\/wp-content\/uploads\/2017\/03\/dialogika03.jpg\" alt=\"Bojana - Ur\u0161ka in Lan\" width=\"800\" height=\"400\" srcset=\"https:\/\/www.karnion.si\/wp-content\/uploads\/2017\/03\/dialogika03.jpg 800w, https:\/\/www.karnion.si\/wp-content\/uploads\/2017\/03\/dialogika03-300x150.jpg 300w, https:\/\/www.karnion.si\/wp-content\/uploads\/2017\/03\/dialogika03-768x384.jpg 768w, https:\/\/www.karnion.si\/wp-content\/uploads\/2017\/03\/dialogika03-260x130.jpg 260w, https:\/\/www.karnion.si\/wp-content\/uploads\/2017\/03\/dialogika03-50x25.jpg 50w, https:\/\/www.karnion.si\/wp-content\/uploads\/2017\/03\/dialogika03-150x75.jpg 150w\" sizes=\"auto, (max-width: 800px) 100vw, 800px\" \/><br \/>\n<hr class=\"no_line\" style=\"margin: 0 auto 20px;\"\/>\n<\/p>\n<h2>\u0160TUDIJSKI TERMINI: jesen 2017<\/h2>\n<p>Termini za zaklju\u010deni skupino v podjetju, pa so mo\u017eni po dogovoru.<\/p>\n<hr class=\"no_line\" style=\"margin: 0 auto 50px;\"\/>\n\n<h3 style=\"text-align: center;\">Prijavite se na osebno <b>brezpla\u010dno <\/b>predstavitev<\/h3>\n<p><hr class=\"no_line\" style=\"margin: 0 auto 5px;\"\/>\n<br \/>\n<div role=\"form\" class=\"wpcf7\" id=\"wpcf7-f387-o1\" lang=\"sl-SI\" dir=\"ltr\">\n<div class=\"screen-reader-response\"><\/div>\n<form action=\"\/de\/wp-json\/wp\/v2\/pages\/1816#wpcf7-f387-o1\" method=\"post\" class=\"wpcf7-form\" novalidate=\"novalidate\">\n<div style=\"display: none;\">\n<input type=\"hidden\" name=\"_wpcf7\" value=\"387\" \/>\n<input type=\"hidden\" name=\"_wpcf7_version\" value=\"5.1.4\" \/>\n<input type=\"hidden\" name=\"_wpcf7_locale\" value=\"sl_SI\" \/>\n<input type=\"hidden\" name=\"_wpcf7_unit_tag\" value=\"wpcf7-f387-o1\" \/>\n<input type=\"hidden\" name=\"_wpcf7_container_post\" value=\"0\" \/>\n<input type=\"hidden\" name=\"g-recaptcha-response\" value=\"\" \/>\n<\/div>\n<div class=\"column one-second\"><span class=\"wpcf7-form-control-wrap your-name\"><input type=\"text\" name=\"your-name\" value=\"\" size=\"40\" class=\"wpcf7-form-control wpcf7-text\" aria-invalid=\"false\" placeholder=\"Ime\" \/><\/span> <\/div>\n<div class=\"column one-second\"><span class=\"wpcf7-form-control-wrap your-surname\"><input type=\"text\" name=\"your-surname\" value=\"\" size=\"40\" class=\"wpcf7-form-control wpcf7-text\" aria-invalid=\"false\" placeholder=\"Priimek\" \/><\/span> <\/div>\n<div class=\"column one\"><span class=\"wpcf7-form-control-wrap podjetje\"><input type=\"text\" name=\"podjetje\" value=\"\" size=\"40\" class=\"wpcf7-form-control wpcf7-text\" aria-invalid=\"false\" placeholder=\"Podjetje\" \/><\/span> <\/div>\n<div class=\"column one-second\"><span class=\"wpcf7-form-control-wrap your-email\"><input type=\"email\" name=\"your-email\" value=\"\" size=\"40\" class=\"wpcf7-form-control wpcf7-text wpcf7-email wpcf7-validates-as-required wpcf7-validates-as-email\" aria-required=\"true\" aria-invalid=\"false\" placeholder=\"E-mail\" \/><\/span> <\/div>\n<div class=\"column one-second\"><span class=\"wpcf7-form-control-wrap your-phone\"><input type=\"tel\" name=\"your-phone\" value=\"\" size=\"40\" class=\"wpcf7-form-control wpcf7-text wpcf7-tel wpcf7-validates-as-tel\" aria-invalid=\"false\" placeholder=\"Telefon\" \/><\/span> <\/div>\n<div class=\"column one\"><span class=\"wpcf7-form-control-wrap your-message\"><textarea name=\"your-message\" cols=\"40\" rows=\"10\" class=\"wpcf7-form-control wpcf7-textarea\" aria-invalid=\"false\" placeholder=\"\u017delim podrobne informacije o\"><\/textarea><\/span><\/div>\n<div class=\"column one\">\n\n<\/div>\n<div class=\"column one submit\"><input type=\"submit\" value=\"Potrdi\" class=\"wpcf7-form-control wpcf7-submit\" \/><\/div>\n<div class=\"column one\">Va\u0161e podatke bo podjetje Karnion d.o.o. uporabilo izklju\u010dno za obdelavo va\u0161ega sporo\u010dila in morebitno sklenitev pogodbe. Ve\u010d o varovanju osebnih podatkov lahko najdete v <a href=\"https:\/\/www.karnion.si\/izjava-o-zasebnosti\"> Izjavi o zasebnosti<\/a><\/div>\n<div class=\"wpcf7-response-output wpcf7-display-none\"><\/div><\/form><\/div><br \/>\n<hr class=\"no_line\" style=\"margin: 0 auto 50px;\"\/>\n<\/p>\n","protected":false},"excerpt":{"rendered":"<p>DIALOGIK \u2013 DIE VERANTWORTUNG DER SPRACHE UND GESCH\u00c4FTSBILDUNG \u00bbKarnions Programme finde ich im Ganzen zufriedenstellend, das ist die Qualit\u00e4t, die konkrete Arbeitsresultate gibt. Wenn ich die<span class=\"excerpt-hellip\"> [\u2026]<\/span><\/p>\n","protected":false},"author":1,"featured_media":54538,"parent":0,"menu_order":0,"comment_status":"closed","ping_status":"closed","template":"","meta":{"footnotes":""},"class_list":["post-1816","page","type-page","status-publish","has-post-thumbnail","hentry"],"yoast_head":"<!-- This site is optimized with the Yoast SEO plugin v26.6 - https:\/\/yoast.com\/wordpress\/plugins\/seo\/ -->\n<title>Dialogik - Karnion<\/title>\n<meta name=\"robots\" content=\"index, follow, max-snippet:-1, max-image-preview:large, max-video-preview:-1\" \/>\n<link rel=\"canonical\" href=\"https:\/\/www.karnion.si\/de\/dialogik\/\" \/>\n<meta property=\"og:locale\" content=\"de_DE\" \/>\n<meta property=\"og:type\" content=\"article\" \/>\n<meta property=\"og:title\" content=\"Dialogik - Karnion\" \/>\n<meta property=\"og:description\" content=\"DIALOGIK \u2013 DIE VERANTWORTUNG DER SPRACHE UND GESCH\u00c4FTSBILDUNG \u00bbKarnions Programme finde ich im Ganzen zufriedenstellend, das ist die Qualit\u00e4t, die konkrete Arbeitsresultate gibt. Wenn ich die [\u2026]\" \/>\n<meta property=\"og:url\" content=\"https:\/\/www.karnion.si\/de\/dialogik\/\" \/>\n<meta property=\"og:site_name\" content=\"Karnion\" \/>\n<meta property=\"article:publisher\" content=\"https:\/\/www.facebook.com\/Karnion-105369326222192\/\" \/>\n<meta property=\"article:modified_time\" content=\"2017-11-14T09:07:46+00:00\" \/>\n<meta property=\"og:image\" content=\"https:\/\/www.karnion.si\/wp-content\/uploads\/2017\/03\/dialogika_banner_05.jpg\" \/>\n\t<meta property=\"og:image:width\" content=\"1920\" \/>\n\t<meta property=\"og:image:height\" content=\"941\" \/>\n\t<meta property=\"og:image:type\" content=\"image\/jpeg\" \/>\n<meta name=\"twitter:card\" content=\"summary_large_image\" \/>\n<meta name=\"twitter:site\" content=\"@KarnionDoo\" \/>\n<meta name=\"twitter:label1\" content=\"Gesch\u00e4tzte Lesezeit\" \/>\n\t<meta name=\"twitter:data1\" content=\"4\u00a0Minuten\" \/>\n<script type=\"application\/ld+json\" class=\"yoast-schema-graph\">{\"@context\":\"https:\/\/schema.org\",\"@graph\":[{\"@type\":\"WebPage\",\"@id\":\"https:\/\/www.karnion.si\/de\/dialogik\/\",\"url\":\"https:\/\/www.karnion.si\/de\/dialogik\/\",\"name\":\"Dialogik - Karnion\",\"isPartOf\":{\"@id\":\"https:\/\/www.karnion.si\/de\/#website\"},\"primaryImageOfPage\":{\"@id\":\"https:\/\/www.karnion.si\/de\/dialogik\/#primaryimage\"},\"image\":{\"@id\":\"https:\/\/www.karnion.si\/de\/dialogik\/#primaryimage\"},\"thumbnailUrl\":\"https:\/\/www.karnion.si\/wp-content\/uploads\/2017\/03\/dialogika_banner_05.jpg\",\"datePublished\":\"2017-03-31T11:15:15+00:00\",\"dateModified\":\"2017-11-14T09:07:46+00:00\",\"breadcrumb\":{\"@id\":\"https:\/\/www.karnion.si\/de\/dialogik\/#breadcrumb\"},\"inLanguage\":\"de\",\"potentialAction\":[{\"@type\":\"ReadAction\",\"target\":[\"https:\/\/www.karnion.si\/de\/dialogik\/\"]}]},{\"@type\":\"ImageObject\",\"inLanguage\":\"de\",\"@id\":\"https:\/\/www.karnion.si\/de\/dialogik\/#primaryimage\",\"url\":\"https:\/\/www.karnion.si\/wp-content\/uploads\/2017\/03\/dialogika_banner_05.jpg\",\"contentUrl\":\"https:\/\/www.karnion.si\/wp-content\/uploads\/2017\/03\/dialogika_banner_05.jpg\",\"width\":1920,\"height\":941,\"caption\":\"Naslovna slika\"},{\"@type\":\"BreadcrumbList\",\"@id\":\"https:\/\/www.karnion.si\/de\/dialogik\/#breadcrumb\",\"itemListElement\":[{\"@type\":\"ListItem\",\"position\":1,\"name\":\"Domov\",\"item\":\"https:\/\/www.karnion.si\/de\/\"},{\"@type\":\"ListItem\",\"position\":2,\"name\":\"Dialogik\"}]},{\"@type\":\"WebSite\",\"@id\":\"https:\/\/www.karnion.si\/de\/#website\",\"url\":\"https:\/\/www.karnion.si\/de\/\",\"name\":\"Karnion\",\"description\":\"Pravo znanje za odli\u010dnost v tretjem tiso\u010dletju\",\"potentialAction\":[{\"@type\":\"SearchAction\",\"target\":{\"@type\":\"EntryPoint\",\"urlTemplate\":\"https:\/\/www.karnion.si\/de\/?s={search_term_string}\"},\"query-input\":{\"@type\":\"PropertyValueSpecification\",\"valueRequired\":true,\"valueName\":\"search_term_string\"}}],\"inLanguage\":\"de\"}]}<\/script>\n<!-- \/ Yoast SEO plugin. -->","yoast_head_json":{"title":"Dialogik - Karnion","robots":{"index":"index","follow":"follow","max-snippet":"max-snippet:-1","max-image-preview":"max-image-preview:large","max-video-preview":"max-video-preview:-1"},"canonical":"https:\/\/www.karnion.si\/de\/dialogik\/","og_locale":"de_DE","og_type":"article","og_title":"Dialogik - Karnion","og_description":"DIALOGIK \u2013 DIE VERANTWORTUNG DER SPRACHE UND GESCH\u00c4FTSBILDUNG \u00bbKarnions Programme finde ich im Ganzen zufriedenstellend, das ist die Qualit\u00e4t, die konkrete Arbeitsresultate gibt. Wenn ich die [\u2026]","og_url":"https:\/\/www.karnion.si\/de\/dialogik\/","og_site_name":"Karnion","article_publisher":"https:\/\/www.facebook.com\/Karnion-105369326222192\/","article_modified_time":"2017-11-14T09:07:46+00:00","og_image":[{"width":1920,"height":941,"url":"https:\/\/www.karnion.si\/wp-content\/uploads\/2017\/03\/dialogika_banner_05.jpg","type":"image\/jpeg"}],"twitter_card":"summary_large_image","twitter_site":"@KarnionDoo","twitter_misc":{"Gesch\u00e4tzte Lesezeit":"4\u00a0Minuten"},"schema":{"@context":"https:\/\/schema.org","@graph":[{"@type":"WebPage","@id":"https:\/\/www.karnion.si\/de\/dialogik\/","url":"https:\/\/www.karnion.si\/de\/dialogik\/","name":"Dialogik - Karnion","isPartOf":{"@id":"https:\/\/www.karnion.si\/de\/#website"},"primaryImageOfPage":{"@id":"https:\/\/www.karnion.si\/de\/dialogik\/#primaryimage"},"image":{"@id":"https:\/\/www.karnion.si\/de\/dialogik\/#primaryimage"},"thumbnailUrl":"https:\/\/www.karnion.si\/wp-content\/uploads\/2017\/03\/dialogika_banner_05.jpg","datePublished":"2017-03-31T11:15:15+00:00","dateModified":"2017-11-14T09:07:46+00:00","breadcrumb":{"@id":"https:\/\/www.karnion.si\/de\/dialogik\/#breadcrumb"},"inLanguage":"de","potentialAction":[{"@type":"ReadAction","target":["https:\/\/www.karnion.si\/de\/dialogik\/"]}]},{"@type":"ImageObject","inLanguage":"de","@id":"https:\/\/www.karnion.si\/de\/dialogik\/#primaryimage","url":"https:\/\/www.karnion.si\/wp-content\/uploads\/2017\/03\/dialogika_banner_05.jpg","contentUrl":"https:\/\/www.karnion.si\/wp-content\/uploads\/2017\/03\/dialogika_banner_05.jpg","width":1920,"height":941,"caption":"Naslovna slika"},{"@type":"BreadcrumbList","@id":"https:\/\/www.karnion.si\/de\/dialogik\/#breadcrumb","itemListElement":[{"@type":"ListItem","position":1,"name":"Domov","item":"https:\/\/www.karnion.si\/de\/"},{"@type":"ListItem","position":2,"name":"Dialogik"}]},{"@type":"WebSite","@id":"https:\/\/www.karnion.si\/de\/#website","url":"https:\/\/www.karnion.si\/de\/","name":"Karnion","description":"Pravo znanje za odli\u010dnost v tretjem tiso\u010dletju","potentialAction":[{"@type":"SearchAction","target":{"@type":"EntryPoint","urlTemplate":"https:\/\/www.karnion.si\/de\/?s={search_term_string}"},"query-input":{"@type":"PropertyValueSpecification","valueRequired":true,"valueName":"search_term_string"}}],"inLanguage":"de"}]}},"_links":{"self":[{"href":"https:\/\/www.karnion.si\/de\/wp-json\/wp\/v2\/pages\/1816","targetHints":{"allow":["GET"]}}],"collection":[{"href":"https:\/\/www.karnion.si\/de\/wp-json\/wp\/v2\/pages"}],"about":[{"href":"https:\/\/www.karnion.si\/de\/wp-json\/wp\/v2\/types\/page"}],"author":[{"embeddable":true,"href":"https:\/\/www.karnion.si\/de\/wp-json\/wp\/v2\/users\/1"}],"replies":[{"embeddable":true,"href":"https:\/\/www.karnion.si\/de\/wp-json\/wp\/v2\/comments?post=1816"}],"version-history":[{"count":0,"href":"https:\/\/www.karnion.si\/de\/wp-json\/wp\/v2\/pages\/1816\/revisions"}],"wp:featuredmedia":[{"embeddable":true,"href":"https:\/\/www.karnion.si\/de\/wp-json\/wp\/v2\/media\/54538"}],"wp:attachment":[{"href":"https:\/\/www.karnion.si\/de\/wp-json\/wp\/v2\/media?parent=1816"}],"curies":[{"name":"wp","href":"https:\/\/api.w.org\/{rel}","templated":true}]}}