{"id":1819,"date":"2017-11-08T15:20:43","date_gmt":"2017-11-08T14:20:43","guid":{"rendered":"http:\/\/www.karnion.si\/?page_id=1819"},"modified":"2017-11-14T10:01:16","modified_gmt":"2017-11-14T09:01:16","slug":"deutschkurs","status":"publish","type":"page","link":"https:\/\/www.karnion.si\/de\/deutschkurs\/","title":{"rendered":"Deutschkurs"},"content":{"rendered":"<h2>DEUTSCHKURS NACH DER METHODE SUPERLEARNING KARNION<\/h2>\n<p>Die bereits mehr als 25Jahre bekannte und sehr gesch\u00e4tzte Methode besteht aus der<strong>Kombination vom Zuh\u00f6ren im Alfa Zustand<\/strong>, bei dem sich die Inhalte 4 Mal schneller in das langfristige Ged\u00e4chtnis einpr\u00e4gen,<strong>und dem individuellen Gespr\u00e4ch mit dem Lehrer.<\/strong> Um Kenntnisse zu erlangen gen\u00fcgt nicht nur die Konversation, sondern auch und vor allem das Zuh\u00f6ren. Mit dem Zuh\u00f6ren werden Sie neue W\u00f6rter erlernen, die Sie schon bei der Konversationsstunde souver\u00e4n anwenden werden. Sie wissen ja, dass Sie Ihre Muttersprache mit dem Zuh\u00f6ren Ihrer Eltern oder Betreuer erlernt haben. Diese Methode erm\u00f6glicht die nat\u00fcrlichste Lernweise.<\/p>\n<p>Die deutsche Sprache ist f\u00fcr viele eine harte und unmelodische Sprache. Das gilt aber nur bevor wir beginnen die Sprache auf die richtige Weise und nicht nur durch Artikel, Konjugationen und Deklinationen zu lernen. Ab diesen Moment wird die deutsche Sprache f\u00fcr Slowenen interessant, vor allem wird sie aber im Gesch\u00e4ftsleben besonders hilfreich sein.<\/p>\n<p>Mit guten Deutschkenntnissen werden Sie bessere Gesch\u00e4fte schlie\u00dfen k\u00f6nnen oder schneller einen guten Job bekommen k\u00f6nnen. Darum empfehlen wir Ihnen, dass Sie mit der Methode Superlearning Karnion beginnen, denn Sie werden schon nach 40 Schulstunden beginnen Deutsch zu sprechen.<\/p>\n<p><img loading=\"lazy\" decoding=\"async\" class=\"aligncenter wp-image-672 size-full\" src=\"https:\/\/www.karnion.si\/wp-content\/uploads\/2017\/01\/predstavitev_programa_02.jpg\" alt=\"DEUTSCHKURS NACH DER METHODE SUPERLEARNING KARNION im ALFA ZUSTAND&lt;\" width=\"800\" height=\"400\" srcset=\"https:\/\/www.karnion.si\/wp-content\/uploads\/2017\/01\/predstavitev_programa_02.jpg 800w, https:\/\/www.karnion.si\/wp-content\/uploads\/2017\/01\/predstavitev_programa_02-300x150.jpg 300w, https:\/\/www.karnion.si\/wp-content\/uploads\/2017\/01\/predstavitev_programa_02-768x384.jpg 768w, https:\/\/www.karnion.si\/wp-content\/uploads\/2017\/01\/predstavitev_programa_02-260x130.jpg 260w, https:\/\/www.karnion.si\/wp-content\/uploads\/2017\/01\/predstavitev_programa_02-50x25.jpg 50w, https:\/\/www.karnion.si\/wp-content\/uploads\/2017\/01\/predstavitev_programa_02-150x75.jpg 150w\" sizes=\"auto, (max-width: 800px) 100vw, 800px\" \/><\/p>\n<p><strong><em>Herr<\/em><\/strong><em><strong> Danijel Be\u0161i\u0107 Loredan Doktor der Medizin, Chirurge Orthopede:<\/strong> <\/em><\/p>\n<blockquote><p><em>&#8222;Die Arbeit in der Schweiz nahm ich ohne Deutschkenntnisse an, ich suchte eine schnelle und wirksame L\u00f6sung und die habe ich bei Karnion gefunden.<br \/>\nAm 13.9. 2013 ging ich nach Z\u00fcrich zur Ausbildung und bereits am 21.1.2014 begann ich selbst\u00e4ndig in der Ambulanz zu arbeiten; nat\u00fcrlich alles auf Deutsch!<\/em><\/p>\n<p><em>Ohne Karnion und ohne den Deutschunterricht in dieser Schule, m\u00fcsste ich ohne Arbeit zur\u00fcck nach Slowenien kommen. Individuelle Behandlung, Ber\u00fccksichtigung aller W\u00fcnsche und Bed\u00fcrfnisse, Anpassungsf\u00e4higkeit und Wirksamkeit sind nebst der au\u00dfergew\u00f6hnlichen Professionalit\u00e4t und Freundlichkeit beneidenswerte Eigenschaften von Karnion.<br \/>\nIn dieser kurzen Zeit habe ich alle m\u00f6glichen Kurse in Z\u00fcrich gemacht und ich kann mit Gewissheit behaupten, dass ich es ohne Deutschlernen bei Karnion nie geschafft h\u00e4tte. Das ist eine ausgezeichnete Investition in Sprachkenntnisse mit au\u00dferordentlichen Resultaten in einer unglaublich kurzen Zeit!<\/em><\/p>\n<p><em>Allen, die schnell und wirksam eine Fremdsprache erlernen m\u00f6chten, empfehle ich Karnion. Es lohnt sich!&#8220;<\/em><\/p><\/blockquote>\n<div style=\"margin: 0 auto; max-width: 560px;\"><iframe loading=\"lazy\" src=\"https:\/\/www.youtube.com\/embed\/AjW9cRWnNCw\" width=\"560\" height=\"315\" frameborder=\"0\" allowfullscreen=\"allowfullscreen\"><\/iframe><\/div>\n<hr class=\"no_line\" style=\"margin: 0 auto 20px;\"\/>\n\n<h2>SO WICKERLT SICH DEUTSCHUNTERRICHT AB<\/h2>\n<p><strong><em>Der Deutschkurskurs verl\u00e4uft ziemlich intensiv, \u00fcblicherweise 4 oder 8 Schulstunden t\u00e4glich. Es ist zu empfehlen, dass man das 40-st\u00fcndige Training innerhalb von 14 Tagen beendet, denn nur so wird der Effekt der Akumulation beim Sprechen erreicht.<\/em><\/strong><\/p>\n<p>Vor dem Training werden Sie kostenlos auf allen Sprachgebieten von A1 bis C2 nach den g\u00fcltigen Kriterien des Gemeinsamen europ\u00e4ischen Referenzrahmen f\u00fcr Sprachen getestet: Verstehen, Schreiben, Lesen, Sprechen. So werden wir die Rahmenstufe bestimmen und das Programm nur f\u00fcr Sie vorbereiten. Wenn Sie sich zum Beispiel schon in der Fremdsprache verst\u00e4ndigen k\u00f6nnen, machen aber typische Anf\u00e4ngerfehler, werden wir diese ausbessern und auf einem h\u00f6heren Niveau weiter machen. Sprachschulen, die die Kurse nach einem bestimmten Programm (Lehrbuch) durchf\u00fchren, k\u00f6nnen Ihnen das nicht gew\u00e4hrleisten.<\/p>\n<hr class=\"no_line\" style=\"margin: 0 auto 15px;\"\/>\n\n<h2>VERGLEICH MIT DEN KLASSISCHEN LERNMETHODEN DER DEUTSCHEN SPRACHE<\/h2>\n<p>Der klassische konventionelle Deutschkurs sieht f\u00fcr einen v\u00f6lligen Anf\u00e4nger bis zum Niveau B2 (das allgemeine Abitur) 800 Schulstunden vor, Karnion dagegen 200, das Schulsystem aber sogar 1.074 Schulstunden<\/p>\n<p>&nbsp;<\/p>\n\n<table id=\"tablepress-8\" class=\"tablepress tablepress-id-8\">\n<thead>\n<tr class=\"row-1 odd\">\n\t<th class=\"column-1\">&nbsp;<\/th><th colspan=\"2\" class=\"column-2\">KARNION - 8 Stunden \/pro Tag ( 1 Person)        <\/th><th colspan=\"2\" class=\"column-4\">ANDERE(konventionelle Methoden 2x3 St.pro Woche                                                                                                   3-12 Personen)<\/th>\n<\/tr>\n<\/thead>\n<tbody class=\"row-hover\">\n<tr class=\"row-2 even\">\n\t<td class=\"column-1\"><\/td><td class=\"column-2\">Stundenzahl <\/td><td class=\"column-3\">Zahl der Wochen<\/td><td class=\"column-4\">Stundenzahl <\/td><td class=\"column-5\">Zahl der Wochen<\/td>\n<\/tr>\n<tr class=\"row-3 odd\">\n\t<td class=\"column-1\">A1<\/td><td class=\"column-2\">40<\/td><td class=\"column-3\">1<\/td><td class=\"column-4\">200<\/td><td class=\"column-5\">33<\/td>\n<\/tr>\n<tr class=\"row-4 even\">\n\t<td class=\"column-1\">A2<\/td><td class=\"column-2\">80<\/td><td class=\"column-3\">2<\/td><td class=\"column-4\">100<\/td><td class=\"column-5\">17<\/td>\n<\/tr>\n<tr class=\"row-5 odd\">\n\t<td class=\"column-1\">B1<\/td><td class=\"column-2\">40<\/td><td class=\"column-3\">1<\/td><td class=\"column-4\">200<\/td><td class=\"column-5\">33<\/td>\n<\/tr>\n<tr class=\"row-6 even\">\n\t<td class=\"column-1\">B2<\/td><td class=\"column-2\">40<\/td><td class=\"column-3\">1<\/td><td class=\"column-4\">300<\/td><td class=\"column-5\">50<\/td>\n<\/tr>\n<tr class=\"row-7 odd\">\n\t<td class=\"column-1\">\u03a3<\/td><td class=\"column-2\">200<\/td><td class=\"column-3\">5<\/td><td class=\"column-4\">800<\/td><td class=\"column-5\">133<\/td>\n<\/tr>\n<\/tbody>\n<\/table>\n<!-- #tablepress-8 from cache -->\n<p><img loading=\"lazy\" decoding=\"async\" class=\"aligncenter wp-image-680 size-full\" src=\"https:\/\/www.karnion.si\/wp-content\/uploads\/2017\/03\/nemscina_04.jpg\" alt=\"DEUTSCHKURS NACH DER METHODE SUPELEARNING KARNION\" width=\"800\" height=\"400\" srcset=\"https:\/\/www.karnion.si\/wp-content\/uploads\/2017\/03\/nemscina_04.jpg 800w, https:\/\/www.karnion.si\/wp-content\/uploads\/2017\/03\/nemscina_04-300x150.jpg 300w, https:\/\/www.karnion.si\/wp-content\/uploads\/2017\/03\/nemscina_04-768x384.jpg 768w, https:\/\/www.karnion.si\/wp-content\/uploads\/2017\/03\/nemscina_04-260x130.jpg 260w, https:\/\/www.karnion.si\/wp-content\/uploads\/2017\/03\/nemscina_04-50x25.jpg 50w, https:\/\/www.karnion.si\/wp-content\/uploads\/2017\/03\/nemscina_04-150x75.jpg 150w\" sizes=\"auto, (max-width: 800px) 100vw, 800px\" \/><br \/>\n<hr class=\"no_line\" style=\"margin: 0 auto 15px;\"\/>\n<\/p>\n<h2>VORBEREITUNG AUF DIE DEUTSCHPR\u00dcFUNG:<\/h2>\n<p>In den vergangenen Jahren haben bei uns viele unserer Teilnehmer an Pr\u00fcfungsvorbereitungen teilgenommen und haben dann alle erfolgreich ihre Pr\u00fcfungen abgelegt. Pr\u00fcfungen an der Uni oder eine internationale Pr\u00fcfungen, die Ihr Arbeitgeber von Ihnen erwartet ist nicht mehr unerreichbar wie es heute scheint.<\/p>\n<p>Wir bereiten Ihnen das Programm, das Sie brauchen: allgemeines Abitur, Deutschpr\u00fcfungen an slowenischen Universit\u00e4ten, internationale Pr\u00fcfungen.<\/p>\n<p>Referenzen:<\/p>\n<ul>\n<li><strong>Dr. Amadej Lah, Doktor der Medizin, Spezialist f\u00fcr Sch\u00f6nheitschirurgie<\/strong> &#8211; belegte die Deutschpr\u00fcfung Zertifikat B2 am Goethe Institut, Ljubljana<\/li>\n<\/ul>\n<p>Bestand die Pr\u00fcfung der medizinischen Fachsprachenkenntnisse f\u00fcr \u00c4rztinnen und \u00c4rzte mit ausl\u00e4ndischem Berufsabschluss bei der \u00c4rztekammer in Stuttgart auf dem Niveau C1.<\/p>\n<ul>\n<li><strong>Dr. Marjan Fabjan, Doktor der Medizin, Spezialist f\u00fcr Sch\u00f6nheitschirurgie<\/strong> &#8211; belegte die Deutschpr\u00fcfung &#8211; Zertifikat B2 am Goethe Institut, Ljubljana<\/li>\n<li><strong>Frau Eva Strgar<\/strong> &#8211; Student der Landschaftsarchitektur &#8211; Bestand die Goethe Pr\u00fcfung Zertifikat B1<\/li>\n<\/ul>\n<hr class=\"no_line\" style=\"margin: 0 auto 15px;\"\/>\n\n<blockquote><p>\u00bbNach dem 10-t\u00e4gigen Kurs bestand ich die Deutschpr\u00fcfung. Der Kampf mit den Fremdsprachen ist mit Hilfe von Karnion sehr einfach.\u00ab<\/p><\/blockquote>\n<p><strong>Jan Softi\u010d, Weltmeister im Kickboxen<\/strong><\/p>\n<hr class=\"no_line\" style=\"margin: 0 auto 15px;\"\/>\n\n<h2>INDIVIDUELLER UNTERRICHT<\/h2>\n<p>Nebst der Methode selbst ist der Schl\u00fcssel zum Erfolg bei Karnion die absolute Individualisierung der Inhalte und das richtige Coaching seitens des Trainers -Lehrers. Der individuelle Unterricht bedeutet bei uns auch und vor allem, dass f\u00fcr Sie die Themen, die Sie brauchen und interessieren unterrichtet werden. So k\u00f6nnen wir spezifische Themen sowohl an Grundstufen wie auch an den h\u00f6chsten Niveaus C1 und C2 vorbreiten.<\/p>\n<p><img loading=\"lazy\" decoding=\"async\" class=\"aligncenter wp-image-684 size-full\" src=\"https:\/\/www.karnion.si\/wp-content\/uploads\/2017\/03\/nemscina_06.jpg\" alt=\"Jani Grilc - deutschkurs\" width=\"800\" height=\"400\" srcset=\"https:\/\/www.karnion.si\/wp-content\/uploads\/2017\/03\/nemscina_06.jpg 800w, https:\/\/www.karnion.si\/wp-content\/uploads\/2017\/03\/nemscina_06-300x150.jpg 300w, https:\/\/www.karnion.si\/wp-content\/uploads\/2017\/03\/nemscina_06-768x384.jpg 768w, https:\/\/www.karnion.si\/wp-content\/uploads\/2017\/03\/nemscina_06-260x130.jpg 260w, https:\/\/www.karnion.si\/wp-content\/uploads\/2017\/03\/nemscina_06-50x25.jpg 50w, https:\/\/www.karnion.si\/wp-content\/uploads\/2017\/03\/nemscina_06-150x75.jpg 150w\" sizes=\"auto, (max-width: 800px) 100vw, 800px\" \/><hr class=\"no_line\" style=\"margin: 0 auto 15px;\"\/>\n<\/p>\n<h2>SPEZIALISIERTE INHALTE:<\/h2>\n<ul>\n<li>Deutsch f\u00fcr za Handwerker (Anfangskurs und Fortsetzungskurs)<\/li>\n<li>Deutsch f\u00fcr medizinisches Personal (medizinische Arbeiter, \u00c4rzte)<\/li>\n<li>Coaching &#8211; Dialogik &#8211; die Verantwortungssprache auf Deutsch<\/li>\n<li>Das Programm des pers\u00f6nlichen Wachstum in deutscher Sprache (Martin Kojc)<\/li>\n<\/ul>\n<hr class=\"no_line\" style=\"margin: 0 auto 15px;\"\/>\n\n<h2>INDIVIDUALISIERTES E-LERNEN<\/h2>\n<p>Nach dem beendeten Deutschkurs wird Sie Ihre pers\u00f6nliche Lehrerin oder Ihr Lehrer beim E-Lernen begleiten. Das Online-Lernen ist nat\u00fcrlich individualisiert und auf Ihr Sprachniveau angepasst.<\/p>\n<p>Das kann Ihnen bei der Kommunikation mit Ihren Gesch\u00e4ftspartnern im gro\u00dfen Masse behilflich sein.<\/p>\n<hr class=\"no_line\" style=\"margin: 0 auto 15px;\"\/>\n\n<h2>DEURSCH F\u00dcR DIE ARBEIT IM AUSLAND<\/h2>\n<p>Ob der slowenische Arbeitgeber, der von Ihnen gute Deutschkenntnisse abverlangt mit Ihnen zufrieden sein wird und ob Sie im Ausland einen Job bekommen werden, h\u00e4ngt von Ihren Deutschkenntnissen ab.<\/p>\n<p>Bei Karnion unterrichten sogar 3 Fremdsprachenprofessorinnen, deren Muttersprache Deutsch ist. Auf diese Weise werden Sie nicht nur schnell Deutsch erlernen sondern auch sehr gut die Kultur, die Ausdruckweise und auch die Handlungsart der deutschsprachigen L\u00e4nder kennen lernen.<\/p>\n<p><img loading=\"lazy\" decoding=\"async\" class=\"aligncenter wp-image-730 size-full\" src=\"https:\/\/www.karnion.si\/wp-content\/uploads\/2017\/03\/berlin.jpg\" alt=\"Berlin - Deutschkurs\" width=\"800\" height=\"400\" srcset=\"https:\/\/www.karnion.si\/wp-content\/uploads\/2017\/03\/berlin.jpg 800w, https:\/\/www.karnion.si\/wp-content\/uploads\/2017\/03\/berlin-300x150.jpg 300w, https:\/\/www.karnion.si\/wp-content\/uploads\/2017\/03\/berlin-768x384.jpg 768w, https:\/\/www.karnion.si\/wp-content\/uploads\/2017\/03\/berlin-260x130.jpg 260w, https:\/\/www.karnion.si\/wp-content\/uploads\/2017\/03\/berlin-50x25.jpg 50w, https:\/\/www.karnion.si\/wp-content\/uploads\/2017\/03\/berlin-150x75.jpg 150w\" sizes=\"auto, (max-width: 800px) 100vw, 800px\" \/><\/p>\n<hr class=\"no_line\" style=\"margin: 0 auto 50px;\"\/>\n\n<h3 style=\"text-align: center;\">Melden Sie sich zur pers\u00f6nlichen<b> kostenlosen<\/b> Vorstellung<\/h3>\n<p><hr class=\"no_line\" style=\"margin: 0 auto 5px;\"\/>\n<br \/>\n<div role=\"form\" class=\"wpcf7\" id=\"wpcf7-f1822-o1\" lang=\"sl-SI\" dir=\"ltr\">\n<div class=\"screen-reader-response\"><\/div>\n<form action=\"\/de\/wp-json\/wp\/v2\/pages\/1819#wpcf7-f1822-o1\" method=\"post\" class=\"wpcf7-form\" novalidate=\"novalidate\">\n<div style=\"display: none;\">\n<input type=\"hidden\" name=\"_wpcf7\" value=\"1822\" \/>\n<input type=\"hidden\" name=\"_wpcf7_version\" value=\"5.1.4\" \/>\n<input type=\"hidden\" name=\"_wpcf7_locale\" value=\"sl_SI\" \/>\n<input type=\"hidden\" name=\"_wpcf7_unit_tag\" value=\"wpcf7-f1822-o1\" \/>\n<input type=\"hidden\" name=\"_wpcf7_container_post\" value=\"0\" \/>\n<input type=\"hidden\" name=\"g-recaptcha-response\" value=\"\" \/>\n<\/div>\n<div class=\"column one-second\"><span class=\"wpcf7-form-control-wrap your-name\"><input type=\"text\" name=\"your-name\" value=\"\" size=\"40\" class=\"wpcf7-form-control wpcf7-text\" aria-invalid=\"false\" placeholder=\"Name\" \/><\/span> <\/div>\n<div class=\"column one-second\"><span class=\"wpcf7-form-control-wrap your-surname\"><input type=\"text\" name=\"your-surname\" value=\"\" size=\"40\" class=\"wpcf7-form-control wpcf7-text\" aria-invalid=\"false\" placeholder=\"Nachname\" \/><\/span> <\/div>\n<div class=\"column one\"><span class=\"wpcf7-form-control-wrap podjetje\"><input type=\"text\" name=\"podjetje\" value=\"\" size=\"40\" class=\"wpcf7-form-control wpcf7-text\" aria-invalid=\"false\" placeholder=\"Unternehmen\" \/><\/span> <\/div>\n<div class=\"column one-second\"><span class=\"wpcf7-form-control-wrap your-email\"><input type=\"email\" name=\"your-email\" value=\"\" size=\"40\" class=\"wpcf7-form-control wpcf7-text wpcf7-email wpcf7-validates-as-required wpcf7-validates-as-email\" aria-required=\"true\" aria-invalid=\"false\" placeholder=\"E-mail\" \/><\/span> <\/div>\n<div class=\"column one-second\"><span class=\"wpcf7-form-control-wrap your-phone\"><input type=\"tel\" name=\"your-phone\" value=\"\" size=\"40\" class=\"wpcf7-form-control wpcf7-text wpcf7-tel wpcf7-validates-as-tel\" aria-invalid=\"false\" placeholder=\"Telefonnummer\" \/><\/span> <\/div>\n<div class=\"column one\"><span class=\"wpcf7-form-control-wrap your-message\"><textarea name=\"your-message\" cols=\"40\" rows=\"10\" class=\"wpcf7-form-control wpcf7-textarea\" aria-invalid=\"false\" placeholder=\"Ich m\u00f6chte mehr Informationen \u00fcber\"><\/textarea><\/span><\/div>\n<div class=\"column one\">\n\n<\/div>\n<div class=\"column one submit\"><input type=\"submit\" value=\"Senden Sie\" class=\"wpcf7-form-control wpcf7-submit\" \/><\/div>\n<div class=\"wpcf7-response-output wpcf7-display-none\"><\/div><\/form><\/div><br \/>\n<hr class=\"no_line\" style=\"margin: 0 auto 50px;\"\/>\n<\/p>\n","protected":false},"excerpt":{"rendered":"<p>DEUTSCHKURS NACH DER METHODE SUPERLEARNING KARNION Die bereits mehr als 25Jahre bekannte und sehr gesch\u00e4tzte Methode besteht aus derKombination vom Zuh\u00f6ren im Alfa Zustand, bei dem<span class=\"excerpt-hellip\"> [\u2026]<\/span><\/p>\n","protected":false},"author":1,"featured_media":54473,"parent":0,"menu_order":0,"comment_status":"closed","ping_status":"closed","template":"","meta":{"footnotes":""},"class_list":["post-1819","page","type-page","status-publish","has-post-thumbnail","hentry"],"yoast_head":"<!-- This site is optimized with the Yoast SEO plugin v26.6 - https:\/\/yoast.com\/wordpress\/plugins\/seo\/ -->\n<title>Deutschkurs - Karnion<\/title>\n<meta name=\"robots\" content=\"index, follow, max-snippet:-1, max-image-preview:large, max-video-preview:-1\" \/>\n<link rel=\"canonical\" href=\"https:\/\/www.karnion.si\/de\/deutschkurs\/\" \/>\n<meta property=\"og:locale\" content=\"de_DE\" \/>\n<meta property=\"og:type\" content=\"article\" \/>\n<meta property=\"og:title\" content=\"Deutschkurs - Karnion\" \/>\n<meta property=\"og:description\" content=\"DEUTSCHKURS NACH DER METHODE SUPERLEARNING KARNION Die bereits mehr als 25Jahre bekannte und sehr gesch\u00e4tzte Methode besteht aus derKombination vom Zuh\u00f6ren im Alfa Zustand, bei dem [\u2026]\" \/>\n<meta property=\"og:url\" content=\"https:\/\/www.karnion.si\/de\/deutschkurs\/\" \/>\n<meta property=\"og:site_name\" content=\"Karnion\" \/>\n<meta property=\"article:publisher\" content=\"https:\/\/www.facebook.com\/Karnion-105369326222192\/\" \/>\n<meta property=\"article:modified_time\" content=\"2017-11-14T09:01:16+00:00\" \/>\n<meta property=\"og:image\" content=\"https:\/\/www.karnion.si\/wp-content\/uploads\/2017\/03\/prevc-moder-04-banner.jpg\" \/>\n\t<meta property=\"og:image:width\" content=\"1920\" \/>\n\t<meta property=\"og:image:height\" content=\"941\" \/>\n\t<meta property=\"og:image:type\" content=\"image\/jpeg\" \/>\n<meta name=\"twitter:card\" content=\"summary_large_image\" \/>\n<meta name=\"twitter:site\" content=\"@KarnionDoo\" \/>\n<meta name=\"twitter:label1\" content=\"Gesch\u00e4tzte Lesezeit\" \/>\n\t<meta name=\"twitter:data1\" content=\"5\u00a0Minuten\" \/>\n<script type=\"application\/ld+json\" class=\"yoast-schema-graph\">{\"@context\":\"https:\/\/schema.org\",\"@graph\":[{\"@type\":\"WebPage\",\"@id\":\"https:\/\/www.karnion.si\/de\/deutschkurs\/\",\"url\":\"https:\/\/www.karnion.si\/de\/deutschkurs\/\",\"name\":\"Deutschkurs - Karnion\",\"isPartOf\":{\"@id\":\"https:\/\/www.karnion.si\/de\/#website\"},\"primaryImageOfPage\":{\"@id\":\"https:\/\/www.karnion.si\/de\/deutschkurs\/#primaryimage\"},\"image\":{\"@id\":\"https:\/\/www.karnion.si\/de\/deutschkurs\/#primaryimage\"},\"thumbnailUrl\":\"https:\/\/www.karnion.si\/wp-content\/uploads\/2017\/03\/prevc-moder-04-banner.jpg\",\"datePublished\":\"2017-11-08T14:20:43+00:00\",\"dateModified\":\"2017-11-14T09:01:16+00:00\",\"breadcrumb\":{\"@id\":\"https:\/\/www.karnion.si\/de\/deutschkurs\/#breadcrumb\"},\"inLanguage\":\"de\",\"potentialAction\":[{\"@type\":\"ReadAction\",\"target\":[\"https:\/\/www.karnion.si\/de\/deutschkurs\/\"]}]},{\"@type\":\"ImageObject\",\"inLanguage\":\"de\",\"@id\":\"https:\/\/www.karnion.si\/de\/deutschkurs\/#primaryimage\",\"url\":\"https:\/\/www.karnion.si\/wp-content\/uploads\/2017\/03\/prevc-moder-04-banner.jpg\",\"contentUrl\":\"https:\/\/www.karnion.si\/wp-content\/uploads\/2017\/03\/prevc-moder-04-banner.jpg\",\"width\":1920,\"height\":941,\"caption\":\"Te\u010daj angle\u0161\u010dine\"},{\"@type\":\"BreadcrumbList\",\"@id\":\"https:\/\/www.karnion.si\/de\/deutschkurs\/#breadcrumb\",\"itemListElement\":[{\"@type\":\"ListItem\",\"position\":1,\"name\":\"Domov\",\"item\":\"https:\/\/www.karnion.si\/de\/\"},{\"@type\":\"ListItem\",\"position\":2,\"name\":\"Deutschkurs\"}]},{\"@type\":\"WebSite\",\"@id\":\"https:\/\/www.karnion.si\/de\/#website\",\"url\":\"https:\/\/www.karnion.si\/de\/\",\"name\":\"Karnion\",\"description\":\"Pravo znanje za odli\u010dnost v tretjem tiso\u010dletju\",\"potentialAction\":[{\"@type\":\"SearchAction\",\"target\":{\"@type\":\"EntryPoint\",\"urlTemplate\":\"https:\/\/www.karnion.si\/de\/?s={search_term_string}\"},\"query-input\":{\"@type\":\"PropertyValueSpecification\",\"valueRequired\":true,\"valueName\":\"search_term_string\"}}],\"inLanguage\":\"de\"}]}<\/script>\n<!-- \/ Yoast SEO plugin. -->","yoast_head_json":{"title":"Deutschkurs - Karnion","robots":{"index":"index","follow":"follow","max-snippet":"max-snippet:-1","max-image-preview":"max-image-preview:large","max-video-preview":"max-video-preview:-1"},"canonical":"https:\/\/www.karnion.si\/de\/deutschkurs\/","og_locale":"de_DE","og_type":"article","og_title":"Deutschkurs - Karnion","og_description":"DEUTSCHKURS NACH DER METHODE SUPERLEARNING KARNION Die bereits mehr als 25Jahre bekannte und sehr gesch\u00e4tzte Methode besteht aus derKombination vom Zuh\u00f6ren im Alfa Zustand, bei dem [\u2026]","og_url":"https:\/\/www.karnion.si\/de\/deutschkurs\/","og_site_name":"Karnion","article_publisher":"https:\/\/www.facebook.com\/Karnion-105369326222192\/","article_modified_time":"2017-11-14T09:01:16+00:00","og_image":[{"width":1920,"height":941,"url":"https:\/\/www.karnion.si\/wp-content\/uploads\/2017\/03\/prevc-moder-04-banner.jpg","type":"image\/jpeg"}],"twitter_card":"summary_large_image","twitter_site":"@KarnionDoo","twitter_misc":{"Gesch\u00e4tzte Lesezeit":"5\u00a0Minuten"},"schema":{"@context":"https:\/\/schema.org","@graph":[{"@type":"WebPage","@id":"https:\/\/www.karnion.si\/de\/deutschkurs\/","url":"https:\/\/www.karnion.si\/de\/deutschkurs\/","name":"Deutschkurs - Karnion","isPartOf":{"@id":"https:\/\/www.karnion.si\/de\/#website"},"primaryImageOfPage":{"@id":"https:\/\/www.karnion.si\/de\/deutschkurs\/#primaryimage"},"image":{"@id":"https:\/\/www.karnion.si\/de\/deutschkurs\/#primaryimage"},"thumbnailUrl":"https:\/\/www.karnion.si\/wp-content\/uploads\/2017\/03\/prevc-moder-04-banner.jpg","datePublished":"2017-11-08T14:20:43+00:00","dateModified":"2017-11-14T09:01:16+00:00","breadcrumb":{"@id":"https:\/\/www.karnion.si\/de\/deutschkurs\/#breadcrumb"},"inLanguage":"de","potentialAction":[{"@type":"ReadAction","target":["https:\/\/www.karnion.si\/de\/deutschkurs\/"]}]},{"@type":"ImageObject","inLanguage":"de","@id":"https:\/\/www.karnion.si\/de\/deutschkurs\/#primaryimage","url":"https:\/\/www.karnion.si\/wp-content\/uploads\/2017\/03\/prevc-moder-04-banner.jpg","contentUrl":"https:\/\/www.karnion.si\/wp-content\/uploads\/2017\/03\/prevc-moder-04-banner.jpg","width":1920,"height":941,"caption":"Te\u010daj angle\u0161\u010dine"},{"@type":"BreadcrumbList","@id":"https:\/\/www.karnion.si\/de\/deutschkurs\/#breadcrumb","itemListElement":[{"@type":"ListItem","position":1,"name":"Domov","item":"https:\/\/www.karnion.si\/de\/"},{"@type":"ListItem","position":2,"name":"Deutschkurs"}]},{"@type":"WebSite","@id":"https:\/\/www.karnion.si\/de\/#website","url":"https:\/\/www.karnion.si\/de\/","name":"Karnion","description":"Pravo znanje za odli\u010dnost v tretjem tiso\u010dletju","potentialAction":[{"@type":"SearchAction","target":{"@type":"EntryPoint","urlTemplate":"https:\/\/www.karnion.si\/de\/?s={search_term_string}"},"query-input":{"@type":"PropertyValueSpecification","valueRequired":true,"valueName":"search_term_string"}}],"inLanguage":"de"}]}},"_links":{"self":[{"href":"https:\/\/www.karnion.si\/de\/wp-json\/wp\/v2\/pages\/1819","targetHints":{"allow":["GET"]}}],"collection":[{"href":"https:\/\/www.karnion.si\/de\/wp-json\/wp\/v2\/pages"}],"about":[{"href":"https:\/\/www.karnion.si\/de\/wp-json\/wp\/v2\/types\/page"}],"author":[{"embeddable":true,"href":"https:\/\/www.karnion.si\/de\/wp-json\/wp\/v2\/users\/1"}],"replies":[{"embeddable":true,"href":"https:\/\/www.karnion.si\/de\/wp-json\/wp\/v2\/comments?post=1819"}],"version-history":[{"count":0,"href":"https:\/\/www.karnion.si\/de\/wp-json\/wp\/v2\/pages\/1819\/revisions"}],"wp:featuredmedia":[{"embeddable":true,"href":"https:\/\/www.karnion.si\/de\/wp-json\/wp\/v2\/media\/54473"}],"wp:attachment":[{"href":"https:\/\/www.karnion.si\/de\/wp-json\/wp\/v2\/media?parent=1819"}],"curies":[{"name":"wp","href":"https:\/\/api.w.org\/{rel}","templated":true}]}}