{"id":1890,"date":"2017-11-09T11:16:19","date_gmt":"2017-11-09T10:16:19","guid":{"rendered":"http:\/\/www.karnion.si\/andere-sprachen\/"},"modified":"2019-07-05T12:13:38","modified_gmt":"2019-07-05T10:13:38","slug":"andere-sprachen","status":"publish","type":"page","link":"https:\/\/www.karnion.si\/de\/andere-sprachen\/","title":{"rendered":"Andere Sprachen"},"content":{"rendered":"<p>Die bereits mehr als 25 Jahre bekannte und sehr gesch\u00e4tzte Methode besteht aus der <strong>Kombination vom Zuh\u00f6ren im Alpha Zustand<\/strong>, bei dem sich die Inhalte 4 Mal schneller in das langfristige Ged\u00e4chtnis einpr\u00e4gen und dem <strong>individuellen Gespr\u00e4ch mit dem Lehrer<\/strong>. Um Kenntnisse zu erlangen gen\u00fcgt nicht nur die Konversation, sondern auch und vor allem das Zuh\u00f6ren. Mit dem Zuh\u00f6ren werden Sie neue W\u00f6rter erlernen, die Sie schon bei der Konversationsstunde souver\u00e4n anwenden werden. Sie wissen ja, dass Sie Ihre Muttersprache mit dem Zuh\u00f6ren Ihrer Eltern oder Betreuer erlernt haben. Diese Methode erm\u00f6glicht die nat\u00fcrlichste Lernweise.<br \/>\nIn Karnion k\u00f6nnen Sie nebst Englisch, Deutsch, Franz\u00f6sisch, Spanisch, Russisch noch weitere Sprachen lernen: Slowenisch, Arabisch, Chinesisch, Polnisch, Serbokroatisch, Portugiesisch. Au\u00dferdem unterrichten wir mit Freude auch Ausl\u00e4nder verschiedene Fremdsprachen. Z.B. Russen k\u00f6nnen bei uns Englisch lernen, Amerikaner lernen Italienisch, Spanier Englisch, Franzosen Slowenisch und es gibt noch mehrere interessante Kombinationen.<br \/>\nUnsere Fremdsprachenlehrer und Fremdsprachenlehrerinnen sind ausgebildete P\u00e4dagogen, die alle zumindest Hochschulausbildung haben und langj\u00e4hrige Erfahrungen auf dem Gebiet des Superlearnings haben. Bei uns unterrichten auch einige Muttersprachler, die zugleich auch P\u00e4dagogen sind und auch perfekt Slowenisch sprechen.<\/p>\n<p><img loading=\"lazy\" decoding=\"async\" class=\"size-full wp-image-736 aligncenter\" src=\"https:\/\/www.karnion.si\/wp-content\/uploads\/2017\/03\/DSC_0003.jpg\" alt=\"DSC_0003\" width=\"800\" height=\"400\" srcset=\"https:\/\/www.karnion.si\/wp-content\/uploads\/2017\/03\/DSC_0003.jpg 800w, https:\/\/www.karnion.si\/wp-content\/uploads\/2017\/03\/DSC_0003-300x150.jpg 300w, https:\/\/www.karnion.si\/wp-content\/uploads\/2017\/03\/DSC_0003-768x384.jpg 768w, https:\/\/www.karnion.si\/wp-content\/uploads\/2017\/03\/DSC_0003-260x130.jpg 260w, https:\/\/www.karnion.si\/wp-content\/uploads\/2017\/03\/DSC_0003-50x25.jpg 50w, https:\/\/www.karnion.si\/wp-content\/uploads\/2017\/03\/DSC_0003-150x75.jpg 150w\" sizes=\"auto, (max-width: 800px) 100vw, 800px\" \/><\/p>\n<p><img loading=\"lazy\" decoding=\"async\" class=\"size-full wp-image-737 aligncenter\" src=\"https:\/\/www.karnion.si\/wp-content\/uploads\/2017\/03\/DSC_0004.jpg\" alt=\"DSC_0004\" width=\"800\" height=\"400\" srcset=\"https:\/\/www.karnion.si\/wp-content\/uploads\/2017\/03\/DSC_0004.jpg 800w, https:\/\/www.karnion.si\/wp-content\/uploads\/2017\/03\/DSC_0004-300x150.jpg 300w, https:\/\/www.karnion.si\/wp-content\/uploads\/2017\/03\/DSC_0004-768x384.jpg 768w, https:\/\/www.karnion.si\/wp-content\/uploads\/2017\/03\/DSC_0004-260x130.jpg 260w, https:\/\/www.karnion.si\/wp-content\/uploads\/2017\/03\/DSC_0004-50x25.jpg 50w, https:\/\/www.karnion.si\/wp-content\/uploads\/2017\/03\/DSC_0004-150x75.jpg 150w\" sizes=\"auto, (max-width: 800px) 100vw, 800px\" \/><\/p>\n<p><img loading=\"lazy\" decoding=\"async\" class=\"size-full wp-image-738 aligncenter\" src=\"https:\/\/www.karnion.si\/wp-content\/uploads\/2017\/03\/DSC_0063.jpg\" alt=\"Maraaya\" width=\"800\" height=\"400\" srcset=\"https:\/\/www.karnion.si\/wp-content\/uploads\/2017\/03\/DSC_0063.jpg 800w, https:\/\/www.karnion.si\/wp-content\/uploads\/2017\/03\/DSC_0063-300x150.jpg 300w, https:\/\/www.karnion.si\/wp-content\/uploads\/2017\/03\/DSC_0063-768x384.jpg 768w, https:\/\/www.karnion.si\/wp-content\/uploads\/2017\/03\/DSC_0063-260x130.jpg 260w, https:\/\/www.karnion.si\/wp-content\/uploads\/2017\/03\/DSC_0063-50x25.jpg 50w, https:\/\/www.karnion.si\/wp-content\/uploads\/2017\/03\/DSC_0063-150x75.jpg 150w\" sizes=\"auto, (max-width: 800px) 100vw, 800px\" \/><\/p>\n<p><img loading=\"lazy\" decoding=\"async\" class=\"size-full wp-image-650 aligncenter\" src=\"https:\/\/www.karnion.si\/wp-content\/uploads\/2017\/02\/o_nas_01.jpg\" alt=\"Holisti\u010dni center Karnion\" width=\"800\" height=\"400\" srcset=\"https:\/\/www.karnion.si\/wp-content\/uploads\/2017\/02\/o_nas_01.jpg 800w, https:\/\/www.karnion.si\/wp-content\/uploads\/2017\/02\/o_nas_01-300x150.jpg 300w, https:\/\/www.karnion.si\/wp-content\/uploads\/2017\/02\/o_nas_01-768x384.jpg 768w, https:\/\/www.karnion.si\/wp-content\/uploads\/2017\/02\/o_nas_01-260x130.jpg 260w, https:\/\/www.karnion.si\/wp-content\/uploads\/2017\/02\/o_nas_01-50x25.jpg 50w, https:\/\/www.karnion.si\/wp-content\/uploads\/2017\/02\/o_nas_01-150x75.jpg 150w\" sizes=\"auto, (max-width: 800px) 100vw, 800px\" \/><\/p>\n","protected":false},"excerpt":{"rendered":"<p>Die bereits mehr als 25 Jahre bekannte und sehr gesch\u00e4tzte Methode besteht aus der Kombination vom Zuh\u00f6ren im Alpha Zustand, bei dem sich die Inhalte 4<span class=\"excerpt-hellip\"> [\u2026]<\/span><\/p>\n","protected":false},"author":1,"featured_media":54217,"parent":0,"menu_order":0,"comment_status":"closed","ping_status":"closed","template":"","meta":{"footnotes":""},"class_list":["post-1890","page","type-page","status-publish","has-post-thumbnail","hentry"],"yoast_head":"<!-- This site is optimized with the Yoast SEO plugin v26.6 - https:\/\/yoast.com\/wordpress\/plugins\/seo\/ -->\n<title>Andere Sprachen - Karnion<\/title>\n<meta name=\"description\" content=\"In Karnion k\u00f6nnen Sie nebst Englisch, Deutsch, Franz\u00f6sisch, Spanisch, Russisch noch weitere Sprachen lernen: Slowenisch, Arabisch, Chinesisch, Polnisch, Serbokroatisch, Portugiesisch.\" \/>\n<meta name=\"robots\" content=\"index, follow, max-snippet:-1, max-image-preview:large, max-video-preview:-1\" \/>\n<link rel=\"canonical\" href=\"https:\/\/www.karnion.si\/de\/andere-sprachen\/\" \/>\n<meta property=\"og:locale\" content=\"de_DE\" \/>\n<meta property=\"og:type\" content=\"article\" \/>\n<meta property=\"og:title\" content=\"Andere Sprachen - Karnion\" \/>\n<meta property=\"og:description\" content=\"In Karnion k\u00f6nnen Sie nebst Englisch, Deutsch, Franz\u00f6sisch, Spanisch, Russisch noch weitere Sprachen lernen: Slowenisch, Arabisch, Chinesisch, Polnisch, Serbokroatisch, Portugiesisch.\" \/>\n<meta property=\"og:url\" content=\"https:\/\/www.karnion.si\/de\/andere-sprachen\/\" \/>\n<meta property=\"og:site_name\" content=\"Karnion\" \/>\n<meta property=\"article:publisher\" content=\"https:\/\/www.facebook.com\/Karnion-105369326222192\/\" \/>\n<meta property=\"article:modified_time\" content=\"2019-07-05T10:13:38+00:00\" \/>\n<meta property=\"og:image\" content=\"https:\/\/www.karnion.si\/wp-content\/uploads\/2019\/03\/ostali-jeziki-banner.jpg\" \/>\n\t<meta property=\"og:image:width\" content=\"1920\" \/>\n\t<meta property=\"og:image:height\" content=\"941\" \/>\n\t<meta property=\"og:image:type\" content=\"image\/jpeg\" \/>\n<meta name=\"twitter:card\" content=\"summary_large_image\" \/>\n<meta name=\"twitter:site\" content=\"@KarnionDoo\" \/>\n<meta name=\"twitter:label1\" content=\"Gesch\u00e4tzte Lesezeit\" \/>\n\t<meta name=\"twitter:data1\" content=\"1\u00a0Minute\" \/>\n<script type=\"application\/ld+json\" class=\"yoast-schema-graph\">{\"@context\":\"https:\/\/schema.org\",\"@graph\":[{\"@type\":\"WebPage\",\"@id\":\"https:\/\/www.karnion.si\/de\/andere-sprachen\/\",\"url\":\"https:\/\/www.karnion.si\/de\/andere-sprachen\/\",\"name\":\"Andere Sprachen - Karnion\",\"isPartOf\":{\"@id\":\"https:\/\/www.karnion.si\/de\/#website\"},\"primaryImageOfPage\":{\"@id\":\"https:\/\/www.karnion.si\/de\/andere-sprachen\/#primaryimage\"},\"image\":{\"@id\":\"https:\/\/www.karnion.si\/de\/andere-sprachen\/#primaryimage\"},\"thumbnailUrl\":\"https:\/\/www.karnion.si\/wp-content\/uploads\/2019\/03\/ostali-jeziki-banner.jpg\",\"datePublished\":\"2017-11-09T10:16:19+00:00\",\"dateModified\":\"2019-07-05T10:13:38+00:00\",\"description\":\"In Karnion k\u00f6nnen Sie nebst Englisch, Deutsch, Franz\u00f6sisch, Spanisch, Russisch noch weitere Sprachen lernen: Slowenisch, Arabisch, Chinesisch, Polnisch, Serbokroatisch, Portugiesisch.\",\"breadcrumb\":{\"@id\":\"https:\/\/www.karnion.si\/de\/andere-sprachen\/#breadcrumb\"},\"inLanguage\":\"de\",\"potentialAction\":[{\"@type\":\"ReadAction\",\"target\":[\"https:\/\/www.karnion.si\/de\/andere-sprachen\/\"]}]},{\"@type\":\"ImageObject\",\"inLanguage\":\"de\",\"@id\":\"https:\/\/www.karnion.si\/de\/andere-sprachen\/#primaryimage\",\"url\":\"https:\/\/www.karnion.si\/wp-content\/uploads\/2019\/03\/ostali-jeziki-banner.jpg\",\"contentUrl\":\"https:\/\/www.karnion.si\/wp-content\/uploads\/2019\/03\/ostali-jeziki-banner.jpg\",\"width\":1920,\"height\":941},{\"@type\":\"BreadcrumbList\",\"@id\":\"https:\/\/www.karnion.si\/de\/andere-sprachen\/#breadcrumb\",\"itemListElement\":[{\"@type\":\"ListItem\",\"position\":1,\"name\":\"Domov\",\"item\":\"https:\/\/www.karnion.si\/de\/\"},{\"@type\":\"ListItem\",\"position\":2,\"name\":\"Andere Sprachen\"}]},{\"@type\":\"WebSite\",\"@id\":\"https:\/\/www.karnion.si\/de\/#website\",\"url\":\"https:\/\/www.karnion.si\/de\/\",\"name\":\"Karnion\",\"description\":\"Pravo znanje za odli\u010dnost v tretjem tiso\u010dletju\",\"potentialAction\":[{\"@type\":\"SearchAction\",\"target\":{\"@type\":\"EntryPoint\",\"urlTemplate\":\"https:\/\/www.karnion.si\/de\/?s={search_term_string}\"},\"query-input\":{\"@type\":\"PropertyValueSpecification\",\"valueRequired\":true,\"valueName\":\"search_term_string\"}}],\"inLanguage\":\"de\"}]}<\/script>\n<!-- \/ Yoast SEO plugin. -->","yoast_head_json":{"title":"Andere Sprachen - Karnion","description":"In Karnion k\u00f6nnen Sie nebst Englisch, Deutsch, Franz\u00f6sisch, Spanisch, Russisch noch weitere Sprachen lernen: Slowenisch, Arabisch, Chinesisch, Polnisch, Serbokroatisch, Portugiesisch.","robots":{"index":"index","follow":"follow","max-snippet":"max-snippet:-1","max-image-preview":"max-image-preview:large","max-video-preview":"max-video-preview:-1"},"canonical":"https:\/\/www.karnion.si\/de\/andere-sprachen\/","og_locale":"de_DE","og_type":"article","og_title":"Andere Sprachen - Karnion","og_description":"In Karnion k\u00f6nnen Sie nebst Englisch, Deutsch, Franz\u00f6sisch, Spanisch, Russisch noch weitere Sprachen lernen: Slowenisch, Arabisch, Chinesisch, Polnisch, Serbokroatisch, Portugiesisch.","og_url":"https:\/\/www.karnion.si\/de\/andere-sprachen\/","og_site_name":"Karnion","article_publisher":"https:\/\/www.facebook.com\/Karnion-105369326222192\/","article_modified_time":"2019-07-05T10:13:38+00:00","og_image":[{"width":1920,"height":941,"url":"https:\/\/www.karnion.si\/wp-content\/uploads\/2019\/03\/ostali-jeziki-banner.jpg","type":"image\/jpeg"}],"twitter_card":"summary_large_image","twitter_site":"@KarnionDoo","twitter_misc":{"Gesch\u00e4tzte Lesezeit":"1\u00a0Minute"},"schema":{"@context":"https:\/\/schema.org","@graph":[{"@type":"WebPage","@id":"https:\/\/www.karnion.si\/de\/andere-sprachen\/","url":"https:\/\/www.karnion.si\/de\/andere-sprachen\/","name":"Andere Sprachen - Karnion","isPartOf":{"@id":"https:\/\/www.karnion.si\/de\/#website"},"primaryImageOfPage":{"@id":"https:\/\/www.karnion.si\/de\/andere-sprachen\/#primaryimage"},"image":{"@id":"https:\/\/www.karnion.si\/de\/andere-sprachen\/#primaryimage"},"thumbnailUrl":"https:\/\/www.karnion.si\/wp-content\/uploads\/2019\/03\/ostali-jeziki-banner.jpg","datePublished":"2017-11-09T10:16:19+00:00","dateModified":"2019-07-05T10:13:38+00:00","description":"In Karnion k\u00f6nnen Sie nebst Englisch, Deutsch, Franz\u00f6sisch, Spanisch, Russisch noch weitere Sprachen lernen: Slowenisch, Arabisch, Chinesisch, Polnisch, Serbokroatisch, Portugiesisch.","breadcrumb":{"@id":"https:\/\/www.karnion.si\/de\/andere-sprachen\/#breadcrumb"},"inLanguage":"de","potentialAction":[{"@type":"ReadAction","target":["https:\/\/www.karnion.si\/de\/andere-sprachen\/"]}]},{"@type":"ImageObject","inLanguage":"de","@id":"https:\/\/www.karnion.si\/de\/andere-sprachen\/#primaryimage","url":"https:\/\/www.karnion.si\/wp-content\/uploads\/2019\/03\/ostali-jeziki-banner.jpg","contentUrl":"https:\/\/www.karnion.si\/wp-content\/uploads\/2019\/03\/ostali-jeziki-banner.jpg","width":1920,"height":941},{"@type":"BreadcrumbList","@id":"https:\/\/www.karnion.si\/de\/andere-sprachen\/#breadcrumb","itemListElement":[{"@type":"ListItem","position":1,"name":"Domov","item":"https:\/\/www.karnion.si\/de\/"},{"@type":"ListItem","position":2,"name":"Andere Sprachen"}]},{"@type":"WebSite","@id":"https:\/\/www.karnion.si\/de\/#website","url":"https:\/\/www.karnion.si\/de\/","name":"Karnion","description":"Pravo znanje za odli\u010dnost v tretjem tiso\u010dletju","potentialAction":[{"@type":"SearchAction","target":{"@type":"EntryPoint","urlTemplate":"https:\/\/www.karnion.si\/de\/?s={search_term_string}"},"query-input":{"@type":"PropertyValueSpecification","valueRequired":true,"valueName":"search_term_string"}}],"inLanguage":"de"}]}},"_links":{"self":[{"href":"https:\/\/www.karnion.si\/de\/wp-json\/wp\/v2\/pages\/1890","targetHints":{"allow":["GET"]}}],"collection":[{"href":"https:\/\/www.karnion.si\/de\/wp-json\/wp\/v2\/pages"}],"about":[{"href":"https:\/\/www.karnion.si\/de\/wp-json\/wp\/v2\/types\/page"}],"author":[{"embeddable":true,"href":"https:\/\/www.karnion.si\/de\/wp-json\/wp\/v2\/users\/1"}],"replies":[{"embeddable":true,"href":"https:\/\/www.karnion.si\/de\/wp-json\/wp\/v2\/comments?post=1890"}],"version-history":[{"count":1,"href":"https:\/\/www.karnion.si\/de\/wp-json\/wp\/v2\/pages\/1890\/revisions"}],"predecessor-version":[{"id":8612,"href":"https:\/\/www.karnion.si\/de\/wp-json\/wp\/v2\/pages\/1890\/revisions\/8612"}],"wp:featuredmedia":[{"embeddable":true,"href":"https:\/\/www.karnion.si\/de\/wp-json\/wp\/v2\/media\/54217"}],"wp:attachment":[{"href":"https:\/\/www.karnion.si\/de\/wp-json\/wp\/v2\/media?parent=1890"}],"curies":[{"name":"wp","href":"https:\/\/api.w.org\/{rel}","templated":true}]}}