{"id":1903,"date":"2017-02-02T14:06:06","date_gmt":"2017-02-02T13:06:06","guid":{"rendered":"http:\/\/www.karnion.si\/predstavitev-centra\/"},"modified":"2017-11-14T10:25:55","modified_gmt":"2017-11-14T09:25:55","slug":"prasentation","status":"publish","type":"page","link":"https:\/\/www.karnion.si\/de\/ueber-uns\/prasentation\/","title":{"rendered":"Pr\u00e4sentation"},"content":{"rendered":"<p><strong>Wahrscheinlich haben Sie sich schon gefragt, wie Sie alle Ihre menschlichen Potentiale optimieren k\u00f6nnten und Ihr Bewusstsein Niveau erh\u00f6hen d.h. etwas wirklich f\u00fcr sich machen k\u00f6nnten.<\/strong><\/p>\n<p>Aber Sie haben so wenig Zeit.<\/p>\n<p>Wir laden Sie in das einzige slowenische holistische Zentrum Karnion ein, in dem wir seit dem Jahr 1991 Programme gestalten, die die Ganzheitlichkeit entwickeln. Was ist eigentlich<br \/>\ndie Ganzheitlichkeit? Das ist die Entwicklung der sozialen, emotionalen, pers\u00f6nlichen und der geistigen Intelligenz. F\u00fcr jeden Menschen ist das eine wunderbare Gelegenheit, dass er sich auf dem Weg der Selbstverwirklichung veredeln kann und Ihre alle Potentials entwickeln k\u00f6nnen.<\/p>\n<p>Ihre eigene Ganzheitlichkeit k\u00f6nnen Sie bei Karnion auf 3 Weisen erreichen, d.h. auf Grund drei verschiedener Programme, die von Ihrer pers\u00f6nlichen Einstellung abh\u00e4ngig sind: schnelles Fremdsprachenlernen nach dem System Superlearning , die Dialogik \u2013 die Sprache der Verantwortlichkeit und 4 j\u00e4hriges Spezialstudium der Psychodynamik.<br \/>\n<hr class=\"no_line\" style=\"margin: 0 auto 15px;\"\/>\n<\/p>\n<h2>Das einzige holistische Zentrum f\u00fcr die Entwicklung des pers\u00f6nlichen Erfolges in Slowenien.<\/h2>\n<p>In Slowenien sind wir seit dem Jahr 1991 auf dem Bereich der Ausbildung t\u00e4tig und verf\u00fcgen \u00fcber reiche Erfahrungen und Referenzen.<\/p>\n<p>Wir motivieren unsere Teilnehmer zur Selbstverwirklichung und zum ganzheitlichen pers\u00f6nlichen Erfolg. Einheimische und ausl\u00e4ndische F\u00fchrungskr\u00e4fte bilden wir in erfolgreiche Leiter aus, die ihr Leben und ihre Arbeit effektvoll beherrschen.<\/p>\n<p><img loading=\"lazy\" decoding=\"async\" class=\"aligncenter wp-image-650 size-full\" src=\"https:\/\/www.karnion.si\/wp-content\/uploads\/2017\/02\/o_nas_01.jpg\" alt=\"Holisti\u010dni center Karnion\" width=\"800\" height=\"400\" srcset=\"https:\/\/www.karnion.si\/wp-content\/uploads\/2017\/02\/o_nas_01.jpg 800w, https:\/\/www.karnion.si\/wp-content\/uploads\/2017\/02\/o_nas_01-300x150.jpg 300w, https:\/\/www.karnion.si\/wp-content\/uploads\/2017\/02\/o_nas_01-768x384.jpg 768w, https:\/\/www.karnion.si\/wp-content\/uploads\/2017\/02\/o_nas_01-260x130.jpg 260w, https:\/\/www.karnion.si\/wp-content\/uploads\/2017\/02\/o_nas_01-50x25.jpg 50w, https:\/\/www.karnion.si\/wp-content\/uploads\/2017\/02\/o_nas_01-150x75.jpg 150w\" sizes=\"auto, (max-width: 800px) 100vw, 800px\" \/><br \/>\n<hr class=\"no_line\" style=\"margin: 0 auto 15px;\"\/>\n<\/p>\n<h3>Unsere Merkmale<\/h3>\n<p>Wir sch\u00e4tzen Ihre Zeit und Ihr Geld \u2013 wir wissen, dass heute Zeit viel wertvoller ist als Geld, darum werden Sie mittels unserer Programme in k\u00fcrzester Zeit zu entsprechenden Kenntnissen erlangen.<\/p>\n<p>Wir sch\u00e4tzen Ihre Kreativit\u00e4t und Innovation \u2013 wir w\u00fcnschen, dass Sie die Inhalte unserer Programme beeinflussen und sie mitgestalten.<\/p>\n<p>Wir sch\u00e4tzen Ihre Pers\u00f6nlichkeit \u2013 der Unterricht l\u00e4uft nach den modernsten Methoden und mit den besten Fachleuten ab.<\/p>\n<p>Wir sch\u00e4tzen Ihren Bedarf nach Intimit\u00e4t \u2013 die M\u00f6glichkeit des individuellen Lernens.<\/p>\n<p>Das gro\u00dfe Ziel unserer Programme ist Ihr pers\u00f6nliches Wachstum, nicht nur das Erwerben neuer Kenntnisse und F\u00e4higkeiten.<\/p>\n<p>Wir st\u00e4rken Ihr Selbstbewusstsein und streben nach Ihrer Selbstverwirklichung.<\/p>\n<p>Wir k\u00f6nnen das Angenehme mit dem N\u00fctzlichen verbinden \u2013 entspanntes Lernen in einem angenehmen Milieu.<br \/>\n<hr class=\"no_line\" style=\"margin: 0 auto 15px;\"\/>\n<\/p>\n<h3>Ziele und Quellen<\/h3>\n<p>Unsere Teilnehmer zu ganzheitlichen erfolgreichen Pers\u00f6nlichkeiten, die effektvoll ihr Leben und Arbeit meistern, zu entwickeln.<\/p>\n<p>Das Ziel ist die pers\u00f6nliche, emotionale und geistige Intelligenz und somit den pers\u00f6nlichen und beruflichen Erfolg und das Bewusstseinsniveau zu erh\u00f6hen.<\/p>\n<p>Die Verbreitung der Kultur der wahrhaftigen Kommunikation und des kultivierten Dialogs.<br \/>\n<hr class=\"no_line\" style=\"margin: 0 auto 15px;\"\/>\n<\/p>\n<h3>Die Strategie<\/h3>\n<p>Den bereits f\u00fchrenden und den zuk\u00fcnftigen F\u00fchrungskr\u00e4ften bieten wir Unterst\u00fctzung und individuelle Beratung bei der F\u00fchrung.<\/p>\n<p>Laufend stellen wir die Bed\u00fcrfnisse, Anspr\u00fcche und Motive unserer Zielgruppe fest, was sich in flexiblen, schnellen L\u00f6sungen widerspiegelt.<\/p>\n<p><img loading=\"lazy\" decoding=\"async\" class=\"aligncenter size-full wp-image-652\" src=\"https:\/\/www.karnion.si\/wp-content\/uploads\/2017\/02\/o_nas_02.jpg\" alt=\"Strategija\" width=\"800\" height=\"400\" srcset=\"https:\/\/www.karnion.si\/wp-content\/uploads\/2017\/02\/o_nas_02.jpg 800w, https:\/\/www.karnion.si\/wp-content\/uploads\/2017\/02\/o_nas_02-300x150.jpg 300w, https:\/\/www.karnion.si\/wp-content\/uploads\/2017\/02\/o_nas_02-768x384.jpg 768w, https:\/\/www.karnion.si\/wp-content\/uploads\/2017\/02\/o_nas_02-260x130.jpg 260w, https:\/\/www.karnion.si\/wp-content\/uploads\/2017\/02\/o_nas_02-50x25.jpg 50w, https:\/\/www.karnion.si\/wp-content\/uploads\/2017\/02\/o_nas_02-150x75.jpg 150w\" sizes=\"auto, (max-width: 800px) 100vw, 800px\" \/><hr class=\"no_line\" style=\"margin: 0 auto 15px;\"\/>\n<\/p>\n<h3>Werte<\/h3>\n<p>Vorz\u00fcgliche Arbeit.<\/p>\n<p>Fortw\u00e4hrendes pers\u00f6nliches Wachstum und fachliche Entwicklung.<\/p>\n<p>Pioniert\u00e4tigkeit und Innovationen \u2013 in Slowenien sind wir die einzigen.<\/p>\n<hr class=\"no_line\" style=\"margin: 0 auto 15px;\"\/>\n\n<h3>Mission<\/h3>\n<p>Wir verbreiten Bildung in den slowenischen und ausl\u00e4ndischen Gesch\u00e4ftsraum, wir kl\u00e4ren die F\u00fchrungskr\u00e4fte auf und wir motivieren sie im Sinne des pers\u00f6nlichen Wachstums und der.<\/p>\n<p>Wir bilden Teams der Spitzenf\u00fchrungskr\u00e4fte aus, damit sie mit ihren F\u00e4higkeiten der effektiven F\u00fchrung noch ganzheitlicher werden k\u00f6nnen.<\/p>\n<p>Wir bieten den F\u00fchrungskr\u00e4ften das Angenehme mit dem N\u00fctzlichen, Kenntnisse und Gesundheitsvorsorge (aktiver Urlaub, Sprachthermen) an.<\/p>\n<p>Wir helfen bei Bew\u00e4ltigung der Kommunikationsblockaden, bei den Entscheidungen und bei dem kreativen Suchen der L\u00f6sungen.<\/p>\n<div id=\"attachment_763\" style=\"width: 810px\" class=\"wp-caption aligncenter\"><img loading=\"lazy\" decoding=\"async\" aria-describedby=\"caption-attachment-763\" class=\"wp-image-763 size-full\" src=\"https:\/\/www.karnion.si\/wp-content\/uploads\/2017\/02\/6536.jpg\" alt=\"Bojana Fende Habula\" width=\"800\" height=\"379\" srcset=\"https:\/\/www.karnion.si\/wp-content\/uploads\/2017\/02\/6536.jpg 800w, https:\/\/www.karnion.si\/wp-content\/uploads\/2017\/02\/6536-300x142.jpg 300w, https:\/\/www.karnion.si\/wp-content\/uploads\/2017\/02\/6536-768x364.jpg 768w, https:\/\/www.karnion.si\/wp-content\/uploads\/2017\/02\/6536-260x123.jpg 260w, https:\/\/www.karnion.si\/wp-content\/uploads\/2017\/02\/6536-50x24.jpg 50w, https:\/\/www.karnion.si\/wp-content\/uploads\/2017\/02\/6536-150x71.jpg 150w\" sizes=\"auto, (max-width: 800px) 100vw, 800px\" \/><p id=\"caption-attachment-763\" class=\"wp-caption-text\">Gr\u00fcnderin und Direktorin von Karniona \u2013 Bojana Fende Habula<\/p><\/div>\n<hr class=\"no_line\" style=\"margin: 0 auto 15px;\"\/>\n\n<h3>Haben Sie das schon gewusst?<\/h3>\n<p>Das Superlearning wurde in den 60-er Jahren von dem bulgarischen Arzt, Psychiater und Forscher auf dem Gebiet der Erziehung und Ausbilddung entwickelt. Seine Probanden haben mit dieser Methode 1500 W\u00f6rter am Tag gelernt.<\/p>\n<p>Die Dialogik, die Sprache der Verantwortung, wurde bereits im 19. Jahrhundert in alle ausl\u00e4ndische Hochschulen und Mittelschulen an Stelle der Rhetorik eingef\u00fchrt. Die einbahnige Kommunikation wurde durch die effektive Verst\u00e4ndigungssprache und die F\u00fchrung ersetzt. Darum sind die ausl\u00e4ndischen Manager, die ihre Leitungsstelle \u00fcbernehmen, schon mit allen F\u00e4higkeiten und Kenntnissen ausgestattet, die sie bei der F\u00fchrung brauchen.<\/p>\n<p><strong>Die ersten Indikatoren des menschlichen Bildungsniveaus sind:<\/strong><\/p>\n<ul>\n<li>Wie und auf welche Weise man f\u00e4hig ist zuzuh\u00f6ren,<\/li>\n<li>Wie man mit dem was man denkt, spricht und macht im Einklang ist.<\/li>\n<\/ul>\n","protected":false},"excerpt":{"rendered":"<p>Wahrscheinlich haben Sie sich schon gefragt, wie Sie alle Ihre menschlichen Potentiale optimieren k\u00f6nnten und Ihr Bewusstsein Niveau erh\u00f6hen d.h. etwas wirklich f\u00fcr sich machen k\u00f6nnten.<span class=\"excerpt-hellip\"> [\u2026]<\/span><\/p>\n","protected":false},"author":1,"featured_media":655,"parent":2008,"menu_order":0,"comment_status":"closed","ping_status":"closed","template":"","meta":{"footnotes":""},"class_list":["post-1903","page","type-page","status-publish","has-post-thumbnail","hentry"],"yoast_head":"<!-- This site is optimized with the Yoast SEO plugin v26.6 - https:\/\/yoast.com\/wordpress\/plugins\/seo\/ -->\n<title>Pr\u00e4sentation - Karnion<\/title>\n<meta name=\"robots\" content=\"index, follow, max-snippet:-1, max-image-preview:large, max-video-preview:-1\" \/>\n<link rel=\"canonical\" href=\"https:\/\/www.karnion.si\/de\/ueber-uns\/prasentation\/\" \/>\n<meta property=\"og:locale\" content=\"de_DE\" \/>\n<meta property=\"og:type\" content=\"article\" \/>\n<meta property=\"og:title\" content=\"Pr\u00e4sentation - Karnion\" \/>\n<meta property=\"og:description\" content=\"Wahrscheinlich haben Sie sich schon gefragt, wie Sie alle Ihre menschlichen Potentiale optimieren k\u00f6nnten und Ihr Bewusstsein Niveau erh\u00f6hen d.h. etwas wirklich f\u00fcr sich machen k\u00f6nnten. [\u2026]\" \/>\n<meta property=\"og:url\" content=\"https:\/\/www.karnion.si\/de\/ueber-uns\/prasentation\/\" \/>\n<meta property=\"og:site_name\" content=\"Karnion\" \/>\n<meta property=\"article:publisher\" content=\"https:\/\/www.facebook.com\/Karnion-105369326222192\/\" \/>\n<meta property=\"article:modified_time\" content=\"2017-11-14T09:25:55+00:00\" \/>\n<meta property=\"og:image\" content=\"https:\/\/www.karnion.si\/wp-content\/uploads\/2017\/02\/o-nas-predstavitev-karnion.jpg\" \/>\n\t<meta property=\"og:image:width\" content=\"1920\" \/>\n\t<meta property=\"og:image:height\" content=\"941\" \/>\n\t<meta property=\"og:image:type\" content=\"image\/jpeg\" \/>\n<meta name=\"twitter:card\" content=\"summary_large_image\" \/>\n<meta name=\"twitter:site\" content=\"@KarnionDoo\" \/>\n<meta name=\"twitter:label1\" content=\"Gesch\u00e4tzte Lesezeit\" \/>\n\t<meta name=\"twitter:data1\" content=\"4\u00a0Minuten\" \/>\n<script type=\"application\/ld+json\" class=\"yoast-schema-graph\">{\"@context\":\"https:\/\/schema.org\",\"@graph\":[{\"@type\":\"WebPage\",\"@id\":\"https:\/\/www.karnion.si\/de\/ueber-uns\/prasentation\/\",\"url\":\"https:\/\/www.karnion.si\/de\/ueber-uns\/prasentation\/\",\"name\":\"Pr\u00e4sentation - Karnion\",\"isPartOf\":{\"@id\":\"https:\/\/www.karnion.si\/de\/#website\"},\"primaryImageOfPage\":{\"@id\":\"https:\/\/www.karnion.si\/de\/ueber-uns\/prasentation\/#primaryimage\"},\"image\":{\"@id\":\"https:\/\/www.karnion.si\/de\/ueber-uns\/prasentation\/#primaryimage\"},\"thumbnailUrl\":\"https:\/\/www.karnion.si\/wp-content\/uploads\/2017\/02\/o-nas-predstavitev-karnion.jpg\",\"datePublished\":\"2017-02-02T13:06:06+00:00\",\"dateModified\":\"2017-11-14T09:25:55+00:00\",\"breadcrumb\":{\"@id\":\"https:\/\/www.karnion.si\/de\/ueber-uns\/prasentation\/#breadcrumb\"},\"inLanguage\":\"de\",\"potentialAction\":[{\"@type\":\"ReadAction\",\"target\":[\"https:\/\/www.karnion.si\/de\/ueber-uns\/prasentation\/\"]}]},{\"@type\":\"ImageObject\",\"inLanguage\":\"de\",\"@id\":\"https:\/\/www.karnion.si\/de\/ueber-uns\/prasentation\/#primaryimage\",\"url\":\"https:\/\/www.karnion.si\/wp-content\/uploads\/2017\/02\/o-nas-predstavitev-karnion.jpg\",\"contentUrl\":\"https:\/\/www.karnion.si\/wp-content\/uploads\/2017\/02\/o-nas-predstavitev-karnion.jpg\",\"width\":1920,\"height\":941,\"caption\":\"Predstavitev centra Karnion Banner\"},{\"@type\":\"BreadcrumbList\",\"@id\":\"https:\/\/www.karnion.si\/de\/ueber-uns\/prasentation\/#breadcrumb\",\"itemListElement\":[{\"@type\":\"ListItem\",\"position\":1,\"name\":\"Domov\",\"item\":\"https:\/\/www.karnion.si\/de\/\"},{\"@type\":\"ListItem\",\"position\":2,\"name\":\"\u00dcber uns\",\"item\":\"https:\/\/www.karnion.si\/de\/o-nas\/\"},{\"@type\":\"ListItem\",\"position\":3,\"name\":\"Pr\u00e4sentation\"}]},{\"@type\":\"WebSite\",\"@id\":\"https:\/\/www.karnion.si\/de\/#website\",\"url\":\"https:\/\/www.karnion.si\/de\/\",\"name\":\"Karnion\",\"description\":\"Pravo znanje za odli\u010dnost v tretjem tiso\u010dletju\",\"potentialAction\":[{\"@type\":\"SearchAction\",\"target\":{\"@type\":\"EntryPoint\",\"urlTemplate\":\"https:\/\/www.karnion.si\/de\/?s={search_term_string}\"},\"query-input\":{\"@type\":\"PropertyValueSpecification\",\"valueRequired\":true,\"valueName\":\"search_term_string\"}}],\"inLanguage\":\"de\"}]}<\/script>\n<!-- \/ Yoast SEO plugin. -->","yoast_head_json":{"title":"Pr\u00e4sentation - Karnion","robots":{"index":"index","follow":"follow","max-snippet":"max-snippet:-1","max-image-preview":"max-image-preview:large","max-video-preview":"max-video-preview:-1"},"canonical":"https:\/\/www.karnion.si\/de\/ueber-uns\/prasentation\/","og_locale":"de_DE","og_type":"article","og_title":"Pr\u00e4sentation - Karnion","og_description":"Wahrscheinlich haben Sie sich schon gefragt, wie Sie alle Ihre menschlichen Potentiale optimieren k\u00f6nnten und Ihr Bewusstsein Niveau erh\u00f6hen d.h. etwas wirklich f\u00fcr sich machen k\u00f6nnten. [\u2026]","og_url":"https:\/\/www.karnion.si\/de\/ueber-uns\/prasentation\/","og_site_name":"Karnion","article_publisher":"https:\/\/www.facebook.com\/Karnion-105369326222192\/","article_modified_time":"2017-11-14T09:25:55+00:00","og_image":[{"width":1920,"height":941,"url":"https:\/\/www.karnion.si\/wp-content\/uploads\/2017\/02\/o-nas-predstavitev-karnion.jpg","type":"image\/jpeg"}],"twitter_card":"summary_large_image","twitter_site":"@KarnionDoo","twitter_misc":{"Gesch\u00e4tzte Lesezeit":"4\u00a0Minuten"},"schema":{"@context":"https:\/\/schema.org","@graph":[{"@type":"WebPage","@id":"https:\/\/www.karnion.si\/de\/ueber-uns\/prasentation\/","url":"https:\/\/www.karnion.si\/de\/ueber-uns\/prasentation\/","name":"Pr\u00e4sentation - Karnion","isPartOf":{"@id":"https:\/\/www.karnion.si\/de\/#website"},"primaryImageOfPage":{"@id":"https:\/\/www.karnion.si\/de\/ueber-uns\/prasentation\/#primaryimage"},"image":{"@id":"https:\/\/www.karnion.si\/de\/ueber-uns\/prasentation\/#primaryimage"},"thumbnailUrl":"https:\/\/www.karnion.si\/wp-content\/uploads\/2017\/02\/o-nas-predstavitev-karnion.jpg","datePublished":"2017-02-02T13:06:06+00:00","dateModified":"2017-11-14T09:25:55+00:00","breadcrumb":{"@id":"https:\/\/www.karnion.si\/de\/ueber-uns\/prasentation\/#breadcrumb"},"inLanguage":"de","potentialAction":[{"@type":"ReadAction","target":["https:\/\/www.karnion.si\/de\/ueber-uns\/prasentation\/"]}]},{"@type":"ImageObject","inLanguage":"de","@id":"https:\/\/www.karnion.si\/de\/ueber-uns\/prasentation\/#primaryimage","url":"https:\/\/www.karnion.si\/wp-content\/uploads\/2017\/02\/o-nas-predstavitev-karnion.jpg","contentUrl":"https:\/\/www.karnion.si\/wp-content\/uploads\/2017\/02\/o-nas-predstavitev-karnion.jpg","width":1920,"height":941,"caption":"Predstavitev centra Karnion Banner"},{"@type":"BreadcrumbList","@id":"https:\/\/www.karnion.si\/de\/ueber-uns\/prasentation\/#breadcrumb","itemListElement":[{"@type":"ListItem","position":1,"name":"Domov","item":"https:\/\/www.karnion.si\/de\/"},{"@type":"ListItem","position":2,"name":"\u00dcber uns","item":"https:\/\/www.karnion.si\/de\/o-nas\/"},{"@type":"ListItem","position":3,"name":"Pr\u00e4sentation"}]},{"@type":"WebSite","@id":"https:\/\/www.karnion.si\/de\/#website","url":"https:\/\/www.karnion.si\/de\/","name":"Karnion","description":"Pravo znanje za odli\u010dnost v tretjem tiso\u010dletju","potentialAction":[{"@type":"SearchAction","target":{"@type":"EntryPoint","urlTemplate":"https:\/\/www.karnion.si\/de\/?s={search_term_string}"},"query-input":{"@type":"PropertyValueSpecification","valueRequired":true,"valueName":"search_term_string"}}],"inLanguage":"de"}]}},"_links":{"self":[{"href":"https:\/\/www.karnion.si\/de\/wp-json\/wp\/v2\/pages\/1903","targetHints":{"allow":["GET"]}}],"collection":[{"href":"https:\/\/www.karnion.si\/de\/wp-json\/wp\/v2\/pages"}],"about":[{"href":"https:\/\/www.karnion.si\/de\/wp-json\/wp\/v2\/types\/page"}],"author":[{"embeddable":true,"href":"https:\/\/www.karnion.si\/de\/wp-json\/wp\/v2\/users\/1"}],"replies":[{"embeddable":true,"href":"https:\/\/www.karnion.si\/de\/wp-json\/wp\/v2\/comments?post=1903"}],"version-history":[{"count":0,"href":"https:\/\/www.karnion.si\/de\/wp-json\/wp\/v2\/pages\/1903\/revisions"}],"up":[{"embeddable":true,"href":"https:\/\/www.karnion.si\/de\/wp-json\/wp\/v2\/pages\/2008"}],"wp:featuredmedia":[{"embeddable":true,"href":"https:\/\/www.karnion.si\/de\/wp-json\/wp\/v2\/media\/655"}],"wp:attachment":[{"href":"https:\/\/www.karnion.si\/de\/wp-json\/wp\/v2\/media?parent=1903"}],"curies":[{"name":"wp","href":"https:\/\/api.w.org\/{rel}","templated":true}]}}