{"id":1749,"date":"2017-10-20T12:57:49","date_gmt":"2017-10-20T10:57:49","guid":{"rendered":"http:\/\/www.karnion.si\/italian-course\/"},"modified":"2019-07-05T11:37:09","modified_gmt":"2019-07-05T09:37:09","slug":"italian-course","status":"publish","type":"page","link":"https:\/\/www.karnion.si\/en\/italian-course\/","title":{"rendered":"Italian course"},"content":{"rendered":"<h2>ITALIAN COURSE ACCORDING TO SUPERLEARNING KARNION METHOD<\/h2>\n<p>The Karnion method, which includes listening in the alpha state, in which the content is remembered 4 times faster and goes directly into your long-term memory, and one-on-one conversation with a teacher, has become widely known and appreciated since we have already been on the market for 25 years. Language knowledge cannot be acquired only through conversation, listening is of utmost importance. During listening you will obtain new vocabulary which you will activate during conversation lessons. As you know, we learn our mother tongue with listening to our parents or other care-givers and in this way, this method represents the most natural way of learning.<\/p>\n<p><img loading=\"lazy\" decoding=\"async\" class=\"aligncenter wp-image-563 size-full\" src=\"https:\/\/www.karnion.si\/wp-content\/uploads\/2017\/03\/italijanscina_01.jpg\" alt=\"Primo\u017e Kozmus, Olympic gold medal winner\" width=\"800\" height=\"400\" srcset=\"https:\/\/www.karnion.si\/wp-content\/uploads\/2017\/03\/italijanscina_01.jpg 800w, https:\/\/www.karnion.si\/wp-content\/uploads\/2017\/03\/italijanscina_01-300x150.jpg 300w, https:\/\/www.karnion.si\/wp-content\/uploads\/2017\/03\/italijanscina_01-768x384.jpg 768w, https:\/\/www.karnion.si\/wp-content\/uploads\/2017\/03\/italijanscina_01-260x130.jpg 260w, https:\/\/www.karnion.si\/wp-content\/uploads\/2017\/03\/italijanscina_01-50x25.jpg 50w, https:\/\/www.karnion.si\/wp-content\/uploads\/2017\/03\/italijanscina_01-150x75.jpg 150w\" sizes=\"auto, (max-width: 800px) 100vw, 800px\" \/><\/p>\n<p><strong>Primo\u017e Kozmus, Olympic gold medal winner:<\/strong><\/p>\n<blockquote><p><em>\u00bbI\u2019m learning 3 foreign languages in Karnion simply because the superlearning Karnion method is the most effective.\u201d<\/em><\/p><\/blockquote>\n<hr class=\"no_line\" style=\"margin: 0 auto 15px;\"\/>\n\n<h2>What does the course look like?<\/h2>\n<p>The superlearning method will produce optimal results if you decide to take at least 4 Italian lessons a day. We recommend at least 40 lessons, especially for beginners.<\/p>\n<p>Prior to the beginning of the course, you are tested to assess your knowledge (understanding, writing, reading and speaking) according to the European criteria of foreign language knowledge (levels between A1 and C2). According to the results, a custom-made programme is prepared for you. For example, if you are already able to communicate in Italian but you have some gaps from a basic level, only these gaps are filled and then learning is continued on a higher level. This is quite impossible in language schools that carry out courses according to fixed programmes (books).<\/p>\n<p><img loading=\"lazy\" decoding=\"async\" class=\"aligncenter wp-image-359 size-full\" src=\"https:\/\/www.karnion.si\/wp-content\/uploads\/2017\/03\/individualni-tecaj-anglescine.jpg\" alt=\"Individual approach\" width=\"800\" height=\"379\" srcset=\"https:\/\/www.karnion.si\/wp-content\/uploads\/2017\/03\/individualni-tecaj-anglescine.jpg 800w, https:\/\/www.karnion.si\/wp-content\/uploads\/2017\/03\/individualni-tecaj-anglescine-300x142.jpg 300w, https:\/\/www.karnion.si\/wp-content\/uploads\/2017\/03\/individualni-tecaj-anglescine-768x364.jpg 768w, https:\/\/www.karnion.si\/wp-content\/uploads\/2017\/03\/individualni-tecaj-anglescine-260x123.jpg 260w, https:\/\/www.karnion.si\/wp-content\/uploads\/2017\/03\/individualni-tecaj-anglescine-50x24.jpg 50w, https:\/\/www.karnion.si\/wp-content\/uploads\/2017\/03\/individualni-tecaj-anglescine-150x71.jpg 150w\" sizes=\"auto, (max-width: 800px) 100vw, 800px\" \/><\/p>\n<hr class=\"no_line\" style=\"margin: 0 auto 15px;\"\/>\n\n<h2>ITALIAN COURSE FOR BEGINNERS<\/h2>\n<p>Italian is a very melodious language and Italy is a beautiful country for cultural, artistic and touristic exploring. It also offers plenty of business opportunities. Listening to Italian lessons in alpha state represents a de-stressing trip for your ears. You will master active listening in no time and later practise speaking with a teacher.<\/p>\n<p>After a 40-lesson course, you will be able to communicate in everyday situations. If you require, special materials can be prepared.<\/p>\n<p><img loading=\"lazy\" decoding=\"async\" class=\"aligncenter wp-image-724 size-full\" src=\"https:\/\/www.karnion.si\/wp-content\/uploads\/2017\/03\/rome.jpg\" alt=\"te\u010daj italijan\u0161\u010dine za potovanje v Rim\" width=\"800\" height=\"400\" srcset=\"https:\/\/www.karnion.si\/wp-content\/uploads\/2017\/03\/rome.jpg 800w, https:\/\/www.karnion.si\/wp-content\/uploads\/2017\/03\/rome-300x150.jpg 300w, https:\/\/www.karnion.si\/wp-content\/uploads\/2017\/03\/rome-768x384.jpg 768w, https:\/\/www.karnion.si\/wp-content\/uploads\/2017\/03\/rome-260x130.jpg 260w, https:\/\/www.karnion.si\/wp-content\/uploads\/2017\/03\/rome-50x25.jpg 50w, https:\/\/www.karnion.si\/wp-content\/uploads\/2017\/03\/rome-150x75.jpg 150w\" sizes=\"auto, (max-width: 800px) 100vw, 800px\" \/><br \/>\n<hr class=\"no_line\" style=\"margin: 0 auto 15px;\"\/>\n<\/p>\n<h2>BUSINESS ITALIAN COURSE<\/h2>\n<p>Italy is our neighbouring country and one of the most important business partners. It offers many new business opportunities.<\/p>\n<p>In Karnion, a custom-made programme can be prepared for you with contents you need in your professional life, starting at level A2.<\/p>\n<p>With the knowledge of everyday communication you will make a good impression on your Italian business partners who do not speak foreign languages.<\/p>\n<p><strong>One of the top oncologists, dr Janja Ocvirk, MD took a couple of training courses in Karnion<br \/>\n<\/strong><\/p>\n<blockquote><p><em>\u00bbI look forward to learning foreign languages in Karnion. It is my assessment that the way of teaching is exceptional. As a participant, you do not only study a foreign language, you are treated holistically.\u00ab<\/em><\/p><\/blockquote>\n<hr class=\"no_line\" style=\"margin: 0 auto 15px;\"\/>\n\n<h2>ITALIAN EXAM PREPARATION<\/h2>\n<p>Like for other foreign languages, we also offer exam preparation in Italian.<\/p>\n<p>You will be pleasantly surprised at the positive energy in our centre.<\/p>\n<p><img loading=\"lazy\" decoding=\"async\" class=\"aligncenter wp-image-697 size-full\" src=\"https:\/\/www.karnion.si\/wp-content\/uploads\/2017\/03\/italijanscina_01a.jpg\" alt=\"Ambient te\u010daj italijan\u0161\u010dine\" width=\"800\" height=\"400\" srcset=\"https:\/\/www.karnion.si\/wp-content\/uploads\/2017\/03\/italijanscina_01a.jpg 800w, https:\/\/www.karnion.si\/wp-content\/uploads\/2017\/03\/italijanscina_01a-300x150.jpg 300w, https:\/\/www.karnion.si\/wp-content\/uploads\/2017\/03\/italijanscina_01a-768x384.jpg 768w, https:\/\/www.karnion.si\/wp-content\/uploads\/2017\/03\/italijanscina_01a-260x130.jpg 260w, https:\/\/www.karnion.si\/wp-content\/uploads\/2017\/03\/italijanscina_01a-50x25.jpg 50w, https:\/\/www.karnion.si\/wp-content\/uploads\/2017\/03\/italijanscina_01a-150x75.jpg 150w\" sizes=\"auto, (max-width: 800px) 100vw, 800px\" \/><\/p>\n<hr class=\"no_line\" style=\"margin: 0 auto 50px;\"\/>\n\n<h3 style=\"text-align: center;\"><strong>Book a free lesson<\/strong><\/h3>\n<p><hr class=\"no_line\" style=\"margin: 0 auto 5px;\"\/>\n<br \/>\n<div role=\"form\" class=\"wpcf7\" id=\"wpcf7-f1265-o1\" lang=\"sl-SI\" dir=\"ltr\">\n<div class=\"screen-reader-response\"><\/div>\n<form action=\"\/en\/wp-json\/wp\/v2\/pages\/1749#wpcf7-f1265-o1\" method=\"post\" class=\"wpcf7-form\" novalidate=\"novalidate\">\n<div style=\"display: none;\">\n<input type=\"hidden\" name=\"_wpcf7\" value=\"1265\" \/>\n<input type=\"hidden\" name=\"_wpcf7_version\" value=\"5.1.4\" \/>\n<input type=\"hidden\" name=\"_wpcf7_locale\" value=\"sl_SI\" \/>\n<input type=\"hidden\" name=\"_wpcf7_unit_tag\" value=\"wpcf7-f1265-o1\" \/>\n<input type=\"hidden\" name=\"_wpcf7_container_post\" value=\"0\" \/>\n<input type=\"hidden\" name=\"g-recaptcha-response\" value=\"\" \/>\n<\/div>\n<div class=\"column one-second\"><span class=\"wpcf7-form-control-wrap your-name\"><input type=\"text\" name=\"your-name\" value=\"\" size=\"40\" class=\"wpcf7-form-control wpcf7-text\" aria-invalid=\"false\" placeholder=\"First name\" \/><\/span> <\/div>\n<div class=\"column one-second\"><span class=\"wpcf7-form-control-wrap your-surname\"><input type=\"text\" name=\"your-surname\" value=\"\" size=\"40\" class=\"wpcf7-form-control wpcf7-text\" aria-invalid=\"false\" placeholder=\"Last name\" \/><\/span> <\/div>\n<div class=\"column one\"><span class=\"wpcf7-form-control-wrap podjetje\"><input type=\"text\" name=\"podjetje\" value=\"\" size=\"40\" class=\"wpcf7-form-control wpcf7-text\" aria-invalid=\"false\" placeholder=\"Company\" \/><\/span> <\/div>\n<div class=\"column one-second\"><span class=\"wpcf7-form-control-wrap your-email\"><input type=\"email\" name=\"your-email\" value=\"\" size=\"40\" class=\"wpcf7-form-control wpcf7-text wpcf7-email wpcf7-validates-as-required wpcf7-validates-as-email\" aria-required=\"true\" aria-invalid=\"false\" placeholder=\"E-mail\" \/><\/span> <\/div>\n<div class=\"column one-second\"><span class=\"wpcf7-form-control-wrap your-phone\"><input type=\"tel\" name=\"your-phone\" value=\"\" size=\"40\" class=\"wpcf7-form-control wpcf7-text wpcf7-tel wpcf7-validates-as-tel\" aria-invalid=\"false\" placeholder=\"Telephone number\" \/><\/span> <\/div>\n<div class=\"column one\"><span class=\"wpcf7-form-control-wrap your-message\"><textarea name=\"your-message\" cols=\"40\" rows=\"10\" class=\"wpcf7-form-control wpcf7-textarea\" aria-invalid=\"false\" placeholder=\"I want more information about\"><\/textarea><\/span><\/div>\n<div class=\"column one\">\n\n<\/div>\n<div class=\"column one submit\"><input type=\"submit\" value=\"Submit\" class=\"wpcf7-form-control wpcf7-submit\" \/><\/div>\n<div class=\"wpcf7-response-output wpcf7-display-none\"><\/div><\/form><\/div><br \/>\n<hr class=\"no_line\" style=\"margin: 0 auto 50px;\"\/>\n<\/p>\n","protected":false},"excerpt":{"rendered":"<p>ITALIAN COURSE ACCORDING TO SUPERLEARNING KARNION METHOD The Karnion method, which includes listening in the alpha state, in which the content is remembered 4 times faster<span class=\"excerpt-hellip\"> [\u2026]<\/span><\/p>\n","protected":false},"author":1,"featured_media":54453,"parent":0,"menu_order":0,"comment_status":"closed","ping_status":"closed","template":"","meta":{"footnotes":""},"class_list":["post-1749","page","type-page","status-publish","has-post-thumbnail","hentry"],"yoast_head":"<!-- This site is optimized with the Yoast SEO plugin v26.6 - https:\/\/yoast.com\/wordpress\/plugins\/seo\/ -->\n<title>Italian course - Karnion<\/title>\n<meta name=\"description\" content=\"The Karnion method, which includes listening in the alpha state, in which the content is remembered 4 times faster and goes directly into your long-term memory.\" \/>\n<meta name=\"robots\" content=\"index, follow, max-snippet:-1, max-image-preview:large, max-video-preview:-1\" \/>\n<link rel=\"canonical\" href=\"https:\/\/www.karnion.si\/en\/italian-course\/\" \/>\n<meta property=\"og:locale\" content=\"en_US\" \/>\n<meta property=\"og:type\" content=\"article\" \/>\n<meta property=\"og:title\" content=\"Italian course - Karnion\" \/>\n<meta property=\"og:description\" content=\"The Karnion method, which includes listening in the alpha state, in which the content is remembered 4 times faster and goes directly into your long-term memory.\" \/>\n<meta property=\"og:url\" content=\"https:\/\/www.karnion.si\/en\/italian-course\/\" \/>\n<meta property=\"og:site_name\" content=\"Karnion\" \/>\n<meta property=\"article:publisher\" content=\"https:\/\/www.facebook.com\/Karnion-105369326222192\/\" \/>\n<meta property=\"article:modified_time\" content=\"2019-07-05T09:37:09+00:00\" \/>\n<meta property=\"og:image\" content=\"https:\/\/www.karnion.si\/wp-content\/uploads\/2019\/03\/italjan\u0161\u010dina-pogovor-01.jpg\" \/>\n\t<meta property=\"og:image:width\" content=\"1920\" \/>\n\t<meta property=\"og:image:height\" content=\"900\" \/>\n\t<meta property=\"og:image:type\" content=\"image\/jpeg\" \/>\n<meta name=\"twitter:card\" content=\"summary_large_image\" \/>\n<meta name=\"twitter:site\" content=\"@KarnionDoo\" \/>\n<meta name=\"twitter:label1\" content=\"Est. reading time\" \/>\n\t<meta name=\"twitter:data1\" content=\"3 minutes\" \/>\n<script type=\"application\/ld+json\" class=\"yoast-schema-graph\">{\"@context\":\"https:\/\/schema.org\",\"@graph\":[{\"@type\":\"WebPage\",\"@id\":\"https:\/\/www.karnion.si\/en\/italian-course\/\",\"url\":\"https:\/\/www.karnion.si\/en\/italian-course\/\",\"name\":\"Italian course - Karnion\",\"isPartOf\":{\"@id\":\"https:\/\/www.karnion.si\/en\/#website\"},\"primaryImageOfPage\":{\"@id\":\"https:\/\/www.karnion.si\/en\/italian-course\/#primaryimage\"},\"image\":{\"@id\":\"https:\/\/www.karnion.si\/en\/italian-course\/#primaryimage\"},\"thumbnailUrl\":\"https:\/\/www.karnion.si\/wp-content\/uploads\/2019\/03\/italjan\u0161\u010dina-pogovor-01.jpg\",\"datePublished\":\"2017-10-20T10:57:49+00:00\",\"dateModified\":\"2019-07-05T09:37:09+00:00\",\"description\":\"The Karnion method, which includes listening in the alpha state, in which the content is remembered 4 times faster and goes directly into your long-term memory.\",\"breadcrumb\":{\"@id\":\"https:\/\/www.karnion.si\/en\/italian-course\/#breadcrumb\"},\"inLanguage\":\"en-US\",\"potentialAction\":[{\"@type\":\"ReadAction\",\"target\":[\"https:\/\/www.karnion.si\/en\/italian-course\/\"]}]},{\"@type\":\"ImageObject\",\"inLanguage\":\"en-US\",\"@id\":\"https:\/\/www.karnion.si\/en\/italian-course\/#primaryimage\",\"url\":\"https:\/\/www.karnion.si\/wp-content\/uploads\/2019\/03\/italjan\u0161\u010dina-pogovor-01.jpg\",\"contentUrl\":\"https:\/\/www.karnion.si\/wp-content\/uploads\/2019\/03\/italjan\u0161\u010dina-pogovor-01.jpg\",\"width\":1920,\"height\":900,\"caption\":\"italan\u0161\u010dina\"},{\"@type\":\"BreadcrumbList\",\"@id\":\"https:\/\/www.karnion.si\/en\/italian-course\/#breadcrumb\",\"itemListElement\":[{\"@type\":\"ListItem\",\"position\":1,\"name\":\"Domov\",\"item\":\"https:\/\/www.karnion.si\/en\/\"},{\"@type\":\"ListItem\",\"position\":2,\"name\":\"Italian course\"}]},{\"@type\":\"WebSite\",\"@id\":\"https:\/\/www.karnion.si\/en\/#website\",\"url\":\"https:\/\/www.karnion.si\/en\/\",\"name\":\"Karnion\",\"description\":\"Pravo znanje za odli\u010dnost v tretjem tiso\u010dletju\",\"potentialAction\":[{\"@type\":\"SearchAction\",\"target\":{\"@type\":\"EntryPoint\",\"urlTemplate\":\"https:\/\/www.karnion.si\/en\/?s={search_term_string}\"},\"query-input\":{\"@type\":\"PropertyValueSpecification\",\"valueRequired\":true,\"valueName\":\"search_term_string\"}}],\"inLanguage\":\"en-US\"}]}<\/script>\n<!-- \/ Yoast SEO plugin. -->","yoast_head_json":{"title":"Italian course - Karnion","description":"The Karnion method, which includes listening in the alpha state, in which the content is remembered 4 times faster and goes directly into your long-term memory.","robots":{"index":"index","follow":"follow","max-snippet":"max-snippet:-1","max-image-preview":"max-image-preview:large","max-video-preview":"max-video-preview:-1"},"canonical":"https:\/\/www.karnion.si\/en\/italian-course\/","og_locale":"en_US","og_type":"article","og_title":"Italian course - Karnion","og_description":"The Karnion method, which includes listening in the alpha state, in which the content is remembered 4 times faster and goes directly into your long-term memory.","og_url":"https:\/\/www.karnion.si\/en\/italian-course\/","og_site_name":"Karnion","article_publisher":"https:\/\/www.facebook.com\/Karnion-105369326222192\/","article_modified_time":"2019-07-05T09:37:09+00:00","og_image":[{"width":1920,"height":900,"url":"https:\/\/www.karnion.si\/wp-content\/uploads\/2019\/03\/italjan\u0161\u010dina-pogovor-01.jpg","type":"image\/jpeg"}],"twitter_card":"summary_large_image","twitter_site":"@KarnionDoo","twitter_misc":{"Est. reading time":"3 minutes"},"schema":{"@context":"https:\/\/schema.org","@graph":[{"@type":"WebPage","@id":"https:\/\/www.karnion.si\/en\/italian-course\/","url":"https:\/\/www.karnion.si\/en\/italian-course\/","name":"Italian course - Karnion","isPartOf":{"@id":"https:\/\/www.karnion.si\/en\/#website"},"primaryImageOfPage":{"@id":"https:\/\/www.karnion.si\/en\/italian-course\/#primaryimage"},"image":{"@id":"https:\/\/www.karnion.si\/en\/italian-course\/#primaryimage"},"thumbnailUrl":"https:\/\/www.karnion.si\/wp-content\/uploads\/2019\/03\/italjan\u0161\u010dina-pogovor-01.jpg","datePublished":"2017-10-20T10:57:49+00:00","dateModified":"2019-07-05T09:37:09+00:00","description":"The Karnion method, which includes listening in the alpha state, in which the content is remembered 4 times faster and goes directly into your long-term memory.","breadcrumb":{"@id":"https:\/\/www.karnion.si\/en\/italian-course\/#breadcrumb"},"inLanguage":"en-US","potentialAction":[{"@type":"ReadAction","target":["https:\/\/www.karnion.si\/en\/italian-course\/"]}]},{"@type":"ImageObject","inLanguage":"en-US","@id":"https:\/\/www.karnion.si\/en\/italian-course\/#primaryimage","url":"https:\/\/www.karnion.si\/wp-content\/uploads\/2019\/03\/italjan\u0161\u010dina-pogovor-01.jpg","contentUrl":"https:\/\/www.karnion.si\/wp-content\/uploads\/2019\/03\/italjan\u0161\u010dina-pogovor-01.jpg","width":1920,"height":900,"caption":"italan\u0161\u010dina"},{"@type":"BreadcrumbList","@id":"https:\/\/www.karnion.si\/en\/italian-course\/#breadcrumb","itemListElement":[{"@type":"ListItem","position":1,"name":"Domov","item":"https:\/\/www.karnion.si\/en\/"},{"@type":"ListItem","position":2,"name":"Italian course"}]},{"@type":"WebSite","@id":"https:\/\/www.karnion.si\/en\/#website","url":"https:\/\/www.karnion.si\/en\/","name":"Karnion","description":"Pravo znanje za odli\u010dnost v tretjem tiso\u010dletju","potentialAction":[{"@type":"SearchAction","target":{"@type":"EntryPoint","urlTemplate":"https:\/\/www.karnion.si\/en\/?s={search_term_string}"},"query-input":{"@type":"PropertyValueSpecification","valueRequired":true,"valueName":"search_term_string"}}],"inLanguage":"en-US"}]}},"_links":{"self":[{"href":"https:\/\/www.karnion.si\/en\/wp-json\/wp\/v2\/pages\/1749","targetHints":{"allow":["GET"]}}],"collection":[{"href":"https:\/\/www.karnion.si\/en\/wp-json\/wp\/v2\/pages"}],"about":[{"href":"https:\/\/www.karnion.si\/en\/wp-json\/wp\/v2\/types\/page"}],"author":[{"embeddable":true,"href":"https:\/\/www.karnion.si\/en\/wp-json\/wp\/v2\/users\/1"}],"replies":[{"embeddable":true,"href":"https:\/\/www.karnion.si\/en\/wp-json\/wp\/v2\/comments?post=1749"}],"version-history":[{"count":1,"href":"https:\/\/www.karnion.si\/en\/wp-json\/wp\/v2\/pages\/1749\/revisions"}],"predecessor-version":[{"id":8595,"href":"https:\/\/www.karnion.si\/en\/wp-json\/wp\/v2\/pages\/1749\/revisions\/8595"}],"wp:featuredmedia":[{"embeddable":true,"href":"https:\/\/www.karnion.si\/en\/wp-json\/wp\/v2\/media\/54453"}],"wp:attachment":[{"href":"https:\/\/www.karnion.si\/en\/wp-json\/wp\/v2\/media?parent=1749"}],"curies":[{"name":"wp","href":"https:\/\/api.w.org\/{rel}","templated":true}]}}