{"id":1038,"date":"2017-07-10T14:04:36","date_gmt":"2017-07-10T12:04:36","guid":{"rendered":"http:\/\/www.karnion.si\/dialogika\/"},"modified":"2017-09-04T14:31:16","modified_gmt":"2017-09-04T12:31:16","slug":"dialogika","status":"publish","type":"page","link":"https:\/\/www.karnion.si\/hr\/dialogika\/","title":{"rendered":"Dialogika"},"content":{"rendered":"<h2>DIALOGIKA \u2013 JEZIK ODGOVORNOSTI I POSLOVNE KULTURE<\/h2>\n<p>\u00bb Karnionovi programi me u potpunosti zadovoljavaju, to je kvaliteta koja daje konkretne radne rezultate. Da sam Dijalogiku upoznao ranije, br\u017ee bih postao bolji voditelj.\u00ab<\/p>\n<p><em>Zdravko Po\u010dival\u0161ek- aktualni ministar za gospodarstvo, biv\u0161i direktor Termi Olimia i menad\u017eer godine 2010. u Sloveniji.<\/em><\/p>\n<p>U 10 godina su pod njegovim vodstvom pove\u0107ali prihode za 3x dok dodana vrijednost od 43.000\u20ac na zaposlenika prema\u0161uje prosjek u industriji.<br \/>\n<hr class=\"no_line\" style=\"margin: 0 auto 20px;\"\/>\n<\/p>\n<h2>SVRHA AKADEMIJE<\/h2>\n<p>Prenositi vrhunska znanja o vo\u0111enju i samovo\u0111enju, o razvoju cjelovite osobne uspje\u0161nosti te zdrave odgovornosti. Izvori znanja su \u010detiri svjetski priznate \u0161kole vo\u0111enja i samovo\u0111enja te motivacije prema cjelovitoj uspje\u0161nosti:<\/p>\n<ol>\n<li>Ge\u0161talt \u0161kola<\/li>\n<li>Realitetna \u0161kola<\/li>\n<li>Bihevioristi\u010dka \u0161kola<\/li>\n<li>Transakcijska analiza<\/li>\n<\/ol>\n<hr class=\"no_line\" style=\"margin: 0 auto 20px;\"\/>\n\n<h2>CILJNA SKUPINA<\/h2>\n<p>Do sada smo program izvodili isklju\u010divo za zatvorene voditeljske skupine u odre\u0111enoj organizaciji. U novom obliku program \u0107e biti dostupan svima koje zanima njegov sadr\u017eaj. Program za trenere namijenjen je samo najboljim studentima iz izvornog programa koji sadr\u017ei 96 sati.<\/p>\n<p>Program za trenere Dialogike oblikovan je kao specijalisti\u010dki studij i sadr\u017ei 350 sati.<\/p>\n<p><img loading=\"lazy\" decoding=\"async\" class=\"aligncenter wp-image-656 size-full\" src=\"https:\/\/www.karnion.si\/wp-content\/uploads\/2017\/03\/dialogika01.jpg\" alt=\"Dialogika Karnion\" width=\"800\" height=\"400\" srcset=\"https:\/\/www.karnion.si\/wp-content\/uploads\/2017\/03\/dialogika01.jpg 800w, https:\/\/www.karnion.si\/wp-content\/uploads\/2017\/03\/dialogika01-300x150.jpg 300w, https:\/\/www.karnion.si\/wp-content\/uploads\/2017\/03\/dialogika01-768x384.jpg 768w, https:\/\/www.karnion.si\/wp-content\/uploads\/2017\/03\/dialogika01-260x130.jpg 260w, https:\/\/www.karnion.si\/wp-content\/uploads\/2017\/03\/dialogika01-50x25.jpg 50w, https:\/\/www.karnion.si\/wp-content\/uploads\/2017\/03\/dialogika01-150x75.jpg 150w\" sizes=\"auto, (max-width: 800px) 100vw, 800px\" \/><br \/>\n<hr class=\"no_line\" style=\"margin: 0 auto 20px;\"\/>\n<\/p>\n<h2>OBLICI I METODE RADA<\/h2>\n<p>Trening se temelji na iskustvenom u\u010denju. Odvija se u obliku radionica kao grupni rad kroz vje\u017ebe, rje\u0161avanje problema, studije slu\u010dajeva, igre uloga, nastupa, isl.<\/p>\n<p>Metode rada koje koriste stru\u010dnjaci za osobni rast su prvenstveno metode razgovora i rada s video gradivom. Manjim dijelom je prisutna i osnovna metoda, metoda tuma\u010denja. Takav na\u010din treninga studentima Dialogike omogu\u0107uje da sa svakom novom temom dobiju uvid u stanje u svojoj tvrtki ili bilo kojoj drugoj skupini te tra\u017ee rje\u0161enja problema s kojima se suo\u010davaju.<\/p>\n<p><strong>Metodolo\u0161ki prikaz treninga dialogike za zaklju\u010dene skupine v isti organizaciji (32-ur):<\/strong><\/p>\n<ol>\n<li>Pred treningom se trener &#8211; vodja delavnice sre\u010da z vsakim udele\u017eencem delavnice, da ga osebno spozna, oceni njegovo osebnostno inteligenco in njegove osebnostne zna\u010dilnosti. V razgovoru ugotovita udele\u017een\u010deve \u017eelje, cilje in pri\u010dakovanja glede na specifi\u010den polo\u017eaj udele\u017eenca v njegovem delovnem timu.<br \/>\nPrimer: polo\u017eaj, cilji, frustracije finan\u010dnega direktorja so druga\u010dni kot pri komercialnem direktorju.<\/li>\n<li>Na samem treningu (delavnici) se udele\u017eenca ves \u010das spremlja, vodi, motivira glede na njegovo enkratno osebnost, specifi\u010den polo\u017eaj, ki ga ima v skupini (finan\u010dni direktor je voden druga\u010de kot glavni direktor ali komercialni direktor).<\/li>\n<li>Za vsakega udele\u017eenca se individualno pripravijo primeri vodenja, ki jih trenira glede na svoje neposredno podrejene sodelavce.<br \/>\nPrimer: finan\u010dni direktor vodi vodjo oddelka saldakontov in trenira kako njegovo neu\u010dinkovito vedenje spremeni s pravilnim vodenjem v u\u010dinkovito delo. Komercialni direktor pa trenira, kako vodi svoje podrejene sodelavce, ki so druga\u010dni kot pri njegovem kolegu finan\u010dnem direktorju.<\/li>\n<li>Za vsakega udele\u017eenca trener individualno pripravi povratno informacijo, glede na njegove specifi\u010dne probleme in njegov prenos teorije v prakso.<\/li>\n<li>Med treningom se izdela sociogram za vsakega udele\u017eenca individualno (njegovo mesto v skupini, kako ga do\u017eivljajo njegovi sokolegi v timu).<\/li>\n<li>Prosti koncu programa se za vsakega udele\u017eenca izdela individualna ocena na osnovi individualnega preizkusa znanja. Vsak udele\u017eenec dobi tudi individualno povratno informacijo, kako naj prena\u0161a teorijo v svojo vsakodnevno prakso.<\/li>\n<\/ol>\n<p><strong>Oblici rada:<\/strong><\/p>\n<ul>\n<li>studije slu\u010dajeva<\/li>\n<li>rad u paru ili grupi<\/li>\n<li>rad s upitnicima<\/li>\n<li>samostalni rad<\/li>\n<\/ul>\n<p><strong>Ciljevi radionice:<\/strong><\/p>\n<ul>\n<li>prepoznavanje individualnih potencijala sudionika<\/li>\n<li>poticanje kreativnosti i inovativnosti sudionika<\/li>\n<li>smanjenje stresa kroz suo\u010davanje s promjenama<\/li>\n<li>pobolj\u0161anje me\u0111usobnih odnosa<\/li>\n<li>pove\u0107anje sposobnosti razumijevanja, motiviranja i vo\u0111enja<\/li>\n<\/ul>\n<p><img loading=\"lazy\" decoding=\"async\" class=\"aligncenter wp-image-657 size-full\" src=\"https:\/\/www.karnion.si\/wp-content\/uploads\/2017\/03\/dialogika02.jpg\" alt=\"Radionice\" width=\"800\" height=\"400\" srcset=\"https:\/\/www.karnion.si\/wp-content\/uploads\/2017\/03\/dialogika02.jpg 800w, https:\/\/www.karnion.si\/wp-content\/uploads\/2017\/03\/dialogika02-300x150.jpg 300w, https:\/\/www.karnion.si\/wp-content\/uploads\/2017\/03\/dialogika02-768x384.jpg 768w, https:\/\/www.karnion.si\/wp-content\/uploads\/2017\/03\/dialogika02-260x130.jpg 260w, https:\/\/www.karnion.si\/wp-content\/uploads\/2017\/03\/dialogika02-50x25.jpg 50w, https:\/\/www.karnion.si\/wp-content\/uploads\/2017\/03\/dialogika02-150x75.jpg 150w\" sizes=\"auto, (max-width: 800px) 100vw, 800px\" \/><hr class=\"no_line\" style=\"margin: 0 auto 20px;\"\/>\n<\/p>\n<h2>\u0160TO DOBIVATE TRENINGOM JEZIKA ODGOVORNOSTI?<\/h2>\n<p><strong>U zatvorenoj skupini unutar jedne organizacije:<\/strong><\/p>\n<ul>\n<li>va\u0161i kolegijski sastanci su kra\u0107i,<\/li>\n<li>me\u0111usobni odnosi su ugodniji,<\/li>\n<li>pravila sporazumijevanja u skupini su jasna,<\/li>\n<li>atmosfera u timu je kreativna i inovativna,<\/li>\n<li>tra\u017ee se rje\u0161enja problema, a ne pogre\u0161ke i krivci,<\/li>\n<li>imate izgra\u0111en u\u010dinkovit poslovni stav prema najzahtjevnijim inozemnim partnerima,<\/li>\n<li>znate sklapati kompromise, tra\u017eiti skupna rje\u0161enja te pregovarati,<\/li>\n<li>znate oblikovati zdravu odgovornost na poslu i u \u017eivotu<\/li>\n<li>znate primijeniti pragmati\u010dna znanja iz psihologije u praksi<\/li>\n<\/ul>\n<p><strong>U studijskoj kupini:<\/strong><\/p>\n<ul>\n<li>primjenjujete vje\u0161tine vo\u0111enja i samovo\u0111enja<\/li>\n<li>provodite samorealizaciju \u2013 radite ono \u0161to vas veseli te time razvijate cjelovitu osobnu uspje\u0161nost<\/li>\n<li>znate motivirati sebe i druge za u\u010dinkovito postizanje ciljeva<\/li>\n<li>znate oblikovati zdravu odgovornost na poslu i u \u017eivotu<\/li>\n<li>znate primijeniti pragmati\u010dna znanja iz psihologije u praksi<\/li>\n<\/ul>\n<hr class=\"no_line\" style=\"margin: 0 auto 50px;\"\/>\n\n","protected":false},"excerpt":{"rendered":"<p>DIALOGIKA \u2013 JEZIK ODGOVORNOSTI I POSLOVNE KULTURE \u00bb Karnionovi programi me u potpunosti zadovoljavaju, to je kvaliteta koja daje konkretne radne rezultate. Da sam Dijalogiku upoznao<span class=\"excerpt-hellip\"> [\u2026]<\/span><\/p>\n","protected":false},"author":1,"featured_media":54536,"parent":0,"menu_order":0,"comment_status":"closed","ping_status":"closed","template":"","meta":{"footnotes":""},"class_list":["post-1038","page","type-page","status-publish","has-post-thumbnail","hentry"],"yoast_head":"<!-- This site is optimized with the Yoast SEO plugin v26.6 - https:\/\/yoast.com\/wordpress\/plugins\/seo\/ -->\n<title>Dialogika - Karnion<\/title>\n<meta name=\"robots\" content=\"index, follow, max-snippet:-1, max-image-preview:large, max-video-preview:-1\" \/>\n<link rel=\"canonical\" href=\"https:\/\/www.karnion.si\/hr\/dialogika\/\" \/>\n<meta property=\"og:locale\" content=\"hr_HR\" \/>\n<meta property=\"og:type\" content=\"article\" \/>\n<meta property=\"og:title\" content=\"Dialogika - Karnion\" \/>\n<meta property=\"og:description\" content=\"DIALOGIKA \u2013 JEZIK ODGOVORNOSTI I POSLOVNE KULTURE \u00bb Karnionovi programi me u potpunosti zadovoljavaju, to je kvaliteta koja daje konkretne radne rezultate. Da sam Dijalogiku upoznao [\u2026]\" \/>\n<meta property=\"og:url\" content=\"https:\/\/www.karnion.si\/hr\/dialogika\/\" \/>\n<meta property=\"og:site_name\" content=\"Karnion\" \/>\n<meta property=\"article:publisher\" content=\"https:\/\/www.facebook.com\/Karnion-105369326222192\/\" \/>\n<meta property=\"article:modified_time\" content=\"2017-09-04T12:31:16+00:00\" \/>\n<meta property=\"og:image\" content=\"https:\/\/www.karnion.si\/wp-content\/uploads\/2017\/03\/dialogika_banner_05.jpg\" \/>\n\t<meta property=\"og:image:width\" content=\"1920\" \/>\n\t<meta property=\"og:image:height\" content=\"941\" \/>\n\t<meta property=\"og:image:type\" content=\"image\/jpeg\" \/>\n<meta name=\"twitter:card\" content=\"summary_large_image\" \/>\n<meta name=\"twitter:site\" content=\"@KarnionDoo\" \/>\n<meta name=\"twitter:label1\" content=\"Est. reading time\" \/>\n\t<meta name=\"twitter:data1\" content=\"4 minutes\" \/>\n<script type=\"application\/ld+json\" class=\"yoast-schema-graph\">{\"@context\":\"https:\/\/schema.org\",\"@graph\":[{\"@type\":\"WebPage\",\"@id\":\"https:\/\/www.karnion.si\/hr\/dialogika\/\",\"url\":\"https:\/\/www.karnion.si\/hr\/dialogika\/\",\"name\":\"Dialogika - Karnion\",\"isPartOf\":{\"@id\":\"https:\/\/www.karnion.si\/hr\/#website\"},\"primaryImageOfPage\":{\"@id\":\"https:\/\/www.karnion.si\/hr\/dialogika\/#primaryimage\"},\"image\":{\"@id\":\"https:\/\/www.karnion.si\/hr\/dialogika\/#primaryimage\"},\"thumbnailUrl\":\"https:\/\/www.karnion.si\/wp-content\/uploads\/2017\/03\/dialogika_banner_05.jpg\",\"datePublished\":\"2017-07-10T12:04:36+00:00\",\"dateModified\":\"2017-09-04T12:31:16+00:00\",\"breadcrumb\":{\"@id\":\"https:\/\/www.karnion.si\/hr\/dialogika\/#breadcrumb\"},\"inLanguage\":\"hr-HR\",\"potentialAction\":[{\"@type\":\"ReadAction\",\"target\":[\"https:\/\/www.karnion.si\/hr\/dialogika\/\"]}]},{\"@type\":\"ImageObject\",\"inLanguage\":\"hr-HR\",\"@id\":\"https:\/\/www.karnion.si\/hr\/dialogika\/#primaryimage\",\"url\":\"https:\/\/www.karnion.si\/wp-content\/uploads\/2017\/03\/dialogika_banner_05.jpg\",\"contentUrl\":\"https:\/\/www.karnion.si\/wp-content\/uploads\/2017\/03\/dialogika_banner_05.jpg\",\"width\":1920,\"height\":941,\"caption\":\"Naslovna slika\"},{\"@type\":\"BreadcrumbList\",\"@id\":\"https:\/\/www.karnion.si\/hr\/dialogika\/#breadcrumb\",\"itemListElement\":[{\"@type\":\"ListItem\",\"position\":1,\"name\":\"Domov\",\"item\":\"https:\/\/www.karnion.si\/hr\/\"},{\"@type\":\"ListItem\",\"position\":2,\"name\":\"Dialogika\"}]},{\"@type\":\"WebSite\",\"@id\":\"https:\/\/www.karnion.si\/hr\/#website\",\"url\":\"https:\/\/www.karnion.si\/hr\/\",\"name\":\"Karnion\",\"description\":\"Pravo znanje za odli\u010dnost v tretjem tiso\u010dletju\",\"potentialAction\":[{\"@type\":\"SearchAction\",\"target\":{\"@type\":\"EntryPoint\",\"urlTemplate\":\"https:\/\/www.karnion.si\/hr\/?s={search_term_string}\"},\"query-input\":{\"@type\":\"PropertyValueSpecification\",\"valueRequired\":true,\"valueName\":\"search_term_string\"}}],\"inLanguage\":\"hr-HR\"}]}<\/script>\n<!-- \/ Yoast SEO plugin. -->","yoast_head_json":{"title":"Dialogika - Karnion","robots":{"index":"index","follow":"follow","max-snippet":"max-snippet:-1","max-image-preview":"max-image-preview:large","max-video-preview":"max-video-preview:-1"},"canonical":"https:\/\/www.karnion.si\/hr\/dialogika\/","og_locale":"hr_HR","og_type":"article","og_title":"Dialogika - Karnion","og_description":"DIALOGIKA \u2013 JEZIK ODGOVORNOSTI I POSLOVNE KULTURE \u00bb Karnionovi programi me u potpunosti zadovoljavaju, to je kvaliteta koja daje konkretne radne rezultate. Da sam Dijalogiku upoznao [\u2026]","og_url":"https:\/\/www.karnion.si\/hr\/dialogika\/","og_site_name":"Karnion","article_publisher":"https:\/\/www.facebook.com\/Karnion-105369326222192\/","article_modified_time":"2017-09-04T12:31:16+00:00","og_image":[{"width":1920,"height":941,"url":"https:\/\/www.karnion.si\/wp-content\/uploads\/2017\/03\/dialogika_banner_05.jpg","type":"image\/jpeg"}],"twitter_card":"summary_large_image","twitter_site":"@KarnionDoo","twitter_misc":{"Est. reading time":"4 minutes"},"schema":{"@context":"https:\/\/schema.org","@graph":[{"@type":"WebPage","@id":"https:\/\/www.karnion.si\/hr\/dialogika\/","url":"https:\/\/www.karnion.si\/hr\/dialogika\/","name":"Dialogika - Karnion","isPartOf":{"@id":"https:\/\/www.karnion.si\/hr\/#website"},"primaryImageOfPage":{"@id":"https:\/\/www.karnion.si\/hr\/dialogika\/#primaryimage"},"image":{"@id":"https:\/\/www.karnion.si\/hr\/dialogika\/#primaryimage"},"thumbnailUrl":"https:\/\/www.karnion.si\/wp-content\/uploads\/2017\/03\/dialogika_banner_05.jpg","datePublished":"2017-07-10T12:04:36+00:00","dateModified":"2017-09-04T12:31:16+00:00","breadcrumb":{"@id":"https:\/\/www.karnion.si\/hr\/dialogika\/#breadcrumb"},"inLanguage":"hr-HR","potentialAction":[{"@type":"ReadAction","target":["https:\/\/www.karnion.si\/hr\/dialogika\/"]}]},{"@type":"ImageObject","inLanguage":"hr-HR","@id":"https:\/\/www.karnion.si\/hr\/dialogika\/#primaryimage","url":"https:\/\/www.karnion.si\/wp-content\/uploads\/2017\/03\/dialogika_banner_05.jpg","contentUrl":"https:\/\/www.karnion.si\/wp-content\/uploads\/2017\/03\/dialogika_banner_05.jpg","width":1920,"height":941,"caption":"Naslovna slika"},{"@type":"BreadcrumbList","@id":"https:\/\/www.karnion.si\/hr\/dialogika\/#breadcrumb","itemListElement":[{"@type":"ListItem","position":1,"name":"Domov","item":"https:\/\/www.karnion.si\/hr\/"},{"@type":"ListItem","position":2,"name":"Dialogika"}]},{"@type":"WebSite","@id":"https:\/\/www.karnion.si\/hr\/#website","url":"https:\/\/www.karnion.si\/hr\/","name":"Karnion","description":"Pravo znanje za odli\u010dnost v tretjem tiso\u010dletju","potentialAction":[{"@type":"SearchAction","target":{"@type":"EntryPoint","urlTemplate":"https:\/\/www.karnion.si\/hr\/?s={search_term_string}"},"query-input":{"@type":"PropertyValueSpecification","valueRequired":true,"valueName":"search_term_string"}}],"inLanguage":"hr-HR"}]}},"_links":{"self":[{"href":"https:\/\/www.karnion.si\/hr\/wp-json\/wp\/v2\/pages\/1038","targetHints":{"allow":["GET"]}}],"collection":[{"href":"https:\/\/www.karnion.si\/hr\/wp-json\/wp\/v2\/pages"}],"about":[{"href":"https:\/\/www.karnion.si\/hr\/wp-json\/wp\/v2\/types\/page"}],"author":[{"embeddable":true,"href":"https:\/\/www.karnion.si\/hr\/wp-json\/wp\/v2\/users\/1"}],"replies":[{"embeddable":true,"href":"https:\/\/www.karnion.si\/hr\/wp-json\/wp\/v2\/comments?post=1038"}],"version-history":[{"count":0,"href":"https:\/\/www.karnion.si\/hr\/wp-json\/wp\/v2\/pages\/1038\/revisions"}],"wp:featuredmedia":[{"embeddable":true,"href":"https:\/\/www.karnion.si\/hr\/wp-json\/wp\/v2\/media\/54536"}],"wp:attachment":[{"href":"https:\/\/www.karnion.si\/hr\/wp-json\/wp\/v2\/media?parent=1038"}],"curies":[{"name":"wp","href":"https:\/\/api.w.org\/{rel}","templated":true}]}}