{"id":1045,"date":"2017-07-10T14:15:43","date_gmt":"2017-07-10T12:15:43","guid":{"rendered":"http:\/\/www.karnion.si\/prezantacija-centra\/"},"modified":"2017-09-05T07:33:18","modified_gmt":"2017-09-05T05:33:18","slug":"prezantacija-centra","status":"publish","type":"page","link":"https:\/\/www.karnion.si\/hr\/o-nama\/prezantacija-centra\/","title":{"rendered":"Prezantacija centra"},"content":{"rendered":"<p><strong>Vjerojatno ste se dosad ve\u0107 upitali kako bi maksimalizirali sve svoje potencijale, podigli razinu svijesti i zaista napravili ne\u0161to za sebe.<\/strong><\/p>\n<p>A imate tako malo vremena.<\/p>\n<p>Pozivamo vas u jedini slovenski holisti\u010dki centar Karnion gdje ve\u0107 od 1991 godine oblikujemo programe koji razvijaju cjelovitost. \u0160to je to cjelovitost? To je razvoj socijalne, emocionalne, osobne i duhovne inteligencije. Za svakog \u010dovjeka to je izvanredna prilika da se na putu samorealizacije oplemeni i razvije sve svoje potencijale.<\/p>\n<p>Svoju cjelovitost mo\u017eete u centru Karnion posti\u0107i na tri na\u010dina, putem tri razli\u010dita programa, ovisno o va\u0161em stajali\u0161tu: brzo u\u010denje stranih jezika po sustavu superlearning &#8211; super u\u010denja, dialogika \u2013 jezik odgovornosti i \u010detverogodi\u0161nji specijalisti\u010dki studij psiho-dinamike.<br \/>\n<hr class=\"no_line\" style=\"margin: 0 auto 15px;\"\/>\n<\/p>\n<h2>Jedini holisti\u010dki centar razvoja osobne uspje\u0161nosti u Sloveniji.<\/h2>\n<p>U Sloveniji poslujemo ve\u0107 od 1991, imamo bogata iskustva i referencije.<\/p>\n<p>Sudionike motiviramo ka samorealizaciji i cjelovitoj osobnoj uspje\u0161nosti. Doma\u0107e i strane vode\u0107e djelatnike osposobljavamo u uspje\u0161ne voditelje koji se u\u010dinkovito znaju nositi sa svojim \u017eivotom i poslom.<\/p>\n<p><img loading=\"lazy\" decoding=\"async\" class=\"aligncenter wp-image-650 size-full\" src=\"https:\/\/www.karnion.si\/wp-content\/uploads\/2017\/02\/o_nas_01.jpg\" alt=\"Holisti\u010dki centar Karnion\" width=\"800\" height=\"400\" srcset=\"https:\/\/www.karnion.si\/wp-content\/uploads\/2017\/02\/o_nas_01.jpg 800w, https:\/\/www.karnion.si\/wp-content\/uploads\/2017\/02\/o_nas_01-300x150.jpg 300w, https:\/\/www.karnion.si\/wp-content\/uploads\/2017\/02\/o_nas_01-768x384.jpg 768w, https:\/\/www.karnion.si\/wp-content\/uploads\/2017\/02\/o_nas_01-260x130.jpg 260w, https:\/\/www.karnion.si\/wp-content\/uploads\/2017\/02\/o_nas_01-50x25.jpg 50w, https:\/\/www.karnion.si\/wp-content\/uploads\/2017\/02\/o_nas_01-150x75.jpg 150w\" sizes=\"auto, (max-width: 800px) 100vw, 800px\" \/><br \/>\n<hr class=\"no_line\" style=\"margin: 0 auto 15px;\"\/>\n<\/p>\n<h3>Na\u0161e karakteristike<\/h3>\n<p>Po\u0161tujemo va\u0161e vrijeme i va\u0161 novac \u2013 znamo da danas vrijeme vrijedi vi\u0161e od novca, stoga \u0107e vam na\u0161i programi u najkra\u0107em mogu\u0107em vremenu dati odgovaraju\u0107a znanja.<\/p>\n<p>Po\u0161tujemo va\u0161u kreativnost i inovativnost \u2013 \u017eelimo da utje\u010dete na sadr\u017eaje na\u0161ih programa i pomognete u njihovom stvaranju.<\/p>\n<p>Po\u0161tujemo va\u0161u osobnost \u2013 u\u010denje se izvodi po najsuvremenijim metodama s najboljim stru\u010dnjacima.<\/p>\n<p>Po\u0161tujemo va\u0161e potrebe po intimnosti \u2013 mogu\u0107nost individualnog u\u010denja.<\/p>\n<p>Poticanje va\u0161eg osobnog rasta veliki je cilj na\u0161ih programa, a ne samo pridobivanje novih znanja i vje\u0161tina.<\/p>\n<p>Ja\u010damo va\u0161u samouvjerenost i te\u017eimo postizanju va\u0161e samospoznaje.<\/p>\n<p>Znamo udru\u017eiti ugodno s korisnim \u2013 u\u010denje s opu\u0161tanjem u udobnoj okolini.<br \/>\n<hr class=\"no_line\" style=\"margin: 0 auto 15px;\"\/>\n<\/p>\n<h3>Ciljevi i izvori<\/h3>\n<p>Razvijati sudionike u cjelovite uspje\u0161ne osobnosti koje se u\u010dinkovito znaju nositi sa svojim \u017eivotom i poslom.<\/p>\n<p>Dizati osobnu, emocionalnu i duhovnu inteligenciju te time osobnu i profesionalnu uspje\u0161nost te razinu svijesti.<\/p>\n<p>\u0160iriti kulturu pravog sporazumijevanja i civiliziranog dijaloga.<br \/>\n<hr class=\"no_line\" style=\"margin: 0 auto 15px;\"\/>\n<\/p>\n<h3>Strategija<\/h3>\n<p>Vode\u0107im i budu\u0107im vode\u0107im djelatnicima nudimo osobnu podr\u0161ku i individualno savjetovanje u vo\u0111enju.<\/p>\n<p>Promptno otkrivano potrebe, zahtjeve i motive na\u0161e ciljne skupine \u0161to se vidi iz fleksibilnih rje\u0161enja u kratkom vremenu.<\/p>\n<p><img loading=\"lazy\" decoding=\"async\" class=\"aligncenter size-full wp-image-652\" src=\"https:\/\/www.karnion.si\/wp-content\/uploads\/2017\/02\/o_nas_02.jpg\" alt=\"Strategija\" width=\"800\" height=\"400\" srcset=\"https:\/\/www.karnion.si\/wp-content\/uploads\/2017\/02\/o_nas_02.jpg 800w, https:\/\/www.karnion.si\/wp-content\/uploads\/2017\/02\/o_nas_02-300x150.jpg 300w, https:\/\/www.karnion.si\/wp-content\/uploads\/2017\/02\/o_nas_02-768x384.jpg 768w, https:\/\/www.karnion.si\/wp-content\/uploads\/2017\/02\/o_nas_02-260x130.jpg 260w, https:\/\/www.karnion.si\/wp-content\/uploads\/2017\/02\/o_nas_02-50x25.jpg 50w, https:\/\/www.karnion.si\/wp-content\/uploads\/2017\/02\/o_nas_02-150x75.jpg 150w\" sizes=\"auto, (max-width: 800px) 100vw, 800px\" \/><hr class=\"no_line\" style=\"margin: 0 auto 15px;\"\/>\n<\/p>\n<h3>Vrijednosti<\/h3>\n<p>Izvrsnost rada.<\/p>\n<p>Neprestani osobni rast i stru\u010dni razvoj.<\/p>\n<p>Pionirstvo i inovatorstvo \u2013 u Sloveniji smo jedini.<\/p>\n<hr class=\"no_line\" style=\"margin: 0 auto 15px;\"\/>\n\n<h3>Misija<\/h3>\n<p>\u0160irimo kulturu pona\u0161anja u slovenskom i inozemnom poslovnom prostoru, prosvjetljujemo i motiviramo vode\u0107e radnike u duhu osobnog rasta i boljih me\u0111usobnih odnosa.<\/p>\n<p>Treniramo vrhunske vode\u0107e skupine kako bi s vje\u0161tinama u\u010dinkovitog vo\u0111enja bile jo\u0161 uspje\u0161nije.<\/p>\n<p>Spajamo ugodno s korisnim, znanje i brigu za zdravlje (aktivan dopust, jezi\u010dne toplice).<\/p>\n<p>Poma\u017eemo pobijediti blokade u sporazumijevanju, odlu\u010divanju i kreativnom tra\u017eenju rje\u0161enja.<\/p>\n<div id=\"attachment_763\" style=\"width: 810px\" class=\"wp-caption aligncenter\"><img loading=\"lazy\" decoding=\"async\" aria-describedby=\"caption-attachment-763\" class=\"wp-image-763 size-full\" src=\"https:\/\/www.karnion.si\/wp-content\/uploads\/2017\/02\/6536.jpg\" alt=\"Bojana Fende Habula\" width=\"800\" height=\"379\" srcset=\"https:\/\/www.karnion.si\/wp-content\/uploads\/2017\/02\/6536.jpg 800w, https:\/\/www.karnion.si\/wp-content\/uploads\/2017\/02\/6536-300x142.jpg 300w, https:\/\/www.karnion.si\/wp-content\/uploads\/2017\/02\/6536-768x364.jpg 768w, https:\/\/www.karnion.si\/wp-content\/uploads\/2017\/02\/6536-260x123.jpg 260w, https:\/\/www.karnion.si\/wp-content\/uploads\/2017\/02\/6536-50x24.jpg 50w, https:\/\/www.karnion.si\/wp-content\/uploads\/2017\/02\/6536-150x71.jpg 150w\" sizes=\"auto, (max-width: 800px) 100vw, 800px\" \/><p id=\"caption-attachment-763\" class=\"wp-caption-text\">Osniva\u010dica i direktorica Karniona \u2013 g\u0111a. Bojana Fende Habula<\/p><\/div>\n<hr class=\"no_line\" style=\"margin: 0 auto 15px;\"\/>\n\n<h3>Da li ste znali<\/h3>\n<p>Superu\u010denje je u 60-im godinama pro\u0161log stolje\u0107a razvio bugarski lije\u010dnik, psihijatar i istra\u017eiva\u010d na podru\u010dju odgoja i obrazovanja Georgi Lozanov. Sudionici u njegovim pokusima su nau\u010dili na dan \u010dak 1500 novih rije\u010di.<\/p>\n<p>Dialogiku ili jezik odgovornosti su umjesto retorike ve\u0107 u 19. stolje\u0107u uveli na sve bolje strane fakultete i srednje \u0161kole. Jednosmjernu komunikaciju je zamijenio jezik u\u010dinkovitog sporazumijevanja i vo\u0111enja. Stoga su strani menad\u017eeri, kad stupe na mjesto vode\u0107eg radnika, ve\u0107 opremljeni svim vje\u0161tinama i znanjima koji im trebaju u vo\u0111enju.<\/p>\n<p><strong>Prvi pokazatelji razine \u010dovjekove kulture pona\u0161anja su:<\/strong><\/p>\n<ul>\n<li>koliko i kako je sposoban aktivno slu\u0161ati,<\/li>\n<li>kako je uskla\u0111en s onim \u0161to misli, govori i radi.<\/li>\n<\/ul>\n","protected":false},"excerpt":{"rendered":"<p>Vjerojatno ste se dosad ve\u0107 upitali kako bi maksimalizirali sve svoje potencijale, podigli razinu svijesti i zaista napravili ne\u0161to za sebe. A imate tako malo vremena.<span class=\"excerpt-hellip\"> [\u2026]<\/span><\/p>\n","protected":false},"author":1,"featured_media":655,"parent":1535,"menu_order":0,"comment_status":"closed","ping_status":"closed","template":"","meta":{"footnotes":""},"class_list":["post-1045","page","type-page","status-publish","has-post-thumbnail","hentry"],"yoast_head":"<!-- This site is optimized with the Yoast SEO plugin v26.6 - https:\/\/yoast.com\/wordpress\/plugins\/seo\/ -->\n<title>Prezantacija centra - Karnion<\/title>\n<meta name=\"robots\" content=\"index, follow, max-snippet:-1, max-image-preview:large, max-video-preview:-1\" \/>\n<link rel=\"canonical\" href=\"https:\/\/www.karnion.si\/hr\/o-nama\/prezantacija-centra\/\" \/>\n<meta property=\"og:locale\" content=\"hr_HR\" \/>\n<meta property=\"og:type\" content=\"article\" \/>\n<meta property=\"og:title\" content=\"Prezantacija centra - Karnion\" \/>\n<meta property=\"og:description\" content=\"Vjerojatno ste se dosad ve\u0107 upitali kako bi maksimalizirali sve svoje potencijale, podigli razinu svijesti i zaista napravili ne\u0161to za sebe. A imate tako malo vremena. [\u2026]\" \/>\n<meta property=\"og:url\" content=\"https:\/\/www.karnion.si\/hr\/o-nama\/prezantacija-centra\/\" \/>\n<meta property=\"og:site_name\" content=\"Karnion\" \/>\n<meta property=\"article:publisher\" content=\"https:\/\/www.facebook.com\/Karnion-105369326222192\/\" \/>\n<meta property=\"article:modified_time\" content=\"2017-09-05T05:33:18+00:00\" \/>\n<meta property=\"og:image\" content=\"https:\/\/www.karnion.si\/wp-content\/uploads\/2017\/02\/o-nas-predstavitev-karnion.jpg\" \/>\n\t<meta property=\"og:image:width\" content=\"1920\" \/>\n\t<meta property=\"og:image:height\" content=\"941\" \/>\n\t<meta property=\"og:image:type\" content=\"image\/jpeg\" \/>\n<meta name=\"twitter:card\" content=\"summary_large_image\" \/>\n<meta name=\"twitter:site\" content=\"@KarnionDoo\" \/>\n<meta name=\"twitter:label1\" content=\"Est. reading time\" \/>\n\t<meta name=\"twitter:data1\" content=\"3 minutes\" \/>\n<script type=\"application\/ld+json\" class=\"yoast-schema-graph\">{\"@context\":\"https:\/\/schema.org\",\"@graph\":[{\"@type\":\"WebPage\",\"@id\":\"https:\/\/www.karnion.si\/hr\/o-nama\/prezantacija-centra\/\",\"url\":\"https:\/\/www.karnion.si\/hr\/o-nama\/prezantacija-centra\/\",\"name\":\"Prezantacija centra - Karnion\",\"isPartOf\":{\"@id\":\"https:\/\/www.karnion.si\/hr\/#website\"},\"primaryImageOfPage\":{\"@id\":\"https:\/\/www.karnion.si\/hr\/o-nama\/prezantacija-centra\/#primaryimage\"},\"image\":{\"@id\":\"https:\/\/www.karnion.si\/hr\/o-nama\/prezantacija-centra\/#primaryimage\"},\"thumbnailUrl\":\"https:\/\/www.karnion.si\/wp-content\/uploads\/2017\/02\/o-nas-predstavitev-karnion.jpg\",\"datePublished\":\"2017-07-10T12:15:43+00:00\",\"dateModified\":\"2017-09-05T05:33:18+00:00\",\"breadcrumb\":{\"@id\":\"https:\/\/www.karnion.si\/hr\/o-nama\/prezantacija-centra\/#breadcrumb\"},\"inLanguage\":\"hr-HR\",\"potentialAction\":[{\"@type\":\"ReadAction\",\"target\":[\"https:\/\/www.karnion.si\/hr\/o-nama\/prezantacija-centra\/\"]}]},{\"@type\":\"ImageObject\",\"inLanguage\":\"hr-HR\",\"@id\":\"https:\/\/www.karnion.si\/hr\/o-nama\/prezantacija-centra\/#primaryimage\",\"url\":\"https:\/\/www.karnion.si\/wp-content\/uploads\/2017\/02\/o-nas-predstavitev-karnion.jpg\",\"contentUrl\":\"https:\/\/www.karnion.si\/wp-content\/uploads\/2017\/02\/o-nas-predstavitev-karnion.jpg\",\"width\":1920,\"height\":941,\"caption\":\"Predstavitev centra Karnion Banner\"},{\"@type\":\"BreadcrumbList\",\"@id\":\"https:\/\/www.karnion.si\/hr\/o-nama\/prezantacija-centra\/#breadcrumb\",\"itemListElement\":[{\"@type\":\"ListItem\",\"position\":1,\"name\":\"Domov\",\"item\":\"https:\/\/www.karnion.si\/hr\/\"},{\"@type\":\"ListItem\",\"position\":2,\"name\":\"O nama\",\"item\":\"https:\/\/www.karnion.si\/hr\/o-nas\/\"},{\"@type\":\"ListItem\",\"position\":3,\"name\":\"Prezantacija centra\"}]},{\"@type\":\"WebSite\",\"@id\":\"https:\/\/www.karnion.si\/hr\/#website\",\"url\":\"https:\/\/www.karnion.si\/hr\/\",\"name\":\"Karnion\",\"description\":\"Pravo znanje za odli\u010dnost v tretjem tiso\u010dletju\",\"potentialAction\":[{\"@type\":\"SearchAction\",\"target\":{\"@type\":\"EntryPoint\",\"urlTemplate\":\"https:\/\/www.karnion.si\/hr\/?s={search_term_string}\"},\"query-input\":{\"@type\":\"PropertyValueSpecification\",\"valueRequired\":true,\"valueName\":\"search_term_string\"}}],\"inLanguage\":\"hr-HR\"}]}<\/script>\n<!-- \/ Yoast SEO plugin. -->","yoast_head_json":{"title":"Prezantacija centra - Karnion","robots":{"index":"index","follow":"follow","max-snippet":"max-snippet:-1","max-image-preview":"max-image-preview:large","max-video-preview":"max-video-preview:-1"},"canonical":"https:\/\/www.karnion.si\/hr\/o-nama\/prezantacija-centra\/","og_locale":"hr_HR","og_type":"article","og_title":"Prezantacija centra - Karnion","og_description":"Vjerojatno ste se dosad ve\u0107 upitali kako bi maksimalizirali sve svoje potencijale, podigli razinu svijesti i zaista napravili ne\u0161to za sebe. A imate tako malo vremena. [\u2026]","og_url":"https:\/\/www.karnion.si\/hr\/o-nama\/prezantacija-centra\/","og_site_name":"Karnion","article_publisher":"https:\/\/www.facebook.com\/Karnion-105369326222192\/","article_modified_time":"2017-09-05T05:33:18+00:00","og_image":[{"width":1920,"height":941,"url":"https:\/\/www.karnion.si\/wp-content\/uploads\/2017\/02\/o-nas-predstavitev-karnion.jpg","type":"image\/jpeg"}],"twitter_card":"summary_large_image","twitter_site":"@KarnionDoo","twitter_misc":{"Est. reading time":"3 minutes"},"schema":{"@context":"https:\/\/schema.org","@graph":[{"@type":"WebPage","@id":"https:\/\/www.karnion.si\/hr\/o-nama\/prezantacija-centra\/","url":"https:\/\/www.karnion.si\/hr\/o-nama\/prezantacija-centra\/","name":"Prezantacija centra - Karnion","isPartOf":{"@id":"https:\/\/www.karnion.si\/hr\/#website"},"primaryImageOfPage":{"@id":"https:\/\/www.karnion.si\/hr\/o-nama\/prezantacija-centra\/#primaryimage"},"image":{"@id":"https:\/\/www.karnion.si\/hr\/o-nama\/prezantacija-centra\/#primaryimage"},"thumbnailUrl":"https:\/\/www.karnion.si\/wp-content\/uploads\/2017\/02\/o-nas-predstavitev-karnion.jpg","datePublished":"2017-07-10T12:15:43+00:00","dateModified":"2017-09-05T05:33:18+00:00","breadcrumb":{"@id":"https:\/\/www.karnion.si\/hr\/o-nama\/prezantacija-centra\/#breadcrumb"},"inLanguage":"hr-HR","potentialAction":[{"@type":"ReadAction","target":["https:\/\/www.karnion.si\/hr\/o-nama\/prezantacija-centra\/"]}]},{"@type":"ImageObject","inLanguage":"hr-HR","@id":"https:\/\/www.karnion.si\/hr\/o-nama\/prezantacija-centra\/#primaryimage","url":"https:\/\/www.karnion.si\/wp-content\/uploads\/2017\/02\/o-nas-predstavitev-karnion.jpg","contentUrl":"https:\/\/www.karnion.si\/wp-content\/uploads\/2017\/02\/o-nas-predstavitev-karnion.jpg","width":1920,"height":941,"caption":"Predstavitev centra Karnion Banner"},{"@type":"BreadcrumbList","@id":"https:\/\/www.karnion.si\/hr\/o-nama\/prezantacija-centra\/#breadcrumb","itemListElement":[{"@type":"ListItem","position":1,"name":"Domov","item":"https:\/\/www.karnion.si\/hr\/"},{"@type":"ListItem","position":2,"name":"O nama","item":"https:\/\/www.karnion.si\/hr\/o-nas\/"},{"@type":"ListItem","position":3,"name":"Prezantacija centra"}]},{"@type":"WebSite","@id":"https:\/\/www.karnion.si\/hr\/#website","url":"https:\/\/www.karnion.si\/hr\/","name":"Karnion","description":"Pravo znanje za odli\u010dnost v tretjem tiso\u010dletju","potentialAction":[{"@type":"SearchAction","target":{"@type":"EntryPoint","urlTemplate":"https:\/\/www.karnion.si\/hr\/?s={search_term_string}"},"query-input":{"@type":"PropertyValueSpecification","valueRequired":true,"valueName":"search_term_string"}}],"inLanguage":"hr-HR"}]}},"_links":{"self":[{"href":"https:\/\/www.karnion.si\/hr\/wp-json\/wp\/v2\/pages\/1045","targetHints":{"allow":["GET"]}}],"collection":[{"href":"https:\/\/www.karnion.si\/hr\/wp-json\/wp\/v2\/pages"}],"about":[{"href":"https:\/\/www.karnion.si\/hr\/wp-json\/wp\/v2\/types\/page"}],"author":[{"embeddable":true,"href":"https:\/\/www.karnion.si\/hr\/wp-json\/wp\/v2\/users\/1"}],"replies":[{"embeddable":true,"href":"https:\/\/www.karnion.si\/hr\/wp-json\/wp\/v2\/comments?post=1045"}],"version-history":[{"count":0,"href":"https:\/\/www.karnion.si\/hr\/wp-json\/wp\/v2\/pages\/1045\/revisions"}],"up":[{"embeddable":true,"href":"https:\/\/www.karnion.si\/hr\/wp-json\/wp\/v2\/pages\/1535"}],"wp:featuredmedia":[{"embeddable":true,"href":"https:\/\/www.karnion.si\/hr\/wp-json\/wp\/v2\/media\/655"}],"wp:attachment":[{"href":"https:\/\/www.karnion.si\/hr\/wp-json\/wp\/v2\/media?parent=1045"}],"curies":[{"name":"wp","href":"https:\/\/api.w.org\/{rel}","templated":true}]}}