{"id":1046,"date":"2017-07-10T14:20:30","date_gmt":"2017-07-10T12:20:30","guid":{"rendered":"http:\/\/www.karnion.si\/ostali-jezici\/"},"modified":"2019-07-05T12:11:24","modified_gmt":"2019-07-05T10:11:24","slug":"ostali-jezici","status":"publish","type":"page","link":"https:\/\/www.karnion.si\/hr\/ostali-jezici\/","title":{"rendered":"Ostali jezici"},"content":{"rendered":"<p>Ve\u0107 25 godina priznata i visoko cijenjena metoda sastoji se iz <strong>kombinacije slu\u0161anja u alfa stanju<\/strong> (u kojem sadr\u017eaje memoriramo 4x br\u017ee i to u dugoro\u010dno pam\u0107enje) i <strong>individualnog razgovora s profesorom.<\/strong> Za znanje nije dovoljna samo konverzacija, ve\u0107 prije svega i slu\u0161anje. Slu\u0161anjem \u0107ete dobiti nove rije\u010di koje \u0107ete na satu konverzacije ve\u0107 suvereno primijeniti. Pa i svoj materinji jezik ste nau\u010dili slu\u0161anjem svojih roditelja ili skrbnika. Ova metoda omogu\u0107uje najprirodniji oblik u\u010denja.<\/p>\n<p>U Karnionu mo\u017eete osim engleskog, njema\u010dkog, francuskog, talijanskog, \u0161panjolskog, ruskog u\u010diti i: <strong>slovenski, arapski, kineski, poljski, srpski, hrvatski, portugalski<\/strong>. Osim toga i stranci rado dolaze na te\u010dajeve razli\u010ditih jezika. Npr. Rusi na engleski, Amerikanci na talijanski, \u0160panjolci na engleski, Francuzi na slovenski i na mnogo drugih zanimljivih kombinacija.<\/p>\n<p>Na\u0161i u\u010ditelji stranih jezika su pedagozi, svi s najmanje 7. razinom obrazovanja i vi\u0161egodi\u0161njim iskustvom na podru\u010dju superlearning Karnion. Imamo i \u201enative speakers\u201c koji su ujedno pedagozi te svi izvrsno govore i slovenski.<\/p>\n<p><img loading=\"lazy\" decoding=\"async\" class=\"size-full wp-image-736 aligncenter\" src=\"https:\/\/www.karnion.si\/wp-content\/uploads\/2017\/03\/DSC_0003.jpg\" alt=\"DSC_0003\" width=\"800\" height=\"400\" srcset=\"https:\/\/www.karnion.si\/wp-content\/uploads\/2017\/03\/DSC_0003.jpg 800w, https:\/\/www.karnion.si\/wp-content\/uploads\/2017\/03\/DSC_0003-300x150.jpg 300w, https:\/\/www.karnion.si\/wp-content\/uploads\/2017\/03\/DSC_0003-768x384.jpg 768w, https:\/\/www.karnion.si\/wp-content\/uploads\/2017\/03\/DSC_0003-260x130.jpg 260w, https:\/\/www.karnion.si\/wp-content\/uploads\/2017\/03\/DSC_0003-50x25.jpg 50w, https:\/\/www.karnion.si\/wp-content\/uploads\/2017\/03\/DSC_0003-150x75.jpg 150w\" sizes=\"auto, (max-width: 800px) 100vw, 800px\" \/><\/p>\n<p><img loading=\"lazy\" decoding=\"async\" class=\"size-full wp-image-737 aligncenter\" src=\"https:\/\/www.karnion.si\/wp-content\/uploads\/2017\/03\/DSC_0004.jpg\" alt=\"DSC_0004\" width=\"800\" height=\"400\" srcset=\"https:\/\/www.karnion.si\/wp-content\/uploads\/2017\/03\/DSC_0004.jpg 800w, https:\/\/www.karnion.si\/wp-content\/uploads\/2017\/03\/DSC_0004-300x150.jpg 300w, https:\/\/www.karnion.si\/wp-content\/uploads\/2017\/03\/DSC_0004-768x384.jpg 768w, https:\/\/www.karnion.si\/wp-content\/uploads\/2017\/03\/DSC_0004-260x130.jpg 260w, https:\/\/www.karnion.si\/wp-content\/uploads\/2017\/03\/DSC_0004-50x25.jpg 50w, https:\/\/www.karnion.si\/wp-content\/uploads\/2017\/03\/DSC_0004-150x75.jpg 150w\" sizes=\"auto, (max-width: 800px) 100vw, 800px\" \/><\/p>\n<p><img loading=\"lazy\" decoding=\"async\" class=\"size-full wp-image-738 aligncenter\" src=\"https:\/\/www.karnion.si\/wp-content\/uploads\/2017\/03\/DSC_0063.jpg\" alt=\"Maraaya\" width=\"800\" height=\"400\" srcset=\"https:\/\/www.karnion.si\/wp-content\/uploads\/2017\/03\/DSC_0063.jpg 800w, https:\/\/www.karnion.si\/wp-content\/uploads\/2017\/03\/DSC_0063-300x150.jpg 300w, https:\/\/www.karnion.si\/wp-content\/uploads\/2017\/03\/DSC_0063-768x384.jpg 768w, https:\/\/www.karnion.si\/wp-content\/uploads\/2017\/03\/DSC_0063-260x130.jpg 260w, https:\/\/www.karnion.si\/wp-content\/uploads\/2017\/03\/DSC_0063-50x25.jpg 50w, https:\/\/www.karnion.si\/wp-content\/uploads\/2017\/03\/DSC_0063-150x75.jpg 150w\" sizes=\"auto, (max-width: 800px) 100vw, 800px\" \/><\/p>\n<p><img loading=\"lazy\" decoding=\"async\" class=\"size-full wp-image-650 aligncenter\" src=\"https:\/\/www.karnion.si\/wp-content\/uploads\/2017\/02\/o_nas_01.jpg\" alt=\"Holisti\u010dki centar Karnion\" width=\"800\" height=\"400\" srcset=\"https:\/\/www.karnion.si\/wp-content\/uploads\/2017\/02\/o_nas_01.jpg 800w, https:\/\/www.karnion.si\/wp-content\/uploads\/2017\/02\/o_nas_01-300x150.jpg 300w, https:\/\/www.karnion.si\/wp-content\/uploads\/2017\/02\/o_nas_01-768x384.jpg 768w, https:\/\/www.karnion.si\/wp-content\/uploads\/2017\/02\/o_nas_01-260x130.jpg 260w, https:\/\/www.karnion.si\/wp-content\/uploads\/2017\/02\/o_nas_01-50x25.jpg 50w, https:\/\/www.karnion.si\/wp-content\/uploads\/2017\/02\/o_nas_01-150x75.jpg 150w\" sizes=\"auto, (max-width: 800px) 100vw, 800px\" \/><\/p>\n","protected":false},"excerpt":{"rendered":"<p>Ve\u0107 25 godina priznata i visoko cijenjena metoda sastoji se iz kombinacije slu\u0161anja u alfa stanju (u kojem sadr\u017eaje memoriramo 4x br\u017ee i to u dugoro\u010dno<span class=\"excerpt-hellip\"> [\u2026]<\/span><\/p>\n","protected":false},"author":1,"featured_media":54221,"parent":0,"menu_order":0,"comment_status":"closed","ping_status":"closed","template":"","meta":{"footnotes":""},"class_list":["post-1046","page","type-page","status-publish","has-post-thumbnail","hentry"],"yoast_head":"<!-- This site is optimized with the Yoast SEO plugin v26.6 - https:\/\/yoast.com\/wordpress\/plugins\/seo\/ -->\n<title>Ostali jezici - Karnion<\/title>\n<meta name=\"description\" content=\"U Karnionu mo\u017eete osim engleskog, njema\u010dkog, francuskog, talijanskog, \u0161panjolskog, ruskog u\u010diti i: slovenski, arapski, kineski, poljski,...\" \/>\n<meta name=\"robots\" content=\"index, follow, max-snippet:-1, max-image-preview:large, max-video-preview:-1\" \/>\n<link rel=\"canonical\" href=\"https:\/\/www.karnion.si\/hr\/ostali-jezici\/\" \/>\n<meta property=\"og:locale\" content=\"hr_HR\" \/>\n<meta property=\"og:type\" content=\"article\" \/>\n<meta property=\"og:title\" content=\"Ostali jezici - Karnion\" \/>\n<meta property=\"og:description\" content=\"U Karnionu mo\u017eete osim engleskog, njema\u010dkog, francuskog, talijanskog, \u0161panjolskog, ruskog u\u010diti i: slovenski, arapski, kineski, poljski,...\" \/>\n<meta property=\"og:url\" content=\"https:\/\/www.karnion.si\/hr\/ostali-jezici\/\" \/>\n<meta property=\"og:site_name\" content=\"Karnion\" \/>\n<meta property=\"article:publisher\" content=\"https:\/\/www.facebook.com\/Karnion-105369326222192\/\" \/>\n<meta property=\"article:modified_time\" content=\"2019-07-05T10:11:24+00:00\" \/>\n<meta property=\"og:image\" content=\"https:\/\/www.karnion.si\/wp-content\/uploads\/2019\/03\/ostali-jeziki-banner.jpg\" \/>\n\t<meta property=\"og:image:width\" content=\"1920\" \/>\n\t<meta property=\"og:image:height\" content=\"941\" \/>\n\t<meta property=\"og:image:type\" content=\"image\/jpeg\" \/>\n<meta name=\"twitter:card\" content=\"summary_large_image\" \/>\n<meta name=\"twitter:site\" content=\"@KarnionDoo\" \/>\n<meta name=\"twitter:label1\" content=\"Est. reading time\" \/>\n\t<meta name=\"twitter:data1\" content=\"1 minute\" \/>\n<script type=\"application\/ld+json\" class=\"yoast-schema-graph\">{\"@context\":\"https:\/\/schema.org\",\"@graph\":[{\"@type\":\"WebPage\",\"@id\":\"https:\/\/www.karnion.si\/hr\/ostali-jezici\/\",\"url\":\"https:\/\/www.karnion.si\/hr\/ostali-jezici\/\",\"name\":\"Ostali jezici - Karnion\",\"isPartOf\":{\"@id\":\"https:\/\/www.karnion.si\/hr\/#website\"},\"primaryImageOfPage\":{\"@id\":\"https:\/\/www.karnion.si\/hr\/ostali-jezici\/#primaryimage\"},\"image\":{\"@id\":\"https:\/\/www.karnion.si\/hr\/ostali-jezici\/#primaryimage\"},\"thumbnailUrl\":\"https:\/\/www.karnion.si\/wp-content\/uploads\/2019\/03\/ostali-jeziki-banner.jpg\",\"datePublished\":\"2017-07-10T12:20:30+00:00\",\"dateModified\":\"2019-07-05T10:11:24+00:00\",\"description\":\"U Karnionu mo\u017eete osim engleskog, njema\u010dkog, francuskog, talijanskog, \u0161panjolskog, ruskog u\u010diti i: slovenski, arapski, kineski, poljski,...\",\"breadcrumb\":{\"@id\":\"https:\/\/www.karnion.si\/hr\/ostali-jezici\/#breadcrumb\"},\"inLanguage\":\"hr-HR\",\"potentialAction\":[{\"@type\":\"ReadAction\",\"target\":[\"https:\/\/www.karnion.si\/hr\/ostali-jezici\/\"]}]},{\"@type\":\"ImageObject\",\"inLanguage\":\"hr-HR\",\"@id\":\"https:\/\/www.karnion.si\/hr\/ostali-jezici\/#primaryimage\",\"url\":\"https:\/\/www.karnion.si\/wp-content\/uploads\/2019\/03\/ostali-jeziki-banner.jpg\",\"contentUrl\":\"https:\/\/www.karnion.si\/wp-content\/uploads\/2019\/03\/ostali-jeziki-banner.jpg\",\"width\":1920,\"height\":941},{\"@type\":\"BreadcrumbList\",\"@id\":\"https:\/\/www.karnion.si\/hr\/ostali-jezici\/#breadcrumb\",\"itemListElement\":[{\"@type\":\"ListItem\",\"position\":1,\"name\":\"Domov\",\"item\":\"https:\/\/www.karnion.si\/hr\/\"},{\"@type\":\"ListItem\",\"position\":2,\"name\":\"Ostali jezici\"}]},{\"@type\":\"WebSite\",\"@id\":\"https:\/\/www.karnion.si\/hr\/#website\",\"url\":\"https:\/\/www.karnion.si\/hr\/\",\"name\":\"Karnion\",\"description\":\"Pravo znanje za odli\u010dnost v tretjem tiso\u010dletju\",\"potentialAction\":[{\"@type\":\"SearchAction\",\"target\":{\"@type\":\"EntryPoint\",\"urlTemplate\":\"https:\/\/www.karnion.si\/hr\/?s={search_term_string}\"},\"query-input\":{\"@type\":\"PropertyValueSpecification\",\"valueRequired\":true,\"valueName\":\"search_term_string\"}}],\"inLanguage\":\"hr-HR\"}]}<\/script>\n<!-- \/ Yoast SEO plugin. -->","yoast_head_json":{"title":"Ostali jezici - Karnion","description":"U Karnionu mo\u017eete osim engleskog, njema\u010dkog, francuskog, talijanskog, \u0161panjolskog, ruskog u\u010diti i: slovenski, arapski, kineski, poljski,...","robots":{"index":"index","follow":"follow","max-snippet":"max-snippet:-1","max-image-preview":"max-image-preview:large","max-video-preview":"max-video-preview:-1"},"canonical":"https:\/\/www.karnion.si\/hr\/ostali-jezici\/","og_locale":"hr_HR","og_type":"article","og_title":"Ostali jezici - Karnion","og_description":"U Karnionu mo\u017eete osim engleskog, njema\u010dkog, francuskog, talijanskog, \u0161panjolskog, ruskog u\u010diti i: slovenski, arapski, kineski, poljski,...","og_url":"https:\/\/www.karnion.si\/hr\/ostali-jezici\/","og_site_name":"Karnion","article_publisher":"https:\/\/www.facebook.com\/Karnion-105369326222192\/","article_modified_time":"2019-07-05T10:11:24+00:00","og_image":[{"width":1920,"height":941,"url":"https:\/\/www.karnion.si\/wp-content\/uploads\/2019\/03\/ostali-jeziki-banner.jpg","type":"image\/jpeg"}],"twitter_card":"summary_large_image","twitter_site":"@KarnionDoo","twitter_misc":{"Est. reading time":"1 minute"},"schema":{"@context":"https:\/\/schema.org","@graph":[{"@type":"WebPage","@id":"https:\/\/www.karnion.si\/hr\/ostali-jezici\/","url":"https:\/\/www.karnion.si\/hr\/ostali-jezici\/","name":"Ostali jezici - Karnion","isPartOf":{"@id":"https:\/\/www.karnion.si\/hr\/#website"},"primaryImageOfPage":{"@id":"https:\/\/www.karnion.si\/hr\/ostali-jezici\/#primaryimage"},"image":{"@id":"https:\/\/www.karnion.si\/hr\/ostali-jezici\/#primaryimage"},"thumbnailUrl":"https:\/\/www.karnion.si\/wp-content\/uploads\/2019\/03\/ostali-jeziki-banner.jpg","datePublished":"2017-07-10T12:20:30+00:00","dateModified":"2019-07-05T10:11:24+00:00","description":"U Karnionu mo\u017eete osim engleskog, njema\u010dkog, francuskog, talijanskog, \u0161panjolskog, ruskog u\u010diti i: slovenski, arapski, kineski, poljski,...","breadcrumb":{"@id":"https:\/\/www.karnion.si\/hr\/ostali-jezici\/#breadcrumb"},"inLanguage":"hr-HR","potentialAction":[{"@type":"ReadAction","target":["https:\/\/www.karnion.si\/hr\/ostali-jezici\/"]}]},{"@type":"ImageObject","inLanguage":"hr-HR","@id":"https:\/\/www.karnion.si\/hr\/ostali-jezici\/#primaryimage","url":"https:\/\/www.karnion.si\/wp-content\/uploads\/2019\/03\/ostali-jeziki-banner.jpg","contentUrl":"https:\/\/www.karnion.si\/wp-content\/uploads\/2019\/03\/ostali-jeziki-banner.jpg","width":1920,"height":941},{"@type":"BreadcrumbList","@id":"https:\/\/www.karnion.si\/hr\/ostali-jezici\/#breadcrumb","itemListElement":[{"@type":"ListItem","position":1,"name":"Domov","item":"https:\/\/www.karnion.si\/hr\/"},{"@type":"ListItem","position":2,"name":"Ostali jezici"}]},{"@type":"WebSite","@id":"https:\/\/www.karnion.si\/hr\/#website","url":"https:\/\/www.karnion.si\/hr\/","name":"Karnion","description":"Pravo znanje za odli\u010dnost v tretjem tiso\u010dletju","potentialAction":[{"@type":"SearchAction","target":{"@type":"EntryPoint","urlTemplate":"https:\/\/www.karnion.si\/hr\/?s={search_term_string}"},"query-input":{"@type":"PropertyValueSpecification","valueRequired":true,"valueName":"search_term_string"}}],"inLanguage":"hr-HR"}]}},"_links":{"self":[{"href":"https:\/\/www.karnion.si\/hr\/wp-json\/wp\/v2\/pages\/1046","targetHints":{"allow":["GET"]}}],"collection":[{"href":"https:\/\/www.karnion.si\/hr\/wp-json\/wp\/v2\/pages"}],"about":[{"href":"https:\/\/www.karnion.si\/hr\/wp-json\/wp\/v2\/types\/page"}],"author":[{"embeddable":true,"href":"https:\/\/www.karnion.si\/hr\/wp-json\/wp\/v2\/users\/1"}],"replies":[{"embeddable":true,"href":"https:\/\/www.karnion.si\/hr\/wp-json\/wp\/v2\/comments?post=1046"}],"version-history":[{"count":1,"href":"https:\/\/www.karnion.si\/hr\/wp-json\/wp\/v2\/pages\/1046\/revisions"}],"predecessor-version":[{"id":8610,"href":"https:\/\/www.karnion.si\/hr\/wp-json\/wp\/v2\/pages\/1046\/revisions\/8610"}],"wp:featuredmedia":[{"embeddable":true,"href":"https:\/\/www.karnion.si\/hr\/wp-json\/wp\/v2\/media\/54221"}],"wp:attachment":[{"href":"https:\/\/www.karnion.si\/hr\/wp-json\/wp\/v2\/media?parent=1046"}],"curies":[{"name":"wp","href":"https:\/\/api.w.org\/{rel}","templated":true}]}}