{"id":1053,"date":"2017-07-11T07:25:00","date_gmt":"2017-07-11T05:25:00","guid":{"rendered":"http:\/\/www.karnion.si\/tecaj-njemackog\/"},"modified":"2017-09-04T14:21:27","modified_gmt":"2017-09-04T12:21:27","slug":"tecaj-njemackog","status":"publish","type":"page","link":"https:\/\/www.karnion.si\/hr\/tecaj-njemackog\/","title":{"rendered":"Te\u010daj njema\u010dkog"},"content":{"rendered":"<h2>TE\u010cAJ NJEMA\u010cKOG PO METODI SUPERLEARNING KARNION<\/h2>\n<p>Ve\u0107 25 godina priznata i visoko cijenjena metoda sastoji se iz <strong>kombinacije slu\u0161anja u alfa stanju<\/strong> (u kojem sadr\u017eaje memoriramo 4x br\u017ee i to u dugoro\u010dno pam\u0107enje) <strong>i individualnog razgovora s profesorom.<\/strong> Za znanje nije dovoljna samo konverzacija, ve\u0107 prije svega i slu\u0161anje. Slu\u0161anjem \u0107ete dobiti nove rije\u010di koje \u0107ete na satu konverzacije ve\u0107 suvereno primijeniti. Pa i svoj materinji jezik ste nau\u010dili slu\u0161anjem svojih roditelja ili skrbnika. Ova metoda omogu\u0107uje najprirodniji oblik u\u010denja.<\/p>\n<p>Njema\u010dki mnogi smatraju tvrdim i nemelodi\u010dnim jezikom, ali to samo dok ga u\u010dimo jedino kroz \u010dlanove, deklinaciju i konjugaciju. Kad ga po\u010dnemo u\u010diti na pravi na\u010din, u trenutku postaje zanimljiv. Pogotovo je vrlo koristan za Slovence u poslovnom svijetu. S dobrim znanjem njema\u010dkog sklapat \u0107ete bolje poslove ili br\u017ee dobiti dobro radno mjesto.<\/p>\n<p>Preporu\u010dujemo da njema\u010dki po\u010dnete u\u010diti s metodom superlearning jer \u0107ete ve\u0107 nakon 40 sati progovoriti.<\/p>\n<p><img loading=\"lazy\" decoding=\"async\" class=\"aligncenter wp-image-672 size-full\" src=\"https:\/\/www.karnion.si\/wp-content\/uploads\/2017\/01\/predstavitev_programa_02.jpg\" alt=\"te\u010daj njema\u010dkog u alfa stanju\" width=\"800\" height=\"400\" srcset=\"https:\/\/www.karnion.si\/wp-content\/uploads\/2017\/01\/predstavitev_programa_02.jpg 800w, https:\/\/www.karnion.si\/wp-content\/uploads\/2017\/01\/predstavitev_programa_02-300x150.jpg 300w, https:\/\/www.karnion.si\/wp-content\/uploads\/2017\/01\/predstavitev_programa_02-768x384.jpg 768w, https:\/\/www.karnion.si\/wp-content\/uploads\/2017\/01\/predstavitev_programa_02-260x130.jpg 260w, https:\/\/www.karnion.si\/wp-content\/uploads\/2017\/01\/predstavitev_programa_02-50x25.jpg 50w, https:\/\/www.karnion.si\/wp-content\/uploads\/2017\/01\/predstavitev_programa_02-150x75.jpg 150w\" sizes=\"auto, (max-width: 800px) 100vw, 800px\" \/><\/p>\n<p><strong><em>gospod<\/em><\/strong><em><strong>gospodin Danijel Be\u0161i\u010d Loredan dr. med, spec. ortopedske kirurgije:<\/strong> <\/em><\/p>\n<blockquote><p><em>&#8220;Rad u \u0160vicarskoj sam prihvatio bez znanja njema\u010dkog, tra\u017eio sam brzo i u\u010dinkovito rje\u0161enje i na\u0161ao ga u Karnionu. 13.9. 2013. sam oti\u0161ao u Z\u00fcrich na osposobljavanje, a 21.1. 2014. po\u010deo samostalno obavljati rad u ambulanti; jasno, sve na njema\u010dkom!<br \/>\n<\/em><\/p>\n<p><em>Bez Karniona i u\u010denja njema\u010dkog kod njih, u studenom bih se vratio bez posla natrag u Sloveniju. Individualni pristup, po\u0161tivanje \u017eelja i potreba, prilagodljivost i u\u010dinkovitost su pored iznimne profesionalnosti i ljubaznosti, svojstva Karniona vrijedna svake pohvale!<br \/>\nU tom kratkom vremenu sam pro\u0161ao sve mogu\u0107e stru\u010dne te\u010dajeve u Z\u00fcrichu i sa sigurno\u0161\u0107u tvrdim da mi bez u\u010denja njema\u010dkog u Karnionu to nikad ne bi uspjelo. Izvrsna investicija u znanje jezika s iznimnim rezultatima u nevjerojatno kratkom vremenu!<\/em><\/p>\n<p><em>Svima koji \u017eelite brzo i u\u010dinkovito nau\u010diti strani jezik, toplo preporu\u010dujem Karnion!<br \/>\nIsplati se!&#8221;<br \/>\n<\/em><\/p><\/blockquote>\n<div style=\"margin: 0 auto; max-width: 560px;\"><iframe loading=\"lazy\" src=\"https:\/\/www.youtube.com\/embed\/AjW9cRWnNCw\" width=\"560\" height=\"315\" frameborder=\"0\" allowfullscreen=\"allowfullscreen\"><\/iframe><\/div>\n<hr class=\"no_line\" style=\"margin: 0 auto 20px;\"\/>\n\n<h2>TIJEK TE\u010cAJA NJEMA\u010cKOG<\/h2>\n<p><strong><em>Te\u010daj njema\u010dkog odvija se prili\u010dno intenzivno, obi\u010dno po 4 ili 8 \u0161kolskih sati dnevno. Preporu\u010duje se da se 40 satni trening zaklju\u010di u roku 14 dana, najkasnije u tri tjedna budu\u0107i da se tako posti\u017ee maksimalni akumulacijski u\u010dinak u govoru.<\/em><\/strong><\/p>\n<p>Prije treninga vas besplatno testiramo na svim podru\u010djima jezika od A1 do C2 razine, kako je utvr\u0111eno europskom kriterijima znanja stranih jezika: razumijevanje, pisanje, \u010ditanje, govor. Na taj na\u010din \u0107emo utvrditi okvirnu razinu i pripremiti program namijenjen samo vama. Npr. ako se ve\u0107 znate sporazumijevati na njema\u010dkom, ali jo\u0161 radite pogre\u0161ke na osnovnoj razini, va\u0161e \u0107emo pogre\u0161ke \u201ezakrpati\u201c i nastaviti na vi\u0161oj razini. To vam jezi\u010dne \u0161kole koje te\u010daj izvode po odre\u0111enom programu ( ud\u017ebeniku ) nikako ne mogu osigurati.<\/p>\n<hr class=\"no_line\" style=\"margin: 0 auto 15px;\"\/>\n\n<h2>USPOREDBA S KLASI\u010cNIM NA\u010cINOM U\u010cENJA NJEMA\u010cKOG<\/h2>\n<p>Klasi\u010dni, konvencionalni te\u010daj njema\u010dkog od potpunog po\u010detnika do razine B2 ( op\u0107a gimnazijska matura) predvi\u0111a 800 \u0161kolskih sati, KARNIONOVA 200, a \u0161kolski sustav \u010dak 1.074 \u0161kolska sata.<\/p>\n\n<table id=\"tablepress-6\" class=\"tablepress tablepress-id-6\">\n<thead>\n<tr class=\"row-1 odd\">\n\t<th class=\"column-1\">&nbsp;<\/th><th colspan=\"2\" class=\"column-2\">Karnion 8 sati\/dan (jedna osoba)<\/th><th colspan=\"2\" class=\"column-4\">Ostali (konvencionalne metode) 2x3 sata\/tjedan (3 do 12 osoba)<\/th>\n<\/tr>\n<\/thead>\n<tbody class=\"row-hover\">\n<tr class=\"row-2 even\">\n\t<td class=\"column-1\"><\/td><td class=\"column-2\">broj sati<\/td><td class=\"column-3\">broj tjedana<\/td><td class=\"column-4\">broj sati<\/td><td class=\"column-5\">broj tjedana<\/td>\n<\/tr>\n<tr class=\"row-3 odd\">\n\t<td class=\"column-1\">A1<\/td><td class=\"column-2\">40<\/td><td class=\"column-3\">1<\/td><td class=\"column-4\">200<\/td><td class=\"column-5\">33<\/td>\n<\/tr>\n<tr class=\"row-4 even\">\n\t<td class=\"column-1\">A2<\/td><td class=\"column-2\">80<\/td><td class=\"column-3\">2<\/td><td class=\"column-4\">100<\/td><td class=\"column-5\">17<\/td>\n<\/tr>\n<tr class=\"row-5 odd\">\n\t<td class=\"column-1\">B1<\/td><td class=\"column-2\">40<\/td><td class=\"column-3\">1<\/td><td class=\"column-4\">200<\/td><td class=\"column-5\">33<\/td>\n<\/tr>\n<tr class=\"row-6 even\">\n\t<td class=\"column-1\">B2<\/td><td class=\"column-2\">40<\/td><td class=\"column-3\">1<\/td><td class=\"column-4\">300<\/td><td class=\"column-5\">50<\/td>\n<\/tr>\n<tr class=\"row-7 odd\">\n\t<td class=\"column-1\">\u03a3<\/td><td class=\"column-2\">200<\/td><td class=\"column-3\">5<\/td><td class=\"column-4\">800<\/td><td class=\"column-5\">133<\/td>\n<\/tr>\n<\/tbody>\n<\/table>\n<!-- #tablepress-6 from cache -->\n<p><img loading=\"lazy\" decoding=\"async\" class=\"aligncenter wp-image-680 size-full\" src=\"https:\/\/www.karnion.si\/wp-content\/uploads\/2017\/03\/nemscina_04.jpg\" alt=\"Superu\u010denje Karnion te\u010daj njema\u010dkog\" width=\"800\" height=\"400\" srcset=\"https:\/\/www.karnion.si\/wp-content\/uploads\/2017\/03\/nemscina_04.jpg 800w, https:\/\/www.karnion.si\/wp-content\/uploads\/2017\/03\/nemscina_04-300x150.jpg 300w, https:\/\/www.karnion.si\/wp-content\/uploads\/2017\/03\/nemscina_04-768x384.jpg 768w, https:\/\/www.karnion.si\/wp-content\/uploads\/2017\/03\/nemscina_04-260x130.jpg 260w, https:\/\/www.karnion.si\/wp-content\/uploads\/2017\/03\/nemscina_04-50x25.jpg 50w, https:\/\/www.karnion.si\/wp-content\/uploads\/2017\/03\/nemscina_04-150x75.jpg 150w\" sizes=\"auto, (max-width: 800px) 100vw, 800px\" \/><br \/>\n<hr class=\"no_line\" style=\"margin: 0 auto 15px;\"\/>\n<\/p>\n<h2>PRIPREMA ZA ISPIT IZ NJEMA\u010cKOG JEZIKA:<\/h2>\n<p>U pro\u0161losti se je velik broj sudionika pripremao na ispit izvan na\u0161e ku\u0107e i svi su ga uspje\u0161no pro\u0161li. Ispit na fakultetu ili me\u0111unarodni ispit koji od vas o\u010dekuje poslodavac, ne\u0107e biti tako nedosti\u017ean kao \u0161to je mo\u017eda danas.<\/p>\n<p>Pripremimo vam program koji trebate: npr. op\u0107a matura, ispiti iz njema\u010dkog na slovenskim univerzitetima, me\u0111unarodni ispiti.<\/p>\n<p>Reference:<\/p>\n<ul>\n<li><strong> dr. Amadej Lah, uni.dipl.dr.med, spec. kirurg<\/strong> &#8211; polo\u017een ispit B2, Goethe Zertifikat. Polo\u017een ispit iz medicinskog stru\u010dnog jezika za lije\u010dnike koji nisu diplomirali u Njema\u010dkoj na lije\u010dni\u010dkoj zbornici u Stuttgartu, na razini C1.<\/li>\n<li><strong>dr. Marjan Fabjan, dr.med., spec.plast.kirurg<\/strong> &#8211; polo\u017een ispit Goethe Zertifikat B2 na Institutu Ljubljana;<\/li>\n<li><strong>gospo\u0111ica Eva Strgar<\/strong> &#8211; studentica krajobrazne arhitekture &#8211; polo\u017een Goethe Zertifikat B1<\/li>\n<\/ul>\n<hr class=\"no_line\" style=\"margin: 0 auto 15px;\"\/>\n\n<blockquote><p>\u00bbNakon 10 dnevnog te\u010daja ispit iz njema\u010dkog je polo\u017een. Borba sa stranim jezicima je s Karnionom jednostavna.\u00ab<\/p><\/blockquote>\n<p><strong>Jan Softi\u010d, svjetski prvak u kick boksu<\/strong><\/p>\n<hr class=\"no_line\" style=\"margin: 0 auto 15px;\"\/>\n\n<h2>INDIVIDUALNO U\u010cENJE<\/h2>\n<p>Osim metode, u Karnionu su za uspjeh klju\u010dni potpuna individualizacija sadr\u017eaja i pravi coaching od strane trenera- u\u010ditelja. Individualna nastava kod nas prvenstveno zna\u010di da u\u010dite teme koje \u0107e vam trebati i koje vas zanimaju. Specifi\u010dne teme pripremamo od po\u010detnih do najzahtjevnijih razina C1 i C2.<\/p>\n<p><img loading=\"lazy\" decoding=\"async\" class=\"aligncenter wp-image-684 size-full\" src=\"https:\/\/www.karnion.si\/wp-content\/uploads\/2017\/03\/nemscina_06.jpg\" alt=\"Jani Grilc - te\u010daj njema\u010dkog\" width=\"800\" height=\"400\" srcset=\"https:\/\/www.karnion.si\/wp-content\/uploads\/2017\/03\/nemscina_06.jpg 800w, https:\/\/www.karnion.si\/wp-content\/uploads\/2017\/03\/nemscina_06-300x150.jpg 300w, https:\/\/www.karnion.si\/wp-content\/uploads\/2017\/03\/nemscina_06-768x384.jpg 768w, https:\/\/www.karnion.si\/wp-content\/uploads\/2017\/03\/nemscina_06-260x130.jpg 260w, https:\/\/www.karnion.si\/wp-content\/uploads\/2017\/03\/nemscina_06-50x25.jpg 50w, https:\/\/www.karnion.si\/wp-content\/uploads\/2017\/03\/nemscina_06-150x75.jpg 150w\" sizes=\"auto, (max-width: 800px) 100vw, 800px\" \/><hr class=\"no_line\" style=\"margin: 0 auto 15px;\"\/>\n<\/p>\n<h2>SPECIJALIZIRANI SADR\u017dAJI:<\/h2>\n<ul>\n<li>njema\u010dki za obrtnike ( po\u010detni i napredni)<\/li>\n<li>njema\u010dki za zdravstvene radnike ( zdravstveni djelatnici, lije\u010dnici)<\/li>\n<li>coaching- Dialogika- jezik odgovornosti na njema\u010dkom jeziku<\/li>\n<li>program osobnog rasta na njema\u010dkom jeziku ( Martin Kojc)<\/li>\n<\/ul>\n<hr class=\"no_line\" style=\"margin: 0 auto 15px;\"\/>\n\n<h2>INDIVIDUALIZIRANO E-U\u010cENJE<\/h2>\n<p>Nakon zaklju\u010denog te\u010daja njema\u010dkog, va\u0161a osobna u\u010diteljica ili u\u010ditelj \u0107e vas pratiti preko e-u\u010denja, jasno individualiziranog i ne unaprijed odre\u0111enog po razinama.<\/p>\n<p>Ovaj na\u010din vam uveliko mo\u017ee pomo\u0107i u komunikaciji s va\u0161im poslovnim partnerima.<\/p>\n<hr class=\"no_line\" style=\"margin: 0 auto 15px;\"\/>\n\n<h2>NJEMA\u010cKI ZA RAD U INOZEMSTVU<\/h2>\n<p>O va\u0161em znanju njema\u010dkog jezika ovisi da li \u0107ete se zaposliti u inozemstvu i kako \u0107ete se dokazati kod poslodavca koji zahtijeva dobro znanje njema\u010dkog.<\/p>\n<p>U Karnionu pou\u010davaju 3 profesorice stranih jezika koje su izvorne govornice njema\u010dkog jezika. Na taj na\u010din \u0107ete osim brzine usvajanja njema\u010dkog, dobro upoznati kulturu, na\u010din izra\u017eavanja i na\u010din poslovanja s narodima s njema\u010dkog govornog podru\u010dja.<\/p>\n<p><img loading=\"lazy\" decoding=\"async\" class=\"aligncenter wp-image-730 size-full\" src=\"https:\/\/www.karnion.si\/wp-content\/uploads\/2017\/03\/berlin.jpg\" alt=\"Berlin - te\u010daj njema\u010dkog\" width=\"800\" height=\"400\" srcset=\"https:\/\/www.karnion.si\/wp-content\/uploads\/2017\/03\/berlin.jpg 800w, https:\/\/www.karnion.si\/wp-content\/uploads\/2017\/03\/berlin-300x150.jpg 300w, https:\/\/www.karnion.si\/wp-content\/uploads\/2017\/03\/berlin-768x384.jpg 768w, https:\/\/www.karnion.si\/wp-content\/uploads\/2017\/03\/berlin-260x130.jpg 260w, https:\/\/www.karnion.si\/wp-content\/uploads\/2017\/03\/berlin-50x25.jpg 50w, https:\/\/www.karnion.si\/wp-content\/uploads\/2017\/03\/berlin-150x75.jpg 150w\" sizes=\"auto, (max-width: 800px) 100vw, 800px\" \/><\/p>\n<hr class=\"no_line\" style=\"margin: 0 auto 50px;\"\/>\n\n","protected":false},"excerpt":{"rendered":"<p>TE\u010cAJ NJEMA\u010cKOG PO METODI SUPERLEARNING KARNION Ve\u0107 25 godina priznata i visoko cijenjena metoda sastoji se iz kombinacije slu\u0161anja u alfa stanju (u kojem sadr\u017eaje memoriramo<span class=\"excerpt-hellip\"> [\u2026]<\/span><\/p>\n","protected":false},"author":1,"featured_media":54476,"parent":0,"menu_order":0,"comment_status":"closed","ping_status":"closed","template":"","meta":{"footnotes":""},"class_list":["post-1053","page","type-page","status-publish","has-post-thumbnail","hentry"],"yoast_head":"<!-- This site is optimized with the Yoast SEO plugin v26.6 - https:\/\/yoast.com\/wordpress\/plugins\/seo\/ -->\n<title>Te\u010daj njema\u010dkog - Karnion<\/title>\n<meta name=\"description\" content=\"Te\u010daj nem\u0161\u010dine po metodi Superlearning Karnion. Do znanja tujega jezika vas popeljemo kar 4x hitreje, za vas pa lahko skrbi kar 7 strokovnjakov.\" \/>\n<meta name=\"robots\" content=\"index, follow, max-snippet:-1, max-image-preview:large, max-video-preview:-1\" \/>\n<link rel=\"canonical\" href=\"https:\/\/www.karnion.si\/hr\/tecaj-njemackog\/\" \/>\n<meta property=\"og:locale\" content=\"hr_HR\" \/>\n<meta property=\"og:type\" content=\"article\" \/>\n<meta property=\"og:title\" content=\"Te\u010daj njema\u010dkog - Karnion\" \/>\n<meta property=\"og:description\" content=\"Te\u010daj nem\u0161\u010dine po metodi Superlearning Karnion. Do znanja tujega jezika vas popeljemo kar 4x hitreje, za vas pa lahko skrbi kar 7 strokovnjakov.\" \/>\n<meta property=\"og:url\" content=\"https:\/\/www.karnion.si\/hr\/tecaj-njemackog\/\" \/>\n<meta property=\"og:site_name\" content=\"Karnion\" \/>\n<meta property=\"article:publisher\" content=\"https:\/\/www.facebook.com\/Karnion-105369326222192\/\" \/>\n<meta property=\"article:modified_time\" content=\"2017-09-04T12:21:27+00:00\" \/>\n<meta property=\"og:image\" content=\"https:\/\/www.karnion.si\/wp-content\/uploads\/2017\/03\/prevc-moder-04-banner.jpg\" \/>\n\t<meta property=\"og:image:width\" content=\"1920\" \/>\n\t<meta property=\"og:image:height\" content=\"941\" \/>\n\t<meta property=\"og:image:type\" content=\"image\/jpeg\" \/>\n<meta name=\"twitter:card\" content=\"summary_large_image\" \/>\n<meta name=\"twitter:site\" content=\"@KarnionDoo\" \/>\n<meta name=\"twitter:label1\" content=\"Est. reading time\" \/>\n\t<meta name=\"twitter:data1\" content=\"5 minutes\" \/>\n<script type=\"application\/ld+json\" class=\"yoast-schema-graph\">{\"@context\":\"https:\/\/schema.org\",\"@graph\":[{\"@type\":\"WebPage\",\"@id\":\"https:\/\/www.karnion.si\/hr\/tecaj-njemackog\/\",\"url\":\"https:\/\/www.karnion.si\/hr\/tecaj-njemackog\/\",\"name\":\"Te\u010daj njema\u010dkog - Karnion\",\"isPartOf\":{\"@id\":\"https:\/\/www.karnion.si\/hr\/#website\"},\"primaryImageOfPage\":{\"@id\":\"https:\/\/www.karnion.si\/hr\/tecaj-njemackog\/#primaryimage\"},\"image\":{\"@id\":\"https:\/\/www.karnion.si\/hr\/tecaj-njemackog\/#primaryimage\"},\"thumbnailUrl\":\"https:\/\/www.karnion.si\/wp-content\/uploads\/2017\/03\/prevc-moder-04-banner.jpg\",\"datePublished\":\"2017-07-11T05:25:00+00:00\",\"dateModified\":\"2017-09-04T12:21:27+00:00\",\"description\":\"Te\u010daj nem\u0161\u010dine po metodi Superlearning Karnion. Do znanja tujega jezika vas popeljemo kar 4x hitreje, za vas pa lahko skrbi kar 7 strokovnjakov.\",\"breadcrumb\":{\"@id\":\"https:\/\/www.karnion.si\/hr\/tecaj-njemackog\/#breadcrumb\"},\"inLanguage\":\"hr-HR\",\"potentialAction\":[{\"@type\":\"ReadAction\",\"target\":[\"https:\/\/www.karnion.si\/hr\/tecaj-njemackog\/\"]}]},{\"@type\":\"ImageObject\",\"inLanguage\":\"hr-HR\",\"@id\":\"https:\/\/www.karnion.si\/hr\/tecaj-njemackog\/#primaryimage\",\"url\":\"https:\/\/www.karnion.si\/wp-content\/uploads\/2017\/03\/prevc-moder-04-banner.jpg\",\"contentUrl\":\"https:\/\/www.karnion.si\/wp-content\/uploads\/2017\/03\/prevc-moder-04-banner.jpg\",\"width\":1920,\"height\":941,\"caption\":\"Te\u010daj angle\u0161\u010dine\"},{\"@type\":\"BreadcrumbList\",\"@id\":\"https:\/\/www.karnion.si\/hr\/tecaj-njemackog\/#breadcrumb\",\"itemListElement\":[{\"@type\":\"ListItem\",\"position\":1,\"name\":\"Domov\",\"item\":\"https:\/\/www.karnion.si\/hr\/\"},{\"@type\":\"ListItem\",\"position\":2,\"name\":\"Te\u010daj njema\u010dkog\"}]},{\"@type\":\"WebSite\",\"@id\":\"https:\/\/www.karnion.si\/hr\/#website\",\"url\":\"https:\/\/www.karnion.si\/hr\/\",\"name\":\"Karnion\",\"description\":\"Pravo znanje za odli\u010dnost v tretjem tiso\u010dletju\",\"potentialAction\":[{\"@type\":\"SearchAction\",\"target\":{\"@type\":\"EntryPoint\",\"urlTemplate\":\"https:\/\/www.karnion.si\/hr\/?s={search_term_string}\"},\"query-input\":{\"@type\":\"PropertyValueSpecification\",\"valueRequired\":true,\"valueName\":\"search_term_string\"}}],\"inLanguage\":\"hr-HR\"}]}<\/script>\n<!-- \/ Yoast SEO plugin. -->","yoast_head_json":{"title":"Te\u010daj njema\u010dkog - Karnion","description":"Te\u010daj nem\u0161\u010dine po metodi Superlearning Karnion. Do znanja tujega jezika vas popeljemo kar 4x hitreje, za vas pa lahko skrbi kar 7 strokovnjakov.","robots":{"index":"index","follow":"follow","max-snippet":"max-snippet:-1","max-image-preview":"max-image-preview:large","max-video-preview":"max-video-preview:-1"},"canonical":"https:\/\/www.karnion.si\/hr\/tecaj-njemackog\/","og_locale":"hr_HR","og_type":"article","og_title":"Te\u010daj njema\u010dkog - Karnion","og_description":"Te\u010daj nem\u0161\u010dine po metodi Superlearning Karnion. Do znanja tujega jezika vas popeljemo kar 4x hitreje, za vas pa lahko skrbi kar 7 strokovnjakov.","og_url":"https:\/\/www.karnion.si\/hr\/tecaj-njemackog\/","og_site_name":"Karnion","article_publisher":"https:\/\/www.facebook.com\/Karnion-105369326222192\/","article_modified_time":"2017-09-04T12:21:27+00:00","og_image":[{"width":1920,"height":941,"url":"https:\/\/www.karnion.si\/wp-content\/uploads\/2017\/03\/prevc-moder-04-banner.jpg","type":"image\/jpeg"}],"twitter_card":"summary_large_image","twitter_site":"@KarnionDoo","twitter_misc":{"Est. reading time":"5 minutes"},"schema":{"@context":"https:\/\/schema.org","@graph":[{"@type":"WebPage","@id":"https:\/\/www.karnion.si\/hr\/tecaj-njemackog\/","url":"https:\/\/www.karnion.si\/hr\/tecaj-njemackog\/","name":"Te\u010daj njema\u010dkog - Karnion","isPartOf":{"@id":"https:\/\/www.karnion.si\/hr\/#website"},"primaryImageOfPage":{"@id":"https:\/\/www.karnion.si\/hr\/tecaj-njemackog\/#primaryimage"},"image":{"@id":"https:\/\/www.karnion.si\/hr\/tecaj-njemackog\/#primaryimage"},"thumbnailUrl":"https:\/\/www.karnion.si\/wp-content\/uploads\/2017\/03\/prevc-moder-04-banner.jpg","datePublished":"2017-07-11T05:25:00+00:00","dateModified":"2017-09-04T12:21:27+00:00","description":"Te\u010daj nem\u0161\u010dine po metodi Superlearning Karnion. Do znanja tujega jezika vas popeljemo kar 4x hitreje, za vas pa lahko skrbi kar 7 strokovnjakov.","breadcrumb":{"@id":"https:\/\/www.karnion.si\/hr\/tecaj-njemackog\/#breadcrumb"},"inLanguage":"hr-HR","potentialAction":[{"@type":"ReadAction","target":["https:\/\/www.karnion.si\/hr\/tecaj-njemackog\/"]}]},{"@type":"ImageObject","inLanguage":"hr-HR","@id":"https:\/\/www.karnion.si\/hr\/tecaj-njemackog\/#primaryimage","url":"https:\/\/www.karnion.si\/wp-content\/uploads\/2017\/03\/prevc-moder-04-banner.jpg","contentUrl":"https:\/\/www.karnion.si\/wp-content\/uploads\/2017\/03\/prevc-moder-04-banner.jpg","width":1920,"height":941,"caption":"Te\u010daj angle\u0161\u010dine"},{"@type":"BreadcrumbList","@id":"https:\/\/www.karnion.si\/hr\/tecaj-njemackog\/#breadcrumb","itemListElement":[{"@type":"ListItem","position":1,"name":"Domov","item":"https:\/\/www.karnion.si\/hr\/"},{"@type":"ListItem","position":2,"name":"Te\u010daj njema\u010dkog"}]},{"@type":"WebSite","@id":"https:\/\/www.karnion.si\/hr\/#website","url":"https:\/\/www.karnion.si\/hr\/","name":"Karnion","description":"Pravo znanje za odli\u010dnost v tretjem tiso\u010dletju","potentialAction":[{"@type":"SearchAction","target":{"@type":"EntryPoint","urlTemplate":"https:\/\/www.karnion.si\/hr\/?s={search_term_string}"},"query-input":{"@type":"PropertyValueSpecification","valueRequired":true,"valueName":"search_term_string"}}],"inLanguage":"hr-HR"}]}},"_links":{"self":[{"href":"https:\/\/www.karnion.si\/hr\/wp-json\/wp\/v2\/pages\/1053","targetHints":{"allow":["GET"]}}],"collection":[{"href":"https:\/\/www.karnion.si\/hr\/wp-json\/wp\/v2\/pages"}],"about":[{"href":"https:\/\/www.karnion.si\/hr\/wp-json\/wp\/v2\/types\/page"}],"author":[{"embeddable":true,"href":"https:\/\/www.karnion.si\/hr\/wp-json\/wp\/v2\/users\/1"}],"replies":[{"embeddable":true,"href":"https:\/\/www.karnion.si\/hr\/wp-json\/wp\/v2\/comments?post=1053"}],"version-history":[{"count":0,"href":"https:\/\/www.karnion.si\/hr\/wp-json\/wp\/v2\/pages\/1053\/revisions"}],"wp:featuredmedia":[{"embeddable":true,"href":"https:\/\/www.karnion.si\/hr\/wp-json\/wp\/v2\/media\/54476"}],"wp:attachment":[{"href":"https:\/\/www.karnion.si\/hr\/wp-json\/wp\/v2\/media?parent=1053"}],"curies":[{"name":"wp","href":"https:\/\/api.w.org\/{rel}","templated":true}]}}