{"id":1055,"date":"2017-07-11T07:33:17","date_gmt":"2017-07-11T05:33:17","guid":{"rendered":"http:\/\/www.karnion.si\/tecaj-francuskog\/"},"modified":"2026-03-26T15:03:55","modified_gmt":"2026-03-26T14:03:55","slug":"tecaj-francuskog","status":"publish","type":"page","link":"https:\/\/www.karnion.si\/hr\/tecaj-francuskog\/","title":{"rendered":"Te\u010daj francuskog"},"content":{"rendered":"<h2>TE\u010cAJ FRANCUSKOG PO METODI SUPELEARNING KARNION<\/h2>\n<p>Ve\u0107 <script>document.write(new Date().getFullYear() - 1991);<\/script> godina priznata i visoko cijenjena metoda sastoji se iz <strong>kombinacije slu\u0161anja u alfa stanju<\/strong> (u kojem sadr\u017eaje memoriramo 4x br\u017ee i to u dugoro\u010dno pam\u0107enje) i <strong>individualnog razgovora s profesorom.<\/strong> Za znanje nije dovoljna samo konverzacija, ve\u0107 prije svega i slu\u0161anje. Slu\u0161anjem \u0107ete dobiti nove rije\u010di koje \u0107ete na satu konverzacije ve\u0107 suvereno primijeniti. Pa i svoj materinji jezik ste nau\u010dili slu\u0161anjem svojih roditelja ili skrbnika. Ova metoda omogu\u0107uje najprirodniji oblik u\u010denja.<\/p>\n<blockquote><p><em>\u00bbMaksimalna anga\u017eiranost i nevjerojatna pozitivna energija za \u00bbmagnetno\u00ab privla\u010dni francuski.\u00ab <\/em><\/p><\/blockquote>\n<p><strong>Danilo Seni\u010d, poduzetnik<\/strong><\/p>\n<p><img loading=\"lazy\" decoding=\"async\" class=\"wp-image-797 size-full aligncenter\" src=\"https:\/\/www.karnion.si\/wp-content\/uploads\/2017\/03\/franciscina_provansajpg.jpg\" alt=\"Provansa\" width=\"800\" height=\"379\" srcset=\"https:\/\/www.karnion.si\/wp-content\/uploads\/2017\/03\/franciscina_provansajpg.jpg 800w, https:\/\/www.karnion.si\/wp-content\/uploads\/2017\/03\/franciscina_provansajpg-300x142.jpg 300w, https:\/\/www.karnion.si\/wp-content\/uploads\/2017\/03\/franciscina_provansajpg-768x364.jpg 768w, https:\/\/www.karnion.si\/wp-content\/uploads\/2017\/03\/franciscina_provansajpg-260x123.jpg 260w, https:\/\/www.karnion.si\/wp-content\/uploads\/2017\/03\/franciscina_provansajpg-50x24.jpg 50w, https:\/\/www.karnion.si\/wp-content\/uploads\/2017\/03\/franciscina_provansajpg-150x71.jpg 150w\" sizes=\"auto, (max-width: 800px) 100vw, 800px\" \/><br \/>\n<hr class=\"no_line\" style=\"margin: 0 auto 15px;\"\/>\n<\/p>\n<h2>TIJEK TE\u010cAJA<\/h2>\n<p>Superlearning metoda nudi optimalan rezultat budete li u\u010dili francuski minimalno 4 \u0161kolska sata dnevno. Preporu\u010dujemo 40 satni trening, i to posebno za po\u010detnike.<\/p>\n<p>Prije treninga vas besplatno testiramo na svim podru\u010djima jezika od A1 do C2 razine, kako je utvr\u0111eno europskom kriterijima znanja stranih jezika: razumijevanje, pisanje, \u010ditanje, govor. Na taj na\u010din \u0107emo utvrditi okvirnu razinu i pripremiti program namijenjen samo vama. Npr. ako se ve\u0107 znate sporazumijevati na francuskom, ali jo\u0161 radite pogre\u0161ke na osnovnoj razini, va\u0161e \u0107emo pogre\u0161ke \u201ezakrpati\u201c i nastaviti na vi\u0161oj razini. To vam jezi\u010dne \u0161kole koje te\u010daj izvode po odre\u0111enom programu ( ud\u017ebeniku ) nikako ne mogu osigurati.<\/p>\n<hr class=\"no_line\" style=\"margin: 0 auto 15px;\"\/>\n\n<h2>USPOREDBA S KLASI\u010cNIM NA\u010cINOM U\u010cENJA FRANCOSKOG<\/h2>\n<p>Klasi\u010dni, konvencionalni te\u010daj francoskog od potpunog po\u010detnika do razine B2 (op\u0107a gimnazijska matura) predvi\u0111a 800 \u0161kolskih sati, KARNIONOV 200, a \u0161kolski sustav 1.074 \u0161kolska sata.<\/p>\n<p>\n<table id=\"tablepress-6\" class=\"tablepress tablepress-id-6\">\n<thead>\n<tr class=\"row-1 odd\">\n\t<th class=\"column-1\">&nbsp;<\/th><th colspan=\"2\" class=\"column-2\">Karnion 8 sati\/dan (jedna osoba)<\/th><th colspan=\"2\" class=\"column-4\">Ostali (konvencionalne metode) 2x3 sata\/tjedan (3 do 12 osoba)<\/th>\n<\/tr>\n<\/thead>\n<tbody class=\"row-hover\">\n<tr class=\"row-2 even\">\n\t<td class=\"column-1\"><\/td><td class=\"column-2\">broj sati<\/td><td class=\"column-3\">broj tjedana<\/td><td class=\"column-4\">broj sati<\/td><td class=\"column-5\">broj tjedana<\/td>\n<\/tr>\n<tr class=\"row-3 odd\">\n\t<td class=\"column-1\">A1<\/td><td class=\"column-2\">40<\/td><td class=\"column-3\">1<\/td><td class=\"column-4\">200<\/td><td class=\"column-5\">33<\/td>\n<\/tr>\n<tr class=\"row-4 even\">\n\t<td class=\"column-1\">A2<\/td><td class=\"column-2\">80<\/td><td class=\"column-3\">2<\/td><td class=\"column-4\">100<\/td><td class=\"column-5\">17<\/td>\n<\/tr>\n<tr class=\"row-5 odd\">\n\t<td class=\"column-1\">B1<\/td><td class=\"column-2\">40<\/td><td class=\"column-3\">1<\/td><td class=\"column-4\">200<\/td><td class=\"column-5\">33<\/td>\n<\/tr>\n<tr class=\"row-6 even\">\n\t<td class=\"column-1\">B2<\/td><td class=\"column-2\">40<\/td><td class=\"column-3\">1<\/td><td class=\"column-4\">300<\/td><td class=\"column-5\">50<\/td>\n<\/tr>\n<tr class=\"row-7 odd\">\n\t<td class=\"column-1\">\u03a3<\/td><td class=\"column-2\">200<\/td><td class=\"column-3\">5<\/td><td class=\"column-4\">800<\/td><td class=\"column-5\">133<\/td>\n<\/tr>\n<\/tbody>\n<\/table>\n<!-- #tablepress-6 from cache --><br \/>\n<hr class=\"no_line\" style=\"margin: 0 auto 15px;\"\/>\n<\/p>\n<h2>TE\u010cAJ FRANCUSKOG ZA PO\u010cETNIKE<\/h2>\n<p>Francuski je jedinstven i izvanredno lijep jezik za slu\u0161anje, ali mnogi ga se upla\u0161e zbog izgovora i pisanja. Po\u0161to superlearning Karnion temelji na slu\u0161anju u dubokom stanju svjesnosti i na trenuta\u010dnoj uporabi slu\u0161anog sadr\u017eaja, minimalno \u0107ete se mu\u010diti pisanjem i \u010ditanjem.<\/p>\n<p>Nakon 40 \u0161kolskih sati mo\u0107i \u0107ete se ve\u0107 sporazumijevati u osnovnim situacijama. Ujedno \u0107emo na va\u0161u \u017eelju pripremiti i specifi\u010dne sadr\u017eaje.<\/p>\n<p><img loading=\"lazy\" decoding=\"async\" class=\"wp-image-707 size-full aligncenter\" src=\"https:\/\/www.karnion.si\/wp-content\/uploads\/2017\/03\/francoscina-01.jpg\" alt=\"Ambijent Karnin\" width=\"800\" height=\"400\" srcset=\"https:\/\/www.karnion.si\/wp-content\/uploads\/2017\/03\/francoscina-01.jpg 800w, https:\/\/www.karnion.si\/wp-content\/uploads\/2017\/03\/francoscina-01-300x150.jpg 300w, https:\/\/www.karnion.si\/wp-content\/uploads\/2017\/03\/francoscina-01-768x384.jpg 768w, https:\/\/www.karnion.si\/wp-content\/uploads\/2017\/03\/francoscina-01-260x130.jpg 260w, https:\/\/www.karnion.si\/wp-content\/uploads\/2017\/03\/francoscina-01-50x25.jpg 50w, https:\/\/www.karnion.si\/wp-content\/uploads\/2017\/03\/francoscina-01-150x75.jpg 150w\" sizes=\"auto, (max-width: 800px) 100vw, 800px\" \/><\/p>\n<hr class=\"no_line\" style=\"margin: 0 auto 15px;\"\/>\n\n<h2>TE\u010cAJ POSLOVNOG FRANCUSKOG<\/h2>\n<p>Kako su Francuzi u govoru stranih jezika podosta \u0161krti te stoga, \u017eelimo li dobro poslovati s njima, moramo znati i poslovni francuski.<\/p>\n<p>U Karnionu vam pripremamo potpuno individualizirani program, gdje ve\u0107 do razine A2 u\u010dite sadr\u017eaje koji \u0107e vam trebati u poslu.<\/p>\n<hr class=\"no_line\" style=\"margin: 0 auto 15px;\"\/>\n\n<h2>TE\u010cAJ FRANCUSKOG KAO PRIPREMA ZA ISPIT<\/h2>\n<p>Kao i za ostale jezike, nudimo razli\u010dite pripreme za me\u0111unarodne ispite iz francuskog jezika.<\/p>\n<p><img loading=\"lazy\" decoding=\"async\" class=\"size-full wp-image-758 aligncenter\" src=\"https:\/\/www.karnion.si\/wp-content\/uploads\/2017\/03\/DSC_0814_03.jpg\" alt=\"Ambijent\" width=\"800\" height=\"379\" srcset=\"https:\/\/www.karnion.si\/wp-content\/uploads\/2017\/03\/DSC_0814_03.jpg 800w, https:\/\/www.karnion.si\/wp-content\/uploads\/2017\/03\/DSC_0814_03-300x142.jpg 300w, https:\/\/www.karnion.si\/wp-content\/uploads\/2017\/03\/DSC_0814_03-768x364.jpg 768w, https:\/\/www.karnion.si\/wp-content\/uploads\/2017\/03\/DSC_0814_03-260x123.jpg 260w, https:\/\/www.karnion.si\/wp-content\/uploads\/2017\/03\/DSC_0814_03-50x24.jpg 50w, https:\/\/www.karnion.si\/wp-content\/uploads\/2017\/03\/DSC_0814_03-150x71.jpg 150w\" sizes=\"auto, (max-width: 800px) 100vw, 800px\" \/><\/p>\n<p>U prekrasnom ambijentu s fantasti\u010dnim pogledom osje\u0107at \u0107ete se kao da ste u sredi\u0161tu Provanse.<\/p>\n<p>&nbsp;<\/p>\n<hr class=\"no_line\" style=\"margin: 0 auto 50px;\"\/>\n\n","protected":false},"excerpt":{"rendered":"<p>TE\u010cAJ FRANCUSKOG PO METODI SUPELEARNING KARNION Ve\u0107 godina priznata i visoko cijenjena metoda sastoji se iz kombinacije slu\u0161anja u alfa stanju (u kojem sadr\u017eaje memoriramo 4x<span class=\"excerpt-hellip\"> [\u2026]<\/span><\/p>\n","protected":false},"author":1,"featured_media":54449,"parent":0,"menu_order":0,"comment_status":"closed","ping_status":"closed","template":"","meta":{"footnotes":""},"class_list":["post-1055","page","type-page","status-publish","has-post-thumbnail","hentry"],"yoast_head":"<!-- This site is optimized with the Yoast SEO plugin v26.6 - https:\/\/yoast.com\/wordpress\/plugins\/seo\/ -->\n<title>Te\u010daj francuskog - Karnion<\/title>\n<meta name=\"description\" content=\"Te\u010daj franco\u0161\u010dine po metodi Superlearning Karnion. Do znanja tujega jezika vas popeljemo kar 4x hitreje, za vas pa lahko skrbi kar 7 strokovnjakov.\" \/>\n<meta name=\"robots\" content=\"index, follow, max-snippet:-1, max-image-preview:large, max-video-preview:-1\" \/>\n<link rel=\"canonical\" href=\"https:\/\/www.karnion.si\/hr\/tecaj-francuskog\/\" \/>\n<meta property=\"og:locale\" content=\"hr_HR\" \/>\n<meta property=\"og:type\" content=\"article\" \/>\n<meta property=\"og:title\" content=\"Te\u010daj francuskog - Karnion\" \/>\n<meta property=\"og:description\" content=\"Te\u010daj franco\u0161\u010dine po metodi Superlearning Karnion. Do znanja tujega jezika vas popeljemo kar 4x hitreje, za vas pa lahko skrbi kar 7 strokovnjakov.\" \/>\n<meta property=\"og:url\" content=\"https:\/\/www.karnion.si\/hr\/tecaj-francuskog\/\" \/>\n<meta property=\"og:site_name\" content=\"Karnion\" \/>\n<meta property=\"article:publisher\" content=\"https:\/\/www.facebook.com\/Karnion-105369326222192\/\" \/>\n<meta property=\"article:modified_time\" content=\"2026-03-26T14:03:55+00:00\" \/>\n<meta property=\"og:image\" content=\"https:\/\/www.karnion.si\/wp-content\/uploads\/2019\/03\/francoscina-banner.jpg\" \/>\n\t<meta property=\"og:image:width\" content=\"1920\" \/>\n\t<meta property=\"og:image:height\" content=\"941\" \/>\n\t<meta property=\"og:image:type\" content=\"image\/jpeg\" \/>\n<meta name=\"twitter:card\" content=\"summary_large_image\" \/>\n<meta name=\"twitter:site\" content=\"@KarnionDoo\" \/>\n<meta name=\"twitter:label1\" content=\"Est. reading time\" \/>\n\t<meta name=\"twitter:data1\" content=\"3 minutes\" \/>\n<script type=\"application\/ld+json\" class=\"yoast-schema-graph\">{\"@context\":\"https:\/\/schema.org\",\"@graph\":[{\"@type\":\"WebPage\",\"@id\":\"https:\/\/www.karnion.si\/hr\/tecaj-francuskog\/\",\"url\":\"https:\/\/www.karnion.si\/hr\/tecaj-francuskog\/\",\"name\":\"Te\u010daj francuskog - Karnion\",\"isPartOf\":{\"@id\":\"https:\/\/www.karnion.si\/hr\/#website\"},\"primaryImageOfPage\":{\"@id\":\"https:\/\/www.karnion.si\/hr\/tecaj-francuskog\/#primaryimage\"},\"image\":{\"@id\":\"https:\/\/www.karnion.si\/hr\/tecaj-francuskog\/#primaryimage\"},\"thumbnailUrl\":\"https:\/\/www.karnion.si\/wp-content\/uploads\/2019\/03\/francoscina-banner.jpg\",\"datePublished\":\"2017-07-11T05:33:17+00:00\",\"dateModified\":\"2026-03-26T14:03:55+00:00\",\"description\":\"Te\u010daj franco\u0161\u010dine po metodi Superlearning Karnion. Do znanja tujega jezika vas popeljemo kar 4x hitreje, za vas pa lahko skrbi kar 7 strokovnjakov.\",\"breadcrumb\":{\"@id\":\"https:\/\/www.karnion.si\/hr\/tecaj-francuskog\/#breadcrumb\"},\"inLanguage\":\"hr-HR\",\"potentialAction\":[{\"@type\":\"ReadAction\",\"target\":[\"https:\/\/www.karnion.si\/hr\/tecaj-francuskog\/\"]}]},{\"@type\":\"ImageObject\",\"inLanguage\":\"hr-HR\",\"@id\":\"https:\/\/www.karnion.si\/hr\/tecaj-francuskog\/#primaryimage\",\"url\":\"https:\/\/www.karnion.si\/wp-content\/uploads\/2019\/03\/francoscina-banner.jpg\",\"contentUrl\":\"https:\/\/www.karnion.si\/wp-content\/uploads\/2019\/03\/francoscina-banner.jpg\",\"width\":1920,\"height\":941},{\"@type\":\"BreadcrumbList\",\"@id\":\"https:\/\/www.karnion.si\/hr\/tecaj-francuskog\/#breadcrumb\",\"itemListElement\":[{\"@type\":\"ListItem\",\"position\":1,\"name\":\"Domov\",\"item\":\"https:\/\/www.karnion.si\/hr\/\"},{\"@type\":\"ListItem\",\"position\":2,\"name\":\"Te\u010daj francuskog\"}]},{\"@type\":\"WebSite\",\"@id\":\"https:\/\/www.karnion.si\/hr\/#website\",\"url\":\"https:\/\/www.karnion.si\/hr\/\",\"name\":\"Karnion\",\"description\":\"Pravo znanje za odli\u010dnost v tretjem tiso\u010dletju\",\"potentialAction\":[{\"@type\":\"SearchAction\",\"target\":{\"@type\":\"EntryPoint\",\"urlTemplate\":\"https:\/\/www.karnion.si\/hr\/?s={search_term_string}\"},\"query-input\":{\"@type\":\"PropertyValueSpecification\",\"valueRequired\":true,\"valueName\":\"search_term_string\"}}],\"inLanguage\":\"hr-HR\"}]}<\/script>\n<!-- \/ Yoast SEO plugin. -->","yoast_head_json":{"title":"Te\u010daj francuskog - Karnion","description":"Te\u010daj franco\u0161\u010dine po metodi Superlearning Karnion. Do znanja tujega jezika vas popeljemo kar 4x hitreje, za vas pa lahko skrbi kar 7 strokovnjakov.","robots":{"index":"index","follow":"follow","max-snippet":"max-snippet:-1","max-image-preview":"max-image-preview:large","max-video-preview":"max-video-preview:-1"},"canonical":"https:\/\/www.karnion.si\/hr\/tecaj-francuskog\/","og_locale":"hr_HR","og_type":"article","og_title":"Te\u010daj francuskog - Karnion","og_description":"Te\u010daj franco\u0161\u010dine po metodi Superlearning Karnion. Do znanja tujega jezika vas popeljemo kar 4x hitreje, za vas pa lahko skrbi kar 7 strokovnjakov.","og_url":"https:\/\/www.karnion.si\/hr\/tecaj-francuskog\/","og_site_name":"Karnion","article_publisher":"https:\/\/www.facebook.com\/Karnion-105369326222192\/","article_modified_time":"2026-03-26T14:03:55+00:00","og_image":[{"width":1920,"height":941,"url":"https:\/\/www.karnion.si\/wp-content\/uploads\/2019\/03\/francoscina-banner.jpg","type":"image\/jpeg"}],"twitter_card":"summary_large_image","twitter_site":"@KarnionDoo","twitter_misc":{"Est. reading time":"3 minutes"},"schema":{"@context":"https:\/\/schema.org","@graph":[{"@type":"WebPage","@id":"https:\/\/www.karnion.si\/hr\/tecaj-francuskog\/","url":"https:\/\/www.karnion.si\/hr\/tecaj-francuskog\/","name":"Te\u010daj francuskog - Karnion","isPartOf":{"@id":"https:\/\/www.karnion.si\/hr\/#website"},"primaryImageOfPage":{"@id":"https:\/\/www.karnion.si\/hr\/tecaj-francuskog\/#primaryimage"},"image":{"@id":"https:\/\/www.karnion.si\/hr\/tecaj-francuskog\/#primaryimage"},"thumbnailUrl":"https:\/\/www.karnion.si\/wp-content\/uploads\/2019\/03\/francoscina-banner.jpg","datePublished":"2017-07-11T05:33:17+00:00","dateModified":"2026-03-26T14:03:55+00:00","description":"Te\u010daj franco\u0161\u010dine po metodi Superlearning Karnion. Do znanja tujega jezika vas popeljemo kar 4x hitreje, za vas pa lahko skrbi kar 7 strokovnjakov.","breadcrumb":{"@id":"https:\/\/www.karnion.si\/hr\/tecaj-francuskog\/#breadcrumb"},"inLanguage":"hr-HR","potentialAction":[{"@type":"ReadAction","target":["https:\/\/www.karnion.si\/hr\/tecaj-francuskog\/"]}]},{"@type":"ImageObject","inLanguage":"hr-HR","@id":"https:\/\/www.karnion.si\/hr\/tecaj-francuskog\/#primaryimage","url":"https:\/\/www.karnion.si\/wp-content\/uploads\/2019\/03\/francoscina-banner.jpg","contentUrl":"https:\/\/www.karnion.si\/wp-content\/uploads\/2019\/03\/francoscina-banner.jpg","width":1920,"height":941},{"@type":"BreadcrumbList","@id":"https:\/\/www.karnion.si\/hr\/tecaj-francuskog\/#breadcrumb","itemListElement":[{"@type":"ListItem","position":1,"name":"Domov","item":"https:\/\/www.karnion.si\/hr\/"},{"@type":"ListItem","position":2,"name":"Te\u010daj francuskog"}]},{"@type":"WebSite","@id":"https:\/\/www.karnion.si\/hr\/#website","url":"https:\/\/www.karnion.si\/hr\/","name":"Karnion","description":"Pravo znanje za odli\u010dnost v tretjem tiso\u010dletju","potentialAction":[{"@type":"SearchAction","target":{"@type":"EntryPoint","urlTemplate":"https:\/\/www.karnion.si\/hr\/?s={search_term_string}"},"query-input":{"@type":"PropertyValueSpecification","valueRequired":true,"valueName":"search_term_string"}}],"inLanguage":"hr-HR"}]}},"_links":{"self":[{"href":"https:\/\/www.karnion.si\/hr\/wp-json\/wp\/v2\/pages\/1055","targetHints":{"allow":["GET"]}}],"collection":[{"href":"https:\/\/www.karnion.si\/hr\/wp-json\/wp\/v2\/pages"}],"about":[{"href":"https:\/\/www.karnion.si\/hr\/wp-json\/wp\/v2\/types\/page"}],"author":[{"embeddable":true,"href":"https:\/\/www.karnion.si\/hr\/wp-json\/wp\/v2\/users\/1"}],"replies":[{"embeddable":true,"href":"https:\/\/www.karnion.si\/hr\/wp-json\/wp\/v2\/comments?post=1055"}],"version-history":[{"count":2,"href":"https:\/\/www.karnion.si\/hr\/wp-json\/wp\/v2\/pages\/1055\/revisions"}],"predecessor-version":[{"id":54557,"href":"https:\/\/www.karnion.si\/hr\/wp-json\/wp\/v2\/pages\/1055\/revisions\/54557"}],"wp:featuredmedia":[{"embeddable":true,"href":"https:\/\/www.karnion.si\/hr\/wp-json\/wp\/v2\/media\/54449"}],"wp:attachment":[{"href":"https:\/\/www.karnion.si\/hr\/wp-json\/wp\/v2\/media?parent=1055"}],"curies":[{"name":"wp","href":"https:\/\/api.w.org\/{rel}","templated":true}]}}