{"id":1035,"date":"2017-07-10T13:29:55","date_gmt":"2017-07-10T11:29:55","guid":{"rendered":"http:\/\/www.karnion.si\/dialogica\/"},"modified":"2017-11-09T16:38:42","modified_gmt":"2017-11-09T15:38:42","slug":"dialogica","status":"publish","type":"page","link":"https:\/\/www.karnion.si\/it\/dialogica\/","title":{"rendered":"Dialogica"},"content":{"rendered":"<h2>DIALOGICA \u2013 IL LINGUAGGIO DELL&#8217;ASSUNZIONE DI RESPONSABILIT\u00c0 E DELLA COMUNICAZIONE SOFISTICATA NEGLI AFFARI<\/h2>\n<p>\u00bbSono pienamente soddisfatto dei programmi offerti dalla Karnion. Sono di qualit\u00e0 che da dei risultati di lavoro concreti. Se avessi conosciuto la Dialogica prima sarei diventato manager prima e in modo pi\u00f9 facile.\u00ab<br \/>\n<em>Zdravko Po\u010dival\u0161ek &#8211; Attuale Ministro dell&#8217;Economia, ex direttore delle Terme Olimia e Manager dell&#8217;anno 2011 in Slovenia.<\/em><\/p>\n<p>In 10 anni sotto la sua direzione il fatturato \u00e8 cresciuto di 3 volte, il valore aggiuntivo pari a 43.000 \u20ac per dipendente invece supera la media stabilita per questo ramo di industria.<br \/>\n<hr class=\"no_line\" style=\"margin: 0 auto 20px;\"\/>\n<\/p>\n<h2>L&#8217;OBIETTIVO DELL&#8217;ACCADEMA<\/h2>\n<p>Trasmettere le conoscenze riguardanti la gestione e l&#8217;autogestione, della realizzazione personale olistica e dell&#8217;assunzione di una sana responsabilit\u00e0. Le fonti da cui prendiamo spunto sono quattro, si tratta di quattro scuole pi\u00f9 affermate al livello mondiale di gestione e di autogestione e di motivazione per la realizzazione personale olistica:<\/p>\n<ol>\n<li>La scuola della Gestalt<\/li>\n<li>La scuola della realt\u00e0 (Glasser)<\/li>\n<li>La scuola cognitiva comportamentale <\/li>\n<li>L&#8217;analisi transazionale <\/li>\n<\/ol>\n<hr class=\"no_line\" style=\"margin: 0 auto 20px;\"\/>\n\n<h2>IL GRUPPO TARGET<\/h2>\n<p>Finora il programma veniva eseguito esclusivamente per gruppi di gestione privati di un\u2019azienda. Il nuovo formato del programma sar\u00e0 disponibile a tutti quelli che sono interessati ai contenuti previsti. Il programma concepito per i coach invece sar\u00e0 riservato solo agli studenti migliori del programma originale che comprende 96 ore di lezioni.<\/p>\n<p>Il programma per i coach di Dialogica \u00e8 un corso di specializzazione e comprende 350 ore di lezioni.<\/p>\n<p><img loading=\"lazy\" decoding=\"async\" class=\"aligncenter wp-image-656 size-full\" src=\"https:\/\/www.karnion.si\/wp-content\/uploads\/2017\/03\/dialogika01.jpg\" alt=\"Dialogica Karnion\" width=\"800\" height=\"400\" srcset=\"https:\/\/www.karnion.si\/wp-content\/uploads\/2017\/03\/dialogika01.jpg 800w, https:\/\/www.karnion.si\/wp-content\/uploads\/2017\/03\/dialogika01-300x150.jpg 300w, https:\/\/www.karnion.si\/wp-content\/uploads\/2017\/03\/dialogika01-768x384.jpg 768w, https:\/\/www.karnion.si\/wp-content\/uploads\/2017\/03\/dialogika01-260x130.jpg 260w, https:\/\/www.karnion.si\/wp-content\/uploads\/2017\/03\/dialogika01-50x25.jpg 50w, https:\/\/www.karnion.si\/wp-content\/uploads\/2017\/03\/dialogika01-150x75.jpg 150w\" sizes=\"auto, (max-width: 800px) 100vw, 800px\" \/><br \/>\n<hr class=\"no_line\" style=\"margin: 0 auto 20px;\"\/>\n<\/p>\n<h2>FORME E METODI<\/h2>\n<p>Il corso si basa sull&#8217;apprendimento esperienziale. Prende la forma di workshop, di lavoro in gruppo, con esercizi, soluzione di problemi, analisi dei casi, gioco di ruolo, presentazioni, ecc.<\/p>\n<p>I metodi di lavoro utilizzati dagli esperti per la crescita personale invece sono soprattutto il metodo del discorso e metodi di lavoro con l\u2019aiuto del materiale video, c&#8217;\u00e8 per\u00f2 anche una parte del metodo base, la spiegazione. Con ogni nuovo argomento, in questo modo, gli studenti di dialogica hanno la possibilit\u00e0 di intravedere la situazione nella loro azienda o in un altro gruppo di cui fanno parte e di cercare la soluzione ai problemi che si pongono.<\/p>\n<p><strong>Metodolo\u0161ki prikaz treninga dialogike za zaklju\u010dene skupine v isti organizaciji (32-ur):<\/strong><\/p>\n<ol>\n<li>Pred treningom se trener &#8211; vodja delavnice sre\u010da z vsakim udele\u017eencem delavnice, da ga osebno spozna, oceni njegovo osebnostno inteligenco in njegove osebnostne zna\u010dilnosti. V razgovoru ugotovita udele\u017een\u010deve \u017eelje, cilje in pri\u010dakovanja glede na specifi\u010den polo\u017eaj udele\u017eenca v njegovem delovnem timu.<br \/>\nPrimer: polo\u017eaj, cilji, frustracije finan\u010dnega direktorja so druga\u010dni kot pri komercialnem direktorju.<\/li>\n<li>Na samem treningu (delavnici) se udele\u017eenca ves \u010das spremlja, vodi, motivira glede na njegovo enkratno osebnost, specifi\u010den polo\u017eaj, ki ga ima v skupini (finan\u010dni direktor je voden druga\u010de kot glavni direktor ali komercialni direktor).<\/li>\n<li>Za vsakega udele\u017eenca se individualno pripravijo primeri vodenja, ki jih trenira glede na svoje neposredno podrejene sodelavce.<br \/>\nPrimer: finan\u010dni direktor vodi vodjo oddelka saldakontov in trenira kako njegovo neu\u010dinkovito vedenje spremeni s pravilnim vodenjem v u\u010dinkovito delo. Komercialni direktor pa trenira, kako vodi svoje podrejene sodelavce, ki so druga\u010dni kot pri njegovem kolegu finan\u010dnem direktorju.<\/li>\n<li>Za vsakega udele\u017eenca trener individualno pripravi povratno informacijo, glede na njegove specifi\u010dne probleme in njegov prenos teorije v prakso.<\/li>\n<li>Med treningom se izdela sociogram za vsakega udele\u017eenca individualno (njegovo mesto v skupini, kako ga do\u017eivljajo njegovi sokolegi v timu).<\/li>\n<li>Prosti koncu programa se za vsakega udele\u017eenca izdela individualna ocena na osnovi individualnega preizkusa znanja. Vsak udele\u017eenec dobi tudi individualno povratno informacijo, kako naj prena\u0161a teorijo v svojo vsakodnevno prakso.<\/li>\n<\/ol>\n<p><strong>Forme di lavoro:<\/strong><\/p>\n<ul>\n<li>Analisi dei casi<\/li>\n<li>Lavoro in coppia o in gruppo<\/li>\n<li>Lavoro con questionari<\/li>\n<li>Lavoro individuale<\/li>\n<\/ul>\n<p><strong>Obiettivi del workshop:<\/strong><\/p>\n<ul>\n<li>Identificazione dei singoli potenziali dei partecipanti<\/li>\n<li>Promuovere la creativit\u00e0, l&#8217;innovazione dei partecipanti<\/li>\n<li>Ridurre lo stress di fronte ai cambiamenti<\/li>\n<li>Miglioramento dei rapporti intrapersonali<\/li>\n<li>Sviluppo della capacit\u00e0 di comprendere, motivare e gestire i propri dipendenti<\/li>\n<\/ul>\n<p><img loading=\"lazy\" decoding=\"async\" class=\"aligncenter wp-image-657 size-full\" src=\"https:\/\/www.karnion.si\/wp-content\/uploads\/2017\/03\/dialogika02.jpg\" alt=\"Workshop\" width=\"800\" height=\"400\" srcset=\"https:\/\/www.karnion.si\/wp-content\/uploads\/2017\/03\/dialogika02.jpg 800w, https:\/\/www.karnion.si\/wp-content\/uploads\/2017\/03\/dialogika02-300x150.jpg 300w, https:\/\/www.karnion.si\/wp-content\/uploads\/2017\/03\/dialogika02-768x384.jpg 768w, https:\/\/www.karnion.si\/wp-content\/uploads\/2017\/03\/dialogika02-260x130.jpg 260w, https:\/\/www.karnion.si\/wp-content\/uploads\/2017\/03\/dialogika02-50x25.jpg 50w, https:\/\/www.karnion.si\/wp-content\/uploads\/2017\/03\/dialogika02-150x75.jpg 150w\" sizes=\"auto, (max-width: 800px) 100vw, 800px\" \/><hr class=\"no_line\" style=\"margin: 0 auto 20px;\"\/>\n<\/p>\n<h2>QUALI SONO I BENEFICI DEL CORSO DI DIALOGICA OSSIA DEL LINGUAGGIO DELL&#8217;ASSUNZIONE DELLA RESPONSABILIT\u00c0?<\/h2>\n<p><strong>Per i gruppi all&#8217;interno di un&#8217;organizzazione:<\/strong><\/p>\n<ul>\n<li>Le vostre riunioni collegiali sono pi\u00f9 brevi,<\/li>\n<li>I rapporti intrapersonali sono pi\u00f9 piacevoli,<\/li>\n<li>Le regole di comunicazione nel gruppo sono chiare,<\/li>\n<li>Il clima nel team \u00e8 creativo e innovativo,<\/li>\n<li>Si cercano soluzioni ai problemi piuttosto che gli errori e i colpevoli,<\/li>\n<li>Siete provvisti di un approccio professionale efficace per i soci d&#8217;affari stranieri pi\u00f9 esigenti,<\/li>\n<li>Siete in grado di venire ai compromessi, di cercare soluzioni comuni e di negoziare,<\/li>\n<li>Sapete come costruire una sana responsabilit\u00e0 al lavoro e nella vita,<\/li>\n<li>Avete competenze pragmatiche di psicologia sapete come usarle nella prassi.<\/li>\n<\/ul>\n<p><strong>Per i gruppi di studio:<\/strong><\/p>\n<ul>\n<li>Avete competenze di gestione e di autogestione,<\/li>\n<li>Sapete come autorealizzarvi \u2013 fate quello che vi piace fare e nel frattempo vi realizzante personalmente,<\/li>\n<li>Sapete motivare se stessi e gli altri per raggiungere gli obiettivi in modo efficace,<\/li>\n<li>Sapete come creare una sana responsabilit\u00e0 al lavoro e nella vita,<\/li>\n<li>Avete competenze pragmatiche di psicologia e sapete come usarle nella prassi.<\/li>\n<\/ul>\n<hr class=\"no_line\" style=\"margin: 0 auto 50px;\"\/>\n\n","protected":false},"excerpt":{"rendered":"<p>DIALOGICA \u2013 IL LINGUAGGIO DELL&#8217;ASSUNZIONE DI RESPONSABILIT\u00c0 E DELLA COMUNICAZIONE SOFISTICATA NEGLI AFFARI \u00bbSono pienamente soddisfatto dei programmi offerti dalla Karnion. Sono di qualit\u00e0 che da<span class=\"excerpt-hellip\"> [\u2026]<\/span><\/p>\n","protected":false},"author":1,"featured_media":54535,"parent":0,"menu_order":0,"comment_status":"closed","ping_status":"closed","template":"","meta":{"footnotes":""},"class_list":["post-1035","page","type-page","status-publish","has-post-thumbnail","hentry"],"yoast_head":"<!-- This site is optimized with the Yoast SEO plugin v26.6 - https:\/\/yoast.com\/wordpress\/plugins\/seo\/ -->\n<title>Dialogica - Karnion<\/title>\n<meta name=\"robots\" content=\"index, follow, max-snippet:-1, max-image-preview:large, max-video-preview:-1\" \/>\n<link rel=\"canonical\" href=\"https:\/\/www.karnion.si\/it\/dialogica\/\" \/>\n<meta property=\"og:locale\" content=\"it_IT\" \/>\n<meta property=\"og:type\" content=\"article\" \/>\n<meta property=\"og:title\" content=\"Dialogica - Karnion\" \/>\n<meta property=\"og:description\" content=\"DIALOGICA \u2013 IL LINGUAGGIO DELL&#8217;ASSUNZIONE DI RESPONSABILIT\u00c0 E DELLA COMUNICAZIONE SOFISTICATA NEGLI AFFARI \u00bbSono pienamente soddisfatto dei programmi offerti dalla Karnion. Sono di qualit\u00e0 che da [\u2026]\" \/>\n<meta property=\"og:url\" content=\"https:\/\/www.karnion.si\/it\/dialogica\/\" \/>\n<meta property=\"og:site_name\" content=\"Karnion\" \/>\n<meta property=\"article:publisher\" content=\"https:\/\/www.facebook.com\/Karnion-105369326222192\/\" \/>\n<meta property=\"article:modified_time\" content=\"2017-11-09T15:38:42+00:00\" \/>\n<meta property=\"og:image\" content=\"https:\/\/www.karnion.si\/wp-content\/uploads\/2017\/03\/dialogika_banner_05.jpg\" \/>\n\t<meta property=\"og:image:width\" content=\"1920\" \/>\n\t<meta property=\"og:image:height\" content=\"941\" \/>\n\t<meta property=\"og:image:type\" content=\"image\/jpeg\" \/>\n<meta name=\"twitter:card\" content=\"summary_large_image\" \/>\n<meta name=\"twitter:site\" content=\"@KarnionDoo\" \/>\n<meta name=\"twitter:label1\" content=\"Tempo di lettura stimato\" \/>\n\t<meta name=\"twitter:data1\" content=\"4 minuti\" \/>\n<script type=\"application\/ld+json\" class=\"yoast-schema-graph\">{\"@context\":\"https:\/\/schema.org\",\"@graph\":[{\"@type\":\"WebPage\",\"@id\":\"https:\/\/www.karnion.si\/it\/dialogica\/\",\"url\":\"https:\/\/www.karnion.si\/it\/dialogica\/\",\"name\":\"Dialogica - Karnion\",\"isPartOf\":{\"@id\":\"https:\/\/www.karnion.si\/it\/#website\"},\"primaryImageOfPage\":{\"@id\":\"https:\/\/www.karnion.si\/it\/dialogica\/#primaryimage\"},\"image\":{\"@id\":\"https:\/\/www.karnion.si\/it\/dialogica\/#primaryimage\"},\"thumbnailUrl\":\"https:\/\/www.karnion.si\/wp-content\/uploads\/2017\/03\/dialogika_banner_05.jpg\",\"datePublished\":\"2017-07-10T11:29:55+00:00\",\"dateModified\":\"2017-11-09T15:38:42+00:00\",\"breadcrumb\":{\"@id\":\"https:\/\/www.karnion.si\/it\/dialogica\/#breadcrumb\"},\"inLanguage\":\"it-IT\",\"potentialAction\":[{\"@type\":\"ReadAction\",\"target\":[\"https:\/\/www.karnion.si\/it\/dialogica\/\"]}]},{\"@type\":\"ImageObject\",\"inLanguage\":\"it-IT\",\"@id\":\"https:\/\/www.karnion.si\/it\/dialogica\/#primaryimage\",\"url\":\"https:\/\/www.karnion.si\/wp-content\/uploads\/2017\/03\/dialogika_banner_05.jpg\",\"contentUrl\":\"https:\/\/www.karnion.si\/wp-content\/uploads\/2017\/03\/dialogika_banner_05.jpg\",\"width\":1920,\"height\":941,\"caption\":\"Naslovna slika\"},{\"@type\":\"BreadcrumbList\",\"@id\":\"https:\/\/www.karnion.si\/it\/dialogica\/#breadcrumb\",\"itemListElement\":[{\"@type\":\"ListItem\",\"position\":1,\"name\":\"Domov\",\"item\":\"https:\/\/www.karnion.si\/it\/\"},{\"@type\":\"ListItem\",\"position\":2,\"name\":\"Dialogica\"}]},{\"@type\":\"WebSite\",\"@id\":\"https:\/\/www.karnion.si\/it\/#website\",\"url\":\"https:\/\/www.karnion.si\/it\/\",\"name\":\"Karnion\",\"description\":\"Pravo znanje za odli\u010dnost v tretjem tiso\u010dletju\",\"potentialAction\":[{\"@type\":\"SearchAction\",\"target\":{\"@type\":\"EntryPoint\",\"urlTemplate\":\"https:\/\/www.karnion.si\/it\/?s={search_term_string}\"},\"query-input\":{\"@type\":\"PropertyValueSpecification\",\"valueRequired\":true,\"valueName\":\"search_term_string\"}}],\"inLanguage\":\"it-IT\"}]}<\/script>\n<!-- \/ Yoast SEO plugin. -->","yoast_head_json":{"title":"Dialogica - Karnion","robots":{"index":"index","follow":"follow","max-snippet":"max-snippet:-1","max-image-preview":"max-image-preview:large","max-video-preview":"max-video-preview:-1"},"canonical":"https:\/\/www.karnion.si\/it\/dialogica\/","og_locale":"it_IT","og_type":"article","og_title":"Dialogica - Karnion","og_description":"DIALOGICA \u2013 IL LINGUAGGIO DELL&#8217;ASSUNZIONE DI RESPONSABILIT\u00c0 E DELLA COMUNICAZIONE SOFISTICATA NEGLI AFFARI \u00bbSono pienamente soddisfatto dei programmi offerti dalla Karnion. Sono di qualit\u00e0 che da [\u2026]","og_url":"https:\/\/www.karnion.si\/it\/dialogica\/","og_site_name":"Karnion","article_publisher":"https:\/\/www.facebook.com\/Karnion-105369326222192\/","article_modified_time":"2017-11-09T15:38:42+00:00","og_image":[{"width":1920,"height":941,"url":"https:\/\/www.karnion.si\/wp-content\/uploads\/2017\/03\/dialogika_banner_05.jpg","type":"image\/jpeg"}],"twitter_card":"summary_large_image","twitter_site":"@KarnionDoo","twitter_misc":{"Tempo di lettura stimato":"4 minuti"},"schema":{"@context":"https:\/\/schema.org","@graph":[{"@type":"WebPage","@id":"https:\/\/www.karnion.si\/it\/dialogica\/","url":"https:\/\/www.karnion.si\/it\/dialogica\/","name":"Dialogica - Karnion","isPartOf":{"@id":"https:\/\/www.karnion.si\/it\/#website"},"primaryImageOfPage":{"@id":"https:\/\/www.karnion.si\/it\/dialogica\/#primaryimage"},"image":{"@id":"https:\/\/www.karnion.si\/it\/dialogica\/#primaryimage"},"thumbnailUrl":"https:\/\/www.karnion.si\/wp-content\/uploads\/2017\/03\/dialogika_banner_05.jpg","datePublished":"2017-07-10T11:29:55+00:00","dateModified":"2017-11-09T15:38:42+00:00","breadcrumb":{"@id":"https:\/\/www.karnion.si\/it\/dialogica\/#breadcrumb"},"inLanguage":"it-IT","potentialAction":[{"@type":"ReadAction","target":["https:\/\/www.karnion.si\/it\/dialogica\/"]}]},{"@type":"ImageObject","inLanguage":"it-IT","@id":"https:\/\/www.karnion.si\/it\/dialogica\/#primaryimage","url":"https:\/\/www.karnion.si\/wp-content\/uploads\/2017\/03\/dialogika_banner_05.jpg","contentUrl":"https:\/\/www.karnion.si\/wp-content\/uploads\/2017\/03\/dialogika_banner_05.jpg","width":1920,"height":941,"caption":"Naslovna slika"},{"@type":"BreadcrumbList","@id":"https:\/\/www.karnion.si\/it\/dialogica\/#breadcrumb","itemListElement":[{"@type":"ListItem","position":1,"name":"Domov","item":"https:\/\/www.karnion.si\/it\/"},{"@type":"ListItem","position":2,"name":"Dialogica"}]},{"@type":"WebSite","@id":"https:\/\/www.karnion.si\/it\/#website","url":"https:\/\/www.karnion.si\/it\/","name":"Karnion","description":"Pravo znanje za odli\u010dnost v tretjem tiso\u010dletju","potentialAction":[{"@type":"SearchAction","target":{"@type":"EntryPoint","urlTemplate":"https:\/\/www.karnion.si\/it\/?s={search_term_string}"},"query-input":{"@type":"PropertyValueSpecification","valueRequired":true,"valueName":"search_term_string"}}],"inLanguage":"it-IT"}]}},"_links":{"self":[{"href":"https:\/\/www.karnion.si\/it\/wp-json\/wp\/v2\/pages\/1035","targetHints":{"allow":["GET"]}}],"collection":[{"href":"https:\/\/www.karnion.si\/it\/wp-json\/wp\/v2\/pages"}],"about":[{"href":"https:\/\/www.karnion.si\/it\/wp-json\/wp\/v2\/types\/page"}],"author":[{"embeddable":true,"href":"https:\/\/www.karnion.si\/it\/wp-json\/wp\/v2\/users\/1"}],"replies":[{"embeddable":true,"href":"https:\/\/www.karnion.si\/it\/wp-json\/wp\/v2\/comments?post=1035"}],"version-history":[{"count":0,"href":"https:\/\/www.karnion.si\/it\/wp-json\/wp\/v2\/pages\/1035\/revisions"}],"wp:featuredmedia":[{"embeddable":true,"href":"https:\/\/www.karnion.si\/it\/wp-json\/wp\/v2\/media\/54535"}],"wp:attachment":[{"href":"https:\/\/www.karnion.si\/it\/wp-json\/wp\/v2\/media?parent=1035"}],"curies":[{"name":"wp","href":"https:\/\/api.w.org\/{rel}","templated":true}]}}