{"id":1036,"date":"2017-07-10T13:43:09","date_gmt":"2017-07-10T11:43:09","guid":{"rendered":"http:\/\/www.karnion.si\/centro-presentazione\/"},"modified":"2017-11-09T17:03:14","modified_gmt":"2017-11-09T16:03:14","slug":"centro-presentazione","status":"publish","type":"page","link":"https:\/\/www.karnion.si\/it\/chi-siamo\/centro-presentazione\/","title":{"rendered":"Centro presentazione"},"content":{"rendered":"<p><strong>Sicuramente vi siete gi\u00e0 chiesti in che modo potete sviluppare al massimo le vostri potenzialit\u00e0, alzare il proprio livello di coscienza, fare una cosa veramente per voi stessi.<\/strong><\/p>\n<p>Ma vi manca il tempo.<\/p>\n<p>Vi invitiamo nel nostro centro olistico Karnion, l&#8217;unico centro olistico in Slovenia, dove gi\u00e0 dal 1991 offriamo programmi per lo sviluppo olistico. Che cosa significa lo sviluppo olistico? Si tratta dello sviluppo dell&#8217;intelligenza sociale, emotiva, personale e spirituale. Per ogni individuo che intraprendere la strada dell&#8217;autorealizzazione \u00e8 una grande opportunit\u00e0 munirsi di conoscenze e sviluppare le proprie potenzialit\u00e0.<\/p>\n<p>Per raggiungere il proprio obiettivo olistico al centro Karnion ci sono tre modi, tre programmi diversi, bisogna solo scegliere: l&#8217;apprendimento rapido della lingua straniera secondo il metodo di superlearning (suggestopedico), la dialogica \u2013 il linguaggio della responsabilit\u00e0 e lo studio specialistico di psicodinamica che dura quattro anni.<br \/>\n<hr class=\"no_line\" style=\"margin: 0 auto 15px;\"\/>\n<\/p>\n<h2>Siamo l&#8217;unico centro olistico per lo sviluppo del successo personale in Slovenia<\/h2>\n<p>I partecipanti ai nostri programmi sono motivati ad autorealizzazione e al raggiungimento del successo personale olistico. <\/p>\n<p>I dirigenti provenienti sia dalla Slovenia che dall&#8217;estero vengono allenati a diventare dei leader di successo, capaci di gestire in modo efficace la propria vita e il proprio lavoro.<\/p>\n<p><img loading=\"lazy\" decoding=\"async\" class=\"aligncenter wp-image-650 size-full\" src=\"https:\/\/www.karnion.si\/wp-content\/uploads\/2017\/02\/o_nas_01.jpg\" alt=\"Centro olistico Karnion\" width=\"800\" height=\"400\" srcset=\"https:\/\/www.karnion.si\/wp-content\/uploads\/2017\/02\/o_nas_01.jpg 800w, https:\/\/www.karnion.si\/wp-content\/uploads\/2017\/02\/o_nas_01-300x150.jpg 300w, https:\/\/www.karnion.si\/wp-content\/uploads\/2017\/02\/o_nas_01-768x384.jpg 768w, https:\/\/www.karnion.si\/wp-content\/uploads\/2017\/02\/o_nas_01-260x130.jpg 260w, https:\/\/www.karnion.si\/wp-content\/uploads\/2017\/02\/o_nas_01-50x25.jpg 50w, https:\/\/www.karnion.si\/wp-content\/uploads\/2017\/02\/o_nas_01-150x75.jpg 150w\" sizes=\"auto, (max-width: 800px) 100vw, 800px\" \/><br \/>\n<hr class=\"no_line\" style=\"margin: 0 auto 15px;\"\/>\n<\/p>\n<h3>Quali sono le nostre caratteristiche<\/h3>\n<p>Noi rispettiamo il vostro tempo e denaro \u2013 sappiamo che nei giorni d&#8217;oggi il tempo vale pi\u00f9 del denaro, quindi i nostri programmi sono pensati in modo da poter acquisire conoscenze utili in tempo pi\u00f9 rapido possibile.<\/p>\n<p>Noi rispettiamo la vostra creativit\u00e0 e l&#8217;innovazione \u2013 vogliamo farvi influenzare sui contenuti dei nostri programmi e crearli insieme a voi.<\/p>\n<p>Noi rispettiamo la vostra personalit\u00e0 \u2013 l&#8217;apprendimento avviene secondo i metodi pi\u00f9 moderni con i migliori esperti.<\/p>\n<p>Noi rispettiamo il vostro bisogno di intimit\u00e0 \u2013 la possibilit\u00e0 di apprendimento individuale.<\/p>\n<p>Promuovere la vostra crescita personale, non solo acquisire nuove conoscenze e competenze, \u00e8 un importante obiettivo, dei nostri programmi.<\/p>\n<p>Rafforziamo la vostra autostima e ci sforziamo ad autorealizzarvi.<\/p>\n<p>Sappiamo come combinare il dovere con il piacere \u2013 imparare in modo rilassato in un ambiente piacevole.<\/p>\n<hr class=\"no_line\" style=\"margin: 0 auto 15px;\"\/>\n\n<h3>Obiettivi e risorse<\/h3>\n<p>Lo sviluppo dei partecipanti in individui olistici di successo che sono in grado di gestire in modo efficace la propria vita e il proprio lavoro.<\/p>\n<p>L\u2019incremento dell&#8217;intelligenza personale, emotiva e spirituale, del successo personale e professionale nonch\u00e9 del livello di consapevolezza.<\/p>\n<p>La diffusione della cultura della comunicazione vera e del dialogo civile.<br \/>\n<hr class=\"no_line\" style=\"margin: 0 auto 15px;\"\/>\n<\/p>\n<h3>La nostra strategia<\/h3>\n<p>Ai manager e ai futuri manager offriamo sostegno personale e consulenza individuale nella gestione.<\/p>\n<p>Prontamente stabiliamo i bisogni, le esigenze e i motivi del nostro gruppo target conseguiti da  soluzioni flessibili in tempo breve.<br \/>\n<img loading=\"lazy\" decoding=\"async\" class=\"aligncenter size-full wp-image-652\" src=\"https:\/\/www.karnion.si\/wp-content\/uploads\/2017\/02\/o_nas_02.jpg\" alt=\"Strategia\" width=\"800\" height=\"400\" srcset=\"https:\/\/www.karnion.si\/wp-content\/uploads\/2017\/02\/o_nas_02.jpg 800w, https:\/\/www.karnion.si\/wp-content\/uploads\/2017\/02\/o_nas_02-300x150.jpg 300w, https:\/\/www.karnion.si\/wp-content\/uploads\/2017\/02\/o_nas_02-768x384.jpg 768w, https:\/\/www.karnion.si\/wp-content\/uploads\/2017\/02\/o_nas_02-260x130.jpg 260w, https:\/\/www.karnion.si\/wp-content\/uploads\/2017\/02\/o_nas_02-50x25.jpg 50w, https:\/\/www.karnion.si\/wp-content\/uploads\/2017\/02\/o_nas_02-150x75.jpg 150w\" sizes=\"auto, (max-width: 800px) 100vw, 800px\" \/><hr class=\"no_line\" style=\"margin: 0 auto 15px;\"\/>\n<\/p>\n<h3>I nostri valori<\/h3>\n<p>Lavorare in modo eccellente. <\/p>\n<p>Costante crescita personale e lo sviluppo professionale. <\/p>\n<p>Pionieri nel genere e innovatori \u2013 in Slovenia siamo gli unici.<br \/>\n<hr class=\"no_line\" style=\"margin: 0 auto 15px;\"\/>\n<\/p>\n<h3>La nostra missione<\/h3>\n<p>Divulghiamo il modo di comunicazione sofisticata in Slovenia e all&#8217;estero. Ispiriamo e motiviamo i manager con l&#8217;idea della crescita personale e del miglioramento delle relazioni intrapersonali.<\/p>\n<p>Formiamo gruppi di dirigenti di altissimo livello per rendere le competenze di gestione ancora pi\u00f9 efficaci.<\/p>\n<p>Ai dirigenti offriamo il dovere in combinazione con piacere e cio\u00e8 la conoscenza alla cura per la propria salute (delle vacanze attive, un centro benessere della lingua).<\/p>\n<p>Aiutiamo a superare i blocchi nella comunicazione, nei processi decisionali e nella ricerca creativa di soluzioni.<br \/>\n<div id=\"attachment_763\" style=\"width: 810px\" class=\"wp-caption aligncenter\"><img loading=\"lazy\" decoding=\"async\" aria-describedby=\"caption-attachment-763\" class=\"wp-image-763 size-full\" src=\"https:\/\/www.karnion.si\/wp-content\/uploads\/2017\/02\/6536.jpg\" alt=\"Bojana Fende Habula\" width=\"800\" height=\"379\" srcset=\"https:\/\/www.karnion.si\/wp-content\/uploads\/2017\/02\/6536.jpg 800w, https:\/\/www.karnion.si\/wp-content\/uploads\/2017\/02\/6536-300x142.jpg 300w, https:\/\/www.karnion.si\/wp-content\/uploads\/2017\/02\/6536-768x364.jpg 768w, https:\/\/www.karnion.si\/wp-content\/uploads\/2017\/02\/6536-260x123.jpg 260w, https:\/\/www.karnion.si\/wp-content\/uploads\/2017\/02\/6536-50x24.jpg 50w, https:\/\/www.karnion.si\/wp-content\/uploads\/2017\/02\/6536-150x71.jpg 150w\" sizes=\"auto, (max-width: 800px) 100vw, 800px\" \/><p id=\"caption-attachment-763\" class=\"wp-caption-text\">Fondatrice e direttrice della Karniona \u2013 sig.ra Bojana Fende Habula<\/p><\/div><\/p>\n<hr class=\"no_line\" style=\"margin: 0 auto 15px;\"\/>\n\n<h3>Lo sapevate gi\u00e0?<\/h3>\n<p>Il superlearning (la suggestopedia) \u00e8 stato sviluppato negli anni sessanta dal medico, psichiatra e ricercatore nel campo dell&#8217;istruzione bulgaro Georgi Lozanov. Le persone con cui sperimentava imparavano addirittura 1500 parole nuove al giorno.<\/p>\n<p>Nell\u2019800&#8242; la dialogica, il linguaggio della responsabilit\u00e0, veniva introdotta nelle migliori facolt\u00e0 e scuole secondarie straniere al posto della retorica. La comunicazione a senso unico \u00e8 stata sostituita dal linguaggio di comunicazione e gestione efficace. Per questo i manager stranieri sono dotati di tutte le competenze e conoscenze di cui hanno bisogno ancora prima di intraprendere il ruolo di dirigente.<\/p>\n<p><strong>I primi due indicatori del livello di capacit\u00e0 di comunicazione sofisticata dell&#8217;individuo sono:<\/strong><\/p>\n<ul>\n<li>quanto e come sia in grado di ascoltare attivamente,<\/li>\n<li>il livello di coerenza nei confronti di quello che pensa, dice e fa.<\/li>\n<\/ul>\n","protected":false},"excerpt":{"rendered":"<p>Sicuramente vi siete gi\u00e0 chiesti in che modo potete sviluppare al massimo le vostri potenzialit\u00e0, alzare il proprio livello di coscienza, fare una cosa veramente per<span class=\"excerpt-hellip\"> [\u2026]<\/span><\/p>\n","protected":false},"author":1,"featured_media":655,"parent":2310,"menu_order":0,"comment_status":"closed","ping_status":"closed","template":"","meta":{"footnotes":""},"class_list":["post-1036","page","type-page","status-publish","has-post-thumbnail","hentry"],"yoast_head":"<!-- This site is optimized with the Yoast SEO plugin v26.6 - https:\/\/yoast.com\/wordpress\/plugins\/seo\/ -->\n<title>Centro presentazione - Karnion<\/title>\n<meta name=\"robots\" content=\"index, follow, max-snippet:-1, max-image-preview:large, max-video-preview:-1\" \/>\n<link rel=\"canonical\" href=\"https:\/\/www.karnion.si\/it\/chi-siamo\/centro-presentazione\/\" \/>\n<meta property=\"og:locale\" content=\"it_IT\" \/>\n<meta property=\"og:type\" content=\"article\" \/>\n<meta property=\"og:title\" content=\"Centro presentazione - Karnion\" \/>\n<meta property=\"og:description\" content=\"Sicuramente vi siete gi\u00e0 chiesti in che modo potete sviluppare al massimo le vostri potenzialit\u00e0, alzare il proprio livello di coscienza, fare una cosa veramente per [\u2026]\" \/>\n<meta property=\"og:url\" content=\"https:\/\/www.karnion.si\/it\/chi-siamo\/centro-presentazione\/\" \/>\n<meta property=\"og:site_name\" content=\"Karnion\" \/>\n<meta property=\"article:publisher\" content=\"https:\/\/www.facebook.com\/Karnion-105369326222192\/\" \/>\n<meta property=\"article:modified_time\" content=\"2017-11-09T16:03:14+00:00\" \/>\n<meta property=\"og:image\" content=\"https:\/\/www.karnion.si\/wp-content\/uploads\/2017\/02\/o-nas-predstavitev-karnion.jpg\" \/>\n\t<meta property=\"og:image:width\" content=\"1920\" \/>\n\t<meta property=\"og:image:height\" content=\"941\" \/>\n\t<meta property=\"og:image:type\" content=\"image\/jpeg\" \/>\n<meta name=\"twitter:card\" content=\"summary_large_image\" \/>\n<meta name=\"twitter:site\" content=\"@KarnionDoo\" \/>\n<meta name=\"twitter:label1\" content=\"Tempo di lettura stimato\" \/>\n\t<meta name=\"twitter:data1\" content=\"3 minuti\" \/>\n<script type=\"application\/ld+json\" class=\"yoast-schema-graph\">{\"@context\":\"https:\/\/schema.org\",\"@graph\":[{\"@type\":\"WebPage\",\"@id\":\"https:\/\/www.karnion.si\/it\/chi-siamo\/centro-presentazione\/\",\"url\":\"https:\/\/www.karnion.si\/it\/chi-siamo\/centro-presentazione\/\",\"name\":\"Centro presentazione - Karnion\",\"isPartOf\":{\"@id\":\"https:\/\/www.karnion.si\/it\/#website\"},\"primaryImageOfPage\":{\"@id\":\"https:\/\/www.karnion.si\/it\/chi-siamo\/centro-presentazione\/#primaryimage\"},\"image\":{\"@id\":\"https:\/\/www.karnion.si\/it\/chi-siamo\/centro-presentazione\/#primaryimage\"},\"thumbnailUrl\":\"https:\/\/www.karnion.si\/wp-content\/uploads\/2017\/02\/o-nas-predstavitev-karnion.jpg\",\"datePublished\":\"2017-07-10T11:43:09+00:00\",\"dateModified\":\"2017-11-09T16:03:14+00:00\",\"breadcrumb\":{\"@id\":\"https:\/\/www.karnion.si\/it\/chi-siamo\/centro-presentazione\/#breadcrumb\"},\"inLanguage\":\"it-IT\",\"potentialAction\":[{\"@type\":\"ReadAction\",\"target\":[\"https:\/\/www.karnion.si\/it\/chi-siamo\/centro-presentazione\/\"]}]},{\"@type\":\"ImageObject\",\"inLanguage\":\"it-IT\",\"@id\":\"https:\/\/www.karnion.si\/it\/chi-siamo\/centro-presentazione\/#primaryimage\",\"url\":\"https:\/\/www.karnion.si\/wp-content\/uploads\/2017\/02\/o-nas-predstavitev-karnion.jpg\",\"contentUrl\":\"https:\/\/www.karnion.si\/wp-content\/uploads\/2017\/02\/o-nas-predstavitev-karnion.jpg\",\"width\":1920,\"height\":941,\"caption\":\"Predstavitev centra Karnion Banner\"},{\"@type\":\"BreadcrumbList\",\"@id\":\"https:\/\/www.karnion.si\/it\/chi-siamo\/centro-presentazione\/#breadcrumb\",\"itemListElement\":[{\"@type\":\"ListItem\",\"position\":1,\"name\":\"Domov\",\"item\":\"https:\/\/www.karnion.si\/it\/\"},{\"@type\":\"ListItem\",\"position\":2,\"name\":\"Chi siamo\",\"item\":\"https:\/\/www.karnion.si\/it\/o-nas\/\"},{\"@type\":\"ListItem\",\"position\":3,\"name\":\"Centro presentazione\"}]},{\"@type\":\"WebSite\",\"@id\":\"https:\/\/www.karnion.si\/it\/#website\",\"url\":\"https:\/\/www.karnion.si\/it\/\",\"name\":\"Karnion\",\"description\":\"Pravo znanje za odli\u010dnost v tretjem tiso\u010dletju\",\"potentialAction\":[{\"@type\":\"SearchAction\",\"target\":{\"@type\":\"EntryPoint\",\"urlTemplate\":\"https:\/\/www.karnion.si\/it\/?s={search_term_string}\"},\"query-input\":{\"@type\":\"PropertyValueSpecification\",\"valueRequired\":true,\"valueName\":\"search_term_string\"}}],\"inLanguage\":\"it-IT\"}]}<\/script>\n<!-- \/ Yoast SEO plugin. -->","yoast_head_json":{"title":"Centro presentazione - Karnion","robots":{"index":"index","follow":"follow","max-snippet":"max-snippet:-1","max-image-preview":"max-image-preview:large","max-video-preview":"max-video-preview:-1"},"canonical":"https:\/\/www.karnion.si\/it\/chi-siamo\/centro-presentazione\/","og_locale":"it_IT","og_type":"article","og_title":"Centro presentazione - Karnion","og_description":"Sicuramente vi siete gi\u00e0 chiesti in che modo potete sviluppare al massimo le vostri potenzialit\u00e0, alzare il proprio livello di coscienza, fare una cosa veramente per [\u2026]","og_url":"https:\/\/www.karnion.si\/it\/chi-siamo\/centro-presentazione\/","og_site_name":"Karnion","article_publisher":"https:\/\/www.facebook.com\/Karnion-105369326222192\/","article_modified_time":"2017-11-09T16:03:14+00:00","og_image":[{"width":1920,"height":941,"url":"https:\/\/www.karnion.si\/wp-content\/uploads\/2017\/02\/o-nas-predstavitev-karnion.jpg","type":"image\/jpeg"}],"twitter_card":"summary_large_image","twitter_site":"@KarnionDoo","twitter_misc":{"Tempo di lettura stimato":"3 minuti"},"schema":{"@context":"https:\/\/schema.org","@graph":[{"@type":"WebPage","@id":"https:\/\/www.karnion.si\/it\/chi-siamo\/centro-presentazione\/","url":"https:\/\/www.karnion.si\/it\/chi-siamo\/centro-presentazione\/","name":"Centro presentazione - Karnion","isPartOf":{"@id":"https:\/\/www.karnion.si\/it\/#website"},"primaryImageOfPage":{"@id":"https:\/\/www.karnion.si\/it\/chi-siamo\/centro-presentazione\/#primaryimage"},"image":{"@id":"https:\/\/www.karnion.si\/it\/chi-siamo\/centro-presentazione\/#primaryimage"},"thumbnailUrl":"https:\/\/www.karnion.si\/wp-content\/uploads\/2017\/02\/o-nas-predstavitev-karnion.jpg","datePublished":"2017-07-10T11:43:09+00:00","dateModified":"2017-11-09T16:03:14+00:00","breadcrumb":{"@id":"https:\/\/www.karnion.si\/it\/chi-siamo\/centro-presentazione\/#breadcrumb"},"inLanguage":"it-IT","potentialAction":[{"@type":"ReadAction","target":["https:\/\/www.karnion.si\/it\/chi-siamo\/centro-presentazione\/"]}]},{"@type":"ImageObject","inLanguage":"it-IT","@id":"https:\/\/www.karnion.si\/it\/chi-siamo\/centro-presentazione\/#primaryimage","url":"https:\/\/www.karnion.si\/wp-content\/uploads\/2017\/02\/o-nas-predstavitev-karnion.jpg","contentUrl":"https:\/\/www.karnion.si\/wp-content\/uploads\/2017\/02\/o-nas-predstavitev-karnion.jpg","width":1920,"height":941,"caption":"Predstavitev centra Karnion Banner"},{"@type":"BreadcrumbList","@id":"https:\/\/www.karnion.si\/it\/chi-siamo\/centro-presentazione\/#breadcrumb","itemListElement":[{"@type":"ListItem","position":1,"name":"Domov","item":"https:\/\/www.karnion.si\/it\/"},{"@type":"ListItem","position":2,"name":"Chi siamo","item":"https:\/\/www.karnion.si\/it\/o-nas\/"},{"@type":"ListItem","position":3,"name":"Centro presentazione"}]},{"@type":"WebSite","@id":"https:\/\/www.karnion.si\/it\/#website","url":"https:\/\/www.karnion.si\/it\/","name":"Karnion","description":"Pravo znanje za odli\u010dnost v tretjem tiso\u010dletju","potentialAction":[{"@type":"SearchAction","target":{"@type":"EntryPoint","urlTemplate":"https:\/\/www.karnion.si\/it\/?s={search_term_string}"},"query-input":{"@type":"PropertyValueSpecification","valueRequired":true,"valueName":"search_term_string"}}],"inLanguage":"it-IT"}]}},"_links":{"self":[{"href":"https:\/\/www.karnion.si\/it\/wp-json\/wp\/v2\/pages\/1036","targetHints":{"allow":["GET"]}}],"collection":[{"href":"https:\/\/www.karnion.si\/it\/wp-json\/wp\/v2\/pages"}],"about":[{"href":"https:\/\/www.karnion.si\/it\/wp-json\/wp\/v2\/types\/page"}],"author":[{"embeddable":true,"href":"https:\/\/www.karnion.si\/it\/wp-json\/wp\/v2\/users\/1"}],"replies":[{"embeddable":true,"href":"https:\/\/www.karnion.si\/it\/wp-json\/wp\/v2\/comments?post=1036"}],"version-history":[{"count":0,"href":"https:\/\/www.karnion.si\/it\/wp-json\/wp\/v2\/pages\/1036\/revisions"}],"up":[{"embeddable":true,"href":"https:\/\/www.karnion.si\/it\/wp-json\/wp\/v2\/pages\/2310"}],"wp:featuredmedia":[{"embeddable":true,"href":"https:\/\/www.karnion.si\/it\/wp-json\/wp\/v2\/media\/655"}],"wp:attachment":[{"href":"https:\/\/www.karnion.si\/it\/wp-json\/wp\/v2\/media?parent=1036"}],"curies":[{"name":"wp","href":"https:\/\/api.w.org\/{rel}","templated":true}]}}