{"id":1047,"date":"2017-07-10T14:21:18","date_gmt":"2017-07-10T12:21:18","guid":{"rendered":"http:\/\/www.karnion.si\/altre-lingue\/"},"modified":"2019-07-05T12:14:07","modified_gmt":"2019-07-05T10:14:07","slug":"altre-lingue","status":"publish","type":"page","link":"https:\/\/www.karnion.si\/it\/altre-lingue\/","title":{"rendered":"ALTRE LINGUE"},"content":{"rendered":"<p>Dopo 25 anni di insegnamento il metodo che usiamo \u00e8 gi\u00e0 ben noto e molto apprezzato. \u00c8 una combinazione <strong>dell&#8217;ascolto dei contenuti nello stato di rilassamento alfa<\/strong> in cui i contenuti vengono ricordati 4 volte pi\u00f9 rapidamente e custoditi nella memoria a lungo termine <strong>e la conversazione individuale con l&#8217;insegnante.<\/strong> Per conoscere bene una lingua non basta la conversazione ma \u00e8 necessario anche e soprattutto ascoltare la lingua. Ascoltando imparerete nuove parole che userete senza sforzo durante le ore di conversazione. Come lo sapete gi\u00e0, anche la vostra lingua madre l&#8217;avete imparata ascoltando i vostri genitori o tutori. Il metodo ci consente quindi di imparare in un modo pi\u00f9 naturale possibile.<\/p>\n<p>Alla Karnion oltre all&#8217;inglese, al tedesco, al francese, all&#8217;italiano, allo spagnolo, al russo si pu\u00f2 imparare anche: <strong>lo sloveno, l&#8217;arabo, il cinese, il polacco, il serbocroato, il portoghese<\/strong>, e inoltre, con molto piacere, insegniamo le lingue diverse anche agli stranieri. Per esempio l&#8217;inglese ai russi, l&#8217;italiano agli americani, l&#8217;inglese agli spagnoli, lo sloveno ai francesi e altre combinazioni interessanti.<\/p>\n<p>I nostri insegnanti di lingue straniere sono esperti nella didattica, tutti con titoli di studio di almeno settimo livello professionale e lunghi anni di esperienza nell&#8217;ambito dell\u2019insegnamento con il metodo di superlearning Karnion. Abbiamo anche alcuni insegnanti di lingua madre.<\/p>\n<p><img loading=\"lazy\" decoding=\"async\" class=\"size-full wp-image-736 aligncenter\" src=\"https:\/\/www.karnion.si\/wp-content\/uploads\/2017\/03\/DSC_0003.jpg\" alt=\"DSC_0003\" width=\"800\" height=\"400\" srcset=\"https:\/\/www.karnion.si\/wp-content\/uploads\/2017\/03\/DSC_0003.jpg 800w, https:\/\/www.karnion.si\/wp-content\/uploads\/2017\/03\/DSC_0003-300x150.jpg 300w, https:\/\/www.karnion.si\/wp-content\/uploads\/2017\/03\/DSC_0003-768x384.jpg 768w, https:\/\/www.karnion.si\/wp-content\/uploads\/2017\/03\/DSC_0003-260x130.jpg 260w, https:\/\/www.karnion.si\/wp-content\/uploads\/2017\/03\/DSC_0003-50x25.jpg 50w, https:\/\/www.karnion.si\/wp-content\/uploads\/2017\/03\/DSC_0003-150x75.jpg 150w\" sizes=\"auto, (max-width: 800px) 100vw, 800px\" \/><\/p>\n<p><img loading=\"lazy\" decoding=\"async\" class=\"size-full wp-image-737 aligncenter\" src=\"https:\/\/www.karnion.si\/wp-content\/uploads\/2017\/03\/DSC_0004.jpg\" alt=\"DSC_0004\" width=\"800\" height=\"400\" srcset=\"https:\/\/www.karnion.si\/wp-content\/uploads\/2017\/03\/DSC_0004.jpg 800w, https:\/\/www.karnion.si\/wp-content\/uploads\/2017\/03\/DSC_0004-300x150.jpg 300w, https:\/\/www.karnion.si\/wp-content\/uploads\/2017\/03\/DSC_0004-768x384.jpg 768w, https:\/\/www.karnion.si\/wp-content\/uploads\/2017\/03\/DSC_0004-260x130.jpg 260w, https:\/\/www.karnion.si\/wp-content\/uploads\/2017\/03\/DSC_0004-50x25.jpg 50w, https:\/\/www.karnion.si\/wp-content\/uploads\/2017\/03\/DSC_0004-150x75.jpg 150w\" sizes=\"auto, (max-width: 800px) 100vw, 800px\" \/><\/p>\n<p><img loading=\"lazy\" decoding=\"async\" class=\"size-full wp-image-738 aligncenter\" src=\"https:\/\/www.karnion.si\/wp-content\/uploads\/2017\/03\/DSC_0063.jpg\" alt=\"Maraaya\" width=\"800\" height=\"400\" srcset=\"https:\/\/www.karnion.si\/wp-content\/uploads\/2017\/03\/DSC_0063.jpg 800w, https:\/\/www.karnion.si\/wp-content\/uploads\/2017\/03\/DSC_0063-300x150.jpg 300w, https:\/\/www.karnion.si\/wp-content\/uploads\/2017\/03\/DSC_0063-768x384.jpg 768w, https:\/\/www.karnion.si\/wp-content\/uploads\/2017\/03\/DSC_0063-260x130.jpg 260w, https:\/\/www.karnion.si\/wp-content\/uploads\/2017\/03\/DSC_0063-50x25.jpg 50w, https:\/\/www.karnion.si\/wp-content\/uploads\/2017\/03\/DSC_0063-150x75.jpg 150w\" sizes=\"auto, (max-width: 800px) 100vw, 800px\" \/><\/p>\n<p><img loading=\"lazy\" decoding=\"async\" class=\"size-full wp-image-650 aligncenter\" src=\"https:\/\/www.karnion.si\/wp-content\/uploads\/2017\/02\/o_nas_01.jpg\" alt=\"Holisti\u010dni center Karnion\" width=\"800\" height=\"400\" srcset=\"https:\/\/www.karnion.si\/wp-content\/uploads\/2017\/02\/o_nas_01.jpg 800w, https:\/\/www.karnion.si\/wp-content\/uploads\/2017\/02\/o_nas_01-300x150.jpg 300w, https:\/\/www.karnion.si\/wp-content\/uploads\/2017\/02\/o_nas_01-768x384.jpg 768w, https:\/\/www.karnion.si\/wp-content\/uploads\/2017\/02\/o_nas_01-260x130.jpg 260w, https:\/\/www.karnion.si\/wp-content\/uploads\/2017\/02\/o_nas_01-50x25.jpg 50w, https:\/\/www.karnion.si\/wp-content\/uploads\/2017\/02\/o_nas_01-150x75.jpg 150w\" sizes=\"auto, (max-width: 800px) 100vw, 800px\" \/><\/p>\n","protected":false},"excerpt":{"rendered":"<p>Dopo 25 anni di insegnamento il metodo che usiamo \u00e8 gi\u00e0 ben noto e molto apprezzato. \u00c8 una combinazione dell&#8217;ascolto dei contenuti nello stato di rilassamento<span class=\"excerpt-hellip\"> [\u2026]<\/span><\/p>\n","protected":false},"author":1,"featured_media":54219,"parent":0,"menu_order":0,"comment_status":"closed","ping_status":"closed","template":"","meta":{"footnotes":""},"class_list":["post-1047","page","type-page","status-publish","has-post-thumbnail","hentry"],"yoast_head":"<!-- This site is optimized with the Yoast SEO plugin v26.6 - https:\/\/yoast.com\/wordpress\/plugins\/seo\/ -->\n<title>ALTRE LINGUE - Karnion<\/title>\n<meta name=\"description\" content=\"Alla Karnion oltre all&#039;inglese, al tedesco, al francese, all&#039;italiano, allo spagnolo, al russo si pu\u00f2 imparare anche: lo sloveno, l&#039;arabo, il cinese, il polacco,...\" \/>\n<meta name=\"robots\" content=\"index, follow, max-snippet:-1, max-image-preview:large, max-video-preview:-1\" \/>\n<link rel=\"canonical\" href=\"https:\/\/www.karnion.si\/it\/altre-lingue\/\" \/>\n<meta property=\"og:locale\" content=\"it_IT\" \/>\n<meta property=\"og:type\" content=\"article\" \/>\n<meta property=\"og:title\" content=\"ALTRE LINGUE - Karnion\" \/>\n<meta property=\"og:description\" content=\"Alla Karnion oltre all&#039;inglese, al tedesco, al francese, all&#039;italiano, allo spagnolo, al russo si pu\u00f2 imparare anche: lo sloveno, l&#039;arabo, il cinese, il polacco,...\" \/>\n<meta property=\"og:url\" content=\"https:\/\/www.karnion.si\/it\/altre-lingue\/\" \/>\n<meta property=\"og:site_name\" content=\"Karnion\" \/>\n<meta property=\"article:publisher\" content=\"https:\/\/www.facebook.com\/Karnion-105369326222192\/\" \/>\n<meta property=\"article:modified_time\" content=\"2019-07-05T10:14:07+00:00\" \/>\n<meta property=\"og:image\" content=\"https:\/\/www.karnion.si\/wp-content\/uploads\/2019\/03\/ostali-jeziki-banner.jpg\" \/>\n\t<meta property=\"og:image:width\" content=\"1920\" \/>\n\t<meta property=\"og:image:height\" content=\"941\" \/>\n\t<meta property=\"og:image:type\" content=\"image\/jpeg\" \/>\n<meta name=\"twitter:card\" content=\"summary_large_image\" \/>\n<meta name=\"twitter:site\" content=\"@KarnionDoo\" \/>\n<meta name=\"twitter:label1\" content=\"Tempo di lettura stimato\" \/>\n\t<meta name=\"twitter:data1\" content=\"1 minuto\" \/>\n<script type=\"application\/ld+json\" class=\"yoast-schema-graph\">{\"@context\":\"https:\/\/schema.org\",\"@graph\":[{\"@type\":\"WebPage\",\"@id\":\"https:\/\/www.karnion.si\/it\/altre-lingue\/\",\"url\":\"https:\/\/www.karnion.si\/it\/altre-lingue\/\",\"name\":\"ALTRE LINGUE - Karnion\",\"isPartOf\":{\"@id\":\"https:\/\/www.karnion.si\/it\/#website\"},\"primaryImageOfPage\":{\"@id\":\"https:\/\/www.karnion.si\/it\/altre-lingue\/#primaryimage\"},\"image\":{\"@id\":\"https:\/\/www.karnion.si\/it\/altre-lingue\/#primaryimage\"},\"thumbnailUrl\":\"https:\/\/www.karnion.si\/wp-content\/uploads\/2019\/03\/ostali-jeziki-banner.jpg\",\"datePublished\":\"2017-07-10T12:21:18+00:00\",\"dateModified\":\"2019-07-05T10:14:07+00:00\",\"description\":\"Alla Karnion oltre all'inglese, al tedesco, al francese, all'italiano, allo spagnolo, al russo si pu\u00f2 imparare anche: lo sloveno, l'arabo, il cinese, il polacco,...\",\"breadcrumb\":{\"@id\":\"https:\/\/www.karnion.si\/it\/altre-lingue\/#breadcrumb\"},\"inLanguage\":\"it-IT\",\"potentialAction\":[{\"@type\":\"ReadAction\",\"target\":[\"https:\/\/www.karnion.si\/it\/altre-lingue\/\"]}]},{\"@type\":\"ImageObject\",\"inLanguage\":\"it-IT\",\"@id\":\"https:\/\/www.karnion.si\/it\/altre-lingue\/#primaryimage\",\"url\":\"https:\/\/www.karnion.si\/wp-content\/uploads\/2019\/03\/ostali-jeziki-banner.jpg\",\"contentUrl\":\"https:\/\/www.karnion.si\/wp-content\/uploads\/2019\/03\/ostali-jeziki-banner.jpg\",\"width\":1920,\"height\":941},{\"@type\":\"BreadcrumbList\",\"@id\":\"https:\/\/www.karnion.si\/it\/altre-lingue\/#breadcrumb\",\"itemListElement\":[{\"@type\":\"ListItem\",\"position\":1,\"name\":\"Domov\",\"item\":\"https:\/\/www.karnion.si\/it\/\"},{\"@type\":\"ListItem\",\"position\":2,\"name\":\"ALTRE LINGUE\"}]},{\"@type\":\"WebSite\",\"@id\":\"https:\/\/www.karnion.si\/it\/#website\",\"url\":\"https:\/\/www.karnion.si\/it\/\",\"name\":\"Karnion\",\"description\":\"Pravo znanje za odli\u010dnost v tretjem tiso\u010dletju\",\"potentialAction\":[{\"@type\":\"SearchAction\",\"target\":{\"@type\":\"EntryPoint\",\"urlTemplate\":\"https:\/\/www.karnion.si\/it\/?s={search_term_string}\"},\"query-input\":{\"@type\":\"PropertyValueSpecification\",\"valueRequired\":true,\"valueName\":\"search_term_string\"}}],\"inLanguage\":\"it-IT\"}]}<\/script>\n<!-- \/ Yoast SEO plugin. -->","yoast_head_json":{"title":"ALTRE LINGUE - Karnion","description":"Alla Karnion oltre all'inglese, al tedesco, al francese, all'italiano, allo spagnolo, al russo si pu\u00f2 imparare anche: lo sloveno, l'arabo, il cinese, il polacco,...","robots":{"index":"index","follow":"follow","max-snippet":"max-snippet:-1","max-image-preview":"max-image-preview:large","max-video-preview":"max-video-preview:-1"},"canonical":"https:\/\/www.karnion.si\/it\/altre-lingue\/","og_locale":"it_IT","og_type":"article","og_title":"ALTRE LINGUE - Karnion","og_description":"Alla Karnion oltre all'inglese, al tedesco, al francese, all'italiano, allo spagnolo, al russo si pu\u00f2 imparare anche: lo sloveno, l'arabo, il cinese, il polacco,...","og_url":"https:\/\/www.karnion.si\/it\/altre-lingue\/","og_site_name":"Karnion","article_publisher":"https:\/\/www.facebook.com\/Karnion-105369326222192\/","article_modified_time":"2019-07-05T10:14:07+00:00","og_image":[{"width":1920,"height":941,"url":"https:\/\/www.karnion.si\/wp-content\/uploads\/2019\/03\/ostali-jeziki-banner.jpg","type":"image\/jpeg"}],"twitter_card":"summary_large_image","twitter_site":"@KarnionDoo","twitter_misc":{"Tempo di lettura stimato":"1 minuto"},"schema":{"@context":"https:\/\/schema.org","@graph":[{"@type":"WebPage","@id":"https:\/\/www.karnion.si\/it\/altre-lingue\/","url":"https:\/\/www.karnion.si\/it\/altre-lingue\/","name":"ALTRE LINGUE - Karnion","isPartOf":{"@id":"https:\/\/www.karnion.si\/it\/#website"},"primaryImageOfPage":{"@id":"https:\/\/www.karnion.si\/it\/altre-lingue\/#primaryimage"},"image":{"@id":"https:\/\/www.karnion.si\/it\/altre-lingue\/#primaryimage"},"thumbnailUrl":"https:\/\/www.karnion.si\/wp-content\/uploads\/2019\/03\/ostali-jeziki-banner.jpg","datePublished":"2017-07-10T12:21:18+00:00","dateModified":"2019-07-05T10:14:07+00:00","description":"Alla Karnion oltre all'inglese, al tedesco, al francese, all'italiano, allo spagnolo, al russo si pu\u00f2 imparare anche: lo sloveno, l'arabo, il cinese, il polacco,...","breadcrumb":{"@id":"https:\/\/www.karnion.si\/it\/altre-lingue\/#breadcrumb"},"inLanguage":"it-IT","potentialAction":[{"@type":"ReadAction","target":["https:\/\/www.karnion.si\/it\/altre-lingue\/"]}]},{"@type":"ImageObject","inLanguage":"it-IT","@id":"https:\/\/www.karnion.si\/it\/altre-lingue\/#primaryimage","url":"https:\/\/www.karnion.si\/wp-content\/uploads\/2019\/03\/ostali-jeziki-banner.jpg","contentUrl":"https:\/\/www.karnion.si\/wp-content\/uploads\/2019\/03\/ostali-jeziki-banner.jpg","width":1920,"height":941},{"@type":"BreadcrumbList","@id":"https:\/\/www.karnion.si\/it\/altre-lingue\/#breadcrumb","itemListElement":[{"@type":"ListItem","position":1,"name":"Domov","item":"https:\/\/www.karnion.si\/it\/"},{"@type":"ListItem","position":2,"name":"ALTRE LINGUE"}]},{"@type":"WebSite","@id":"https:\/\/www.karnion.si\/it\/#website","url":"https:\/\/www.karnion.si\/it\/","name":"Karnion","description":"Pravo znanje za odli\u010dnost v tretjem tiso\u010dletju","potentialAction":[{"@type":"SearchAction","target":{"@type":"EntryPoint","urlTemplate":"https:\/\/www.karnion.si\/it\/?s={search_term_string}"},"query-input":{"@type":"PropertyValueSpecification","valueRequired":true,"valueName":"search_term_string"}}],"inLanguage":"it-IT"}]}},"_links":{"self":[{"href":"https:\/\/www.karnion.si\/it\/wp-json\/wp\/v2\/pages\/1047","targetHints":{"allow":["GET"]}}],"collection":[{"href":"https:\/\/www.karnion.si\/it\/wp-json\/wp\/v2\/pages"}],"about":[{"href":"https:\/\/www.karnion.si\/it\/wp-json\/wp\/v2\/types\/page"}],"author":[{"embeddable":true,"href":"https:\/\/www.karnion.si\/it\/wp-json\/wp\/v2\/users\/1"}],"replies":[{"embeddable":true,"href":"https:\/\/www.karnion.si\/it\/wp-json\/wp\/v2\/comments?post=1047"}],"version-history":[{"count":1,"href":"https:\/\/www.karnion.si\/it\/wp-json\/wp\/v2\/pages\/1047\/revisions"}],"predecessor-version":[{"id":8613,"href":"https:\/\/www.karnion.si\/it\/wp-json\/wp\/v2\/pages\/1047\/revisions\/8613"}],"wp:featuredmedia":[{"embeddable":true,"href":"https:\/\/www.karnion.si\/it\/wp-json\/wp\/v2\/media\/54219"}],"wp:attachment":[{"href":"https:\/\/www.karnion.si\/it\/wp-json\/wp\/v2\/media?parent=1047"}],"curies":[{"name":"wp","href":"https:\/\/api.w.org\/{rel}","templated":true}]}}