{"id":1065,"date":"2017-07-11T07:36:26","date_gmt":"2017-07-11T05:36:26","guid":{"rendered":"http:\/\/www.karnion.si\/corso-di-tedesco\/"},"modified":"2018-07-25T12:54:55","modified_gmt":"2018-07-25T10:54:55","slug":"corso-di-tedesco","status":"publish","type":"page","link":"https:\/\/www.karnion.si\/it\/corso-di-tedesco\/","title":{"rendered":"Corso di tedesco"},"content":{"rendered":"<h2>CORSO DI LINGUA TEDESCA SECONDO IL METODO DI SUPERLEARNING KARNION<\/h2>\n<p>Dopo 25 anni di insegnamento il metodo che usiamo \u00e8 gi\u00e0 ben noto e molto apprezzato. \u00c8 una combinazione <strong>dell&#8217;ascolto dei contenuti nello stato di rilassamento alfa<\/strong> in cui i contenuti vengono ricordati 4 volte pi\u00f9 rapidamente e custoditi nella memoria a lungo termine <strong>e la conversazione individuale con l&#8217;insegnante.<\/strong> Per conoscere bene una lingua non basta la conversazione ma \u00e8 necessario anche e soprattutto ascoltare la lingua. Ascoltando imparerete nuove parole che userete senza sforzo durante le ore di conversazione. Come lo sapete gi\u00e0, anche la vostra lingua madre l&#8217;avete imparata ascoltando i vostri genitori o tutori. Il metodo ci consente quindi di imparare in un modo pi\u00f9 naturale possibile. <\/p>\n<p>Per molti la lingua tedesca viene associata \u00e8 una lingua dura e per niente melodica. Questo per\u00f2 vale fino a quando non iniziamo a studiarla con un metodo giusto e non solo attraverso gli articoli, le coniugazioni e le declinazioni. Poi in un momento si trasforma in una lingua interessante, ma soprattutto anche utile dal punto di vista degli affari. Con una buona conoscenza del tedesco i vostri affari miglioreranno o otterrete un posto di lavoro migliore. <\/p>\n<p>Il nostro consiglio \u00e8 quello di cominciare ad imparare la lingua tedesca attraverso il metodo di superlearning Karnion perch\u00e9 dopo 40 ore scolastiche di lezioni parlerete tedesco.<\/p>\n<p><img loading=\"lazy\" decoding=\"async\" class=\"aligncenter wp-image-672 size-full\" src=\"https:\/\/www.karnion.si\/wp-content\/uploads\/2017\/01\/predstavitev_programa_02.jpg\" alt=\"corso di tedesco nello stato di rilassamento alfa\" width=\"800\" height=\"400\" srcset=\"https:\/\/www.karnion.si\/wp-content\/uploads\/2017\/01\/predstavitev_programa_02.jpg 800w, https:\/\/www.karnion.si\/wp-content\/uploads\/2017\/01\/predstavitev_programa_02-300x150.jpg 300w, https:\/\/www.karnion.si\/wp-content\/uploads\/2017\/01\/predstavitev_programa_02-768x384.jpg 768w, https:\/\/www.karnion.si\/wp-content\/uploads\/2017\/01\/predstavitev_programa_02-260x130.jpg 260w, https:\/\/www.karnion.si\/wp-content\/uploads\/2017\/01\/predstavitev_programa_02-50x25.jpg 50w, https:\/\/www.karnion.si\/wp-content\/uploads\/2017\/01\/predstavitev_programa_02-150x75.jpg 150w\" sizes=\"auto, (max-width: 800px) 100vw, 800px\" \/><\/p>\n<p><strong><em>Il signor<\/em><\/strong><em><strong> Danijel Bo\u017ei\u010d Loredan dott. med., spec. chirurgia ortopedica:<\/strong> <\/em><\/p>\n<blockquote><p><em>&#8220;Ho accettato il lavoro in Svizzera senza nessuna conoscenza della lingua tedesca e ho cercato una soluzione rapida ed efficace che ho trovato alla Karnion. Il 13 settembre del 2013 sono partito per Zurigo per fare un corso di formazione e il 21 gennaio del 2014 ho cominciato a svolgere il lavoro nell&#8217;ambulatorio; naturalmente in lingua tedesca!<br \/>\n<\/em><\/p>\n<p><em>Senza la Karnion e l&#8217;apprendimento della lingua tedesca presso di loro in novembre sarei dovuto ritornare in Slovenia, disoccupato. Le cose da invidiare alla Karnion oltre a un\u2019eccezionale professionalit\u00e0 e gentilezza sono senza dubbio un approccio individuale dove si tiene conto dei desideri e delle esigenze, l&#8217;adattabilit\u00e0 e l&#8217;efficacia!<br \/>\nIn questo breve periodo di tempo a Zurigo sono riuscito a fare tutti i corsi possibili e posso affermare con certezza che senza l&#8217;apprendimento della lingua tedesca alla Karnion non ci sarei mai riuscito. Questo \u00e8 stato un investimento nell&#8217;apprendimento della lingua con risultati eccezionali in un veramente breve periodo di tempo!<\/em><\/p>\n<p><em>A tutti quelli che avete il desiderio di imparare una lingua straniera in modo rapido ed efficace la Karnion la consiglio vivamente! Conviene!&#8221;<br \/>\n<\/em><\/p><\/blockquote>\n<div style=\"margin: 0 auto; max-width: 560px;\"><iframe loading=\"lazy\" src=\"https:\/\/www.youtube.com\/embed\/AjW9cRWnNCw\" width=\"560\" height=\"315\" frameborder=\"0\" allowfullscreen=\"allowfullscreen\"><\/iframe><\/div>\n<hr class=\"no_line\" style=\"margin: 0 auto 20px;\"\/>\n\n<h2>COME SI SVOLGE IL CORSO DI TEDESCO<\/h2>\n<p><strong><em>Il corso di lingua tedesca \u00e8 abbastanza intensivo, di solito dura 4 o 8 ore scolastiche (45 minuti) al giorno. Consigliamo di terminare il corso di 40 ore entro 14 giorni in modo da ottenere il massimo effetto di accumulazione nella lingua parlata.<\/em><\/strong><\/p>\n<p>Prima dell\u2019inizio del corso verificheremo la vostra conoscenza della lingua con un test secondo i criteri europei di conoscenza delle lingue straniere dal livello A1 al C2: comprensione, scrittura, capacit\u00e0 di lettura, conversazione. In questo modo sar\u00e0 possibile definire il vostro livello di conoscenza della lingua e preparare un programma solo per voi. Per es. se siete gi\u00e0 capaci di tenere una conversazione nella lingua inglese ma avete ancora difficolt\u00e0 al livello base il nostro obiettivo sar\u00e0 di colmare le lacune e continuare su un livello pi\u00f9 alto. Le scuole di lingue che seguono un programma specifico (libro di testo) non sono in grado di fare questo. <\/p>\n<hr class=\"no_line\" style=\"margin: 0 auto 15px;\"\/>\n\n<h2>CONFRONTO CON IL METODO CLASSICO DI APPRENDIMENTO DELLA LINGUA TEDESCA<\/h2>\n<p>Il metodo classico, tradizionale di lingua inglese partendo dal livello di principiante fino al livello B2 (il diploma di maturit\u00e0) prevede 800 ore scolastiche di lezioni, il metodo KARNION 200, il sistema scolastico invece 1.074 ore lezioni.<\/p>\n\n<table id=\"tablepress-9\" class=\"tablepress tablepress-id-9\">\n<thead>\n<tr class=\"row-1 odd\">\n\t<th class=\"column-1\">&nbsp;<\/th><th colspan=\"2\" class=\"column-2\">KARNION - 8 ore \/ giorno (1 persona)<\/th><th colspan=\"2\" class=\"column-4\">ALTRI (metodo convenzionale) 2x3 ore \/ settimana (3-12 persone)<\/th>\n<\/tr>\n<\/thead>\n<tbody class=\"row-hover\">\n<tr class=\"row-2 even\">\n\t<td class=\"column-1\"><\/td><td class=\"column-2\">Numero di ore<\/td><td class=\"column-3\">Numero di settimane<\/td><td class=\"column-4\">Numero di ore<\/td><td class=\"column-5\">Numero di settimane<\/td>\n<\/tr>\n<tr class=\"row-3 odd\">\n\t<td class=\"column-1\">A1<\/td><td class=\"column-2\">40<\/td><td class=\"column-3\">1<\/td><td class=\"column-4\">200<\/td><td class=\"column-5\">33<\/td>\n<\/tr>\n<tr class=\"row-4 even\">\n\t<td class=\"column-1\">A2<\/td><td class=\"column-2\">80<\/td><td class=\"column-3\">2<\/td><td class=\"column-4\">100<\/td><td class=\"column-5\">17<\/td>\n<\/tr>\n<tr class=\"row-5 odd\">\n\t<td class=\"column-1\">B1<\/td><td class=\"column-2\">40<\/td><td class=\"column-3\">1<\/td><td class=\"column-4\">200<\/td><td class=\"column-5\">33<\/td>\n<\/tr>\n<tr class=\"row-6 even\">\n\t<td class=\"column-1\">B2<\/td><td class=\"column-2\">40<\/td><td class=\"column-3\">1<\/td><td class=\"column-4\">300<\/td><td class=\"column-5\">50<\/td>\n<\/tr>\n<tr class=\"row-7 odd\">\n\t<td class=\"column-1\">\u03a3<\/td><td class=\"column-2\">200<\/td><td class=\"column-3\">5<\/td><td class=\"column-4\">800<\/td><td class=\"column-5\">133<\/td>\n<\/tr>\n<\/tbody>\n<\/table>\n<!-- #tablepress-9 from cache -->\n<p><img loading=\"lazy\" decoding=\"async\" class=\"aligncenter wp-image-680 size-full\" src=\"https:\/\/www.karnion.si\/wp-content\/uploads\/2017\/03\/nemscina_04.jpg\" alt=\"Superlearning Karnion corso di tedesco\" width=\"800\" height=\"400\" srcset=\"https:\/\/www.karnion.si\/wp-content\/uploads\/2017\/03\/nemscina_04.jpg 800w, https:\/\/www.karnion.si\/wp-content\/uploads\/2017\/03\/nemscina_04-300x150.jpg 300w, https:\/\/www.karnion.si\/wp-content\/uploads\/2017\/03\/nemscina_04-768x384.jpg 768w, https:\/\/www.karnion.si\/wp-content\/uploads\/2017\/03\/nemscina_04-260x130.jpg 260w, https:\/\/www.karnion.si\/wp-content\/uploads\/2017\/03\/nemscina_04-50x25.jpg 50w, https:\/\/www.karnion.si\/wp-content\/uploads\/2017\/03\/nemscina_04-150x75.jpg 150w\" sizes=\"auto, (max-width: 800px) 100vw, 800px\" \/><br \/>\n<hr class=\"no_line\" style=\"margin: 0 auto 15px;\"\/>\n<\/p>\n<h2>PREPARAZIONE ALL&#8217;ESAME DELLA LINGUA TEDESCA:<\/h2>\n<p>Negli anni passati abbiamo avuto molti corsisti che da noi si sono preparati a sostenere un esame presso altre istituzioni e tutti l\u2019hanno superato. L&#8217;esame all&#8217;universit\u00e0 o un esame internazionale che da voi lo esige il vostro datore di lavoro non sar\u00e0 pi\u00f9 cos\u00ec irraggiungibile come vi sembrava fino a questo momento.<\/p>\n<p>Per voi prepareremo un programma di cui avete bisogno considerando il tipo di esame che dovete fare: per. es. l&#8217;esame di maturit\u00e0, gli esami all&#8217;universit\u00e0, gli esami di certificazione linguistica internazionali.<\/p>\n<p>Referenze:<\/p>\n<ul>\n<li><strong>dott. med. Amadej Lah, spec. chirurgia \u00a0<\/strong>&#8211; ha superato l&#8217;esame di lingua tedesca presso istituto Goethe Zertifikat al livello B2. Ha superato l&#8217;esame di lingua tedesca per medici professionisti (che non si sono laureati in Germania) presso l&#8217;Associazione medica di Stoccarda al livello C1.\n<\/li>\n<li><strong>dott. med Marjan Fabjan, spec. chirurgia plastica <\/strong>&#8211; ha superato l&#8217;esame Goethe Zertifikat presso l&#8217;Instituto di Ljubljana al livello B2;<\/li>\n<li><strong>sig.ra. Eva Strgar<\/strong> &#8211; studentessa di architettura ambientale \u2013 ha superato l&#8217;esame Goethe Zertifikat,  livello B1.<\/li>\n<\/ul>\n<hr class=\"no_line\" style=\"margin: 0 auto 15px;\"\/>\n\n<blockquote><p>\u00bbDopo un corso di 10 giorni l&#8217;esame di tedesco l\u2019ho superato. Si \u00e8 trattato di una lotta contro le lingue straniere che con l\u2019aiuto della Karnion \u00e8 semplice.\u00ab<\/p><\/blockquote>\n<p><strong>Jan Softi\u010d, campione mondiale di kick boxing<\/strong><\/p>\n<hr class=\"no_line\" style=\"margin: 0 auto 15px;\"\/>\n\n<h2>LEZIONI INDIVIDUALI<\/h2>\n<p>Oltre al metodo la cosa pi\u00f9 importante per il successo della Karnion \u00e8 l\u2019assoluta personalizzazione dei contenuti e un vero e proprio coaching da parte dell&#8217;insegnante. Fare lezioni individuali da noi significa anche e soprattutto studiare temi di cui avete bisogno e che vi interessano. I contenuti specifici vengono preparati sia al livello di principianti che ai livelli pi\u00f9 avanzati del C1 e C2.<\/p>\n<p><img loading=\"lazy\" decoding=\"async\" class=\"aligncenter wp-image-684 size-full\" src=\"https:\/\/www.karnion.si\/wp-content\/uploads\/2017\/03\/nemscina_06.jpg\" alt=\"Jani Grilc - corso di tedesco\" width=\"800\" height=\"400\" srcset=\"https:\/\/www.karnion.si\/wp-content\/uploads\/2017\/03\/nemscina_06.jpg 800w, https:\/\/www.karnion.si\/wp-content\/uploads\/2017\/03\/nemscina_06-300x150.jpg 300w, https:\/\/www.karnion.si\/wp-content\/uploads\/2017\/03\/nemscina_06-768x384.jpg 768w, https:\/\/www.karnion.si\/wp-content\/uploads\/2017\/03\/nemscina_06-260x130.jpg 260w, https:\/\/www.karnion.si\/wp-content\/uploads\/2017\/03\/nemscina_06-50x25.jpg 50w, https:\/\/www.karnion.si\/wp-content\/uploads\/2017\/03\/nemscina_06-150x75.jpg 150w\" sizes=\"auto, (max-width: 800px) 100vw, 800px\" \/><hr class=\"no_line\" style=\"margin: 0 auto 15px;\"\/>\n<\/p>\n<h2>CONTENUTI SPECIALI:<\/h2>\n<ul>\n<li>il tedesco per i professionisti (per principianti e intermedi)<\/li>\n<li>il tedesco per il personale medico (infermiere, medici)<\/li>\n<li>il coaching- Dialogica- il linguaggio dell\u2019assunzione della responsabilit\u00e0 in lingua tedesca<\/li>\n<li>il programma dello sviluppo personale in lingua tedesca (Martin Kojc)<\/li>\n<\/ul>\n<hr class=\"no_line\" style=\"margin: 0 auto 15px;\"\/>\n\n<h2>E-LEARNING STUDIO INDIVIDUALIZZATO<\/h2>\n<p>Alla fine del corso di lingua tedesca la vostra insegnane o il vostro insegnante vi assisteranno con l&#8217;e-learning, cio\u00e8 uno studio personalizzato e non automatico indirizzato a diversi livelli della vostra conoscenza.<\/p>\n<p>In questo modo l&#8217;insegnante vi potr\u00e0 essere di grande aiuto nella comunicazione con i vostri soci d&#8217;affari. <\/p>\n<hr class=\"no_line\" style=\"margin: 0 auto 15px;\"\/>\n\n<h2>LINGUA TEDESCA PER LAVORARE ALL&#8217;ESTERO<\/h2>\n<p>La vostra conoscenza della lingua tedesca sar\u00e0 sicuramente di grande importanza quando il vostro datore di lavoro esiger\u00e0 da voi una buona conoscenza di tedesco o nel caso avete intenzione di lavorare all&#8217;estero. <\/p>\n<p>Alla Karnion insegnano addirittura tre insegnanti di lingua tedesca che sono allo stesso tempo anche di lingua madre tedesca. In questo modo oltre al modo rapido di apprendere la lingua vi sar\u00e0 facile conoscere anche la cultura, il modo di esprimersi e il modo di fare affari comune ai popoli che parlano la lingua tedesca.<\/p>\n<p><img loading=\"lazy\" decoding=\"async\" class=\"aligncenter wp-image-730 size-full\" src=\"https:\/\/www.karnion.si\/wp-content\/uploads\/2017\/03\/berlin.jpg\" alt=\"Berlin - corso di tedesco\" width=\"800\" height=\"400\" srcset=\"https:\/\/www.karnion.si\/wp-content\/uploads\/2017\/03\/berlin.jpg 800w, https:\/\/www.karnion.si\/wp-content\/uploads\/2017\/03\/berlin-300x150.jpg 300w, https:\/\/www.karnion.si\/wp-content\/uploads\/2017\/03\/berlin-768x384.jpg 768w, https:\/\/www.karnion.si\/wp-content\/uploads\/2017\/03\/berlin-260x130.jpg 260w, https:\/\/www.karnion.si\/wp-content\/uploads\/2017\/03\/berlin-50x25.jpg 50w, https:\/\/www.karnion.si\/wp-content\/uploads\/2017\/03\/berlin-150x75.jpg 150w\" sizes=\"auto, (max-width: 800px) 100vw, 800px\" \/><\/p>\n<hr class=\"no_line\" style=\"margin: 0 auto 50px;\"\/>\n\n","protected":false},"excerpt":{"rendered":"<p>CORSO DI LINGUA TEDESCA SECONDO IL METODO DI SUPERLEARNING KARNION Dopo 25 anni di insegnamento il metodo che usiamo \u00e8 gi\u00e0 ben noto e molto apprezzato.<span class=\"excerpt-hellip\"> [\u2026]<\/span><\/p>\n","protected":false},"author":1,"featured_media":54475,"parent":0,"menu_order":0,"comment_status":"closed","ping_status":"closed","template":"","meta":{"footnotes":""},"class_list":["post-1065","page","type-page","status-publish","has-post-thumbnail","hentry"],"yoast_head":"<!-- This site is optimized with the Yoast SEO plugin v26.6 - https:\/\/yoast.com\/wordpress\/plugins\/seo\/ -->\n<title>Corso di tedesco - Karnion<\/title>\n<meta name=\"robots\" content=\"index, follow, max-snippet:-1, max-image-preview:large, max-video-preview:-1\" \/>\n<link rel=\"canonical\" href=\"https:\/\/www.karnion.si\/it\/corso-di-tedesco\/\" \/>\n<meta property=\"og:locale\" content=\"it_IT\" \/>\n<meta property=\"og:type\" content=\"article\" \/>\n<meta property=\"og:title\" content=\"Corso di tedesco - Karnion\" \/>\n<meta property=\"og:description\" content=\"CORSO DI LINGUA TEDESCA SECONDO IL METODO DI SUPERLEARNING KARNION Dopo 25 anni di insegnamento il metodo che usiamo \u00e8 gi\u00e0 ben noto e molto apprezzato. [\u2026]\" \/>\n<meta property=\"og:url\" content=\"https:\/\/www.karnion.si\/it\/corso-di-tedesco\/\" \/>\n<meta property=\"og:site_name\" content=\"Karnion\" \/>\n<meta property=\"article:publisher\" content=\"https:\/\/www.facebook.com\/Karnion-105369326222192\/\" \/>\n<meta property=\"article:modified_time\" content=\"2018-07-25T10:54:55+00:00\" \/>\n<meta property=\"og:image\" content=\"https:\/\/www.karnion.si\/wp-content\/uploads\/2017\/03\/prevc-moder-04-banner.jpg\" \/>\n\t<meta property=\"og:image:width\" content=\"1920\" \/>\n\t<meta property=\"og:image:height\" content=\"941\" \/>\n\t<meta property=\"og:image:type\" content=\"image\/jpeg\" \/>\n<meta name=\"twitter:card\" content=\"summary_large_image\" \/>\n<meta name=\"twitter:site\" content=\"@KarnionDoo\" \/>\n<meta name=\"twitter:label1\" content=\"Tempo di lettura stimato\" \/>\n\t<meta name=\"twitter:data1\" content=\"5 minuti\" \/>\n<script type=\"application\/ld+json\" class=\"yoast-schema-graph\">{\"@context\":\"https:\/\/schema.org\",\"@graph\":[{\"@type\":\"WebPage\",\"@id\":\"https:\/\/www.karnion.si\/it\/corso-di-tedesco\/\",\"url\":\"https:\/\/www.karnion.si\/it\/corso-di-tedesco\/\",\"name\":\"Corso di tedesco - Karnion\",\"isPartOf\":{\"@id\":\"https:\/\/www.karnion.si\/it\/#website\"},\"primaryImageOfPage\":{\"@id\":\"https:\/\/www.karnion.si\/it\/corso-di-tedesco\/#primaryimage\"},\"image\":{\"@id\":\"https:\/\/www.karnion.si\/it\/corso-di-tedesco\/#primaryimage\"},\"thumbnailUrl\":\"https:\/\/www.karnion.si\/wp-content\/uploads\/2017\/03\/prevc-moder-04-banner.jpg\",\"datePublished\":\"2017-07-11T05:36:26+00:00\",\"dateModified\":\"2018-07-25T10:54:55+00:00\",\"breadcrumb\":{\"@id\":\"https:\/\/www.karnion.si\/it\/corso-di-tedesco\/#breadcrumb\"},\"inLanguage\":\"it-IT\",\"potentialAction\":[{\"@type\":\"ReadAction\",\"target\":[\"https:\/\/www.karnion.si\/it\/corso-di-tedesco\/\"]}]},{\"@type\":\"ImageObject\",\"inLanguage\":\"it-IT\",\"@id\":\"https:\/\/www.karnion.si\/it\/corso-di-tedesco\/#primaryimage\",\"url\":\"https:\/\/www.karnion.si\/wp-content\/uploads\/2017\/03\/prevc-moder-04-banner.jpg\",\"contentUrl\":\"https:\/\/www.karnion.si\/wp-content\/uploads\/2017\/03\/prevc-moder-04-banner.jpg\",\"width\":1920,\"height\":941,\"caption\":\"Te\u010daj angle\u0161\u010dine\"},{\"@type\":\"BreadcrumbList\",\"@id\":\"https:\/\/www.karnion.si\/it\/corso-di-tedesco\/#breadcrumb\",\"itemListElement\":[{\"@type\":\"ListItem\",\"position\":1,\"name\":\"Domov\",\"item\":\"https:\/\/www.karnion.si\/it\/\"},{\"@type\":\"ListItem\",\"position\":2,\"name\":\"Corso di tedesco\"}]},{\"@type\":\"WebSite\",\"@id\":\"https:\/\/www.karnion.si\/it\/#website\",\"url\":\"https:\/\/www.karnion.si\/it\/\",\"name\":\"Karnion\",\"description\":\"Pravo znanje za odli\u010dnost v tretjem tiso\u010dletju\",\"potentialAction\":[{\"@type\":\"SearchAction\",\"target\":{\"@type\":\"EntryPoint\",\"urlTemplate\":\"https:\/\/www.karnion.si\/it\/?s={search_term_string}\"},\"query-input\":{\"@type\":\"PropertyValueSpecification\",\"valueRequired\":true,\"valueName\":\"search_term_string\"}}],\"inLanguage\":\"it-IT\"}]}<\/script>\n<!-- \/ Yoast SEO plugin. -->","yoast_head_json":{"title":"Corso di tedesco - Karnion","robots":{"index":"index","follow":"follow","max-snippet":"max-snippet:-1","max-image-preview":"max-image-preview:large","max-video-preview":"max-video-preview:-1"},"canonical":"https:\/\/www.karnion.si\/it\/corso-di-tedesco\/","og_locale":"it_IT","og_type":"article","og_title":"Corso di tedesco - Karnion","og_description":"CORSO DI LINGUA TEDESCA SECONDO IL METODO DI SUPERLEARNING KARNION Dopo 25 anni di insegnamento il metodo che usiamo \u00e8 gi\u00e0 ben noto e molto apprezzato. [\u2026]","og_url":"https:\/\/www.karnion.si\/it\/corso-di-tedesco\/","og_site_name":"Karnion","article_publisher":"https:\/\/www.facebook.com\/Karnion-105369326222192\/","article_modified_time":"2018-07-25T10:54:55+00:00","og_image":[{"width":1920,"height":941,"url":"https:\/\/www.karnion.si\/wp-content\/uploads\/2017\/03\/prevc-moder-04-banner.jpg","type":"image\/jpeg"}],"twitter_card":"summary_large_image","twitter_site":"@KarnionDoo","twitter_misc":{"Tempo di lettura stimato":"5 minuti"},"schema":{"@context":"https:\/\/schema.org","@graph":[{"@type":"WebPage","@id":"https:\/\/www.karnion.si\/it\/corso-di-tedesco\/","url":"https:\/\/www.karnion.si\/it\/corso-di-tedesco\/","name":"Corso di tedesco - Karnion","isPartOf":{"@id":"https:\/\/www.karnion.si\/it\/#website"},"primaryImageOfPage":{"@id":"https:\/\/www.karnion.si\/it\/corso-di-tedesco\/#primaryimage"},"image":{"@id":"https:\/\/www.karnion.si\/it\/corso-di-tedesco\/#primaryimage"},"thumbnailUrl":"https:\/\/www.karnion.si\/wp-content\/uploads\/2017\/03\/prevc-moder-04-banner.jpg","datePublished":"2017-07-11T05:36:26+00:00","dateModified":"2018-07-25T10:54:55+00:00","breadcrumb":{"@id":"https:\/\/www.karnion.si\/it\/corso-di-tedesco\/#breadcrumb"},"inLanguage":"it-IT","potentialAction":[{"@type":"ReadAction","target":["https:\/\/www.karnion.si\/it\/corso-di-tedesco\/"]}]},{"@type":"ImageObject","inLanguage":"it-IT","@id":"https:\/\/www.karnion.si\/it\/corso-di-tedesco\/#primaryimage","url":"https:\/\/www.karnion.si\/wp-content\/uploads\/2017\/03\/prevc-moder-04-banner.jpg","contentUrl":"https:\/\/www.karnion.si\/wp-content\/uploads\/2017\/03\/prevc-moder-04-banner.jpg","width":1920,"height":941,"caption":"Te\u010daj angle\u0161\u010dine"},{"@type":"BreadcrumbList","@id":"https:\/\/www.karnion.si\/it\/corso-di-tedesco\/#breadcrumb","itemListElement":[{"@type":"ListItem","position":1,"name":"Domov","item":"https:\/\/www.karnion.si\/it\/"},{"@type":"ListItem","position":2,"name":"Corso di tedesco"}]},{"@type":"WebSite","@id":"https:\/\/www.karnion.si\/it\/#website","url":"https:\/\/www.karnion.si\/it\/","name":"Karnion","description":"Pravo znanje za odli\u010dnost v tretjem tiso\u010dletju","potentialAction":[{"@type":"SearchAction","target":{"@type":"EntryPoint","urlTemplate":"https:\/\/www.karnion.si\/it\/?s={search_term_string}"},"query-input":{"@type":"PropertyValueSpecification","valueRequired":true,"valueName":"search_term_string"}}],"inLanguage":"it-IT"}]}},"_links":{"self":[{"href":"https:\/\/www.karnion.si\/it\/wp-json\/wp\/v2\/pages\/1065","targetHints":{"allow":["GET"]}}],"collection":[{"href":"https:\/\/www.karnion.si\/it\/wp-json\/wp\/v2\/pages"}],"about":[{"href":"https:\/\/www.karnion.si\/it\/wp-json\/wp\/v2\/types\/page"}],"author":[{"embeddable":true,"href":"https:\/\/www.karnion.si\/it\/wp-json\/wp\/v2\/users\/1"}],"replies":[{"embeddable":true,"href":"https:\/\/www.karnion.si\/it\/wp-json\/wp\/v2\/comments?post=1065"}],"version-history":[{"count":1,"href":"https:\/\/www.karnion.si\/it\/wp-json\/wp\/v2\/pages\/1065\/revisions"}],"predecessor-version":[{"id":3716,"href":"https:\/\/www.karnion.si\/it\/wp-json\/wp\/v2\/pages\/1065\/revisions\/3716"}],"wp:featuredmedia":[{"embeddable":true,"href":"https:\/\/www.karnion.si\/it\/wp-json\/wp\/v2\/media\/54475"}],"wp:attachment":[{"href":"https:\/\/www.karnion.si\/it\/wp-json\/wp\/v2\/media?parent=1065"}],"curies":[{"name":"wp","href":"https:\/\/api.w.org\/{rel}","templated":true}]}}