{"id":1068,"date":"2017-07-11T07:38:13","date_gmt":"2017-07-11T05:38:13","guid":{"rendered":"http:\/\/www.karnion.si\/corso-di-francese\/"},"modified":"2019-07-05T11:49:29","modified_gmt":"2019-07-05T09:49:29","slug":"corso-di-francese","status":"publish","type":"page","link":"https:\/\/www.karnion.si\/it\/corso-di-francese\/","title":{"rendered":"Corso di francese"},"content":{"rendered":"<h2>CORSO DI LINGUA FRANCESE SECONDO IL METODO DI SUPERLEARNING KARNION<\/h2>\n<p>Dopo 25 anni di insegnamento il metodo che usiamo \u00e8 gi\u00e0 ben noto e molto apprezzato. \u00c8 una combinazione <strong>dell&#8217;ascolto dei contenuti nello stato di rilassamento alfa<\/strong> in cui i contenuti vengono ricordati 4 volte pi\u00f9 rapidamente e custoditi nella memoria a lungo termine <strong>e la conversazione individuale con l&#8217;insegnante<\/strong>. Per conoscere bene una lingua non basta la conversazione ma \u00e8 necessario anche e soprattutto ascoltare la lingua. Ascoltando imparerete nuove parole che userete senza sforzo durante le ore di conversazione. Come lo sapete gi\u00e0, anche la vostra lingua madre l&#8217;avete imparata ascoltando i vostri genitori o tutori. Il metodo ci consente quindi di imparare in un modo pi\u00f9 naturale possibile.<\/p>\n<blockquote><p><em>\u00bbIl massimo impegno e un&#8217;incredibile energia positiva per un francese del fascino magnetico.\u00ab <\/em><\/p><\/blockquote>\n<p><strong>Danilo Seni\u010d, imprenditore<\/strong><\/p>\n<p><img loading=\"lazy\" decoding=\"async\" class=\"wp-image-797 size-full aligncenter\" src=\"https:\/\/www.karnion.si\/wp-content\/uploads\/2017\/03\/franciscina_provansajpg.jpg\" alt=\"Provansa\" width=\"800\" height=\"379\" srcset=\"https:\/\/www.karnion.si\/wp-content\/uploads\/2017\/03\/franciscina_provansajpg.jpg 800w, https:\/\/www.karnion.si\/wp-content\/uploads\/2017\/03\/franciscina_provansajpg-300x142.jpg 300w, https:\/\/www.karnion.si\/wp-content\/uploads\/2017\/03\/franciscina_provansajpg-768x364.jpg 768w, https:\/\/www.karnion.si\/wp-content\/uploads\/2017\/03\/franciscina_provansajpg-260x123.jpg 260w, https:\/\/www.karnion.si\/wp-content\/uploads\/2017\/03\/franciscina_provansajpg-50x24.jpg 50w, https:\/\/www.karnion.si\/wp-content\/uploads\/2017\/03\/franciscina_provansajpg-150x71.jpg 150w\" sizes=\"auto, (max-width: 800px) 100vw, 800px\" \/><br \/>\n<hr class=\"no_line\" style=\"margin: 0 auto 15px;\"\/>\n<\/p>\n<h2>COME SI SVOLGE IL CORSO<\/h2>\n<p>Con il metodo di superlearning Karnion si raggiungono risultati ottimali se si impara il francese al minimo per 4 ore di lezioni al giorno. Si consiglia un corso di 40 ore, soprattutto per i principianti<\/p>\n<p>Prima dell\u2019inizio del corso verificheremo la vostra conoscenza della lingua con un test secondo i criteri europei di conoscenza delle lingue straniere dal livello A1 al C2: comprensione, scrittura, capacit\u00e0 di lettura, conversazione. In questo modo sar\u00e0 possibile definire il vostro livello di conoscenza della lingua e preparare un programma solo per voi. Per es. se siete gi\u00e0 capaci di tenere una conversazione nella lingua inglese ma avete ancora difficolt\u00e0 al livello base il nostro obiettivo sar\u00e0 di colmare le lacune e continuare su un livello pi\u00f9 alto. Le scuole di lingue che seguono un programma specifico (libro di testo) non sono in grado di fare questo.<\/p>\n<hr class=\"no_line\" style=\"margin: 0 auto 15px;\"\/>\n\n<h2>A CONFRONTO CON I METODI TRADIZIONALI DI APPRENDIMENTO DELLA LINGUA INGLESE<\/h2>\n<p>Il metodo classico, tradizionale di lingua francese partendo dal livello di principiante fino al livello B2 (il diploma di maturit\u00e0) prevede 800 ore scolastiche di lezioni, il metodo KARNION 200, il sistema scolastico invece 1.074 ore lezioni.<\/p>\n<p>\n<table id=\"tablepress-9\" class=\"tablepress tablepress-id-9\">\n<thead>\n<tr class=\"row-1 odd\">\n\t<th class=\"column-1\">&nbsp;<\/th><th colspan=\"2\" class=\"column-2\">KARNION - 8 ore \/ giorno (1 persona)<\/th><th colspan=\"2\" class=\"column-4\">ALTRI (metodo convenzionale) 2x3 ore \/ settimana (3-12 persone)<\/th>\n<\/tr>\n<\/thead>\n<tbody class=\"row-hover\">\n<tr class=\"row-2 even\">\n\t<td class=\"column-1\"><\/td><td class=\"column-2\">Numero di ore<\/td><td class=\"column-3\">Numero di settimane<\/td><td class=\"column-4\">Numero di ore<\/td><td class=\"column-5\">Numero di settimane<\/td>\n<\/tr>\n<tr class=\"row-3 odd\">\n\t<td class=\"column-1\">A1<\/td><td class=\"column-2\">40<\/td><td class=\"column-3\">1<\/td><td class=\"column-4\">200<\/td><td class=\"column-5\">33<\/td>\n<\/tr>\n<tr class=\"row-4 even\">\n\t<td class=\"column-1\">A2<\/td><td class=\"column-2\">80<\/td><td class=\"column-3\">2<\/td><td class=\"column-4\">100<\/td><td class=\"column-5\">17<\/td>\n<\/tr>\n<tr class=\"row-5 odd\">\n\t<td class=\"column-1\">B1<\/td><td class=\"column-2\">40<\/td><td class=\"column-3\">1<\/td><td class=\"column-4\">200<\/td><td class=\"column-5\">33<\/td>\n<\/tr>\n<tr class=\"row-6 even\">\n\t<td class=\"column-1\">B2<\/td><td class=\"column-2\">40<\/td><td class=\"column-3\">1<\/td><td class=\"column-4\">300<\/td><td class=\"column-5\">50<\/td>\n<\/tr>\n<tr class=\"row-7 odd\">\n\t<td class=\"column-1\">\u03a3<\/td><td class=\"column-2\">200<\/td><td class=\"column-3\">5<\/td><td class=\"column-4\">800<\/td><td class=\"column-5\">133<\/td>\n<\/tr>\n<\/tbody>\n<\/table>\n<!-- #tablepress-9 from cache --><br \/>\n<hr class=\"no_line\" style=\"margin: 0 auto 15px;\"\/>\n<\/p>\n<h2>CORSO DI LINGUA FRANCESE PER PRINCIPIANTI<\/h2>\n<p>Il francese \u00e8 una lingua unica, molto bello da sentire ma spaventa molte persone a causa della pronuncia e della scrittura. Grazie al fatto che il corso di superlearning Karnion si basa sulla capacit\u00e0 di ascolto in uno stato profondo di consapevolezza e sull&#8217;uso immediato dei contenuti ascoltati, l&#8217;apprendimento attraverso la scrittura e lettura sar\u00e0 minimo.<\/p>\n<p>Dopo 40 ore scolastiche di lezioni sarete gi\u00e0 in grado di comunicare nelle situazioni di base ma nello stesso tempo se vorrete potrete anche usufruire dei contenuti specifici preparati proprio per voi.<\/p>\n<p><img loading=\"lazy\" decoding=\"async\" class=\"wp-image-707 size-full aligncenter\" src=\"https:\/\/www.karnion.si\/wp-content\/uploads\/2017\/03\/francoscina-01.jpg\" alt=\"Ambient Karnin\" width=\"800\" height=\"400\" srcset=\"https:\/\/www.karnion.si\/wp-content\/uploads\/2017\/03\/francoscina-01.jpg 800w, https:\/\/www.karnion.si\/wp-content\/uploads\/2017\/03\/francoscina-01-300x150.jpg 300w, https:\/\/www.karnion.si\/wp-content\/uploads\/2017\/03\/francoscina-01-768x384.jpg 768w, https:\/\/www.karnion.si\/wp-content\/uploads\/2017\/03\/francoscina-01-260x130.jpg 260w, https:\/\/www.karnion.si\/wp-content\/uploads\/2017\/03\/francoscina-01-50x25.jpg 50w, https:\/\/www.karnion.si\/wp-content\/uploads\/2017\/03\/francoscina-01-150x75.jpg 150w\" sizes=\"auto, (max-width: 800px) 100vw, 800px\" \/><\/p>\n<hr class=\"no_line\" style=\"margin: 0 auto 15px;\"\/>\n\n<h2>CORSO DI LINGUA FRANCESE DEGLI AFFARI<\/h2>\n<p>I francesi per quel che riguarda la conoscenza delle lingue straniere sono un po&#8217; scarsi. Per questo nel caso volessimo collaborare professionalmente con loro, \u00e8 necessario conoscere il francese degli affari.<\/p>\n<p>Alla Karnion prepareremo per voi un programma assolutamente individualizzato in cui potrete studiare i contenuti utili per i vostri affari gi\u00e0 prima di aver raggiunto il livello A2<\/p>\n<hr class=\"no_line\" style=\"margin: 0 auto 15px;\"\/>\n\n<h2>CORSO DI LINGUA FRANCESE COME PREPARAZIONE ALL&#8217;ESAME<\/h2>\n<p>Come per le altre lingue anche per la lingua francese offriamo la possibilit\u00e0 di partecipare al corso di preparazione per diversi tipi di esami internazionali.<\/p>\n<p><img loading=\"lazy\" decoding=\"async\" class=\"size-full wp-image-758 aligncenter\" src=\"https:\/\/www.karnion.si\/wp-content\/uploads\/2017\/03\/DSC_0814_03.jpg\" alt=\"Ambient\" width=\"800\" height=\"379\" srcset=\"https:\/\/www.karnion.si\/wp-content\/uploads\/2017\/03\/DSC_0814_03.jpg 800w, https:\/\/www.karnion.si\/wp-content\/uploads\/2017\/03\/DSC_0814_03-300x142.jpg 300w, https:\/\/www.karnion.si\/wp-content\/uploads\/2017\/03\/DSC_0814_03-768x364.jpg 768w, https:\/\/www.karnion.si\/wp-content\/uploads\/2017\/03\/DSC_0814_03-260x123.jpg 260w, https:\/\/www.karnion.si\/wp-content\/uploads\/2017\/03\/DSC_0814_03-50x24.jpg 50w, https:\/\/www.karnion.si\/wp-content\/uploads\/2017\/03\/DSC_0814_03-150x71.jpg 150w\" sizes=\"auto, (max-width: 800px) 100vw, 800px\" \/><\/p>\n<p>Grazie a un ambiente meraviglioso con una vista fantastica vi sentirete sicuramente come se foste nel cuore della Provenza.<\/p>\n<p>&nbsp;<\/p>\n","protected":false},"excerpt":{"rendered":"<p>CORSO DI LINGUA FRANCESE SECONDO IL METODO DI SUPERLEARNING KARNION Dopo 25 anni di insegnamento il metodo che usiamo \u00e8 gi\u00e0 ben noto e molto apprezzato.<span class=\"excerpt-hellip\"> [\u2026]<\/span><\/p>\n","protected":false},"author":1,"featured_media":54447,"parent":0,"menu_order":0,"comment_status":"closed","ping_status":"closed","template":"","meta":{"footnotes":""},"class_list":["post-1068","page","type-page","status-publish","has-post-thumbnail","hentry"],"yoast_head":"<!-- This site is optimized with the Yoast SEO plugin v26.6 - https:\/\/yoast.com\/wordpress\/plugins\/seo\/ -->\n<title>Corso di francese - Karnion<\/title>\n<meta name=\"robots\" content=\"index, follow, max-snippet:-1, max-image-preview:large, max-video-preview:-1\" \/>\n<link rel=\"canonical\" href=\"https:\/\/www.karnion.si\/it\/corso-di-francese\/\" \/>\n<meta property=\"og:locale\" content=\"it_IT\" \/>\n<meta property=\"og:type\" content=\"article\" \/>\n<meta property=\"og:title\" content=\"Corso di francese - Karnion\" \/>\n<meta property=\"og:description\" content=\"CORSO DI LINGUA FRANCESE SECONDO IL METODO DI SUPERLEARNING KARNION Dopo 25 anni di insegnamento il metodo che usiamo \u00e8 gi\u00e0 ben noto e molto apprezzato. [\u2026]\" \/>\n<meta property=\"og:url\" content=\"https:\/\/www.karnion.si\/it\/corso-di-francese\/\" \/>\n<meta property=\"og:site_name\" content=\"Karnion\" \/>\n<meta property=\"article:publisher\" content=\"https:\/\/www.facebook.com\/Karnion-105369326222192\/\" \/>\n<meta property=\"article:modified_time\" content=\"2019-07-05T09:49:29+00:00\" \/>\n<meta property=\"og:image\" content=\"https:\/\/www.karnion.si\/wp-content\/uploads\/2019\/03\/francoscina-banner.jpg\" \/>\n\t<meta property=\"og:image:width\" content=\"1920\" \/>\n\t<meta property=\"og:image:height\" content=\"941\" \/>\n\t<meta property=\"og:image:type\" content=\"image\/jpeg\" \/>\n<meta name=\"twitter:card\" content=\"summary_large_image\" \/>\n<meta name=\"twitter:site\" content=\"@KarnionDoo\" \/>\n<meta name=\"twitter:label1\" content=\"Tempo di lettura stimato\" \/>\n\t<meta name=\"twitter:data1\" content=\"3 minuti\" \/>\n<script type=\"application\/ld+json\" class=\"yoast-schema-graph\">{\"@context\":\"https:\/\/schema.org\",\"@graph\":[{\"@type\":\"WebPage\",\"@id\":\"https:\/\/www.karnion.si\/it\/corso-di-francese\/\",\"url\":\"https:\/\/www.karnion.si\/it\/corso-di-francese\/\",\"name\":\"Corso di francese - Karnion\",\"isPartOf\":{\"@id\":\"https:\/\/www.karnion.si\/it\/#website\"},\"primaryImageOfPage\":{\"@id\":\"https:\/\/www.karnion.si\/it\/corso-di-francese\/#primaryimage\"},\"image\":{\"@id\":\"https:\/\/www.karnion.si\/it\/corso-di-francese\/#primaryimage\"},\"thumbnailUrl\":\"https:\/\/www.karnion.si\/wp-content\/uploads\/2019\/03\/francoscina-banner.jpg\",\"datePublished\":\"2017-07-11T05:38:13+00:00\",\"dateModified\":\"2019-07-05T09:49:29+00:00\",\"breadcrumb\":{\"@id\":\"https:\/\/www.karnion.si\/it\/corso-di-francese\/#breadcrumb\"},\"inLanguage\":\"it-IT\",\"potentialAction\":[{\"@type\":\"ReadAction\",\"target\":[\"https:\/\/www.karnion.si\/it\/corso-di-francese\/\"]}]},{\"@type\":\"ImageObject\",\"inLanguage\":\"it-IT\",\"@id\":\"https:\/\/www.karnion.si\/it\/corso-di-francese\/#primaryimage\",\"url\":\"https:\/\/www.karnion.si\/wp-content\/uploads\/2019\/03\/francoscina-banner.jpg\",\"contentUrl\":\"https:\/\/www.karnion.si\/wp-content\/uploads\/2019\/03\/francoscina-banner.jpg\",\"width\":1920,\"height\":941},{\"@type\":\"BreadcrumbList\",\"@id\":\"https:\/\/www.karnion.si\/it\/corso-di-francese\/#breadcrumb\",\"itemListElement\":[{\"@type\":\"ListItem\",\"position\":1,\"name\":\"Domov\",\"item\":\"https:\/\/www.karnion.si\/it\/\"},{\"@type\":\"ListItem\",\"position\":2,\"name\":\"Corso di francese\"}]},{\"@type\":\"WebSite\",\"@id\":\"https:\/\/www.karnion.si\/it\/#website\",\"url\":\"https:\/\/www.karnion.si\/it\/\",\"name\":\"Karnion\",\"description\":\"Pravo znanje za odli\u010dnost v tretjem tiso\u010dletju\",\"potentialAction\":[{\"@type\":\"SearchAction\",\"target\":{\"@type\":\"EntryPoint\",\"urlTemplate\":\"https:\/\/www.karnion.si\/it\/?s={search_term_string}\"},\"query-input\":{\"@type\":\"PropertyValueSpecification\",\"valueRequired\":true,\"valueName\":\"search_term_string\"}}],\"inLanguage\":\"it-IT\"}]}<\/script>\n<!-- \/ Yoast SEO plugin. -->","yoast_head_json":{"title":"Corso di francese - Karnion","robots":{"index":"index","follow":"follow","max-snippet":"max-snippet:-1","max-image-preview":"max-image-preview:large","max-video-preview":"max-video-preview:-1"},"canonical":"https:\/\/www.karnion.si\/it\/corso-di-francese\/","og_locale":"it_IT","og_type":"article","og_title":"Corso di francese - Karnion","og_description":"CORSO DI LINGUA FRANCESE SECONDO IL METODO DI SUPERLEARNING KARNION Dopo 25 anni di insegnamento il metodo che usiamo \u00e8 gi\u00e0 ben noto e molto apprezzato. [\u2026]","og_url":"https:\/\/www.karnion.si\/it\/corso-di-francese\/","og_site_name":"Karnion","article_publisher":"https:\/\/www.facebook.com\/Karnion-105369326222192\/","article_modified_time":"2019-07-05T09:49:29+00:00","og_image":[{"width":1920,"height":941,"url":"https:\/\/www.karnion.si\/wp-content\/uploads\/2019\/03\/francoscina-banner.jpg","type":"image\/jpeg"}],"twitter_card":"summary_large_image","twitter_site":"@KarnionDoo","twitter_misc":{"Tempo di lettura stimato":"3 minuti"},"schema":{"@context":"https:\/\/schema.org","@graph":[{"@type":"WebPage","@id":"https:\/\/www.karnion.si\/it\/corso-di-francese\/","url":"https:\/\/www.karnion.si\/it\/corso-di-francese\/","name":"Corso di francese - Karnion","isPartOf":{"@id":"https:\/\/www.karnion.si\/it\/#website"},"primaryImageOfPage":{"@id":"https:\/\/www.karnion.si\/it\/corso-di-francese\/#primaryimage"},"image":{"@id":"https:\/\/www.karnion.si\/it\/corso-di-francese\/#primaryimage"},"thumbnailUrl":"https:\/\/www.karnion.si\/wp-content\/uploads\/2019\/03\/francoscina-banner.jpg","datePublished":"2017-07-11T05:38:13+00:00","dateModified":"2019-07-05T09:49:29+00:00","breadcrumb":{"@id":"https:\/\/www.karnion.si\/it\/corso-di-francese\/#breadcrumb"},"inLanguage":"it-IT","potentialAction":[{"@type":"ReadAction","target":["https:\/\/www.karnion.si\/it\/corso-di-francese\/"]}]},{"@type":"ImageObject","inLanguage":"it-IT","@id":"https:\/\/www.karnion.si\/it\/corso-di-francese\/#primaryimage","url":"https:\/\/www.karnion.si\/wp-content\/uploads\/2019\/03\/francoscina-banner.jpg","contentUrl":"https:\/\/www.karnion.si\/wp-content\/uploads\/2019\/03\/francoscina-banner.jpg","width":1920,"height":941},{"@type":"BreadcrumbList","@id":"https:\/\/www.karnion.si\/it\/corso-di-francese\/#breadcrumb","itemListElement":[{"@type":"ListItem","position":1,"name":"Domov","item":"https:\/\/www.karnion.si\/it\/"},{"@type":"ListItem","position":2,"name":"Corso di francese"}]},{"@type":"WebSite","@id":"https:\/\/www.karnion.si\/it\/#website","url":"https:\/\/www.karnion.si\/it\/","name":"Karnion","description":"Pravo znanje za odli\u010dnost v tretjem tiso\u010dletju","potentialAction":[{"@type":"SearchAction","target":{"@type":"EntryPoint","urlTemplate":"https:\/\/www.karnion.si\/it\/?s={search_term_string}"},"query-input":{"@type":"PropertyValueSpecification","valueRequired":true,"valueName":"search_term_string"}}],"inLanguage":"it-IT"}]}},"_links":{"self":[{"href":"https:\/\/www.karnion.si\/it\/wp-json\/wp\/v2\/pages\/1068","targetHints":{"allow":["GET"]}}],"collection":[{"href":"https:\/\/www.karnion.si\/it\/wp-json\/wp\/v2\/pages"}],"about":[{"href":"https:\/\/www.karnion.si\/it\/wp-json\/wp\/v2\/types\/page"}],"author":[{"embeddable":true,"href":"https:\/\/www.karnion.si\/it\/wp-json\/wp\/v2\/users\/1"}],"replies":[{"embeddable":true,"href":"https:\/\/www.karnion.si\/it\/wp-json\/wp\/v2\/comments?post=1068"}],"version-history":[{"count":1,"href":"https:\/\/www.karnion.si\/it\/wp-json\/wp\/v2\/pages\/1068\/revisions"}],"predecessor-version":[{"id":3722,"href":"https:\/\/www.karnion.si\/it\/wp-json\/wp\/v2\/pages\/1068\/revisions\/3722"}],"wp:featuredmedia":[{"embeddable":true,"href":"https:\/\/www.karnion.si\/it\/wp-json\/wp\/v2\/media\/54447"}],"wp:attachment":[{"href":"https:\/\/www.karnion.si\/it\/wp-json\/wp\/v2\/media?parent=1068"}],"curies":[{"name":"wp","href":"https:\/\/api.w.org\/{rel}","templated":true}]}}