{"id":1069,"date":"2017-07-11T07:38:54","date_gmt":"2017-07-11T05:38:54","guid":{"rendered":"http:\/\/www.karnion.si\/corso-di-spagnola\/"},"modified":"2019-07-05T11:43:07","modified_gmt":"2019-07-05T09:43:07","slug":"corso-di-spagnola","status":"publish","type":"page","link":"https:\/\/www.karnion.si\/it\/corso-di-spagnola\/","title":{"rendered":"Corso di spagnola"},"content":{"rendered":"<h2>CORSO DI LINGUA SPAGNOLA SECONDO IL METODO DI SUPERLEARNING KARNION<\/h2>\n<p>Dopo 25 anni di insegnamento il metodo che usiamo \u00e8 gi\u00e0 ben noto e molto apprezzato. \u00c8 una combinazione <strong>dell&#8217;ascolto dei contenuti nello stato di rilassamento alfa<\/strong> in cui i contenuti vengono ricordati 4 volte pi\u00f9 rapidamente e custoditi nella memoria a lungo termine <strong>e la conversazione individuale con l&#8217;insegnante.<\/strong> Per conoscere bene una lingua non basta la conversazione ma \u00e8 necessario anche e soprattutto ascoltare la lingua. Ascoltando imparerete nuove parole che userete senza sforzo durante le ore di conversazione. Come lo sapete gi\u00e0, anche la vostra lingua madre l&#8217;avete imparata ascoltando i vostri genitori o tutori. Il metodo ci consente quindi di imparare in un modo pi\u00f9 naturale possibile.<\/p>\n<p><strong>La lingua spagnola<\/strong> \u00e8 dopo l&#8217;inglese la seconda lingua pi\u00f9 diffusa nel mond oper quel che riguarda il numero delle persone che la parlano. Come la prima lingua parlata da 440 milioni di persone \u00e8 al<a href=\"https:\/\/sl.wikipedia.org\/wiki\/Seznam_jezikov_po_%C5%A1tevilu_govorcev\">secondo posto<\/a>\u00a0(po kitaj\u0161\u010dini), (dopo il cinese), viene parlata invece da 490 milioni di persone (secondo i dati del 2009).<\/p>\n<p><img loading=\"lazy\" decoding=\"async\" class=\"wp-image-732 size-full aligncenter\" src=\"https:\/\/www.karnion.si\/wp-content\/uploads\/2017\/03\/AdobeStock_131639321-tekst.jpg\" alt=\"Barcelona\" width=\"800\" height=\"400\" srcset=\"https:\/\/www.karnion.si\/wp-content\/uploads\/2017\/03\/AdobeStock_131639321-tekst.jpg 800w, https:\/\/www.karnion.si\/wp-content\/uploads\/2017\/03\/AdobeStock_131639321-tekst-300x150.jpg 300w, https:\/\/www.karnion.si\/wp-content\/uploads\/2017\/03\/AdobeStock_131639321-tekst-768x384.jpg 768w, https:\/\/www.karnion.si\/wp-content\/uploads\/2017\/03\/AdobeStock_131639321-tekst-260x130.jpg 260w, https:\/\/www.karnion.si\/wp-content\/uploads\/2017\/03\/AdobeStock_131639321-tekst-50x25.jpg 50w, https:\/\/www.karnion.si\/wp-content\/uploads\/2017\/03\/AdobeStock_131639321-tekst-150x75.jpg 150w\" sizes=\"auto, (max-width: 800px) 100vw, 800px\" \/><br \/>\n<hr class=\"no_line\" style=\"margin: 0 auto 15px;\"\/>\n<\/p>\n<h2>COME SI SVOLGE IL CORSO DI SPAGNOLO:<\/h2>\n<p>Con il metodo di superlearning Karnion si raggiungono risultati ottimali se si impara lo spagnolo al minimo per 4 ore di lezioni al giorno. Si consiglia un corso di 40 ore, soprattutto per i principianti.<\/p>\n<p>Potete scegliere anche di avere 8 ore di lezioni al giorno e di studiare durante il fine settimana. Il nostro obiettivo \u00e8 quello di esaudire i vostri desideri.<\/p>\n<p>Prima dell\u2019inizio del corso verificheremo la vostra conoscenza della lingua con un test secondo i criteri europei di conoscenza delle lingue straniere dal livello A1 al C2: comprensione, scrittura, capacit\u00e0 di lettura, conversazione. In questo modo sar\u00e0 possibile definire il vostro livello di conoscenza della lingua e preparare un programma solo per voi. Per es. se siete gi\u00e0 capaci di tenere una conversazione nella lingua inglese ma avete ancora difficolt\u00e0 al livello base il nostro obiettivo sar\u00e0 di colmare le lacune e continuare su un livello pi\u00f9 alto. Le scuole di lingue che seguono un programma specifico (libro di testo) non sono in grado di fare questo.<\/p>\n<p><img loading=\"lazy\" decoding=\"async\" class=\"wp-image-703 size-full aligncenter\" src=\"https:\/\/www.karnion.si\/wp-content\/uploads\/2017\/03\/spanscina-01.jpg\" alt=\"Superlearning Karnion\" width=\"800\" height=\"400\" srcset=\"https:\/\/www.karnion.si\/wp-content\/uploads\/2017\/03\/spanscina-01.jpg 800w, https:\/\/www.karnion.si\/wp-content\/uploads\/2017\/03\/spanscina-01-300x150.jpg 300w, https:\/\/www.karnion.si\/wp-content\/uploads\/2017\/03\/spanscina-01-768x384.jpg 768w, https:\/\/www.karnion.si\/wp-content\/uploads\/2017\/03\/spanscina-01-260x130.jpg 260w, https:\/\/www.karnion.si\/wp-content\/uploads\/2017\/03\/spanscina-01-50x25.jpg 50w, https:\/\/www.karnion.si\/wp-content\/uploads\/2017\/03\/spanscina-01-150x75.jpg 150w\" sizes=\"auto, (max-width: 800px) 100vw, 800px\" \/><br \/>\n<hr class=\"no_line\" style=\"margin: 0 auto 15px;\"\/>\n<\/p>\n<p>\n<table id=\"tablepress-9\" class=\"tablepress tablepress-id-9\">\n<thead>\n<tr class=\"row-1 odd\">\n\t<th class=\"column-1\">&nbsp;<\/th><th colspan=\"2\" class=\"column-2\">KARNION - 8 ore \/ giorno (1 persona)<\/th><th colspan=\"2\" class=\"column-4\">ALTRI (metodo convenzionale) 2x3 ore \/ settimana (3-12 persone)<\/th>\n<\/tr>\n<\/thead>\n<tbody class=\"row-hover\">\n<tr class=\"row-2 even\">\n\t<td class=\"column-1\"><\/td><td class=\"column-2\">Numero di ore<\/td><td class=\"column-3\">Numero di settimane<\/td><td class=\"column-4\">Numero di ore<\/td><td class=\"column-5\">Numero di settimane<\/td>\n<\/tr>\n<tr class=\"row-3 odd\">\n\t<td class=\"column-1\">A1<\/td><td class=\"column-2\">40<\/td><td class=\"column-3\">1<\/td><td class=\"column-4\">200<\/td><td class=\"column-5\">33<\/td>\n<\/tr>\n<tr class=\"row-4 even\">\n\t<td class=\"column-1\">A2<\/td><td class=\"column-2\">80<\/td><td class=\"column-3\">2<\/td><td class=\"column-4\">100<\/td><td class=\"column-5\">17<\/td>\n<\/tr>\n<tr class=\"row-5 odd\">\n\t<td class=\"column-1\">B1<\/td><td class=\"column-2\">40<\/td><td class=\"column-3\">1<\/td><td class=\"column-4\">200<\/td><td class=\"column-5\">33<\/td>\n<\/tr>\n<tr class=\"row-6 even\">\n\t<td class=\"column-1\">B2<\/td><td class=\"column-2\">40<\/td><td class=\"column-3\">1<\/td><td class=\"column-4\">300<\/td><td class=\"column-5\">50<\/td>\n<\/tr>\n<tr class=\"row-7 odd\">\n\t<td class=\"column-1\">\u03a3<\/td><td class=\"column-2\">200<\/td><td class=\"column-3\">5<\/td><td class=\"column-4\">800<\/td><td class=\"column-5\">133<\/td>\n<\/tr>\n<\/tbody>\n<\/table>\n<!-- #tablepress-9 from cache --><br \/>\n<hr class=\"no_line\" style=\"margin: 0 auto 15px;\"\/>\n<\/p>\n<h2>CORSO DI LINGUA SPAGNOLA PER PRINCIPIANTI<\/h2>\n<p>Per la lingua spagnola si dice spesso che possiamo impararla dalla televisione. Con questo sarebbe d&#8217;accordo anche la maggior parte degli insegnanti spagnoli. \u00c8 facile da ascoltare come il ritmo del flamenco e cos\u00ec vi da lo slancio e motivazione di impararlo al pi\u00f9 presto possibile per poter camminare per le strade di Barcellona ed assaggiare e sperimentare la vera Spagna o l&#8217;emozionante Sud America.<\/p>\n<p>La vostra capacit\u00e0 di ascolto attivo della lingua italiana dar\u00e0 sicuramente dei risultati cosicch\u00e9 durante le ore di conversazione potrete esercitare bene anche il parlato.<\/p>\n<p>Dopo 40 ore scolastiche di lezioni sarete gi\u00e0 in grado di comunicare nelle situazioni di base ma nello stesso tempo se vorrete potrete anche usufruire dei contenuti specifici preparati proprio per voi.<\/p>\n<p><img loading=\"lazy\" decoding=\"async\" class=\"wp-image-705 size-full aligncenter\" src=\"https:\/\/www.karnion.si\/wp-content\/uploads\/2017\/03\/spanscina-02.jpg\" alt=\"L'apprendimento di una lingua straniera\" width=\"800\" height=\"400\" srcset=\"https:\/\/www.karnion.si\/wp-content\/uploads\/2017\/03\/spanscina-02.jpg 800w, https:\/\/www.karnion.si\/wp-content\/uploads\/2017\/03\/spanscina-02-300x150.jpg 300w, https:\/\/www.karnion.si\/wp-content\/uploads\/2017\/03\/spanscina-02-768x384.jpg 768w, https:\/\/www.karnion.si\/wp-content\/uploads\/2017\/03\/spanscina-02-260x130.jpg 260w, https:\/\/www.karnion.si\/wp-content\/uploads\/2017\/03\/spanscina-02-50x25.jpg 50w, https:\/\/www.karnion.si\/wp-content\/uploads\/2017\/03\/spanscina-02-150x75.jpg 150w\" sizes=\"auto, (max-width: 800px) 100vw, 800px\" \/><br \/>\n<hr class=\"no_line\" style=\"margin: 0 auto 15px;\"\/>\n<\/p>\n<h2>CORSO DI SPAGNOLO DEGLI AFFARI<\/h2>\n<p>Alla Karnion prepareremo per voi un programma assolutamente individualizzato in cui potrete studiare i contenuti utili per i vostri affari gi\u00e0 prima di aver raggiunto il livello A2.<\/p>\n<p><img loading=\"lazy\" decoding=\"async\" class=\"wp-image-704 size-full aligncenter\" src=\"https:\/\/www.karnion.si\/wp-content\/uploads\/2017\/03\/spanscina-03.jpg\" alt=\"Ambiente\" width=\"800\" height=\"400\" srcset=\"https:\/\/www.karnion.si\/wp-content\/uploads\/2017\/03\/spanscina-03.jpg 800w, https:\/\/www.karnion.si\/wp-content\/uploads\/2017\/03\/spanscina-03-300x150.jpg 300w, https:\/\/www.karnion.si\/wp-content\/uploads\/2017\/03\/spanscina-03-768x384.jpg 768w, https:\/\/www.karnion.si\/wp-content\/uploads\/2017\/03\/spanscina-03-260x130.jpg 260w, https:\/\/www.karnion.si\/wp-content\/uploads\/2017\/03\/spanscina-03-50x25.jpg 50w, https:\/\/www.karnion.si\/wp-content\/uploads\/2017\/03\/spanscina-03-150x75.jpg 150w\" sizes=\"auto, (max-width: 800px) 100vw, 800px\" \/><br \/>\n<hr class=\"no_line\" style=\"margin: 0 auto 15px;\"\/>\n<\/p>\n<h2>CORSO DI LINGUA SPAGNOLA COME PREPARAZIONE ALL&#8217;ESAME<\/h2>\n<p>Come per le altre lingue anche per la lingua spagnola offriamo la possibilit\u00e0 di partecipare al corso di preparazione per diversi tipi di esami internazionali.<\/p>\n<hr class=\"no_line\" style=\"margin: 0 auto 50px;\"\/>\n\n","protected":false},"excerpt":{"rendered":"<p>CORSO DI LINGUA SPAGNOLA SECONDO IL METODO DI SUPERLEARNING KARNION Dopo 25 anni di insegnamento il metodo che usiamo \u00e8 gi\u00e0 ben noto e molto apprezzato.<span class=\"excerpt-hellip\"> [\u2026]<\/span><\/p>\n","protected":false},"author":1,"featured_media":54468,"parent":0,"menu_order":0,"comment_status":"closed","ping_status":"closed","template":"","meta":{"footnotes":""},"class_list":["post-1069","page","type-page","status-publish","has-post-thumbnail","hentry"],"yoast_head":"<!-- This site is optimized with the Yoast SEO plugin v26.6 - https:\/\/yoast.com\/wordpress\/plugins\/seo\/ -->\n<title>Corso di spagnola - Karnion<\/title>\n<meta name=\"description\" content=\"Te\u010daj \u0161pan\u0161\u010dine po metodi Superlearning Karnion. Do znanja tujega jezika vas popeljemo kar 4x hitreje, za vas pa lahko skrbi kar 7 strokovnjakov.\" \/>\n<meta name=\"robots\" content=\"index, follow, max-snippet:-1, max-image-preview:large, max-video-preview:-1\" \/>\n<link rel=\"canonical\" href=\"https:\/\/www.karnion.si\/it\/corso-di-spagnola\/\" \/>\n<meta property=\"og:locale\" content=\"it_IT\" \/>\n<meta property=\"og:type\" content=\"article\" \/>\n<meta property=\"og:title\" content=\"Corso di spagnola - Karnion\" \/>\n<meta property=\"og:description\" content=\"Te\u010daj \u0161pan\u0161\u010dine po metodi Superlearning Karnion. Do znanja tujega jezika vas popeljemo kar 4x hitreje, za vas pa lahko skrbi kar 7 strokovnjakov.\" \/>\n<meta property=\"og:url\" content=\"https:\/\/www.karnion.si\/it\/corso-di-spagnola\/\" \/>\n<meta property=\"og:site_name\" content=\"Karnion\" \/>\n<meta property=\"article:publisher\" content=\"https:\/\/www.facebook.com\/Karnion-105369326222192\/\" \/>\n<meta property=\"article:modified_time\" content=\"2019-07-05T09:43:07+00:00\" \/>\n<meta property=\"og:image\" content=\"https:\/\/www.karnion.si\/wp-content\/uploads\/2019\/03\/spanscina-banner-1.jpg\" \/>\n\t<meta property=\"og:image:width\" content=\"1920\" \/>\n\t<meta property=\"og:image:height\" content=\"941\" \/>\n\t<meta property=\"og:image:type\" content=\"image\/jpeg\" \/>\n<meta name=\"twitter:card\" content=\"summary_large_image\" \/>\n<meta name=\"twitter:site\" content=\"@KarnionDoo\" \/>\n<meta name=\"twitter:label1\" content=\"Tempo di lettura stimato\" \/>\n\t<meta name=\"twitter:data1\" content=\"3 minuti\" \/>\n<script type=\"application\/ld+json\" class=\"yoast-schema-graph\">{\"@context\":\"https:\/\/schema.org\",\"@graph\":[{\"@type\":\"WebPage\",\"@id\":\"https:\/\/www.karnion.si\/it\/corso-di-spagnola\/\",\"url\":\"https:\/\/www.karnion.si\/it\/corso-di-spagnola\/\",\"name\":\"Corso di spagnola - Karnion\",\"isPartOf\":{\"@id\":\"https:\/\/www.karnion.si\/it\/#website\"},\"primaryImageOfPage\":{\"@id\":\"https:\/\/www.karnion.si\/it\/corso-di-spagnola\/#primaryimage\"},\"image\":{\"@id\":\"https:\/\/www.karnion.si\/it\/corso-di-spagnola\/#primaryimage\"},\"thumbnailUrl\":\"https:\/\/www.karnion.si\/wp-content\/uploads\/2019\/03\/spanscina-banner-1.jpg\",\"datePublished\":\"2017-07-11T05:38:54+00:00\",\"dateModified\":\"2019-07-05T09:43:07+00:00\",\"description\":\"Te\u010daj \u0161pan\u0161\u010dine po metodi Superlearning Karnion. Do znanja tujega jezika vas popeljemo kar 4x hitreje, za vas pa lahko skrbi kar 7 strokovnjakov.\",\"breadcrumb\":{\"@id\":\"https:\/\/www.karnion.si\/it\/corso-di-spagnola\/#breadcrumb\"},\"inLanguage\":\"it-IT\",\"potentialAction\":[{\"@type\":\"ReadAction\",\"target\":[\"https:\/\/www.karnion.si\/it\/corso-di-spagnola\/\"]}]},{\"@type\":\"ImageObject\",\"inLanguage\":\"it-IT\",\"@id\":\"https:\/\/www.karnion.si\/it\/corso-di-spagnola\/#primaryimage\",\"url\":\"https:\/\/www.karnion.si\/wp-content\/uploads\/2019\/03\/spanscina-banner-1.jpg\",\"contentUrl\":\"https:\/\/www.karnion.si\/wp-content\/uploads\/2019\/03\/spanscina-banner-1.jpg\",\"width\":1920,\"height\":941},{\"@type\":\"BreadcrumbList\",\"@id\":\"https:\/\/www.karnion.si\/it\/corso-di-spagnola\/#breadcrumb\",\"itemListElement\":[{\"@type\":\"ListItem\",\"position\":1,\"name\":\"Domov\",\"item\":\"https:\/\/www.karnion.si\/it\/\"},{\"@type\":\"ListItem\",\"position\":2,\"name\":\"Corso di spagnola\"}]},{\"@type\":\"WebSite\",\"@id\":\"https:\/\/www.karnion.si\/it\/#website\",\"url\":\"https:\/\/www.karnion.si\/it\/\",\"name\":\"Karnion\",\"description\":\"Pravo znanje za odli\u010dnost v tretjem tiso\u010dletju\",\"potentialAction\":[{\"@type\":\"SearchAction\",\"target\":{\"@type\":\"EntryPoint\",\"urlTemplate\":\"https:\/\/www.karnion.si\/it\/?s={search_term_string}\"},\"query-input\":{\"@type\":\"PropertyValueSpecification\",\"valueRequired\":true,\"valueName\":\"search_term_string\"}}],\"inLanguage\":\"it-IT\"}]}<\/script>\n<!-- \/ Yoast SEO plugin. -->","yoast_head_json":{"title":"Corso di spagnola - Karnion","description":"Te\u010daj \u0161pan\u0161\u010dine po metodi Superlearning Karnion. Do znanja tujega jezika vas popeljemo kar 4x hitreje, za vas pa lahko skrbi kar 7 strokovnjakov.","robots":{"index":"index","follow":"follow","max-snippet":"max-snippet:-1","max-image-preview":"max-image-preview:large","max-video-preview":"max-video-preview:-1"},"canonical":"https:\/\/www.karnion.si\/it\/corso-di-spagnola\/","og_locale":"it_IT","og_type":"article","og_title":"Corso di spagnola - Karnion","og_description":"Te\u010daj \u0161pan\u0161\u010dine po metodi Superlearning Karnion. Do znanja tujega jezika vas popeljemo kar 4x hitreje, za vas pa lahko skrbi kar 7 strokovnjakov.","og_url":"https:\/\/www.karnion.si\/it\/corso-di-spagnola\/","og_site_name":"Karnion","article_publisher":"https:\/\/www.facebook.com\/Karnion-105369326222192\/","article_modified_time":"2019-07-05T09:43:07+00:00","og_image":[{"width":1920,"height":941,"url":"https:\/\/www.karnion.si\/wp-content\/uploads\/2019\/03\/spanscina-banner-1.jpg","type":"image\/jpeg"}],"twitter_card":"summary_large_image","twitter_site":"@KarnionDoo","twitter_misc":{"Tempo di lettura stimato":"3 minuti"},"schema":{"@context":"https:\/\/schema.org","@graph":[{"@type":"WebPage","@id":"https:\/\/www.karnion.si\/it\/corso-di-spagnola\/","url":"https:\/\/www.karnion.si\/it\/corso-di-spagnola\/","name":"Corso di spagnola - Karnion","isPartOf":{"@id":"https:\/\/www.karnion.si\/it\/#website"},"primaryImageOfPage":{"@id":"https:\/\/www.karnion.si\/it\/corso-di-spagnola\/#primaryimage"},"image":{"@id":"https:\/\/www.karnion.si\/it\/corso-di-spagnola\/#primaryimage"},"thumbnailUrl":"https:\/\/www.karnion.si\/wp-content\/uploads\/2019\/03\/spanscina-banner-1.jpg","datePublished":"2017-07-11T05:38:54+00:00","dateModified":"2019-07-05T09:43:07+00:00","description":"Te\u010daj \u0161pan\u0161\u010dine po metodi Superlearning Karnion. Do znanja tujega jezika vas popeljemo kar 4x hitreje, za vas pa lahko skrbi kar 7 strokovnjakov.","breadcrumb":{"@id":"https:\/\/www.karnion.si\/it\/corso-di-spagnola\/#breadcrumb"},"inLanguage":"it-IT","potentialAction":[{"@type":"ReadAction","target":["https:\/\/www.karnion.si\/it\/corso-di-spagnola\/"]}]},{"@type":"ImageObject","inLanguage":"it-IT","@id":"https:\/\/www.karnion.si\/it\/corso-di-spagnola\/#primaryimage","url":"https:\/\/www.karnion.si\/wp-content\/uploads\/2019\/03\/spanscina-banner-1.jpg","contentUrl":"https:\/\/www.karnion.si\/wp-content\/uploads\/2019\/03\/spanscina-banner-1.jpg","width":1920,"height":941},{"@type":"BreadcrumbList","@id":"https:\/\/www.karnion.si\/it\/corso-di-spagnola\/#breadcrumb","itemListElement":[{"@type":"ListItem","position":1,"name":"Domov","item":"https:\/\/www.karnion.si\/it\/"},{"@type":"ListItem","position":2,"name":"Corso di spagnola"}]},{"@type":"WebSite","@id":"https:\/\/www.karnion.si\/it\/#website","url":"https:\/\/www.karnion.si\/it\/","name":"Karnion","description":"Pravo znanje za odli\u010dnost v tretjem tiso\u010dletju","potentialAction":[{"@type":"SearchAction","target":{"@type":"EntryPoint","urlTemplate":"https:\/\/www.karnion.si\/it\/?s={search_term_string}"},"query-input":{"@type":"PropertyValueSpecification","valueRequired":true,"valueName":"search_term_string"}}],"inLanguage":"it-IT"}]}},"_links":{"self":[{"href":"https:\/\/www.karnion.si\/it\/wp-json\/wp\/v2\/pages\/1069","targetHints":{"allow":["GET"]}}],"collection":[{"href":"https:\/\/www.karnion.si\/it\/wp-json\/wp\/v2\/pages"}],"about":[{"href":"https:\/\/www.karnion.si\/it\/wp-json\/wp\/v2\/types\/page"}],"author":[{"embeddable":true,"href":"https:\/\/www.karnion.si\/it\/wp-json\/wp\/v2\/users\/1"}],"replies":[{"embeddable":true,"href":"https:\/\/www.karnion.si\/it\/wp-json\/wp\/v2\/comments?post=1069"}],"version-history":[{"count":1,"href":"https:\/\/www.karnion.si\/it\/wp-json\/wp\/v2\/pages\/1069\/revisions"}],"predecessor-version":[{"id":8601,"href":"https:\/\/www.karnion.si\/it\/wp-json\/wp\/v2\/pages\/1069\/revisions\/8601"}],"wp:featuredmedia":[{"embeddable":true,"href":"https:\/\/www.karnion.si\/it\/wp-json\/wp\/v2\/media\/54468"}],"wp:attachment":[{"href":"https:\/\/www.karnion.si\/it\/wp-json\/wp\/v2\/media?parent=1069"}],"curies":[{"name":"wp","href":"https:\/\/api.w.org\/{rel}","templated":true}]}}