{"id":1006,"date":"2017-07-10T08:11:38","date_gmt":"2017-07-10T06:11:38","guid":{"rendered":"http:\/\/www.karnion.si\/ostali-jezici\/"},"modified":"2019-07-05T12:10:52","modified_gmt":"2019-07-05T10:10:52","slug":"ostali-jezici","status":"publish","type":"page","link":"https:\/\/www.karnion.si\/sr\/ostali-jezici\/","title":{"rendered":"Ostali jezici"},"content":{"rendered":"<p>Ve\u0107 25 godina priznata i visoko cenjena metoda sastoji se iz <strong>kombinacije slu\u0161anja u alfa stanju<\/strong> (u kojem sadr\u017eaje memori\u0161emo 4x br\u017ee i to u dugoro\u010dno pam\u0107enje) i <strong>individualnog razgovora sa profesorom<\/strong>. Za znanje nije dovoljna samo konverzacija, ve\u0107 pre svega i slu\u0161anje. Slu\u0161anjem \u0107ete dobiti nove re\u010di koje \u0107ete na satu konverzacije ve\u0107 suvereno primeniti. Pa i svoj materinji jezik ste nau\u010dili slu\u0161anjem svojih roditelja ili staratelja. Ova metoda omogu\u0107uje najprirodniji oblik u\u010denja.<\/p>\n<p>U Karnionu mo\u017eete osim engleskog, nema\u010dkog, francuskog, italijanskog, \u0161panskog, ruskog u\u010diti i: <strong>slovena\u010dki, arapski, kineski, poljski, srpski, hrvatski, portugalski<\/strong>. Osim toga i stranci rado dolaze na te\u010dajeve razli\u010ditih jezika. Npr. Rusi na engleski, Amerikanci na italijanski, \u0160panci na engleski, Francuzi na slovena\u010dki i na mnogo drugih interesantnih kombinacija.<\/p>\n<p>Na\u0161i u\u010ditelji stranih jezika su pedagozi, svi sa najmanje 7. razinom obrazovanja i vi\u0161egodi\u0161njim iskustvom na podru\u010dju superlearning Karnion. Imamo i \u201enative speakers\u201c koji su ujedno pedagozi te svi odli\u010dno govore slovena\u010dki.<\/p>\n<p><img loading=\"lazy\" decoding=\"async\" class=\"size-full wp-image-736 aligncenter\" src=\"https:\/\/www.karnion.si\/wp-content\/uploads\/2017\/03\/DSC_0003.jpg\" alt=\"DSC_0003\" width=\"800\" height=\"400\" srcset=\"https:\/\/www.karnion.si\/wp-content\/uploads\/2017\/03\/DSC_0003.jpg 800w, https:\/\/www.karnion.si\/wp-content\/uploads\/2017\/03\/DSC_0003-300x150.jpg 300w, https:\/\/www.karnion.si\/wp-content\/uploads\/2017\/03\/DSC_0003-768x384.jpg 768w, https:\/\/www.karnion.si\/wp-content\/uploads\/2017\/03\/DSC_0003-260x130.jpg 260w, https:\/\/www.karnion.si\/wp-content\/uploads\/2017\/03\/DSC_0003-50x25.jpg 50w, https:\/\/www.karnion.si\/wp-content\/uploads\/2017\/03\/DSC_0003-150x75.jpg 150w\" sizes=\"auto, (max-width: 800px) 100vw, 800px\" \/><\/p>\n<p><img loading=\"lazy\" decoding=\"async\" class=\"size-full wp-image-737 aligncenter\" src=\"https:\/\/www.karnion.si\/wp-content\/uploads\/2017\/03\/DSC_0004.jpg\" alt=\"DSC_0004\" width=\"800\" height=\"400\" srcset=\"https:\/\/www.karnion.si\/wp-content\/uploads\/2017\/03\/DSC_0004.jpg 800w, https:\/\/www.karnion.si\/wp-content\/uploads\/2017\/03\/DSC_0004-300x150.jpg 300w, https:\/\/www.karnion.si\/wp-content\/uploads\/2017\/03\/DSC_0004-768x384.jpg 768w, https:\/\/www.karnion.si\/wp-content\/uploads\/2017\/03\/DSC_0004-260x130.jpg 260w, https:\/\/www.karnion.si\/wp-content\/uploads\/2017\/03\/DSC_0004-50x25.jpg 50w, https:\/\/www.karnion.si\/wp-content\/uploads\/2017\/03\/DSC_0004-150x75.jpg 150w\" sizes=\"auto, (max-width: 800px) 100vw, 800px\" \/><\/p>\n<p><img loading=\"lazy\" decoding=\"async\" class=\"size-full wp-image-738 aligncenter\" src=\"https:\/\/www.karnion.si\/wp-content\/uploads\/2017\/03\/DSC_0063.jpg\" alt=\"Maraaya\" width=\"800\" height=\"400\" srcset=\"https:\/\/www.karnion.si\/wp-content\/uploads\/2017\/03\/DSC_0063.jpg 800w, https:\/\/www.karnion.si\/wp-content\/uploads\/2017\/03\/DSC_0063-300x150.jpg 300w, https:\/\/www.karnion.si\/wp-content\/uploads\/2017\/03\/DSC_0063-768x384.jpg 768w, https:\/\/www.karnion.si\/wp-content\/uploads\/2017\/03\/DSC_0063-260x130.jpg 260w, https:\/\/www.karnion.si\/wp-content\/uploads\/2017\/03\/DSC_0063-50x25.jpg 50w, https:\/\/www.karnion.si\/wp-content\/uploads\/2017\/03\/DSC_0063-150x75.jpg 150w\" sizes=\"auto, (max-width: 800px) 100vw, 800px\" \/><\/p>\n<p><img loading=\"lazy\" decoding=\"async\" class=\"size-full wp-image-650 aligncenter\" src=\"https:\/\/www.karnion.si\/wp-content\/uploads\/2017\/02\/o_nas_01.jpg\" alt=\"Holisti\u010dni center Karnion\" width=\"800\" height=\"400\" srcset=\"https:\/\/www.karnion.si\/wp-content\/uploads\/2017\/02\/o_nas_01.jpg 800w, https:\/\/www.karnion.si\/wp-content\/uploads\/2017\/02\/o_nas_01-300x150.jpg 300w, https:\/\/www.karnion.si\/wp-content\/uploads\/2017\/02\/o_nas_01-768x384.jpg 768w, https:\/\/www.karnion.si\/wp-content\/uploads\/2017\/02\/o_nas_01-260x130.jpg 260w, https:\/\/www.karnion.si\/wp-content\/uploads\/2017\/02\/o_nas_01-50x25.jpg 50w, https:\/\/www.karnion.si\/wp-content\/uploads\/2017\/02\/o_nas_01-150x75.jpg 150w\" sizes=\"auto, (max-width: 800px) 100vw, 800px\" \/><\/p>\n<hr class=\"no_line\" style=\"margin: 0 auto 50px;\"\/>\n\n<h3 style=\"text-align: center;\">Prijavite se li\u010dno, vezplatno \u0107emo vam predstaviti:<\/h3>\n<p><hr class=\"no_line\" style=\"margin: 0 auto 5px;\"\/>\n<br \/>\n<div role=\"form\" class=\"wpcf7\" id=\"wpcf7-f1461-o1\" lang=\"sl-SI\" dir=\"ltr\">\n<div class=\"screen-reader-response\"><\/div>\n<form action=\"\/sr\/wp-json\/wp\/v2\/pages\/1006#wpcf7-f1461-o1\" method=\"post\" class=\"wpcf7-form\" novalidate=\"novalidate\">\n<div style=\"display: none;\">\n<input type=\"hidden\" name=\"_wpcf7\" value=\"1461\" \/>\n<input type=\"hidden\" name=\"_wpcf7_version\" value=\"5.1.4\" \/>\n<input type=\"hidden\" name=\"_wpcf7_locale\" value=\"sl_SI\" \/>\n<input type=\"hidden\" name=\"_wpcf7_unit_tag\" value=\"wpcf7-f1461-o1\" \/>\n<input type=\"hidden\" name=\"_wpcf7_container_post\" value=\"0\" \/>\n<input type=\"hidden\" name=\"g-recaptcha-response\" value=\"\" \/>\n<\/div>\n<div class=\"column one\"><span class=\"wpcf7-form-control-wrap your-name\"><input type=\"text\" name=\"your-name\" value=\"\" size=\"40\" class=\"wpcf7-form-control wpcf7-text\" aria-invalid=\"false\" placeholder=\"Ime\" \/><\/span> <\/div>\n<div class=\"column one-second\"><span class=\"wpcf7-form-control-wrap your-email\"><input type=\"email\" name=\"your-email\" value=\"\" size=\"40\" class=\"wpcf7-form-control wpcf7-text wpcf7-email wpcf7-validates-as-required wpcf7-validates-as-email\" aria-required=\"true\" aria-invalid=\"false\" placeholder=\"E-mail\" \/><\/span> <\/div>\n<div class=\"column one-second\"><span class=\"wpcf7-form-control-wrap your-phone\"><input type=\"tel\" name=\"your-phone\" value=\"\" size=\"40\" class=\"wpcf7-form-control wpcf7-text wpcf7-tel wpcf7-validates-as-tel\" aria-invalid=\"false\" placeholder=\"Telefon\" \/><\/span> <\/div>\n<div class=\"column one\"><span class=\"wpcf7-form-control-wrap your-subject\"><input type=\"text\" name=\"your-subject\" value=\"\" size=\"40\" class=\"wpcf7-form-control wpcf7-text\" aria-invalid=\"false\" placeholder=\"Zadeva\" \/><\/span> <\/div>\n<div class=\"column one\"><span class=\"wpcf7-form-control-wrap your-message\"><textarea name=\"your-message\" cols=\"40\" rows=\"6\" class=\"wpcf7-form-control wpcf7-textarea\" aria-invalid=\"false\" placeholder=\"Poruka\"><\/textarea><\/span><\/div>\n<div class=\"column one\">\n\n<\/div>\n<div class=\"column one\"><input type=\"submit\" value=\"Po\u0161alji\" class=\"wpcf7-form-control wpcf7-submit\" \/><\/div>\n<div class=\"wpcf7-response-output wpcf7-display-none\"><\/div><\/form><\/div><\/p>\n<hr class=\"no_line\" style=\"margin: 0 auto 50px;\"\/>\n\n","protected":false},"excerpt":{"rendered":"<p>Ve\u0107 25 godina priznata i visoko cenjena metoda sastoji se iz kombinacije slu\u0161anja u alfa stanju (u kojem sadr\u017eaje memori\u0161emo 4x br\u017ee i to u dugoro\u010dno<span class=\"excerpt-hellip\"> [\u2026]<\/span><\/p>\n","protected":false},"author":1,"featured_media":54220,"parent":0,"menu_order":0,"comment_status":"closed","ping_status":"closed","template":"","meta":{"footnotes":""},"class_list":["post-1006","page","type-page","status-publish","has-post-thumbnail","hentry"],"yoast_head":"<!-- This site is optimized with the Yoast SEO plugin v26.6 - https:\/\/yoast.com\/wordpress\/plugins\/seo\/ -->\n<title>Ostali jezici - Karnion<\/title>\n<meta name=\"description\" content=\"U Karnionu mo\u017eete osim engleskog, nema\u010dkog, francuskog, italijanskog, \u0161panskog, ruskog u\u010diti i: slovena\u010dki, arapski, kineski, poljski, ...\" \/>\n<meta name=\"robots\" content=\"index, follow, max-snippet:-1, max-image-preview:large, max-video-preview:-1\" \/>\n<link rel=\"canonical\" href=\"https:\/\/www.karnion.si\/sr\/ostali-jezici\/\" \/>\n<meta property=\"og:locale\" content=\"sr_RS\" \/>\n<meta property=\"og:type\" content=\"article\" \/>\n<meta property=\"og:title\" content=\"Ostali jezici - Karnion\" \/>\n<meta property=\"og:description\" content=\"U Karnionu mo\u017eete osim engleskog, nema\u010dkog, francuskog, italijanskog, \u0161panskog, ruskog u\u010diti i: slovena\u010dki, arapski, kineski, poljski, ...\" \/>\n<meta property=\"og:url\" content=\"https:\/\/www.karnion.si\/sr\/ostali-jezici\/\" \/>\n<meta property=\"og:site_name\" content=\"Karnion\" \/>\n<meta property=\"article:publisher\" content=\"https:\/\/www.facebook.com\/Karnion-105369326222192\/\" \/>\n<meta property=\"article:modified_time\" content=\"2019-07-05T10:10:52+00:00\" \/>\n<meta property=\"og:image\" content=\"https:\/\/www.karnion.si\/wp-content\/uploads\/2019\/03\/ostali-jeziki-banner.jpg\" \/>\n\t<meta property=\"og:image:width\" content=\"1920\" \/>\n\t<meta property=\"og:image:height\" content=\"941\" \/>\n\t<meta property=\"og:image:type\" content=\"image\/jpeg\" \/>\n<meta name=\"twitter:card\" content=\"summary_large_image\" \/>\n<meta name=\"twitter:site\" content=\"@KarnionDoo\" \/>\n<meta name=\"twitter:label1\" content=\"\u041f\u0440\u043e\u0446\u0435\u045a\u0435\u043d\u043e \u0432\u0440\u0435\u043c\u0435 \u0447\u0438\u0442\u0430\u045a\u0430\" \/>\n\t<meta name=\"twitter:data1\" content=\"1 \u043c\u0438\u043d\u0443\u0442\" \/>\n<script type=\"application\/ld+json\" class=\"yoast-schema-graph\">{\"@context\":\"https:\/\/schema.org\",\"@graph\":[{\"@type\":\"WebPage\",\"@id\":\"https:\/\/www.karnion.si\/sr\/ostali-jezici\/\",\"url\":\"https:\/\/www.karnion.si\/sr\/ostali-jezici\/\",\"name\":\"Ostali jezici - Karnion\",\"isPartOf\":{\"@id\":\"https:\/\/www.karnion.si\/sr\/#website\"},\"primaryImageOfPage\":{\"@id\":\"https:\/\/www.karnion.si\/sr\/ostali-jezici\/#primaryimage\"},\"image\":{\"@id\":\"https:\/\/www.karnion.si\/sr\/ostali-jezici\/#primaryimage\"},\"thumbnailUrl\":\"https:\/\/www.karnion.si\/wp-content\/uploads\/2019\/03\/ostali-jeziki-banner.jpg\",\"datePublished\":\"2017-07-10T06:11:38+00:00\",\"dateModified\":\"2019-07-05T10:10:52+00:00\",\"description\":\"U Karnionu mo\u017eete osim engleskog, nema\u010dkog, francuskog, italijanskog, \u0161panskog, ruskog u\u010diti i: slovena\u010dki, arapski, kineski, poljski, ...\",\"breadcrumb\":{\"@id\":\"https:\/\/www.karnion.si\/sr\/ostali-jezici\/#breadcrumb\"},\"inLanguage\":\"sr-RS\",\"potentialAction\":[{\"@type\":\"ReadAction\",\"target\":[\"https:\/\/www.karnion.si\/sr\/ostali-jezici\/\"]}]},{\"@type\":\"ImageObject\",\"inLanguage\":\"sr-RS\",\"@id\":\"https:\/\/www.karnion.si\/sr\/ostali-jezici\/#primaryimage\",\"url\":\"https:\/\/www.karnion.si\/wp-content\/uploads\/2019\/03\/ostali-jeziki-banner.jpg\",\"contentUrl\":\"https:\/\/www.karnion.si\/wp-content\/uploads\/2019\/03\/ostali-jeziki-banner.jpg\",\"width\":1920,\"height\":941},{\"@type\":\"BreadcrumbList\",\"@id\":\"https:\/\/www.karnion.si\/sr\/ostali-jezici\/#breadcrumb\",\"itemListElement\":[{\"@type\":\"ListItem\",\"position\":1,\"name\":\"Domov\",\"item\":\"https:\/\/www.karnion.si\/sr\/\"},{\"@type\":\"ListItem\",\"position\":2,\"name\":\"Ostali jezici\"}]},{\"@type\":\"WebSite\",\"@id\":\"https:\/\/www.karnion.si\/sr\/#website\",\"url\":\"https:\/\/www.karnion.si\/sr\/\",\"name\":\"Karnion\",\"description\":\"Pravo znanje za odli\u010dnost v tretjem tiso\u010dletju\",\"potentialAction\":[{\"@type\":\"SearchAction\",\"target\":{\"@type\":\"EntryPoint\",\"urlTemplate\":\"https:\/\/www.karnion.si\/sr\/?s={search_term_string}\"},\"query-input\":{\"@type\":\"PropertyValueSpecification\",\"valueRequired\":true,\"valueName\":\"search_term_string\"}}],\"inLanguage\":\"sr-RS\"}]}<\/script>\n<!-- \/ Yoast SEO plugin. -->","yoast_head_json":{"title":"Ostali jezici - Karnion","description":"U Karnionu mo\u017eete osim engleskog, nema\u010dkog, francuskog, italijanskog, \u0161panskog, ruskog u\u010diti i: slovena\u010dki, arapski, kineski, poljski, ...","robots":{"index":"index","follow":"follow","max-snippet":"max-snippet:-1","max-image-preview":"max-image-preview:large","max-video-preview":"max-video-preview:-1"},"canonical":"https:\/\/www.karnion.si\/sr\/ostali-jezici\/","og_locale":"sr_RS","og_type":"article","og_title":"Ostali jezici - Karnion","og_description":"U Karnionu mo\u017eete osim engleskog, nema\u010dkog, francuskog, italijanskog, \u0161panskog, ruskog u\u010diti i: slovena\u010dki, arapski, kineski, poljski, ...","og_url":"https:\/\/www.karnion.si\/sr\/ostali-jezici\/","og_site_name":"Karnion","article_publisher":"https:\/\/www.facebook.com\/Karnion-105369326222192\/","article_modified_time":"2019-07-05T10:10:52+00:00","og_image":[{"width":1920,"height":941,"url":"https:\/\/www.karnion.si\/wp-content\/uploads\/2019\/03\/ostali-jeziki-banner.jpg","type":"image\/jpeg"}],"twitter_card":"summary_large_image","twitter_site":"@KarnionDoo","twitter_misc":{"\u041f\u0440\u043e\u0446\u0435\u045a\u0435\u043d\u043e \u0432\u0440\u0435\u043c\u0435 \u0447\u0438\u0442\u0430\u045a\u0430":"1 \u043c\u0438\u043d\u0443\u0442"},"schema":{"@context":"https:\/\/schema.org","@graph":[{"@type":"WebPage","@id":"https:\/\/www.karnion.si\/sr\/ostali-jezici\/","url":"https:\/\/www.karnion.si\/sr\/ostali-jezici\/","name":"Ostali jezici - Karnion","isPartOf":{"@id":"https:\/\/www.karnion.si\/sr\/#website"},"primaryImageOfPage":{"@id":"https:\/\/www.karnion.si\/sr\/ostali-jezici\/#primaryimage"},"image":{"@id":"https:\/\/www.karnion.si\/sr\/ostali-jezici\/#primaryimage"},"thumbnailUrl":"https:\/\/www.karnion.si\/wp-content\/uploads\/2019\/03\/ostali-jeziki-banner.jpg","datePublished":"2017-07-10T06:11:38+00:00","dateModified":"2019-07-05T10:10:52+00:00","description":"U Karnionu mo\u017eete osim engleskog, nema\u010dkog, francuskog, italijanskog, \u0161panskog, ruskog u\u010diti i: slovena\u010dki, arapski, kineski, poljski, ...","breadcrumb":{"@id":"https:\/\/www.karnion.si\/sr\/ostali-jezici\/#breadcrumb"},"inLanguage":"sr-RS","potentialAction":[{"@type":"ReadAction","target":["https:\/\/www.karnion.si\/sr\/ostali-jezici\/"]}]},{"@type":"ImageObject","inLanguage":"sr-RS","@id":"https:\/\/www.karnion.si\/sr\/ostali-jezici\/#primaryimage","url":"https:\/\/www.karnion.si\/wp-content\/uploads\/2019\/03\/ostali-jeziki-banner.jpg","contentUrl":"https:\/\/www.karnion.si\/wp-content\/uploads\/2019\/03\/ostali-jeziki-banner.jpg","width":1920,"height":941},{"@type":"BreadcrumbList","@id":"https:\/\/www.karnion.si\/sr\/ostali-jezici\/#breadcrumb","itemListElement":[{"@type":"ListItem","position":1,"name":"Domov","item":"https:\/\/www.karnion.si\/sr\/"},{"@type":"ListItem","position":2,"name":"Ostali jezici"}]},{"@type":"WebSite","@id":"https:\/\/www.karnion.si\/sr\/#website","url":"https:\/\/www.karnion.si\/sr\/","name":"Karnion","description":"Pravo znanje za odli\u010dnost v tretjem tiso\u010dletju","potentialAction":[{"@type":"SearchAction","target":{"@type":"EntryPoint","urlTemplate":"https:\/\/www.karnion.si\/sr\/?s={search_term_string}"},"query-input":{"@type":"PropertyValueSpecification","valueRequired":true,"valueName":"search_term_string"}}],"inLanguage":"sr-RS"}]}},"_links":{"self":[{"href":"https:\/\/www.karnion.si\/sr\/wp-json\/wp\/v2\/pages\/1006","targetHints":{"allow":["GET"]}}],"collection":[{"href":"https:\/\/www.karnion.si\/sr\/wp-json\/wp\/v2\/pages"}],"about":[{"href":"https:\/\/www.karnion.si\/sr\/wp-json\/wp\/v2\/types\/page"}],"author":[{"embeddable":true,"href":"https:\/\/www.karnion.si\/sr\/wp-json\/wp\/v2\/users\/1"}],"replies":[{"embeddable":true,"href":"https:\/\/www.karnion.si\/sr\/wp-json\/wp\/v2\/comments?post=1006"}],"version-history":[{"count":1,"href":"https:\/\/www.karnion.si\/sr\/wp-json\/wp\/v2\/pages\/1006\/revisions"}],"predecessor-version":[{"id":6684,"href":"https:\/\/www.karnion.si\/sr\/wp-json\/wp\/v2\/pages\/1006\/revisions\/6684"}],"wp:featuredmedia":[{"embeddable":true,"href":"https:\/\/www.karnion.si\/sr\/wp-json\/wp\/v2\/media\/54220"}],"wp:attachment":[{"href":"https:\/\/www.karnion.si\/sr\/wp-json\/wp\/v2\/media?parent=1006"}],"curies":[{"name":"wp","href":"https:\/\/api.w.org\/{rel}","templated":true}]}}