{"id":1007,"date":"2017-07-10T08:24:07","date_gmt":"2017-07-10T06:24:07","guid":{"rendered":"http:\/\/www.karnion.si\/antistres-program\/"},"modified":"2019-07-05T12:17:23","modified_gmt":"2019-07-05T10:17:23","slug":"antistres-program","status":"publish","type":"page","link":"https:\/\/www.karnion.si\/sr\/antistres-program\/","title":{"rendered":"Antistres program"},"content":{"rendered":"<h2>DO\u017dIVITE VRHUNSKI ANTISTRES PROGRAM U KARNIONU<\/h2>\n<p>Da bi na brz i efikasan na\u010din o\u010distili svoj organizam od stresa ( kortizola i adrenalina) ne morate u posetu spa centru ili da idete na ru\u010dnu masa\u017eu. U Karnionu \u0107ete proces topljenja stresnih hormona do\u017eiveti puno br\u017ee od odlaska u spa centar. Uz jedinstveni antistres tretman koji se odvija istovremeno sa superlearningom ( 20 \u0161kolskih \u010dasova) i koji vam \u010disti najvi\u0161e stresa iz organizma ( za bar 70%), opu\u0161tanje mo\u017eete do\u017eiveti na najsavremeniji i nenametljiv na\u010din.<\/p>\n<p><hr class=\"no_line\" style=\"margin: 0 auto 5px;\"\/>\n<br \/>\n<img loading=\"lazy\" decoding=\"async\" class=\"aligncenter size-full wp-image-587\" src=\"https:\/\/www.karnion.si\/wp-content\/uploads\/2017\/05\/antistres_01.jpg\" alt=\"Peter Prevc - Karnion\" width=\"800\" height=\"400\" srcset=\"https:\/\/www.karnion.si\/wp-content\/uploads\/2017\/05\/antistres_01.jpg 800w, https:\/\/www.karnion.si\/wp-content\/uploads\/2017\/05\/antistres_01-300x150.jpg 300w, https:\/\/www.karnion.si\/wp-content\/uploads\/2017\/05\/antistres_01-768x384.jpg 768w, https:\/\/www.karnion.si\/wp-content\/uploads\/2017\/05\/antistres_01-260x130.jpg 260w, https:\/\/www.karnion.si\/wp-content\/uploads\/2017\/05\/antistres_01-50x25.jpg 50w, https:\/\/www.karnion.si\/wp-content\/uploads\/2017\/05\/antistres_01-150x75.jpg 150w\" sizes=\"auto, (max-width: 800px) 100vw, 800px\" \/><br \/>\n<hr class=\"no_line\" style=\"margin: 0 auto 15px;\"\/>\n<\/p>\n<h3 style=\"color: #d8017e;\">Za\u0161to se odlu\u010diti za KARNIONOV antistres program?<\/h3>\n<p>&nbsp;<\/p>\n<ul class=\"list_check\">\n<li style=\"list-style-type: none;\">\n<ul class=\"list_check\">\n<li>Jer ne zahteva va\u0161 mentalni anga\u017eman, ve\u0107 samo predanost na\u0161im savremenim tehnikama i tehnologiji;<\/li>\n<\/ul>\n<\/li>\n<\/ul>\n<p>&nbsp;<\/p>\n<ul class=\"list_check\">\n<li style=\"list-style-type: none;\">\n<ul class=\"list_check\">\n<li>Jer \u0107ete nau\u010diti kako se brzo opu\u0161ta posle napornog dana;<\/li>\n<\/ul>\n<\/li>\n<\/ul>\n<p>&nbsp;<\/p>\n<ul class=\"list_check\">\n<li style=\"list-style-type: none;\">\n<ul class=\"list_check\">\n<li>Jer \u0107ete brzo <strong>smanjiti koncentraciju kortizola<\/strong> u organizmu te istovremeno <strong>pove\u0107ati koli\u010dinu serotonina i endorfinih hormona<\/strong> koji su klju\u010dni za va\u0161u pozitivnu energiju i uspeh na radnom mestu;<\/li>\n<\/ul>\n<\/li>\n<\/ul>\n<p>&nbsp;<\/p>\n<ul class=\"list_check\">\n<li>Jer \u0107ete jednostavno &#8211; <strong>U\u017dIVATI i istovremeno imati konkretne REZULTATE<\/strong>.<\/li>\n<\/ul>\n<p>&nbsp;<\/p>\n<h3 style=\"color: #d8017e;\">Kako \u0107ete ugoditi sebi?<\/h3>\n<p>Za po\u010detak \u0107emo vam pru\u017eiti ugo\u0111aj opu\u0161tanja na alfa le\u017ealjci i QRS Vejveru \u2013 najsavremenijim tehnologijama opu\u0161tanja. I naravno sa stimulatorom mo\u017edanih talasa sa terapijskom \u017dUTOM svetlo\u0161\u0107u koja isceljuje i omogu\u0107ava pove\u0107ano izlu\u010divanje seratonina i endorfinih hormona te aktivira \u010di\u0161\u0107enje stresnih hormona.<\/p>\n<p><hr class=\"no_line\" style=\"margin: 0 auto 5px;\"\/>\n<br \/>\n<img loading=\"lazy\" decoding=\"async\" class=\"aligncenter size-full wp-image-590\" src=\"https:\/\/www.karnion.si\/wp-content\/uploads\/2017\/05\/antistres_02.jpg\" alt=\"Alfa le\u017ealjka\" width=\"800\" height=\"400\" srcset=\"https:\/\/www.karnion.si\/wp-content\/uploads\/2017\/05\/antistres_02.jpg 800w, https:\/\/www.karnion.si\/wp-content\/uploads\/2017\/05\/antistres_02-300x150.jpg 300w, https:\/\/www.karnion.si\/wp-content\/uploads\/2017\/05\/antistres_02-768x384.jpg 768w, https:\/\/www.karnion.si\/wp-content\/uploads\/2017\/05\/antistres_02-260x130.jpg 260w, https:\/\/www.karnion.si\/wp-content\/uploads\/2017\/05\/antistres_02-50x25.jpg 50w, https:\/\/www.karnion.si\/wp-content\/uploads\/2017\/05\/antistres_02-150x75.jpg 150w\" sizes=\"auto, (max-width: 800px) 100vw, 800px\" \/><br \/>\n<hr class=\"no_line\" style=\"margin: 0 auto 5px;\"\/>\n<br \/>\n<strong>Alfa le\u017ealjka\u2013 dodir ve\u010dnosti,<\/strong><br \/>\nima jedinstven energetski efekat na telo i um: &#8211; vodi do stanja duboke opu\u0161tenosti (rad mozga: 8-12 Hertz-a)<br \/>\n&#8211; ubla\u017euje akumuliranu napetost i pobolj\u0161ava unutra\u0161nji balans<br \/>\n&#8211; poti\u010de mentalno zdravlje i spre\u010dava iscrpljenost uma<br \/>\n&#8211; topi stres<br \/>\n&#8211; budi i pove\u0107ava kreativnost<br \/>\n&#8211; di\u017ee nivo \u010dulne percepcije<br \/>\n&#8211; osloba\u0111a novu duhovnu energiju.<\/p>\n<p><hr class=\"no_line\" style=\"margin: 0 auto 5px;\"\/>\n<br \/>\n<img loading=\"lazy\" decoding=\"async\" class=\"aligncenter size-full wp-image-591\" src=\"https:\/\/www.karnion.si\/wp-content\/uploads\/2017\/05\/antistres_03.jpg\" alt=\"\" width=\"800\" height=\"400\" srcset=\"https:\/\/www.karnion.si\/wp-content\/uploads\/2017\/05\/antistres_03.jpg 800w, https:\/\/www.karnion.si\/wp-content\/uploads\/2017\/05\/antistres_03-300x150.jpg 300w, https:\/\/www.karnion.si\/wp-content\/uploads\/2017\/05\/antistres_03-768x384.jpg 768w, https:\/\/www.karnion.si\/wp-content\/uploads\/2017\/05\/antistres_03-260x130.jpg 260w, https:\/\/www.karnion.si\/wp-content\/uploads\/2017\/05\/antistres_03-50x25.jpg 50w, https:\/\/www.karnion.si\/wp-content\/uploads\/2017\/05\/antistres_03-150x75.jpg 150w\" sizes=\"auto, (max-width: 800px) 100vw, 800px\" \/><br \/>\n<hr class=\"no_line\" style=\"margin: 0 auto 5px;\"\/>\n<\/p>\n<p><strong>QRS Vejver:<\/strong><\/p>\n<p>Idealna le\u017ealjka\u2013 ljulja\u0161ka za sve one imaju sindrom izgaranja i kroni\u010dno su umorni. Mekan ne\u017ean ose\u0107aj ljuljanja vodi vas natrag u \u00bbmaj\u010dino\u00ab naru\u010dje.<br \/>\nNe\u017ena muzika i zvu\u010dni signali vode vas u Alfa stanje, <strong>stanje &#8222;pasivne fokusiranosti&#8220; i pove\u0107ane sugestibilnosti.<\/strong><\/p>\n<div id=\"attachment_594\" style=\"width: 810px\" class=\"wp-caption aligncenter\"><img loading=\"lazy\" decoding=\"async\" aria-describedby=\"caption-attachment-594\" class=\"size-full wp-image-594\" src=\"https:\/\/www.karnion.si\/wp-content\/uploads\/2017\/05\/antistres_05.jpg\" alt=\"Stimulator mo\u017edanih talasa \" width=\"800\" height=\"400\" srcset=\"https:\/\/www.karnion.si\/wp-content\/uploads\/2017\/05\/antistres_05.jpg 800w, https:\/\/www.karnion.si\/wp-content\/uploads\/2017\/05\/antistres_05-300x150.jpg 300w, https:\/\/www.karnion.si\/wp-content\/uploads\/2017\/05\/antistres_05-768x384.jpg 768w, https:\/\/www.karnion.si\/wp-content\/uploads\/2017\/05\/antistres_05-260x130.jpg 260w, https:\/\/www.karnion.si\/wp-content\/uploads\/2017\/05\/antistres_05-50x25.jpg 50w, https:\/\/www.karnion.si\/wp-content\/uploads\/2017\/05\/antistres_05-150x75.jpg 150w\" sizes=\"auto, (max-width: 800px) 100vw, 800px\" \/><p id=\"caption-attachment-594\" class=\"wp-caption-text\">Stimulator mo\u017edanih talasa \u0107e vam pomo\u0107u terapijske \u017eute svetlosti omogu\u0107iti optimalno \u010di\u0161\u0107enje stresnih hormona.<\/p><\/div>\n<p>&nbsp;<\/p>\n<div id=\"attachment_593\" style=\"width: 810px\" class=\"wp-caption aligncenter\"><img loading=\"lazy\" decoding=\"async\" aria-describedby=\"caption-attachment-593\" class=\"size-full wp-image-593\" src=\"https:\/\/www.karnion.si\/wp-content\/uploads\/2017\/05\/antistres_04.jpg\" alt=\"Sprostitev Karnion\" width=\"800\" height=\"400\" srcset=\"https:\/\/www.karnion.si\/wp-content\/uploads\/2017\/05\/antistres_04.jpg 800w, https:\/\/www.karnion.si\/wp-content\/uploads\/2017\/05\/antistres_04-300x150.jpg 300w, https:\/\/www.karnion.si\/wp-content\/uploads\/2017\/05\/antistres_04-768x384.jpg 768w, https:\/\/www.karnion.si\/wp-content\/uploads\/2017\/05\/antistres_04-260x130.jpg 260w, https:\/\/www.karnion.si\/wp-content\/uploads\/2017\/05\/antistres_04-50x25.jpg 50w, https:\/\/www.karnion.si\/wp-content\/uploads\/2017\/05\/antistres_04-150x75.jpg 150w\" sizes=\"auto, (max-width: 800px) 100vw, 800px\" \/><p id=\"caption-attachment-593\" class=\"wp-caption-text\">Nakon odli\u010dnog opu\u0161tanja mo\u017eete si priu\u0161titi napitak i u\u017eivati u prelepom pogledu.<\/p><\/div>\n<p>Antistres program mo\u017eemo izvoditi i po individualnim \u010dasovima, ali je efikasnije ako na po\u010detku odaberete paket od \u0161est ili deset \u010dasova jer \u0107ete na taj na\u010din posti\u0107i maksimalne efekte.<\/p>\n<p>&nbsp;<\/p>\n","protected":false},"excerpt":{"rendered":"<p>DO\u017dIVITE VRHUNSKI ANTISTRES PROGRAM U KARNIONU Da bi na brz i efikasan na\u010din o\u010distili svoj organizam od stresa ( kortizola i adrenalina) ne morate u posetu<span class=\"excerpt-hellip\"> [\u2026]<\/span><\/p>\n","protected":false},"author":1,"featured_media":6699,"parent":0,"menu_order":0,"comment_status":"closed","ping_status":"closed","template":"","meta":{"footnotes":""},"class_list":["post-1007","page","type-page","status-publish","has-post-thumbnail","hentry"],"yoast_head":"<!-- This site is optimized with the Yoast SEO plugin v26.6 - https:\/\/yoast.com\/wordpress\/plugins\/seo\/ -->\n<title>Antistres program - Karnion<\/title>\n<meta name=\"robots\" content=\"index, follow, max-snippet:-1, max-image-preview:large, max-video-preview:-1\" \/>\n<link rel=\"canonical\" href=\"https:\/\/www.karnion.si\/sr\/antistres-program\/\" \/>\n<meta property=\"og:locale\" content=\"sr_RS\" \/>\n<meta property=\"og:type\" content=\"article\" \/>\n<meta property=\"og:title\" content=\"Antistres program - Karnion\" \/>\n<meta property=\"og:description\" content=\"DO\u017dIVITE VRHUNSKI ANTISTRES PROGRAM U KARNIONU Da bi na brz i efikasan na\u010din o\u010distili svoj organizam od stresa ( kortizola i adrenalina) ne morate u posetu [\u2026]\" \/>\n<meta property=\"og:url\" content=\"https:\/\/www.karnion.si\/sr\/antistres-program\/\" \/>\n<meta property=\"og:site_name\" content=\"Karnion\" \/>\n<meta property=\"article:publisher\" content=\"https:\/\/www.facebook.com\/Karnion-105369326222192\/\" \/>\n<meta property=\"article:modified_time\" content=\"2019-07-05T10:17:23+00:00\" \/>\n<meta property=\"og:image\" content=\"https:\/\/www.karnion.si\/wp-content\/uploads\/2019\/03\/antistresni-program-banner.jpg\" \/>\n\t<meta property=\"og:image:width\" content=\"1920\" \/>\n\t<meta property=\"og:image:height\" content=\"941\" \/>\n\t<meta property=\"og:image:type\" content=\"image\/jpeg\" \/>\n<meta name=\"twitter:card\" content=\"summary_large_image\" \/>\n<meta name=\"twitter:site\" content=\"@KarnionDoo\" \/>\n<meta name=\"twitter:label1\" content=\"\u041f\u0440\u043e\u0446\u0435\u045a\u0435\u043d\u043e \u0432\u0440\u0435\u043c\u0435 \u0447\u0438\u0442\u0430\u045a\u0430\" \/>\n\t<meta name=\"twitter:data1\" content=\"2 \u043c\u0438\u043d\u0443\u0442\u0430\" \/>\n<script type=\"application\/ld+json\" class=\"yoast-schema-graph\">{\"@context\":\"https:\/\/schema.org\",\"@graph\":[{\"@type\":\"WebPage\",\"@id\":\"https:\/\/www.karnion.si\/sr\/antistres-program\/\",\"url\":\"https:\/\/www.karnion.si\/sr\/antistres-program\/\",\"name\":\"Antistres program - Karnion\",\"isPartOf\":{\"@id\":\"https:\/\/www.karnion.si\/sr\/#website\"},\"primaryImageOfPage\":{\"@id\":\"https:\/\/www.karnion.si\/sr\/antistres-program\/#primaryimage\"},\"image\":{\"@id\":\"https:\/\/www.karnion.si\/sr\/antistres-program\/#primaryimage\"},\"thumbnailUrl\":\"https:\/\/www.karnion.si\/wp-content\/uploads\/2019\/03\/antistresni-program-banner.jpg\",\"datePublished\":\"2017-07-10T06:24:07+00:00\",\"dateModified\":\"2019-07-05T10:17:23+00:00\",\"breadcrumb\":{\"@id\":\"https:\/\/www.karnion.si\/sr\/antistres-program\/#breadcrumb\"},\"inLanguage\":\"sr-RS\",\"potentialAction\":[{\"@type\":\"ReadAction\",\"target\":[\"https:\/\/www.karnion.si\/sr\/antistres-program\/\"]}]},{\"@type\":\"ImageObject\",\"inLanguage\":\"sr-RS\",\"@id\":\"https:\/\/www.karnion.si\/sr\/antistres-program\/#primaryimage\",\"url\":\"https:\/\/www.karnion.si\/wp-content\/uploads\/2019\/03\/antistresni-program-banner.jpg\",\"contentUrl\":\"https:\/\/www.karnion.si\/wp-content\/uploads\/2019\/03\/antistresni-program-banner.jpg\",\"width\":1920,\"height\":941},{\"@type\":\"BreadcrumbList\",\"@id\":\"https:\/\/www.karnion.si\/sr\/antistres-program\/#breadcrumb\",\"itemListElement\":[{\"@type\":\"ListItem\",\"position\":1,\"name\":\"Domov\",\"item\":\"https:\/\/www.karnion.si\/sr\/\"},{\"@type\":\"ListItem\",\"position\":2,\"name\":\"Antistres program\"}]},{\"@type\":\"WebSite\",\"@id\":\"https:\/\/www.karnion.si\/sr\/#website\",\"url\":\"https:\/\/www.karnion.si\/sr\/\",\"name\":\"Karnion\",\"description\":\"Pravo znanje za odli\u010dnost v tretjem tiso\u010dletju\",\"potentialAction\":[{\"@type\":\"SearchAction\",\"target\":{\"@type\":\"EntryPoint\",\"urlTemplate\":\"https:\/\/www.karnion.si\/sr\/?s={search_term_string}\"},\"query-input\":{\"@type\":\"PropertyValueSpecification\",\"valueRequired\":true,\"valueName\":\"search_term_string\"}}],\"inLanguage\":\"sr-RS\"}]}<\/script>\n<!-- \/ Yoast SEO plugin. -->","yoast_head_json":{"title":"Antistres program - Karnion","robots":{"index":"index","follow":"follow","max-snippet":"max-snippet:-1","max-image-preview":"max-image-preview:large","max-video-preview":"max-video-preview:-1"},"canonical":"https:\/\/www.karnion.si\/sr\/antistres-program\/","og_locale":"sr_RS","og_type":"article","og_title":"Antistres program - Karnion","og_description":"DO\u017dIVITE VRHUNSKI ANTISTRES PROGRAM U KARNIONU Da bi na brz i efikasan na\u010din o\u010distili svoj organizam od stresa ( kortizola i adrenalina) ne morate u posetu [\u2026]","og_url":"https:\/\/www.karnion.si\/sr\/antistres-program\/","og_site_name":"Karnion","article_publisher":"https:\/\/www.facebook.com\/Karnion-105369326222192\/","article_modified_time":"2019-07-05T10:17:23+00:00","og_image":[{"width":1920,"height":941,"url":"https:\/\/www.karnion.si\/wp-content\/uploads\/2019\/03\/antistresni-program-banner.jpg","type":"image\/jpeg"}],"twitter_card":"summary_large_image","twitter_site":"@KarnionDoo","twitter_misc":{"\u041f\u0440\u043e\u0446\u0435\u045a\u0435\u043d\u043e \u0432\u0440\u0435\u043c\u0435 \u0447\u0438\u0442\u0430\u045a\u0430":"2 \u043c\u0438\u043d\u0443\u0442\u0430"},"schema":{"@context":"https:\/\/schema.org","@graph":[{"@type":"WebPage","@id":"https:\/\/www.karnion.si\/sr\/antistres-program\/","url":"https:\/\/www.karnion.si\/sr\/antistres-program\/","name":"Antistres program - Karnion","isPartOf":{"@id":"https:\/\/www.karnion.si\/sr\/#website"},"primaryImageOfPage":{"@id":"https:\/\/www.karnion.si\/sr\/antistres-program\/#primaryimage"},"image":{"@id":"https:\/\/www.karnion.si\/sr\/antistres-program\/#primaryimage"},"thumbnailUrl":"https:\/\/www.karnion.si\/wp-content\/uploads\/2019\/03\/antistresni-program-banner.jpg","datePublished":"2017-07-10T06:24:07+00:00","dateModified":"2019-07-05T10:17:23+00:00","breadcrumb":{"@id":"https:\/\/www.karnion.si\/sr\/antistres-program\/#breadcrumb"},"inLanguage":"sr-RS","potentialAction":[{"@type":"ReadAction","target":["https:\/\/www.karnion.si\/sr\/antistres-program\/"]}]},{"@type":"ImageObject","inLanguage":"sr-RS","@id":"https:\/\/www.karnion.si\/sr\/antistres-program\/#primaryimage","url":"https:\/\/www.karnion.si\/wp-content\/uploads\/2019\/03\/antistresni-program-banner.jpg","contentUrl":"https:\/\/www.karnion.si\/wp-content\/uploads\/2019\/03\/antistresni-program-banner.jpg","width":1920,"height":941},{"@type":"BreadcrumbList","@id":"https:\/\/www.karnion.si\/sr\/antistres-program\/#breadcrumb","itemListElement":[{"@type":"ListItem","position":1,"name":"Domov","item":"https:\/\/www.karnion.si\/sr\/"},{"@type":"ListItem","position":2,"name":"Antistres program"}]},{"@type":"WebSite","@id":"https:\/\/www.karnion.si\/sr\/#website","url":"https:\/\/www.karnion.si\/sr\/","name":"Karnion","description":"Pravo znanje za odli\u010dnost v tretjem tiso\u010dletju","potentialAction":[{"@type":"SearchAction","target":{"@type":"EntryPoint","urlTemplate":"https:\/\/www.karnion.si\/sr\/?s={search_term_string}"},"query-input":{"@type":"PropertyValueSpecification","valueRequired":true,"valueName":"search_term_string"}}],"inLanguage":"sr-RS"}]}},"_links":{"self":[{"href":"https:\/\/www.karnion.si\/sr\/wp-json\/wp\/v2\/pages\/1007","targetHints":{"allow":["GET"]}}],"collection":[{"href":"https:\/\/www.karnion.si\/sr\/wp-json\/wp\/v2\/pages"}],"about":[{"href":"https:\/\/www.karnion.si\/sr\/wp-json\/wp\/v2\/types\/page"}],"author":[{"embeddable":true,"href":"https:\/\/www.karnion.si\/sr\/wp-json\/wp\/v2\/users\/1"}],"replies":[{"embeddable":true,"href":"https:\/\/www.karnion.si\/sr\/wp-json\/wp\/v2\/comments?post=1007"}],"version-history":[{"count":1,"href":"https:\/\/www.karnion.si\/sr\/wp-json\/wp\/v2\/pages\/1007\/revisions"}],"predecessor-version":[{"id":8614,"href":"https:\/\/www.karnion.si\/sr\/wp-json\/wp\/v2\/pages\/1007\/revisions\/8614"}],"wp:featuredmedia":[{"embeddable":true,"href":"https:\/\/www.karnion.si\/sr\/wp-json\/wp\/v2\/media\/6699"}],"wp:attachment":[{"href":"https:\/\/www.karnion.si\/sr\/wp-json\/wp\/v2\/media?parent=1007"}],"curies":[{"name":"wp","href":"https:\/\/api.w.org\/{rel}","templated":true}]}}