{"id":1018,"date":"2017-07-10T09:55:07","date_gmt":"2017-07-10T07:55:07","guid":{"rendered":"http:\/\/www.karnion.si\/kurs-francuskog\/"},"modified":"2019-07-05T11:47:09","modified_gmt":"2019-07-05T09:47:09","slug":"kurs-francuskog","status":"publish","type":"page","link":"https:\/\/www.karnion.si\/sr\/kurs-francuskog\/","title":{"rendered":"Kurs francuskog"},"content":{"rendered":"<h2>KURS FRANCUSKOG PO METODI SUPELEARNING KARNION<\/h2>\n<p>Ve\u0107 25 godina priznata i visoko cenjena metoda se sastoji iz <strong>kombinacije slu\u0161anja u alfa stanju<\/strong> (u kojem sadr\u017eaje memori\u0161emo 4x br\u017ee i to u dugoro\u010dno pam\u0107enje) i <strong>individualnog razgovora sa profesorom.<\/strong> Za znanje nije dovoljna samo konverzacija, ve\u0107 pre svega i slu\u0161anje. Slu\u0161anjem \u0107ete usvojiti nove re\u010di koje \u0107ete na satu konverzacije ve\u0107 suvereno primeniti. Pa i svoj materinji jezik ste nau\u010dili slu\u0161anjem svojih roditelja ili staratelja. Ova metoda omogu\u0107uje najprirodniji oblik u\u010denja.<\/p>\n<blockquote><p><em>\u00bbMaksimalna anga\u017eovanost i neverovatna pozitivna energija za \u00bbmagnetno\u00ab privla\u010dan francuski.\u00ab <\/em><\/p><\/blockquote>\n<p><strong>Danilo Seni\u010d, preduzetnik<\/strong><\/p>\n<p><img loading=\"lazy\" decoding=\"async\" class=\"wp-image-797 size-full aligncenter\" src=\"https:\/\/www.karnion.si\/wp-content\/uploads\/2017\/03\/franciscina_provansajpg.jpg\" alt=\"Provansa\" width=\"800\" height=\"379\" srcset=\"https:\/\/www.karnion.si\/wp-content\/uploads\/2017\/03\/franciscina_provansajpg.jpg 800w, https:\/\/www.karnion.si\/wp-content\/uploads\/2017\/03\/franciscina_provansajpg-300x142.jpg 300w, https:\/\/www.karnion.si\/wp-content\/uploads\/2017\/03\/franciscina_provansajpg-768x364.jpg 768w, https:\/\/www.karnion.si\/wp-content\/uploads\/2017\/03\/franciscina_provansajpg-260x123.jpg 260w, https:\/\/www.karnion.si\/wp-content\/uploads\/2017\/03\/franciscina_provansajpg-50x24.jpg 50w, https:\/\/www.karnion.si\/wp-content\/uploads\/2017\/03\/franciscina_provansajpg-150x71.jpg 150w\" sizes=\"auto, (max-width: 800px) 100vw, 800px\" \/><br \/>\n<hr class=\"no_line\" style=\"margin: 0 auto 15px;\"\/>\n<\/p>\n<h2>TOK KURSA<\/h2>\n<p>Superlearning metoda nudi optimalan rezultat uz uslov da u\u010dite francuski minimalno 4 \u0161kolska \u010dasa dnevno. Preporu\u010dujemo 40 \u010dasovni trening, posebno za po\u010detnike.<\/p>\n<p>Pre treninga vas besplatno testiramo na svim podru\u010djima jezika od A1 do C2 nivoa, kao \u0161to je definisano evropskom kriterijumima znanja stranih jezika: razumevanje, pisanje, \u010ditanje, govor. Na taj na\u010din odre\u0111ujemo okvirni nivo i pripremamo program namenjen samo vama. Npr. ako se ve\u0107 znate sporazumevati na francuskom, ali jo\u0161 radite gre\u0161ke na osnovnom nivou, va\u0161e \u0107emo gre\u0161ke \u201ezakrpati\u201c i nastaviti na vi\u0161em nivou. To vam jezi\u010dke \u0161kole koje kurs izvode po odre\u0111enom programu ( ud\u017ebeniku ) ne mogu nikako obezbediti.<\/p>\n<hr class=\"no_line\" style=\"margin: 0 auto 15px;\"\/>\n\n<h2>USPOREDBA SA KLASI\u010cNIM NA\u010cINOM U\u010cENJA FRANCUSKOG<\/h2>\n<p>Klasi\u010dan, konvencionalan kurs engleskog od potpunog po\u010detnika do nivoa B2 (op\u0161ta gimnazijska matura) predvi\u0111a 800 \u0161kolskih \u010dasova, KARNIONOV 200, a \u0161kolski sistem 1.074 \u0161kolska \u010dasa.<\/p>\n<p>\n<table id=\"tablepress-5\" class=\"tablepress tablepress-id-5\">\n<thead>\n<tr class=\"row-1 odd\">\n\t<th class=\"column-1\">&nbsp;<\/th><th colspan=\"2\" class=\"column-2\">Karnion 8 \u010dasova\/dan (jedna osoba)<\/th><th colspan=\"2\" class=\"column-4\">Ostali (konvencionalne metode) 2x3 \u010dasa\/nedeljno (3 do 12 osoba)<\/th>\n<\/tr>\n<\/thead>\n<tbody class=\"row-hover\">\n<tr class=\"row-2 even\">\n\t<td class=\"column-1\"><\/td><td class=\"column-2\">broj \u010dasova<\/td><td class=\"column-3\">broj nedelja<\/td><td class=\"column-4\">broj \u010dasova<\/td><td class=\"column-5\">broj nedelja<\/td>\n<\/tr>\n<tr class=\"row-3 odd\">\n\t<td class=\"column-1\">A1<\/td><td class=\"column-2\">40<\/td><td class=\"column-3\">1<\/td><td class=\"column-4\">200<\/td><td class=\"column-5\">33<\/td>\n<\/tr>\n<tr class=\"row-4 even\">\n\t<td class=\"column-1\">A2<\/td><td class=\"column-2\">80<\/td><td class=\"column-3\">2<\/td><td class=\"column-4\">100<\/td><td class=\"column-5\">17<\/td>\n<\/tr>\n<tr class=\"row-5 odd\">\n\t<td class=\"column-1\">B1<\/td><td class=\"column-2\">40<\/td><td class=\"column-3\">1<\/td><td class=\"column-4\">200<\/td><td class=\"column-5\">33<\/td>\n<\/tr>\n<tr class=\"row-6 even\">\n\t<td class=\"column-1\">B2<\/td><td class=\"column-2\">40<\/td><td class=\"column-3\">1<\/td><td class=\"column-4\">300<\/td><td class=\"column-5\">50<\/td>\n<\/tr>\n<tr class=\"row-7 odd\">\n\t<td class=\"column-1\">\u03a3<\/td><td class=\"column-2\">200<\/td><td class=\"column-3\">5<\/td><td class=\"column-4\">800<\/td><td class=\"column-5\">133<\/td>\n<\/tr>\n<\/tbody>\n<\/table>\n<!-- #tablepress-5 from cache --><br \/>\n<hr class=\"no_line\" style=\"margin: 0 auto 15px;\"\/>\n<\/p>\n<h2>KURS FRANCUSKOG ZA PO\u010cETNIKE<\/h2>\n<p>Francuski je jedinstven jezik, izvanredno lep za slu\u0161anje, ali mnogi ga se upla\u0161e zbog izgovora i pisanja. Po\u0161to je superlearning Karnion osnovan na slu\u0161anju u dubokom stanju svesnosti i na trenutnoj upotrebi slu\u0161anog sadr\u017eaja, minimalno \u0107ete se mu\u010diti pisanjem i \u010ditanjem.<\/p>\n<p>Nakon 40 \u0161kolskih \u010dasova mo\u0107i \u0107ete se ve\u0107 sporazumevati u osnovnim situacijama. Ujedno \u0107emo na va\u0161u \u017eelju pripremiti i specifi\u010dne sadr\u017eaje.<\/p>\n<p><img loading=\"lazy\" decoding=\"async\" class=\"wp-image-707 size-full aligncenter\" src=\"https:\/\/www.karnion.si\/wp-content\/uploads\/2017\/03\/francoscina-01.jpg\" alt=\"Ambient Karnin\" width=\"800\" height=\"400\" srcset=\"https:\/\/www.karnion.si\/wp-content\/uploads\/2017\/03\/francoscina-01.jpg 800w, https:\/\/www.karnion.si\/wp-content\/uploads\/2017\/03\/francoscina-01-300x150.jpg 300w, https:\/\/www.karnion.si\/wp-content\/uploads\/2017\/03\/francoscina-01-768x384.jpg 768w, https:\/\/www.karnion.si\/wp-content\/uploads\/2017\/03\/francoscina-01-260x130.jpg 260w, https:\/\/www.karnion.si\/wp-content\/uploads\/2017\/03\/francoscina-01-50x25.jpg 50w, https:\/\/www.karnion.si\/wp-content\/uploads\/2017\/03\/francoscina-01-150x75.jpg 150w\" sizes=\"auto, (max-width: 800px) 100vw, 800px\" \/><\/p>\n<hr class=\"no_line\" style=\"margin: 0 auto 15px;\"\/>\n\n<h2>KURS POSLOVNOG FRANCUSKOG<\/h2>\n<p>Francuzi su u govoru stranih jezika poprili\u010dno \u0161krti i zato, ako \u017eelimo dobro da poslujemo sa njima, treba da znamo i poslovni francuski.<\/p>\n<p>U Karnionu vam pripremamo potpuno individualizovan program, gde ve\u0107 do nivoa A2 u\u010dite sadr\u017eaje koji \u0107e vam trebati u poslu.<\/p>\n<hr class=\"no_line\" style=\"margin: 0 auto 15px;\"\/>\n\n<h2>KURS FRANCUSKOG KAO PRIPREMA ZA ISPIT<\/h2>\n<p>Kao i za ostale jezike, nudimo razli\u010dite pripreme za me\u0111unarodne ispite iz francuskog jezika.<\/p>\n<p><img loading=\"lazy\" decoding=\"async\" class=\"size-full wp-image-758 aligncenter\" src=\"https:\/\/www.karnion.si\/wp-content\/uploads\/2017\/03\/DSC_0814_03.jpg\" alt=\"Ambijent\" width=\"800\" height=\"379\" srcset=\"https:\/\/www.karnion.si\/wp-content\/uploads\/2017\/03\/DSC_0814_03.jpg 800w, https:\/\/www.karnion.si\/wp-content\/uploads\/2017\/03\/DSC_0814_03-300x142.jpg 300w, https:\/\/www.karnion.si\/wp-content\/uploads\/2017\/03\/DSC_0814_03-768x364.jpg 768w, https:\/\/www.karnion.si\/wp-content\/uploads\/2017\/03\/DSC_0814_03-260x123.jpg 260w, https:\/\/www.karnion.si\/wp-content\/uploads\/2017\/03\/DSC_0814_03-50x24.jpg 50w, https:\/\/www.karnion.si\/wp-content\/uploads\/2017\/03\/DSC_0814_03-150x71.jpg 150w\" sizes=\"auto, (max-width: 800px) 100vw, 800px\" \/><\/p>\n<p>U predivnom ambijentu s fantasti\u010dnim pogledom sigurno \u0107ete se ose\u0107ati kao da ste u sredi\u0161tu Provanse.<\/p>\n<p>&nbsp;<\/p>\n<hr class=\"no_line\" style=\"margin: 0 auto 50px;\"\/>\n\n<h3 style=\"text-align: center;\">Prijavite se li\u010dno, vezplatno \u0107emo vam predstaviti:<\/h3>\n<p><hr class=\"no_line\" style=\"margin: 0 auto 5px;\"\/>\n<br \/>\n<div role=\"form\" class=\"wpcf7\" id=\"wpcf7-f1461-o1\" lang=\"sl-SI\" dir=\"ltr\">\n<div class=\"screen-reader-response\"><\/div>\n<form action=\"\/sr\/wp-json\/wp\/v2\/pages\/1018#wpcf7-f1461-o1\" method=\"post\" class=\"wpcf7-form\" novalidate=\"novalidate\">\n<div style=\"display: none;\">\n<input type=\"hidden\" name=\"_wpcf7\" value=\"1461\" \/>\n<input type=\"hidden\" name=\"_wpcf7_version\" value=\"5.1.4\" \/>\n<input type=\"hidden\" name=\"_wpcf7_locale\" value=\"sl_SI\" \/>\n<input type=\"hidden\" name=\"_wpcf7_unit_tag\" value=\"wpcf7-f1461-o1\" \/>\n<input type=\"hidden\" name=\"_wpcf7_container_post\" value=\"0\" \/>\n<input type=\"hidden\" name=\"g-recaptcha-response\" value=\"\" \/>\n<\/div>\n<div class=\"column one\"><span class=\"wpcf7-form-control-wrap your-name\"><input type=\"text\" name=\"your-name\" value=\"\" size=\"40\" class=\"wpcf7-form-control wpcf7-text\" aria-invalid=\"false\" placeholder=\"Ime\" \/><\/span> <\/div>\n<div class=\"column one-second\"><span class=\"wpcf7-form-control-wrap your-email\"><input type=\"email\" name=\"your-email\" value=\"\" size=\"40\" class=\"wpcf7-form-control wpcf7-text wpcf7-email wpcf7-validates-as-required wpcf7-validates-as-email\" aria-required=\"true\" aria-invalid=\"false\" placeholder=\"E-mail\" \/><\/span> <\/div>\n<div class=\"column one-second\"><span class=\"wpcf7-form-control-wrap your-phone\"><input type=\"tel\" name=\"your-phone\" value=\"\" size=\"40\" class=\"wpcf7-form-control wpcf7-text wpcf7-tel wpcf7-validates-as-tel\" aria-invalid=\"false\" placeholder=\"Telefon\" \/><\/span> <\/div>\n<div class=\"column one\"><span class=\"wpcf7-form-control-wrap your-subject\"><input type=\"text\" name=\"your-subject\" value=\"\" size=\"40\" class=\"wpcf7-form-control wpcf7-text\" aria-invalid=\"false\" placeholder=\"Zadeva\" \/><\/span> <\/div>\n<div class=\"column one\"><span class=\"wpcf7-form-control-wrap your-message\"><textarea name=\"your-message\" cols=\"40\" rows=\"6\" class=\"wpcf7-form-control wpcf7-textarea\" aria-invalid=\"false\" placeholder=\"Poruka\"><\/textarea><\/span><\/div>\n<div class=\"column one\">\n\n<\/div>\n<div class=\"column one\"><input type=\"submit\" value=\"Po\u0161alji\" class=\"wpcf7-form-control wpcf7-submit\" \/><\/div>\n<div class=\"wpcf7-response-output wpcf7-display-none\"><\/div><\/form><\/div><\/p>\n<hr class=\"no_line\" style=\"margin: 0 auto 50px;\"\/>\n\n","protected":false},"excerpt":{"rendered":"<p>KURS FRANCUSKOG PO METODI SUPELEARNING KARNION Ve\u0107 25 godina priznata i visoko cenjena metoda se sastoji iz kombinacije slu\u0161anja u alfa stanju (u kojem sadr\u017eaje memori\u0161emo<span class=\"excerpt-hellip\"> [\u2026]<\/span><\/p>\n","protected":false},"author":1,"featured_media":54448,"parent":0,"menu_order":0,"comment_status":"closed","ping_status":"closed","template":"","meta":{"footnotes":""},"class_list":["post-1018","page","type-page","status-publish","has-post-thumbnail","hentry"],"yoast_head":"<!-- This site is optimized with the Yoast SEO plugin v26.6 - https:\/\/yoast.com\/wordpress\/plugins\/seo\/ -->\n<title>Kurs francuskog - Karnion<\/title>\n<meta name=\"description\" content=\"Kurs francuskog po metodi Superlearning. Do znanja stranih jezika vodi vas Karnion 4x br\u017ee, za vas mo\u017ee brinuti da 7 stru\u010dnjake.\" \/>\n<meta name=\"robots\" content=\"index, follow, max-snippet:-1, max-image-preview:large, max-video-preview:-1\" \/>\n<link rel=\"canonical\" href=\"https:\/\/www.karnion.si\/sr\/kurs-francuskog\/\" \/>\n<meta property=\"og:locale\" content=\"sr_RS\" \/>\n<meta property=\"og:type\" content=\"article\" \/>\n<meta property=\"og:title\" content=\"Kurs francuskog - Karnion\" \/>\n<meta property=\"og:description\" content=\"Kurs francuskog po metodi Superlearning. Do znanja stranih jezika vodi vas Karnion 4x br\u017ee, za vas mo\u017ee brinuti da 7 stru\u010dnjake.\" \/>\n<meta property=\"og:url\" content=\"https:\/\/www.karnion.si\/sr\/kurs-francuskog\/\" \/>\n<meta property=\"og:site_name\" content=\"Karnion\" \/>\n<meta property=\"article:publisher\" content=\"https:\/\/www.facebook.com\/Karnion-105369326222192\/\" \/>\n<meta property=\"article:modified_time\" content=\"2019-07-05T09:47:09+00:00\" \/>\n<meta property=\"og:image\" content=\"https:\/\/www.karnion.si\/wp-content\/uploads\/2019\/03\/francoscina-banner.jpg\" \/>\n\t<meta property=\"og:image:width\" content=\"1920\" \/>\n\t<meta property=\"og:image:height\" content=\"941\" \/>\n\t<meta property=\"og:image:type\" content=\"image\/jpeg\" \/>\n<meta name=\"twitter:card\" content=\"summary_large_image\" \/>\n<meta name=\"twitter:site\" content=\"@KarnionDoo\" \/>\n<meta name=\"twitter:label1\" content=\"\u041f\u0440\u043e\u0446\u0435\u045a\u0435\u043d\u043e \u0432\u0440\u0435\u043c\u0435 \u0447\u0438\u0442\u0430\u045a\u0430\" \/>\n\t<meta name=\"twitter:data1\" content=\"2 \u043c\u0438\u043d\u0443\u0442\u0430\" \/>\n<script type=\"application\/ld+json\" class=\"yoast-schema-graph\">{\"@context\":\"https:\/\/schema.org\",\"@graph\":[{\"@type\":\"WebPage\",\"@id\":\"https:\/\/www.karnion.si\/sr\/kurs-francuskog\/\",\"url\":\"https:\/\/www.karnion.si\/sr\/kurs-francuskog\/\",\"name\":\"Kurs francuskog - Karnion\",\"isPartOf\":{\"@id\":\"https:\/\/www.karnion.si\/sr\/#website\"},\"primaryImageOfPage\":{\"@id\":\"https:\/\/www.karnion.si\/sr\/kurs-francuskog\/#primaryimage\"},\"image\":{\"@id\":\"https:\/\/www.karnion.si\/sr\/kurs-francuskog\/#primaryimage\"},\"thumbnailUrl\":\"https:\/\/www.karnion.si\/wp-content\/uploads\/2019\/03\/francoscina-banner.jpg\",\"datePublished\":\"2017-07-10T07:55:07+00:00\",\"dateModified\":\"2019-07-05T09:47:09+00:00\",\"description\":\"Kurs francuskog po metodi Superlearning. Do znanja stranih jezika vodi vas Karnion 4x br\u017ee, za vas mo\u017ee brinuti da 7 stru\u010dnjake.\",\"breadcrumb\":{\"@id\":\"https:\/\/www.karnion.si\/sr\/kurs-francuskog\/#breadcrumb\"},\"inLanguage\":\"sr-RS\",\"potentialAction\":[{\"@type\":\"ReadAction\",\"target\":[\"https:\/\/www.karnion.si\/sr\/kurs-francuskog\/\"]}]},{\"@type\":\"ImageObject\",\"inLanguage\":\"sr-RS\",\"@id\":\"https:\/\/www.karnion.si\/sr\/kurs-francuskog\/#primaryimage\",\"url\":\"https:\/\/www.karnion.si\/wp-content\/uploads\/2019\/03\/francoscina-banner.jpg\",\"contentUrl\":\"https:\/\/www.karnion.si\/wp-content\/uploads\/2019\/03\/francoscina-banner.jpg\",\"width\":1920,\"height\":941},{\"@type\":\"BreadcrumbList\",\"@id\":\"https:\/\/www.karnion.si\/sr\/kurs-francuskog\/#breadcrumb\",\"itemListElement\":[{\"@type\":\"ListItem\",\"position\":1,\"name\":\"Domov\",\"item\":\"https:\/\/www.karnion.si\/sr\/\"},{\"@type\":\"ListItem\",\"position\":2,\"name\":\"Kurs francuskog\"}]},{\"@type\":\"WebSite\",\"@id\":\"https:\/\/www.karnion.si\/sr\/#website\",\"url\":\"https:\/\/www.karnion.si\/sr\/\",\"name\":\"Karnion\",\"description\":\"Pravo znanje za odli\u010dnost v tretjem tiso\u010dletju\",\"potentialAction\":[{\"@type\":\"SearchAction\",\"target\":{\"@type\":\"EntryPoint\",\"urlTemplate\":\"https:\/\/www.karnion.si\/sr\/?s={search_term_string}\"},\"query-input\":{\"@type\":\"PropertyValueSpecification\",\"valueRequired\":true,\"valueName\":\"search_term_string\"}}],\"inLanguage\":\"sr-RS\"}]}<\/script>\n<!-- \/ Yoast SEO plugin. -->","yoast_head_json":{"title":"Kurs francuskog - Karnion","description":"Kurs francuskog po metodi Superlearning. Do znanja stranih jezika vodi vas Karnion 4x br\u017ee, za vas mo\u017ee brinuti da 7 stru\u010dnjake.","robots":{"index":"index","follow":"follow","max-snippet":"max-snippet:-1","max-image-preview":"max-image-preview:large","max-video-preview":"max-video-preview:-1"},"canonical":"https:\/\/www.karnion.si\/sr\/kurs-francuskog\/","og_locale":"sr_RS","og_type":"article","og_title":"Kurs francuskog - Karnion","og_description":"Kurs francuskog po metodi Superlearning. Do znanja stranih jezika vodi vas Karnion 4x br\u017ee, za vas mo\u017ee brinuti da 7 stru\u010dnjake.","og_url":"https:\/\/www.karnion.si\/sr\/kurs-francuskog\/","og_site_name":"Karnion","article_publisher":"https:\/\/www.facebook.com\/Karnion-105369326222192\/","article_modified_time":"2019-07-05T09:47:09+00:00","og_image":[{"width":1920,"height":941,"url":"https:\/\/www.karnion.si\/wp-content\/uploads\/2019\/03\/francoscina-banner.jpg","type":"image\/jpeg"}],"twitter_card":"summary_large_image","twitter_site":"@KarnionDoo","twitter_misc":{"\u041f\u0440\u043e\u0446\u0435\u045a\u0435\u043d\u043e \u0432\u0440\u0435\u043c\u0435 \u0447\u0438\u0442\u0430\u045a\u0430":"2 \u043c\u0438\u043d\u0443\u0442\u0430"},"schema":{"@context":"https:\/\/schema.org","@graph":[{"@type":"WebPage","@id":"https:\/\/www.karnion.si\/sr\/kurs-francuskog\/","url":"https:\/\/www.karnion.si\/sr\/kurs-francuskog\/","name":"Kurs francuskog - Karnion","isPartOf":{"@id":"https:\/\/www.karnion.si\/sr\/#website"},"primaryImageOfPage":{"@id":"https:\/\/www.karnion.si\/sr\/kurs-francuskog\/#primaryimage"},"image":{"@id":"https:\/\/www.karnion.si\/sr\/kurs-francuskog\/#primaryimage"},"thumbnailUrl":"https:\/\/www.karnion.si\/wp-content\/uploads\/2019\/03\/francoscina-banner.jpg","datePublished":"2017-07-10T07:55:07+00:00","dateModified":"2019-07-05T09:47:09+00:00","description":"Kurs francuskog po metodi Superlearning. Do znanja stranih jezika vodi vas Karnion 4x br\u017ee, za vas mo\u017ee brinuti da 7 stru\u010dnjake.","breadcrumb":{"@id":"https:\/\/www.karnion.si\/sr\/kurs-francuskog\/#breadcrumb"},"inLanguage":"sr-RS","potentialAction":[{"@type":"ReadAction","target":["https:\/\/www.karnion.si\/sr\/kurs-francuskog\/"]}]},{"@type":"ImageObject","inLanguage":"sr-RS","@id":"https:\/\/www.karnion.si\/sr\/kurs-francuskog\/#primaryimage","url":"https:\/\/www.karnion.si\/wp-content\/uploads\/2019\/03\/francoscina-banner.jpg","contentUrl":"https:\/\/www.karnion.si\/wp-content\/uploads\/2019\/03\/francoscina-banner.jpg","width":1920,"height":941},{"@type":"BreadcrumbList","@id":"https:\/\/www.karnion.si\/sr\/kurs-francuskog\/#breadcrumb","itemListElement":[{"@type":"ListItem","position":1,"name":"Domov","item":"https:\/\/www.karnion.si\/sr\/"},{"@type":"ListItem","position":2,"name":"Kurs francuskog"}]},{"@type":"WebSite","@id":"https:\/\/www.karnion.si\/sr\/#website","url":"https:\/\/www.karnion.si\/sr\/","name":"Karnion","description":"Pravo znanje za odli\u010dnost v tretjem tiso\u010dletju","potentialAction":[{"@type":"SearchAction","target":{"@type":"EntryPoint","urlTemplate":"https:\/\/www.karnion.si\/sr\/?s={search_term_string}"},"query-input":{"@type":"PropertyValueSpecification","valueRequired":true,"valueName":"search_term_string"}}],"inLanguage":"sr-RS"}]}},"_links":{"self":[{"href":"https:\/\/www.karnion.si\/sr\/wp-json\/wp\/v2\/pages\/1018","targetHints":{"allow":["GET"]}}],"collection":[{"href":"https:\/\/www.karnion.si\/sr\/wp-json\/wp\/v2\/pages"}],"about":[{"href":"https:\/\/www.karnion.si\/sr\/wp-json\/wp\/v2\/types\/page"}],"author":[{"embeddable":true,"href":"https:\/\/www.karnion.si\/sr\/wp-json\/wp\/v2\/users\/1"}],"replies":[{"embeddable":true,"href":"https:\/\/www.karnion.si\/sr\/wp-json\/wp\/v2\/comments?post=1018"}],"version-history":[{"count":1,"href":"https:\/\/www.karnion.si\/sr\/wp-json\/wp\/v2\/pages\/1018\/revisions"}],"predecessor-version":[{"id":6682,"href":"https:\/\/www.karnion.si\/sr\/wp-json\/wp\/v2\/pages\/1018\/revisions\/6682"}],"wp:featuredmedia":[{"embeddable":true,"href":"https:\/\/www.karnion.si\/sr\/wp-json\/wp\/v2\/media\/54448"}],"wp:attachment":[{"href":"https:\/\/www.karnion.si\/sr\/wp-json\/wp\/v2\/media?parent=1018"}],"curies":[{"name":"wp","href":"https:\/\/api.w.org\/{rel}","templated":true}]}}