{"id":1021,"date":"2017-07-10T11:01:05","date_gmt":"2017-07-10T09:01:05","guid":{"rendered":"http:\/\/www.karnion.si\/prezantacija-centra\/"},"modified":"2017-09-05T08:13:17","modified_gmt":"2017-09-05T06:13:17","slug":"prezantacija-centra","status":"publish","type":"page","link":"https:\/\/www.karnion.si\/sr\/o-nama\/prezantacija-centra\/","title":{"rendered":"Prezantacija centra"},"content":{"rendered":"<p><strong>Verovatno ste se ve\u0107 upitali kako bi maksimalizovali sve svoje potencijale, podigli nivo svesti i stvarno napravili ne\u0161to za sebe.<\/strong><\/p>\n<p>A imate tako malo vremena.<\/p>\n<p>Pozivamo vas u jedini slovena\u010dki holisti\u010dki centar Karnion gde ve\u0107 od 1991. godine oblikujemo programe koji razvijaju celovitost. \u0160ta je to celovitost? To je razvoj socijalne, emocionalne, li\u010dne i duhovne inteligencije. Za svakog \u010doveka to je izvanredna prilika da se na putu samorealizacije oplemeni i razvije sve svoje potencijale.<\/p>\n<p>Svoju celovitost mo\u017eete u centru Karnion posti\u0107i na tri na\u010dina, pomo\u0107u tri razli\u010dita programa, u zavisnosti od va\u0161eg gledi\u0161ta: brzo u\u010denje stranih jezika po sistemu superlearninga -superu\u010denja, dialogika \u2013 jezik odgovornosti i \u010detverogodi\u0161nji specijalisti\u010dki studij psiho-dinamike.<\/p>\n<hr class=\"no_line\" style=\"margin: 0 auto 15px;\"\/>\n\n<h2>Jedini holisti\u010dki centar razvoja li\u010dne efikasnosti u Sloveniji.<\/h2>\n<p>U Sloveniji poslujemo ve\u0107 od 1991. godine imamo bogata iskustva i reference.<\/p>\n<p>U\u010desnike motivi\u0161emo ka samorealizaciji i celovitoj li\u010dnoj efikasnosti. Doma\u0107e i strane rukovodioce osposobljavamo u uspe\u0161ne vo\u0111e koji se efikasno znaju nositi sa svojim \u017eivotom i poslom.<\/p>\n<p><img loading=\"lazy\" decoding=\"async\" class=\"aligncenter wp-image-650 size-full\" src=\"https:\/\/www.karnion.si\/wp-content\/uploads\/2017\/02\/o_nas_01.jpg\" alt=\"Holisti\u010dki centar Karnion\" width=\"800\" height=\"400\" srcset=\"https:\/\/www.karnion.si\/wp-content\/uploads\/2017\/02\/o_nas_01.jpg 800w, https:\/\/www.karnion.si\/wp-content\/uploads\/2017\/02\/o_nas_01-300x150.jpg 300w, https:\/\/www.karnion.si\/wp-content\/uploads\/2017\/02\/o_nas_01-768x384.jpg 768w, https:\/\/www.karnion.si\/wp-content\/uploads\/2017\/02\/o_nas_01-260x130.jpg 260w, https:\/\/www.karnion.si\/wp-content\/uploads\/2017\/02\/o_nas_01-50x25.jpg 50w, https:\/\/www.karnion.si\/wp-content\/uploads\/2017\/02\/o_nas_01-150x75.jpg 150w\" sizes=\"auto, (max-width: 800px) 100vw, 800px\" \/><br \/>\n<hr class=\"no_line\" style=\"margin: 0 auto 15px;\"\/>\n<\/p>\n<h3>Na\u0161e osobine<\/h3>\n<p>Po\u0161tujemo va\u0161e vreme i va\u0161 novac \u2013 znamo da danas vreme vredi vi\u0161e od novca, zato \u0107e vam na\u0161i programi u najkra\u0107em mogu\u0107em vremenu dati odgovaraju\u0107a znanja.<\/p>\n<p>Po\u0161tujemo va\u0161u kreativnost i inovativnost \u2013 \u017eelimo da uti\u010dete na sadr\u017eaje na\u0161ih programa i pomognete u njihovom kreiranju.<\/p>\n<p>Po\u0161tujemo va\u0161u li\u010dnost \u2013 u\u010denje se izvodi po najsavremenijim metodama sa najboljim stru\u010dnjacima.<\/p>\n<p>Po\u0161tujemo va\u0161e potrebe za intimno\u0161\u0107u \u2013 mogu\u0107nost individualnog u\u010denja.<\/p>\n<p>Poticanje va\u0161eg li\u010dnog rasta veliki je cilj na\u0161ih programa, a ne samo usvajanje novih znanja i ve\u0161tina.<\/p>\n<p>Ja\u010damo va\u0161u samouverenost i te\u017eimo postizanju va\u0161e samospoznaje.<\/p>\n<p>Znamo da udru\u017eimo prijatno sa korisnim \u2013 u\u010denje sa opu\u0161tanjem u prijatnoj okolini.<br \/>\n<hr class=\"no_line\" style=\"margin: 0 auto 15px;\"\/>\n<\/p>\n<h3>Ciljevi i izvori<\/h3>\n<p>Razvijati u\u010desnike u celovite uspe\u0161ne li\u010dnosti koje se efikasno znaju nositi sa svojim \u017eivotom i poslom.<\/p>\n<p>Dizati li\u010dnu, emocionalnu i duhovnu inteligenciju te time li\u010dnu i profesionalnu efikasnost i razinu svesti.<\/p>\n<p>\u0160iriti kulturu pravog sporazumevanja i civilizovanog dijaloga.<br \/>\n<hr class=\"no_line\" style=\"margin: 0 auto 15px;\"\/>\n<\/p>\n<h3>Strategija<\/h3>\n<p>Vo\u0111ama i budu\u0107im rukovodiocima nudimo li\u010dnu podr\u0161ku i individualno savetovanje u vo\u0111enju.<\/p>\n<p>Stalno otkrivamo potrebe, zahteve i motive na\u0161e ciljne grupe \u0161to se vidi iz fleksibilnih re\u0161enja u kratkom vremenu.<\/p>\n<p><img loading=\"lazy\" decoding=\"async\" class=\"aligncenter size-full wp-image-652\" src=\"https:\/\/www.karnion.si\/wp-content\/uploads\/2017\/02\/o_nas_02.jpg\" alt=\"Strategija\" width=\"800\" height=\"400\" srcset=\"https:\/\/www.karnion.si\/wp-content\/uploads\/2017\/02\/o_nas_02.jpg 800w, https:\/\/www.karnion.si\/wp-content\/uploads\/2017\/02\/o_nas_02-300x150.jpg 300w, https:\/\/www.karnion.si\/wp-content\/uploads\/2017\/02\/o_nas_02-768x384.jpg 768w, https:\/\/www.karnion.si\/wp-content\/uploads\/2017\/02\/o_nas_02-260x130.jpg 260w, https:\/\/www.karnion.si\/wp-content\/uploads\/2017\/02\/o_nas_02-50x25.jpg 50w, https:\/\/www.karnion.si\/wp-content\/uploads\/2017\/02\/o_nas_02-150x75.jpg 150w\" sizes=\"auto, (max-width: 800px) 100vw, 800px\" \/><hr class=\"no_line\" style=\"margin: 0 auto 15px;\"\/>\n<\/p>\n<h3>Vrednosti<\/h3>\n<p>Uspe\u0161nost rada.<\/p>\n<p>Neprestani li\u010dni rast i stru\u010dni razvoj.<\/p>\n<p>Pionirstvo i inovativnost \u2013 u Sloveniji smo jedini.<\/p>\n<hr class=\"no_line\" style=\"margin: 0 auto 15px;\"\/>\n\n<h3>Misija<\/h3>\n<p>\u0160irimo kulturu pona\u0161anja na slovena\u010dkom i inostranom poslovnom prostoru, prosve\u0107ujemo i motivi\u0161emo rukovodioce u duhu li\u010dnog rasta i boljih me\u0111usobnih odnosa.<\/p>\n<p>Treniramo vrhunske rukovode\u0107e grupe kako bi s ve\u0161tinama efikasnog vo\u0111enja bile jo\u0161 uspe\u0161nije.<\/p>\n<p>Spajamo prijatno s korisnim, znanje i brigu za zdravlje (aktivan odmor, jezi\u010dka \u201ebanja\u201c).<\/p>\n<p>Poma\u017eemo da pobedite blokade u sporazumevanju, odlu\u010divanju i kreativnom tra\u017eenju re\u0161enja.<\/p>\n<div id=\"attachment_763\" style=\"width: 810px\" class=\"wp-caption aligncenter\"><img loading=\"lazy\" decoding=\"async\" aria-describedby=\"caption-attachment-763\" class=\"wp-image-763 size-full\" src=\"https:\/\/www.karnion.si\/wp-content\/uploads\/2017\/02\/6536.jpg\" alt=\"Bojana Fende Habula\" width=\"800\" height=\"379\" srcset=\"https:\/\/www.karnion.si\/wp-content\/uploads\/2017\/02\/6536.jpg 800w, https:\/\/www.karnion.si\/wp-content\/uploads\/2017\/02\/6536-300x142.jpg 300w, https:\/\/www.karnion.si\/wp-content\/uploads\/2017\/02\/6536-768x364.jpg 768w, https:\/\/www.karnion.si\/wp-content\/uploads\/2017\/02\/6536-260x123.jpg 260w, https:\/\/www.karnion.si\/wp-content\/uploads\/2017\/02\/6536-50x24.jpg 50w, https:\/\/www.karnion.si\/wp-content\/uploads\/2017\/02\/6536-150x71.jpg 150w\" sizes=\"auto, (max-width: 800px) 100vw, 800px\" \/><p id=\"caption-attachment-763\" class=\"wp-caption-text\">Osniva\u010dica i direktorica Karniona \u2013 g\u0111a. Bojana Fende Habula<\/p><\/div>\n<hr class=\"no_line\" style=\"margin: 0 auto 15px;\"\/>\n\n<h3>Da li ste znali<\/h3>\n<p>Sperlearning je u 60-im godinama pro\u0161log veka razvio bugarski lekar, psihijatar i istra\u017eiva\u010d na podru\u010dju vaspitanja i obrazovanja Georgi Lozanov. U\u010desnici njegovih eksperimenata su nau\u010dili na dan \u010dak 1500 novih re\u010di.<\/p>\n<p>Dialogiku ili jezik odgovornosti su umesto retorike ve\u0107 u 19. veku uveli na sve bolje strane fakultete i srednje \u0161kole. Jednosmernu komunikaciju je zamenio jezik efikasnog sporazumevanja i vo\u0111enja. Zato su strani menad\u017eeri, kad do\u0111u na mesto rukovodioca, ve\u0107 opremljeni svim ve\u0161tinama i znanjima koji im trebaju u vo\u0111enju.<\/p>\n<p><strong>Prvi pokazatelji nivoa \u010dovekove kulture pona\u0161anja su:<\/strong><\/p>\n<ul>\n<li>koliko i kako je sposoban aktivno slu\u0161ati,<\/li>\n<li>kako je uskla\u0111en sa onim \u0161to misli, govori i radi.<\/li>\n<\/ul>\n","protected":false},"excerpt":{"rendered":"<p>Verovatno ste se ve\u0107 upitali kako bi maksimalizovali sve svoje potencijale, podigli nivo svesti i stvarno napravili ne\u0161to za sebe. A imate tako malo vremena. Pozivamo<span class=\"excerpt-hellip\"> [\u2026]<\/span><\/p>\n","protected":false},"author":1,"featured_media":655,"parent":1537,"menu_order":0,"comment_status":"closed","ping_status":"closed","template":"","meta":{"footnotes":""},"class_list":["post-1021","page","type-page","status-publish","has-post-thumbnail","hentry"],"yoast_head":"<!-- This site is optimized with the Yoast SEO plugin v26.6 - https:\/\/yoast.com\/wordpress\/plugins\/seo\/ -->\n<title>Prezantacija centra - Karnion<\/title>\n<meta name=\"robots\" content=\"index, follow, max-snippet:-1, max-image-preview:large, max-video-preview:-1\" \/>\n<link rel=\"canonical\" href=\"https:\/\/www.karnion.si\/sr\/o-nama\/prezantacija-centra\/\" \/>\n<meta property=\"og:locale\" content=\"sr_RS\" \/>\n<meta property=\"og:type\" content=\"article\" \/>\n<meta property=\"og:title\" content=\"Prezantacija centra - Karnion\" \/>\n<meta property=\"og:description\" content=\"Verovatno ste se ve\u0107 upitali kako bi maksimalizovali sve svoje potencijale, podigli nivo svesti i stvarno napravili ne\u0161to za sebe. A imate tako malo vremena. Pozivamo [\u2026]\" \/>\n<meta property=\"og:url\" content=\"https:\/\/www.karnion.si\/sr\/o-nama\/prezantacija-centra\/\" \/>\n<meta property=\"og:site_name\" content=\"Karnion\" \/>\n<meta property=\"article:publisher\" content=\"https:\/\/www.facebook.com\/Karnion-105369326222192\/\" \/>\n<meta property=\"article:modified_time\" content=\"2017-09-05T06:13:17+00:00\" \/>\n<meta property=\"og:image\" content=\"https:\/\/www.karnion.si\/wp-content\/uploads\/2017\/02\/o-nas-predstavitev-karnion.jpg\" \/>\n\t<meta property=\"og:image:width\" content=\"1920\" \/>\n\t<meta property=\"og:image:height\" content=\"941\" \/>\n\t<meta property=\"og:image:type\" content=\"image\/jpeg\" \/>\n<meta name=\"twitter:card\" content=\"summary_large_image\" \/>\n<meta name=\"twitter:site\" content=\"@KarnionDoo\" \/>\n<meta name=\"twitter:label1\" content=\"\u041f\u0440\u043e\u0446\u0435\u045a\u0435\u043d\u043e \u0432\u0440\u0435\u043c\u0435 \u0447\u0438\u0442\u0430\u045a\u0430\" \/>\n\t<meta name=\"twitter:data1\" content=\"3 \u043c\u0438\u043d\u0443\u0442\u0430\" \/>\n<script type=\"application\/ld+json\" class=\"yoast-schema-graph\">{\"@context\":\"https:\/\/schema.org\",\"@graph\":[{\"@type\":\"WebPage\",\"@id\":\"https:\/\/www.karnion.si\/sr\/o-nama\/prezantacija-centra\/\",\"url\":\"https:\/\/www.karnion.si\/sr\/o-nama\/prezantacija-centra\/\",\"name\":\"Prezantacija centra - Karnion\",\"isPartOf\":{\"@id\":\"https:\/\/www.karnion.si\/sr\/#website\"},\"primaryImageOfPage\":{\"@id\":\"https:\/\/www.karnion.si\/sr\/o-nama\/prezantacija-centra\/#primaryimage\"},\"image\":{\"@id\":\"https:\/\/www.karnion.si\/sr\/o-nama\/prezantacija-centra\/#primaryimage\"},\"thumbnailUrl\":\"https:\/\/www.karnion.si\/wp-content\/uploads\/2017\/02\/o-nas-predstavitev-karnion.jpg\",\"datePublished\":\"2017-07-10T09:01:05+00:00\",\"dateModified\":\"2017-09-05T06:13:17+00:00\",\"breadcrumb\":{\"@id\":\"https:\/\/www.karnion.si\/sr\/o-nama\/prezantacija-centra\/#breadcrumb\"},\"inLanguage\":\"sr-RS\",\"potentialAction\":[{\"@type\":\"ReadAction\",\"target\":[\"https:\/\/www.karnion.si\/sr\/o-nama\/prezantacija-centra\/\"]}]},{\"@type\":\"ImageObject\",\"inLanguage\":\"sr-RS\",\"@id\":\"https:\/\/www.karnion.si\/sr\/o-nama\/prezantacija-centra\/#primaryimage\",\"url\":\"https:\/\/www.karnion.si\/wp-content\/uploads\/2017\/02\/o-nas-predstavitev-karnion.jpg\",\"contentUrl\":\"https:\/\/www.karnion.si\/wp-content\/uploads\/2017\/02\/o-nas-predstavitev-karnion.jpg\",\"width\":1920,\"height\":941,\"caption\":\"Predstavitev centra Karnion Banner\"},{\"@type\":\"BreadcrumbList\",\"@id\":\"https:\/\/www.karnion.si\/sr\/o-nama\/prezantacija-centra\/#breadcrumb\",\"itemListElement\":[{\"@type\":\"ListItem\",\"position\":1,\"name\":\"Domov\",\"item\":\"https:\/\/www.karnion.si\/sr\/\"},{\"@type\":\"ListItem\",\"position\":2,\"name\":\"O nama\",\"item\":\"https:\/\/www.karnion.si\/sr\/o-nas\/\"},{\"@type\":\"ListItem\",\"position\":3,\"name\":\"Prezantacija centra\"}]},{\"@type\":\"WebSite\",\"@id\":\"https:\/\/www.karnion.si\/sr\/#website\",\"url\":\"https:\/\/www.karnion.si\/sr\/\",\"name\":\"Karnion\",\"description\":\"Pravo znanje za odli\u010dnost v tretjem tiso\u010dletju\",\"potentialAction\":[{\"@type\":\"SearchAction\",\"target\":{\"@type\":\"EntryPoint\",\"urlTemplate\":\"https:\/\/www.karnion.si\/sr\/?s={search_term_string}\"},\"query-input\":{\"@type\":\"PropertyValueSpecification\",\"valueRequired\":true,\"valueName\":\"search_term_string\"}}],\"inLanguage\":\"sr-RS\"}]}<\/script>\n<!-- \/ Yoast SEO plugin. -->","yoast_head_json":{"title":"Prezantacija centra - Karnion","robots":{"index":"index","follow":"follow","max-snippet":"max-snippet:-1","max-image-preview":"max-image-preview:large","max-video-preview":"max-video-preview:-1"},"canonical":"https:\/\/www.karnion.si\/sr\/o-nama\/prezantacija-centra\/","og_locale":"sr_RS","og_type":"article","og_title":"Prezantacija centra - Karnion","og_description":"Verovatno ste se ve\u0107 upitali kako bi maksimalizovali sve svoje potencijale, podigli nivo svesti i stvarno napravili ne\u0161to za sebe. A imate tako malo vremena. Pozivamo [\u2026]","og_url":"https:\/\/www.karnion.si\/sr\/o-nama\/prezantacija-centra\/","og_site_name":"Karnion","article_publisher":"https:\/\/www.facebook.com\/Karnion-105369326222192\/","article_modified_time":"2017-09-05T06:13:17+00:00","og_image":[{"width":1920,"height":941,"url":"https:\/\/www.karnion.si\/wp-content\/uploads\/2017\/02\/o-nas-predstavitev-karnion.jpg","type":"image\/jpeg"}],"twitter_card":"summary_large_image","twitter_site":"@KarnionDoo","twitter_misc":{"\u041f\u0440\u043e\u0446\u0435\u045a\u0435\u043d\u043e \u0432\u0440\u0435\u043c\u0435 \u0447\u0438\u0442\u0430\u045a\u0430":"3 \u043c\u0438\u043d\u0443\u0442\u0430"},"schema":{"@context":"https:\/\/schema.org","@graph":[{"@type":"WebPage","@id":"https:\/\/www.karnion.si\/sr\/o-nama\/prezantacija-centra\/","url":"https:\/\/www.karnion.si\/sr\/o-nama\/prezantacija-centra\/","name":"Prezantacija centra - Karnion","isPartOf":{"@id":"https:\/\/www.karnion.si\/sr\/#website"},"primaryImageOfPage":{"@id":"https:\/\/www.karnion.si\/sr\/o-nama\/prezantacija-centra\/#primaryimage"},"image":{"@id":"https:\/\/www.karnion.si\/sr\/o-nama\/prezantacija-centra\/#primaryimage"},"thumbnailUrl":"https:\/\/www.karnion.si\/wp-content\/uploads\/2017\/02\/o-nas-predstavitev-karnion.jpg","datePublished":"2017-07-10T09:01:05+00:00","dateModified":"2017-09-05T06:13:17+00:00","breadcrumb":{"@id":"https:\/\/www.karnion.si\/sr\/o-nama\/prezantacija-centra\/#breadcrumb"},"inLanguage":"sr-RS","potentialAction":[{"@type":"ReadAction","target":["https:\/\/www.karnion.si\/sr\/o-nama\/prezantacija-centra\/"]}]},{"@type":"ImageObject","inLanguage":"sr-RS","@id":"https:\/\/www.karnion.si\/sr\/o-nama\/prezantacija-centra\/#primaryimage","url":"https:\/\/www.karnion.si\/wp-content\/uploads\/2017\/02\/o-nas-predstavitev-karnion.jpg","contentUrl":"https:\/\/www.karnion.si\/wp-content\/uploads\/2017\/02\/o-nas-predstavitev-karnion.jpg","width":1920,"height":941,"caption":"Predstavitev centra Karnion Banner"},{"@type":"BreadcrumbList","@id":"https:\/\/www.karnion.si\/sr\/o-nama\/prezantacija-centra\/#breadcrumb","itemListElement":[{"@type":"ListItem","position":1,"name":"Domov","item":"https:\/\/www.karnion.si\/sr\/"},{"@type":"ListItem","position":2,"name":"O nama","item":"https:\/\/www.karnion.si\/sr\/o-nas\/"},{"@type":"ListItem","position":3,"name":"Prezantacija centra"}]},{"@type":"WebSite","@id":"https:\/\/www.karnion.si\/sr\/#website","url":"https:\/\/www.karnion.si\/sr\/","name":"Karnion","description":"Pravo znanje za odli\u010dnost v tretjem tiso\u010dletju","potentialAction":[{"@type":"SearchAction","target":{"@type":"EntryPoint","urlTemplate":"https:\/\/www.karnion.si\/sr\/?s={search_term_string}"},"query-input":{"@type":"PropertyValueSpecification","valueRequired":true,"valueName":"search_term_string"}}],"inLanguage":"sr-RS"}]}},"_links":{"self":[{"href":"https:\/\/www.karnion.si\/sr\/wp-json\/wp\/v2\/pages\/1021","targetHints":{"allow":["GET"]}}],"collection":[{"href":"https:\/\/www.karnion.si\/sr\/wp-json\/wp\/v2\/pages"}],"about":[{"href":"https:\/\/www.karnion.si\/sr\/wp-json\/wp\/v2\/types\/page"}],"author":[{"embeddable":true,"href":"https:\/\/www.karnion.si\/sr\/wp-json\/wp\/v2\/users\/1"}],"replies":[{"embeddable":true,"href":"https:\/\/www.karnion.si\/sr\/wp-json\/wp\/v2\/comments?post=1021"}],"version-history":[{"count":0,"href":"https:\/\/www.karnion.si\/sr\/wp-json\/wp\/v2\/pages\/1021\/revisions"}],"up":[{"embeddable":true,"href":"https:\/\/www.karnion.si\/sr\/wp-json\/wp\/v2\/pages\/1537"}],"wp:featuredmedia":[{"embeddable":true,"href":"https:\/\/www.karnion.si\/sr\/wp-json\/wp\/v2\/media\/655"}],"wp:attachment":[{"href":"https:\/\/www.karnion.si\/sr\/wp-json\/wp\/v2\/media?parent=1021"}],"curies":[{"name":"wp","href":"https:\/\/api.w.org\/{rel}","templated":true}]}}