{"id":1059,"date":"2017-07-11T07:34:52","date_gmt":"2017-07-11T05:34:52","guid":{"rendered":"http:\/\/www.karnion.si\/kurs-nemackog\/"},"modified":"2019-03-27T09:04:29","modified_gmt":"2019-03-27T08:04:29","slug":"kurs-nemackog","status":"publish","type":"page","link":"https:\/\/www.karnion.si\/sr\/kurs-nemackog\/","title":{"rendered":"Kurs nema\u010dkog"},"content":{"rendered":"<h2>KURS NEMA\u010cKOG PO METODI SUPERLEARNING KARNION<\/h2>\n<p>Ve\u0107 25 godina priznata i visoko cenjena metoda se sastoji iz <strong>kombinacije slu\u0161anja u alfa stanju<\/strong> (u kojem sadr\u017eaje memori\u0161emo 4x br\u017ee i to u dugoro\u010dno pam\u0107enje) i <strong>individualnog razgovora sa profesorom.<\/strong> Za znanje nije dovoljna samo konverzacija, ve\u0107 pre svega i slu\u0161anje. Slu\u0161anjem \u0107ete usvojiti nove re\u010di koje \u0107ete na satu konverzacije ve\u0107 suvereno primeniti. Pa i svoj materinji jezik ste nau\u010dili slu\u0161anjem svojih roditelja ili staratelja. Ova metoda omogu\u0107uje najprirodniji oblik u\u010denja.<\/p>\n<p>Nema\u010dki mnogi smatraju grubim i \u201enemelodi\u010dnim\u201c jezikom, ali to je samo dok ga u\u010dimo jedino kroz \u010dlanove, deklinaciju i konjugaciju. Kad po\u010dnemo da ga u\u010dimo na pravi na\u010din, u momentu postaje interesantan. Pogotovo je veoma koristan za Slovence u poslovnom svetu. Sa dobrim znanjem nema\u010dkog sklapat \u0107ete bolje poslove ili br\u017ee dobiti dobro radno mesto.<\/p>\n<p>Preporu\u010dujemo da nema\u010dki po\u010dnete da u\u010dite superlearning metodom jer \u0107ete ve\u0107 nakon 40 \u010dasova progovoriti.<\/p>\n<p><img loading=\"lazy\" decoding=\"async\" class=\"aligncenter wp-image-672 size-full\" src=\"https:\/\/www.karnion.si\/wp-content\/uploads\/2017\/01\/predstavitev_programa_02.jpg\" alt=\"kurs nema\u010dkog u alfa stanju\" width=\"800\" height=\"400\" srcset=\"https:\/\/www.karnion.si\/wp-content\/uploads\/2017\/01\/predstavitev_programa_02.jpg 800w, https:\/\/www.karnion.si\/wp-content\/uploads\/2017\/01\/predstavitev_programa_02-300x150.jpg 300w, https:\/\/www.karnion.si\/wp-content\/uploads\/2017\/01\/predstavitev_programa_02-768x384.jpg 768w, https:\/\/www.karnion.si\/wp-content\/uploads\/2017\/01\/predstavitev_programa_02-260x130.jpg 260w, https:\/\/www.karnion.si\/wp-content\/uploads\/2017\/01\/predstavitev_programa_02-50x25.jpg 50w, https:\/\/www.karnion.si\/wp-content\/uploads\/2017\/01\/predstavitev_programa_02-150x75.jpg 150w\" sizes=\"auto, (max-width: 800px) 100vw, 800px\" \/><\/p>\n<p><strong><em>gospodin<\/em><\/strong><em><strong> Danijel Be\u0161i\u0107 Loredan dr. med, spec. ortopedske hirurgije:<\/strong> <\/em><\/p>\n<blockquote><p><em>&#8222;Rad u \u0160vajcarskoj sam prihvatio bez znanja nema\u010dkog, tra\u017eio sam brzo i efikasno re\u0161enje te ga na\u0161ao u Karnionu. 13.9. 2013. sam oti\u0161ao u Z\u00fcrich na osposobljavanje, a 21.1. 2014. po\u010deo samostalno obavljati rad u ambulanti; jasno, sve na nema\u010dkom!<\/em><\/p>\n<p>&nbsp;<\/p>\n<p><em>Bez Karniona i u\u010denja nema\u010dkog kod njih, u novembru bi se vratio bez posla natrag u Sloveniju. Individualan pristup, po\u0161tivanje \u017eelja i potreba, prilagodljivost i efikasnost su pored izvanredne profesionalnosti i ljubaznosti, osobine Karniona koje zaslu\u017euju svaku pohvalu!<br \/>\nU tom kratkom vremenu sam pro\u0161ao sve mogu\u0107e stru\u010dne kurseve u Z\u00fcrichu i sa sigurno\u0161\u0107u tvrdim da mi bez u\u010denja nema\u010dkog u Karnionu to nikad ne bi uspelo. Odli\u010dna investicija u znanje jezika s izvanrednim rezultatima u neverovatno kratkom vremenu!<\/em><\/p>\n<p><em>Svima koji \u017eelite brzo i efikasno da nau\u010dite strani jezik, toplo preporu\u010dujem Karnion!<br \/>\nIsplati se!&#8220;<br \/>\n<\/em><\/p><\/blockquote>\n<div style=\"margin: 0 auto; max-width: 560px;\"><iframe loading=\"lazy\" src=\"https:\/\/www.youtube.com\/embed\/AjW9cRWnNCw\" width=\"560\" height=\"315\" frameborder=\"0\" allowfullscreen=\"allowfullscreen\"><\/iframe><\/div>\n<hr class=\"no_line\" style=\"margin: 0 auto 20px;\"\/>\n\n<h2>TOK KURSA NEMA\u010cKOG<\/h2>\n<p><strong><em>Kurs nema\u010dkog odvija se prili\u010dno intenzivno, obi\u010dno po 4 ili 8 \u0161kolskih \u010dasova dnevno. Preporu\u010duje se da se 40 \u010dasovni trening zavr\u0161i u roku 14 dana, najkasnije u tri nedelje budu\u0107i da se tako posti\u017ee maksimalan akumulacijski efekat u govoru.<\/em><\/strong><\/p>\n<p>Pre treninga vas besplatno testiramo na svim podru\u010djima jezika od A1 do C2 nivoa, kao \u0161to je definisano evropskom kriterijumima znanja stranih jezika: razumevanje, pisanje, \u010ditanje, govor. Na taj na\u010din odredimo okvirni nivo i pripremimo program namenjen samo vama. Npr. ako se ve\u0107 znate sporazumevati na nema\u010dkom, ali jo\u0161 radite gre\u0161ke na osnovnom nivou, va\u0161e \u0107emo gre\u0161ke \u201epokrpati\u201c i nastaviti na vi\u0161em nivou. To vam jezi\u010dke \u0161kole koje kurs izvode po odre\u0111enom programu ( ud\u017ebeniku ) ne mogu nikako obezbediti.<\/p>\n<hr class=\"no_line\" style=\"margin: 0 auto 15px;\"\/>\n\n<h2>USPOREDBA SA KLASI\u010cNIM NA\u010cINOM U\u010cENJA NEMA\u010cKOG<\/h2>\n<p>Klasi\u010dan, konvencionalan kurs nema\u010dkog od potpunog po\u010detnika do nivoa B2 (op\u0161ta gimnazijska matura) predvi\u0111a 800 \u0161kolskih \u010dasova, KARNIONOVA 200, a \u0161kolski sistem \u010dak 1.074 \u0161kolska \u010dasa.<\/p>\n\n<table id=\"tablepress-5\" class=\"tablepress tablepress-id-5\">\n<thead>\n<tr class=\"row-1 odd\">\n\t<th class=\"column-1\">&nbsp;<\/th><th colspan=\"2\" class=\"column-2\">Karnion 8 \u010dasova\/dan (jedna osoba)<\/th><th colspan=\"2\" class=\"column-4\">Ostali (konvencionalne metode) 2x3 \u010dasa\/nedeljno (3 do 12 osoba)<\/th>\n<\/tr>\n<\/thead>\n<tbody class=\"row-hover\">\n<tr class=\"row-2 even\">\n\t<td class=\"column-1\"><\/td><td class=\"column-2\">broj \u010dasova<\/td><td class=\"column-3\">broj nedelja<\/td><td class=\"column-4\">broj \u010dasova<\/td><td class=\"column-5\">broj nedelja<\/td>\n<\/tr>\n<tr class=\"row-3 odd\">\n\t<td class=\"column-1\">A1<\/td><td class=\"column-2\">40<\/td><td class=\"column-3\">1<\/td><td class=\"column-4\">200<\/td><td class=\"column-5\">33<\/td>\n<\/tr>\n<tr class=\"row-4 even\">\n\t<td class=\"column-1\">A2<\/td><td class=\"column-2\">80<\/td><td class=\"column-3\">2<\/td><td class=\"column-4\">100<\/td><td class=\"column-5\">17<\/td>\n<\/tr>\n<tr class=\"row-5 odd\">\n\t<td class=\"column-1\">B1<\/td><td class=\"column-2\">40<\/td><td class=\"column-3\">1<\/td><td class=\"column-4\">200<\/td><td class=\"column-5\">33<\/td>\n<\/tr>\n<tr class=\"row-6 even\">\n\t<td class=\"column-1\">B2<\/td><td class=\"column-2\">40<\/td><td class=\"column-3\">1<\/td><td class=\"column-4\">300<\/td><td class=\"column-5\">50<\/td>\n<\/tr>\n<tr class=\"row-7 odd\">\n\t<td class=\"column-1\">\u03a3<\/td><td class=\"column-2\">200<\/td><td class=\"column-3\">5<\/td><td class=\"column-4\">800<\/td><td class=\"column-5\">133<\/td>\n<\/tr>\n<\/tbody>\n<\/table>\n\n<p><img loading=\"lazy\" decoding=\"async\" class=\"aligncenter wp-image-680 size-full\" src=\"https:\/\/www.karnion.si\/wp-content\/uploads\/2017\/03\/nemscina_04.jpg\" alt=\"Superlearning Karnion kurs nema\u010dkog\" width=\"800\" height=\"400\" srcset=\"https:\/\/www.karnion.si\/wp-content\/uploads\/2017\/03\/nemscina_04.jpg 800w, https:\/\/www.karnion.si\/wp-content\/uploads\/2017\/03\/nemscina_04-300x150.jpg 300w, https:\/\/www.karnion.si\/wp-content\/uploads\/2017\/03\/nemscina_04-768x384.jpg 768w, https:\/\/www.karnion.si\/wp-content\/uploads\/2017\/03\/nemscina_04-260x130.jpg 260w, https:\/\/www.karnion.si\/wp-content\/uploads\/2017\/03\/nemscina_04-50x25.jpg 50w, https:\/\/www.karnion.si\/wp-content\/uploads\/2017\/03\/nemscina_04-150x75.jpg 150w\" sizes=\"auto, (max-width: 800px) 100vw, 800px\" \/><br \/>\n<hr class=\"no_line\" style=\"margin: 0 auto 15px;\"\/>\n<\/p>\n<h2>PRIPREMA ZA ISPIT IZ NEMA\u010cKOG JEZIKA:<\/h2>\n<p>U pro\u0161losti se je velik broj u\u010desnika pripremao za ispit izvan na\u0161e ku\u0107e i svi su ga uspe\u0161no polo\u017eili. Ispit na fakultetu ili me\u0111unarodni ispit koji od vas o\u010dekuje poslodavac, ne\u0107e biti tako nedosti\u017ean kao \u0161to je to mo\u017eda danas.<\/p>\n<p>Pripremamo vam program koji vam je potreban: npr. op\u0161ta matura, ispiti iz nema\u010dkog na slovena\u010dkim univerzitetima, me\u0111unarodni ispiti.<\/p>\n<p>Reference:<\/p>\n<ul>\n<li><strong>dr. Amadej Lah, uni.dipl.dr.med, spec. kirurg<\/strong> &#8211; polo\u017een ispit B2, Goethe Zertifikat<\/li>\n<\/ul>\n<p>Polo\u017een ispit iz medicinskog stru\u010dnog jezika za lekare koji nisu diplomirali u Nema\u010dkoj na lekarskoj komori u Stuttgartu, na nivou C1.<\/p>\n<ul>\n<li><strong>dr. Marjan Fabjan, dr.med., spec.plast.kirurg<\/strong> &#8211; polo\u017een ispit Goethe Zertifikat B2 na Institutu Ljubljana; ;<\/li>\n<li><strong>gospo\u0111ica Eva Strgar<\/strong> &#8211; studentkinja pejza\u017ene arhitekture &#8211; polo\u017een Goethe Zertifikat B1<\/li>\n<\/ul>\n<hr class=\"no_line\" style=\"margin: 0 auto 15px;\"\/>\n\n<blockquote><p>\u00bbNakon 10 dnevnog kursa ispit iz nema\u010dkog je polo\u017een. Borba sa stranim jezicima je s Karnionom jednostavna.\u00ab<\/p><\/blockquote>\n<p><strong>Jan Softi\u010d, svetski prvak u kick boksu<\/strong><\/p>\n<hr class=\"no_line\" style=\"margin: 0 auto 15px;\"\/>\n\n<h2>INDIVIDUALNO U\u010cENJE<\/h2>\n<p>Osim metode, u Karnionu su za uspeh klju\u010dni potpuna individualizacija sadr\u017eaja i pravi coaching od strane trenera- u\u010ditelja. Individualna nastava kod nas prvenstveno zna\u010di da u\u010dite teme koje \u0107e vama trebati i koje vas interesuju. Specifi\u010dne teme pripremamo od po\u010detnih do najzahtevnijih nivoa C1 i C2.<\/p>\n<p><img loading=\"lazy\" decoding=\"async\" class=\"aligncenter wp-image-684 size-full\" src=\"https:\/\/www.karnion.si\/wp-content\/uploads\/2017\/03\/nemscina_06.jpg\" alt=\"Jani Grilc - kurs nema\u010dkog\" width=\"800\" height=\"400\" srcset=\"https:\/\/www.karnion.si\/wp-content\/uploads\/2017\/03\/nemscina_06.jpg 800w, https:\/\/www.karnion.si\/wp-content\/uploads\/2017\/03\/nemscina_06-300x150.jpg 300w, https:\/\/www.karnion.si\/wp-content\/uploads\/2017\/03\/nemscina_06-768x384.jpg 768w, https:\/\/www.karnion.si\/wp-content\/uploads\/2017\/03\/nemscina_06-260x130.jpg 260w, https:\/\/www.karnion.si\/wp-content\/uploads\/2017\/03\/nemscina_06-50x25.jpg 50w, https:\/\/www.karnion.si\/wp-content\/uploads\/2017\/03\/nemscina_06-150x75.jpg 150w\" sizes=\"auto, (max-width: 800px) 100vw, 800px\" \/><hr class=\"no_line\" style=\"margin: 0 auto 15px;\"\/>\n<\/p>\n<h2>SPECIJALIZOVANI SADR\u017dAJI:<\/h2>\n<ul>\n<li>nema\u010dki za preduzetnike ( po\u010detni i napredni)<\/li>\n<li>nema\u010dki za zdravstvene radnike ( zdravstveni radnici, lekari)<\/li>\n<li>coaching- Dialogika- jezik odgovornosti na nema\u010dkom jeziku<\/li>\n<li>program li\u010dnog rasta na nema\u010dkom jeziku ( Martin Kojc)<\/li>\n<\/ul>\n<hr class=\"no_line\" style=\"margin: 0 auto 15px;\"\/>\n\n<h2>INDIVIDUALIZOVANO E-U\u010cENJE<\/h2>\n<p>Nakon zaklju\u010denog kursa nema\u010dkog, va\u0161 li\u010dni u\u010ditelj \u0107e vas pratiti preko e-u\u010denja, jasno individualizovanog i ne unapred odre\u0111enog po nivoima.<\/p>\n<p>Ovaj na\u010din vam uveliko mo\u017ee pomo\u0107i u komunikaciji sa va\u0161im poslovnim partnerima.<\/p>\n<hr class=\"no_line\" style=\"margin: 0 auto 15px;\"\/>\n\n<h2>NEMA\u010cKI ZA RAD U INOZEMSTVU<\/h2>\n<p>Od va\u0161eg znanja nema\u010dkog jezika zavisi da li \u0107ete se zaposliti u inostranstvu te kako \u0107ete se dokazati kod poslodavca koji zahteva dobro znanje nema\u010dkog.<\/p>\n<p>U Karnionu pou\u010davaju 3 profesorke stranih jezika kojima je nema\u010dki materinji jezika. Na taj na\u010din \u0107ete osim brzine usvajanja nema\u010dkog, dobro upoznati kulturu, na\u010din izra\u017eavanja i na\u010din poslovanja sa narodima s nema\u010dkog govornog podru\u010dja.<\/p>\n<p><img loading=\"lazy\" decoding=\"async\" class=\"aligncenter wp-image-730 size-full\" src=\"https:\/\/www.karnion.si\/wp-content\/uploads\/2017\/03\/berlin.jpg\" alt=\"Berlin - kurs nema\u010dkog\" width=\"800\" height=\"400\" srcset=\"https:\/\/www.karnion.si\/wp-content\/uploads\/2017\/03\/berlin.jpg 800w, https:\/\/www.karnion.si\/wp-content\/uploads\/2017\/03\/berlin-300x150.jpg 300w, https:\/\/www.karnion.si\/wp-content\/uploads\/2017\/03\/berlin-768x384.jpg 768w, https:\/\/www.karnion.si\/wp-content\/uploads\/2017\/03\/berlin-260x130.jpg 260w, https:\/\/www.karnion.si\/wp-content\/uploads\/2017\/03\/berlin-50x25.jpg 50w, https:\/\/www.karnion.si\/wp-content\/uploads\/2017\/03\/berlin-150x75.jpg 150w\" sizes=\"auto, (max-width: 800px) 100vw, 800px\" \/><\/p>\n<hr class=\"no_line\" style=\"margin: 0 auto 50px;\"\/>\n\n<h3 style=\"text-align: center;\">Prijavite se li\u010dno, vezplatno \u0107emo vam predstaviti:<\/h3>\n<p><hr class=\"no_line\" style=\"margin: 0 auto 5px;\"\/>\n<br \/>\n<div role=\"form\" class=\"wpcf7\" id=\"wpcf7-f1461-o1\" lang=\"sl-SI\" dir=\"ltr\">\n<div class=\"screen-reader-response\"><\/div>\n<form action=\"\/sr\/wp-json\/wp\/v2\/pages\/1059#wpcf7-f1461-o1\" method=\"post\" class=\"wpcf7-form\" novalidate=\"novalidate\">\n<div style=\"display: none;\">\n<input type=\"hidden\" name=\"_wpcf7\" value=\"1461\" \/>\n<input type=\"hidden\" name=\"_wpcf7_version\" value=\"5.1.4\" \/>\n<input type=\"hidden\" name=\"_wpcf7_locale\" value=\"sl_SI\" \/>\n<input type=\"hidden\" name=\"_wpcf7_unit_tag\" value=\"wpcf7-f1461-o1\" \/>\n<input type=\"hidden\" name=\"_wpcf7_container_post\" value=\"0\" \/>\n<input type=\"hidden\" name=\"g-recaptcha-response\" value=\"\" \/>\n<\/div>\n<div class=\"column one\"><span class=\"wpcf7-form-control-wrap your-name\"><input type=\"text\" name=\"your-name\" value=\"\" size=\"40\" class=\"wpcf7-form-control wpcf7-text\" aria-invalid=\"false\" placeholder=\"Ime\" \/><\/span> <\/div>\n<div class=\"column one-second\"><span class=\"wpcf7-form-control-wrap your-email\"><input type=\"email\" name=\"your-email\" value=\"\" size=\"40\" class=\"wpcf7-form-control wpcf7-text wpcf7-email wpcf7-validates-as-required wpcf7-validates-as-email\" aria-required=\"true\" aria-invalid=\"false\" placeholder=\"E-mail\" \/><\/span> <\/div>\n<div class=\"column one-second\"><span class=\"wpcf7-form-control-wrap your-phone\"><input type=\"tel\" name=\"your-phone\" value=\"\" size=\"40\" class=\"wpcf7-form-control wpcf7-text wpcf7-tel wpcf7-validates-as-tel\" aria-invalid=\"false\" placeholder=\"Telefon\" \/><\/span> <\/div>\n<div class=\"column one\"><span class=\"wpcf7-form-control-wrap your-subject\"><input type=\"text\" name=\"your-subject\" value=\"\" size=\"40\" class=\"wpcf7-form-control wpcf7-text\" aria-invalid=\"false\" placeholder=\"Zadeva\" \/><\/span> <\/div>\n<div class=\"column one\"><span class=\"wpcf7-form-control-wrap your-message\"><textarea name=\"your-message\" cols=\"40\" rows=\"6\" class=\"wpcf7-form-control wpcf7-textarea\" aria-invalid=\"false\" placeholder=\"Poruka\"><\/textarea><\/span><\/div>\n<div class=\"column one\">\n\n<\/div>\n<div class=\"column one\"><input type=\"submit\" value=\"Po\u0161alji\" class=\"wpcf7-form-control wpcf7-submit\" \/><\/div>\n<div class=\"wpcf7-response-output wpcf7-display-none\"><\/div><\/form><\/div><\/p>\n<hr class=\"no_line\" style=\"margin: 0 auto 50px;\"\/>\n\n","protected":false},"excerpt":{"rendered":"<p>KURS NEMA\u010cKOG PO METODI SUPERLEARNING KARNION Ve\u0107 25 godina priznata i visoko cenjena metoda se sastoji iz kombinacije slu\u0161anja u alfa stanju (u kojem sadr\u017eaje memori\u0161emo<span class=\"excerpt-hellip\"> [\u2026]<\/span><\/p>\n","protected":false},"author":1,"featured_media":54474,"parent":0,"menu_order":0,"comment_status":"closed","ping_status":"closed","template":"","meta":{"footnotes":""},"class_list":["post-1059","page","type-page","status-publish","has-post-thumbnail","hentry"],"yoast_head":"<!-- This site is optimized with the Yoast SEO plugin v26.6 - https:\/\/yoast.com\/wordpress\/plugins\/seo\/ -->\n<title>Kurs nema\u010dkog - Karnion<\/title>\n<meta name=\"robots\" content=\"index, follow, max-snippet:-1, max-image-preview:large, max-video-preview:-1\" \/>\n<link rel=\"canonical\" href=\"https:\/\/www.karnion.si\/sr\/kurs-nemackog\/\" \/>\n<meta property=\"og:locale\" content=\"sr_RS\" \/>\n<meta property=\"og:type\" content=\"article\" \/>\n<meta property=\"og:title\" content=\"Kurs nema\u010dkog - Karnion\" \/>\n<meta property=\"og:description\" content=\"KURS NEMA\u010cKOG PO METODI SUPERLEARNING KARNION Ve\u0107 25 godina priznata i visoko cenjena metoda se sastoji iz kombinacije slu\u0161anja u alfa stanju (u kojem sadr\u017eaje memori\u0161emo [\u2026]\" \/>\n<meta property=\"og:url\" content=\"https:\/\/www.karnion.si\/sr\/kurs-nemackog\/\" \/>\n<meta property=\"og:site_name\" content=\"Karnion\" \/>\n<meta property=\"article:publisher\" content=\"https:\/\/www.facebook.com\/Karnion-105369326222192\/\" \/>\n<meta property=\"article:modified_time\" content=\"2019-03-27T08:04:29+00:00\" \/>\n<meta property=\"og:image\" content=\"https:\/\/www.karnion.si\/wp-content\/uploads\/2017\/03\/prevc-moder-04-banner.jpg\" \/>\n\t<meta property=\"og:image:width\" content=\"1920\" \/>\n\t<meta property=\"og:image:height\" content=\"941\" \/>\n\t<meta property=\"og:image:type\" content=\"image\/jpeg\" \/>\n<meta name=\"twitter:card\" content=\"summary_large_image\" \/>\n<meta name=\"twitter:site\" content=\"@KarnionDoo\" \/>\n<meta name=\"twitter:label1\" content=\"\u041f\u0440\u043e\u0446\u0435\u045a\u0435\u043d\u043e \u0432\u0440\u0435\u043c\u0435 \u0447\u0438\u0442\u0430\u045a\u0430\" \/>\n\t<meta name=\"twitter:data1\" content=\"5 \u043c\u0438\u043d\u0443\u0442\u0430\" \/>\n<script type=\"application\/ld+json\" class=\"yoast-schema-graph\">{\"@context\":\"https:\/\/schema.org\",\"@graph\":[{\"@type\":\"WebPage\",\"@id\":\"https:\/\/www.karnion.si\/sr\/kurs-nemackog\/\",\"url\":\"https:\/\/www.karnion.si\/sr\/kurs-nemackog\/\",\"name\":\"Kurs nema\u010dkog - Karnion\",\"isPartOf\":{\"@id\":\"https:\/\/www.karnion.si\/sr\/#website\"},\"primaryImageOfPage\":{\"@id\":\"https:\/\/www.karnion.si\/sr\/kurs-nemackog\/#primaryimage\"},\"image\":{\"@id\":\"https:\/\/www.karnion.si\/sr\/kurs-nemackog\/#primaryimage\"},\"thumbnailUrl\":\"https:\/\/www.karnion.si\/wp-content\/uploads\/2017\/03\/prevc-moder-04-banner.jpg\",\"datePublished\":\"2017-07-11T05:34:52+00:00\",\"dateModified\":\"2019-03-27T08:04:29+00:00\",\"breadcrumb\":{\"@id\":\"https:\/\/www.karnion.si\/sr\/kurs-nemackog\/#breadcrumb\"},\"inLanguage\":\"sr-RS\",\"potentialAction\":[{\"@type\":\"ReadAction\",\"target\":[\"https:\/\/www.karnion.si\/sr\/kurs-nemackog\/\"]}]},{\"@type\":\"ImageObject\",\"inLanguage\":\"sr-RS\",\"@id\":\"https:\/\/www.karnion.si\/sr\/kurs-nemackog\/#primaryimage\",\"url\":\"https:\/\/www.karnion.si\/wp-content\/uploads\/2017\/03\/prevc-moder-04-banner.jpg\",\"contentUrl\":\"https:\/\/www.karnion.si\/wp-content\/uploads\/2017\/03\/prevc-moder-04-banner.jpg\",\"width\":1920,\"height\":941,\"caption\":\"Te\u010daj angle\u0161\u010dine\"},{\"@type\":\"BreadcrumbList\",\"@id\":\"https:\/\/www.karnion.si\/sr\/kurs-nemackog\/#breadcrumb\",\"itemListElement\":[{\"@type\":\"ListItem\",\"position\":1,\"name\":\"Domov\",\"item\":\"https:\/\/www.karnion.si\/sr\/\"},{\"@type\":\"ListItem\",\"position\":2,\"name\":\"Kurs nema\u010dkog\"}]},{\"@type\":\"WebSite\",\"@id\":\"https:\/\/www.karnion.si\/sr\/#website\",\"url\":\"https:\/\/www.karnion.si\/sr\/\",\"name\":\"Karnion\",\"description\":\"Pravo znanje za odli\u010dnost v tretjem tiso\u010dletju\",\"potentialAction\":[{\"@type\":\"SearchAction\",\"target\":{\"@type\":\"EntryPoint\",\"urlTemplate\":\"https:\/\/www.karnion.si\/sr\/?s={search_term_string}\"},\"query-input\":{\"@type\":\"PropertyValueSpecification\",\"valueRequired\":true,\"valueName\":\"search_term_string\"}}],\"inLanguage\":\"sr-RS\"}]}<\/script>\n<!-- \/ Yoast SEO plugin. -->","yoast_head_json":{"title":"Kurs nema\u010dkog - Karnion","robots":{"index":"index","follow":"follow","max-snippet":"max-snippet:-1","max-image-preview":"max-image-preview:large","max-video-preview":"max-video-preview:-1"},"canonical":"https:\/\/www.karnion.si\/sr\/kurs-nemackog\/","og_locale":"sr_RS","og_type":"article","og_title":"Kurs nema\u010dkog - Karnion","og_description":"KURS NEMA\u010cKOG PO METODI SUPERLEARNING KARNION Ve\u0107 25 godina priznata i visoko cenjena metoda se sastoji iz kombinacije slu\u0161anja u alfa stanju (u kojem sadr\u017eaje memori\u0161emo [\u2026]","og_url":"https:\/\/www.karnion.si\/sr\/kurs-nemackog\/","og_site_name":"Karnion","article_publisher":"https:\/\/www.facebook.com\/Karnion-105369326222192\/","article_modified_time":"2019-03-27T08:04:29+00:00","og_image":[{"width":1920,"height":941,"url":"https:\/\/www.karnion.si\/wp-content\/uploads\/2017\/03\/prevc-moder-04-banner.jpg","type":"image\/jpeg"}],"twitter_card":"summary_large_image","twitter_site":"@KarnionDoo","twitter_misc":{"\u041f\u0440\u043e\u0446\u0435\u045a\u0435\u043d\u043e \u0432\u0440\u0435\u043c\u0435 \u0447\u0438\u0442\u0430\u045a\u0430":"5 \u043c\u0438\u043d\u0443\u0442\u0430"},"schema":{"@context":"https:\/\/schema.org","@graph":[{"@type":"WebPage","@id":"https:\/\/www.karnion.si\/sr\/kurs-nemackog\/","url":"https:\/\/www.karnion.si\/sr\/kurs-nemackog\/","name":"Kurs nema\u010dkog - Karnion","isPartOf":{"@id":"https:\/\/www.karnion.si\/sr\/#website"},"primaryImageOfPage":{"@id":"https:\/\/www.karnion.si\/sr\/kurs-nemackog\/#primaryimage"},"image":{"@id":"https:\/\/www.karnion.si\/sr\/kurs-nemackog\/#primaryimage"},"thumbnailUrl":"https:\/\/www.karnion.si\/wp-content\/uploads\/2017\/03\/prevc-moder-04-banner.jpg","datePublished":"2017-07-11T05:34:52+00:00","dateModified":"2019-03-27T08:04:29+00:00","breadcrumb":{"@id":"https:\/\/www.karnion.si\/sr\/kurs-nemackog\/#breadcrumb"},"inLanguage":"sr-RS","potentialAction":[{"@type":"ReadAction","target":["https:\/\/www.karnion.si\/sr\/kurs-nemackog\/"]}]},{"@type":"ImageObject","inLanguage":"sr-RS","@id":"https:\/\/www.karnion.si\/sr\/kurs-nemackog\/#primaryimage","url":"https:\/\/www.karnion.si\/wp-content\/uploads\/2017\/03\/prevc-moder-04-banner.jpg","contentUrl":"https:\/\/www.karnion.si\/wp-content\/uploads\/2017\/03\/prevc-moder-04-banner.jpg","width":1920,"height":941,"caption":"Te\u010daj angle\u0161\u010dine"},{"@type":"BreadcrumbList","@id":"https:\/\/www.karnion.si\/sr\/kurs-nemackog\/#breadcrumb","itemListElement":[{"@type":"ListItem","position":1,"name":"Domov","item":"https:\/\/www.karnion.si\/sr\/"},{"@type":"ListItem","position":2,"name":"Kurs nema\u010dkog"}]},{"@type":"WebSite","@id":"https:\/\/www.karnion.si\/sr\/#website","url":"https:\/\/www.karnion.si\/sr\/","name":"Karnion","description":"Pravo znanje za odli\u010dnost v tretjem tiso\u010dletju","potentialAction":[{"@type":"SearchAction","target":{"@type":"EntryPoint","urlTemplate":"https:\/\/www.karnion.si\/sr\/?s={search_term_string}"},"query-input":{"@type":"PropertyValueSpecification","valueRequired":true,"valueName":"search_term_string"}}],"inLanguage":"sr-RS"}]}},"_links":{"self":[{"href":"https:\/\/www.karnion.si\/sr\/wp-json\/wp\/v2\/pages\/1059","targetHints":{"allow":["GET"]}}],"collection":[{"href":"https:\/\/www.karnion.si\/sr\/wp-json\/wp\/v2\/pages"}],"about":[{"href":"https:\/\/www.karnion.si\/sr\/wp-json\/wp\/v2\/types\/page"}],"author":[{"embeddable":true,"href":"https:\/\/www.karnion.si\/sr\/wp-json\/wp\/v2\/users\/1"}],"replies":[{"embeddable":true,"href":"https:\/\/www.karnion.si\/sr\/wp-json\/wp\/v2\/comments?post=1059"}],"version-history":[{"count":2,"href":"https:\/\/www.karnion.si\/sr\/wp-json\/wp\/v2\/pages\/1059\/revisions"}],"predecessor-version":[{"id":6679,"href":"https:\/\/www.karnion.si\/sr\/wp-json\/wp\/v2\/pages\/1059\/revisions\/6679"}],"wp:featuredmedia":[{"embeddable":true,"href":"https:\/\/www.karnion.si\/sr\/wp-json\/wp\/v2\/media\/54474"}],"wp:attachment":[{"href":"https:\/\/www.karnion.si\/sr\/wp-json\/wp\/v2\/media?parent=1059"}],"curies":[{"name":"wp","href":"https:\/\/api.w.org\/{rel}","templated":true}]}}